{"id":3417,"date":"2025-04-15T10:05:43","date_gmt":"2025-04-15T10:05:43","guid":{"rendered":"https:\/\/babypillowwholesale.com\/?post_type=product&#038;p=3417"},"modified":"2025-06-08T02:51:20","modified_gmt":"2025-06-08T02:51:20","slug":"hydrophilic-foam-childrens-pillow","status":"publish","type":"product","link":"https:\/\/babypillowwholesale.com\/cs\/product\/hydrophilic-foam-childrens-pillow\/","title":{"rendered":"D\u011btsk\u00fd pol\u0161t\u00e1\u0159 z hydrofiln\u00ed p\u011bny"},"content":{"rendered":"<div class=\"auto-hide-last-sibling-br paragraph-qzbcQC paragraph-element br-paragraph-space\" data-immersive-translate-walked=\"8e61f2e7-6af2-46e5-9672-3b9e4f4033d9\" data-immersive-translate-paragraph=\"1\">\n<div class=\"auto-hide-last-sibling-br paragraph-qzbcQC paragraph-element br-paragraph-space\">\n<div class=\"auto-hide-last-sibling-br paragraph-qzbcQC paragraph-element br-paragraph-space\">\n<div class=\"auto-hide-last-sibling-br paragraph-qzbcQC paragraph-element br-paragraph-space\">\n<div class=\"auto-hide-last-sibling-br paragraph-qzbcQC paragraph-element br-paragraph-space\">\n<div class=\"auto-hide-last-sibling-br paragraph-qzbcQC paragraph-element br-paragraph-space\">\n<div class=\"inter-wlTS5w\">\n<div class=\"container-QE4ayg\">\n<div class=\"item-jU10IN\">\n<div class=\"container-jODEnh chrome70-container\">\n<div class=\"inner-eE95c9 inner-item-aL3Ui_\" data-target-id=\"message-box-target-id\" data-testid=\"union_message\">\n<div class=\"message-block-container-liuetz\" data-testid=\"message-block-container\">\n<div class=\"message-box-ZWbBdF\" data-testid=\"receive_message\">\n<div class=\"message-box-content-wrapper-srHdUj\">\n<div class=\"message-content message-box-content-otxGGw receive-message-box-content-_lREFj samantha-message-box-content-Qjmpja\" data-testid=\"message_content\">\n<div class=\"container-hfX5E8 flow-markdown-body theme-samantha-yJEgBp\" dir=\"ltr\" data-testid=\"message_text_content\" data-show-indicator=\"false\">\n<div class=\"auto-hide-last-sibling-br paragraph-qzbcQC paragraph-element br-paragraph-space\">\n<div class=\"auto-hide-last-sibling-br paragraph-qzbcQC paragraph-element br-paragraph-space\">\n<div class=\"auto-hide-last-sibling-br paragraph-qzbcQC paragraph-element br-paragraph-space\">\n<div class=\"auto-hide-last-sibling-br paragraph-qzbcQC paragraph-element br-paragraph-space\">\n<div class=\"auto-hide-last-sibling-br paragraph-qzbcQC paragraph-element br-paragraph-space\">\n<div class=\"auto-hide-last-sibling-br paragraph-qzbcQC paragraph-element br-paragraph-space\">P\u0159edstavujeme d\u011btsk\u00fd pol\u0161t\u00e1\u0159 z hydrofiln\u00ed p\u011bny, snov\u00e9ho spole\u010dn\u00edka na span\u00ed, kter\u00fd je \u0161it\u00fd na m\u00edru d\u011btem od 2 do 8 let. Rozm\u011bry 45*<em>28*<\/em>3\/5 cm, m\u00e1 dokonal\u00e9 rozm\u011bry, kter\u00e9 umo\u017e\u0148uj\u00ed kol\u00e9bat hlavu a krk d\u00edt\u011bte a poskytuj\u00ed optim\u00e1ln\u00ed oporu pro klidn\u00fd sp\u00e1nek.<\/div>\n<p>&nbsp;<\/p>\n<div class=\"auto-hide-last-sibling-br paragraph-qzbcQC paragraph-element br-paragraph-space\">Tento pol\u0161t\u00e1\u0159 je vyroben z prvot\u0159\u00eddn\u00ed hydrofiln\u00ed p\u011bny a je vzorem pohodl\u00ed. Je n\u00e1dhern\u011b m\u011bkk\u00fd a vyb\u00edz\u00ed va\u0161e d\u00edt\u011b, aby se pono\u0159ilo do jeho ply\u0161ov\u00e9 n\u00e1ru\u010de. Jeho prody\u0161nost nav\u00edc zaji\u0161\u0165uje chladn\u00e9 a p\u0159\u00edjemn\u00e9 prost\u0159ed\u00ed pro sp\u00e1nek a udr\u017euje nepohodl\u00ed na uzd\u011b, a\u0165 u\u017e je tepl\u00e1 letn\u00ed noc, nebo \u00fatuln\u00fd zimn\u00ed ve\u010der.<\/div>\n<p>&nbsp;<\/p>\n<div class=\"auto-hide-last-sibling-br paragraph-qzbcQC paragraph-element br-paragraph-space\">Povrch pol\u0161t\u00e1\u0159e je pln\u00fd \u017eiv\u00e9ho kouzla a zdob\u00ed ho rozko\u0161n\u00e1 \u0159ada vzor\u016f medv\u00eddka Cocoa. Od dobrodru\u017en\u00e9ho kakaov\u00e9ho medv\u00eddka na vesm\u00edrn\u00e9 v\u00fdprav\u011b, kter\u00fd podn\u011bcuje p\u0159edstavivost o z\u00e1zrac\u00edch vesm\u00edru, a\u017e po hrdinn\u00e9ho kakaov\u00e9ho medv\u00eddka jako mistra v surfov\u00e1n\u00ed, kter\u00fd inspiruje k p\u0159\u00edb\u011bh\u016fm o odvaze a dobrodru\u017estv\u00ed na \u0161ir\u00e9m mo\u0159i. Ka\u017ed\u00fd motiv je port\u00e1lem do jin\u00e9ho sv\u011bta z\u00e1bavy a fantazie, kter\u00fd podman\u00ed d\u011btskou p\u0159edstavivost a ud\u011bl\u00e1 z ve\u010dern\u00ed\u010dku vzru\u0161uj\u00edc\u00ed cestu.<\/div>\n<p>&nbsp;<\/p>\n<div class=\"auto-hide-last-sibling-br paragraph-qzbcQC paragraph-element br-paragraph-space\">Tyto okouzluj\u00edc\u00ed vzory nav\u00edc dodaj\u00ed d\u011btsk\u00e9mu pokoji osobit\u00fd n\u00e1dech. Stane se \u00fast\u0159edn\u00edm bodem jejich spac\u00edho prostoru, zdrojem radosti a pohodl\u00ed. B\u011bhem poh\u00e1dky, kdy\u017e ukl\u00e1d\u00e1te sv\u00e9 d\u00edt\u011b do post\u00fdlky, p\u0159iprav\u00ed rozko\u0161n\u00e9 ilustrace medv\u00eddka Kakao p\u016fdu pro noc plnou sladk\u00fdch sn\u016f. A b\u011bhem l\u00edn\u00e9ho v\u00edkendov\u00e9ho sp\u00e1nku je m\u011bkk\u00fdm \u00fato\u010di\u0161t\u011bm, kde si va\u0161e d\u00edt\u011b m\u016f\u017ee odpo\u010dinout a relaxovat.<\/div>\n<p>&nbsp;<\/p>\n<div class=\"auto-hide-last-sibling-br paragraph-qzbcQC paragraph-element br-paragraph-space\">Rodi\u010de jsou z tohoto pol\u0161t\u00e1\u0159e nad\u0161eni. \"M\u016fj p\u011btilet\u00fd syn naprosto zbo\u017e\u0148uje d\u011btsk\u00fd pol\u0161t\u00e1\u0159 z hydrofiln\u00ed p\u011bny! R\u016fzn\u00e9 vzory kakaov\u00fdch medv\u00eddk\u016f jsou hitem a l\u00edb\u00ed se mi, jak je m\u011bkk\u00fd a prody\u0161n\u00fd. D\u00edky n\u011bmu je span\u00ed hra\u010dka,\" pod\u011blila se o sv\u00e9 dojmy jedna z nad\u0161en\u00fdch maminek. Tat\u00ednek se p\u0159idal: \"Od t\u00e9 doby, co jsme tento pol\u0161t\u00e1\u0159 po\u0159\u00eddili, jsme zaznamenali skute\u010dn\u00fd rozd\u00edl v kvalit\u011b sp\u00e1nku na\u0161eho d\u00edt\u011bte. Dob\u0159e se dr\u017e\u00ed a d\u00edky roztomil\u00fdm vzor\u016fm se stal obl\u00edbenou sou\u010d\u00e1st\u00ed v\u00fdzdoby lo\u017enice.\"<\/div>\n<p>&nbsp;<\/p>\n<div class=\"auto-hide-last-sibling-br paragraph-qzbcQC paragraph-element br-paragraph-space\">D\u011btsk\u00fd pol\u0161t\u00e1\u0159 z hydrofiln\u00ed p\u011bny v podstat\u011b nen\u00ed pouh\u00fdm lo\u017en\u00edm pr\u00e1dlem, ale cen\u011bnou sou\u010d\u00e1st\u00ed ka\u017edodenn\u00edho \u017eivota va\u0161eho d\u00edt\u011bte, kter\u00e1 kombinuje pohodl\u00ed, funk\u010dnost a \u0161petku rozmarnosti, aby vytvo\u0159ila z\u00e1\u017eitek ze sp\u00e1nku, jak\u00fd nem\u00e1 obdoby.<\/div>\n<\/div>\n<\/div>\n<\/div>\n<\/div>\n<\/div>\n<\/div>\n<\/div>\n<\/div>\n<\/div>\n<\/div>\n<\/div>\n<\/div>\n<\/div>\n<\/div>\n<\/div>\n<\/div>\n<\/div>\n<\/div>\n<\/div>\n<\/div>\n<\/div>","protected":false},"excerpt":{"rendered":"<div class=\"container-QE4ayg\">\n<div class=\"item-jU10IN\">\n<div class=\"container-jODEnh chrome70-container\">\n<div class=\"inner-eE95c9 inner-item-aL3Ui_\" data-target-id=\"message-box-target-id\" data-testid=\"union_message\">\n<div class=\"message-block-container-liuetz\" data-testid=\"message-block-container\">\n<div class=\"message-box-ZWbBdF\" data-testid=\"receive_message\" data-message-id=\"3087713235977218\">\n<div class=\"message-box-content-wrapper-srHdUj\">\n<div class=\"message-content message-box-content-otxGGw receive-message-box-content-_lREFj samantha-message-box-content-Qjmpja\" data-testid=\"message_content\">\n<div class=\"container-hfX5E8 flow-markdown-body theme-samantha-yJEgBp\" dir=\"ltr\" data-testid=\"message_text_content\" data-show-indicator=\"false\">\n<div class=\"auto-hide-last-sibling-br paragraph-qzbcQC paragraph-element br-paragraph-space\">D\u011btsk\u00fd pol\u0161t\u00e1\u0159 z hydrofiln\u00ed p\u011bny je ide\u00e1ln\u00edm dopl\u0148kem na span\u00ed pro d\u011bti ve v\u011bku 2-8 let. D\u00edky specifikaci 45*<em>28*<\/em>3\/5 cm, poskytuje pohodlnou velikost, kter\u00e1 poskytuje spr\u00e1vnou oporu hlavy a krku. Pol\u0161t\u00e1\u0159 je vyroben z hydrofiln\u00ed p\u011bny, kter\u00e1 je m\u011bkk\u00e1 a prody\u0161n\u00e1, co\u017e zaji\u0161\u0165uje chladn\u00e9 a p\u0159\u00edjemn\u00e9 prost\u0159ed\u00ed pro sp\u00e1nek. Jeho povrch zdob\u00ed \u0159ada rozko\u0161n\u00fdch vzor\u016f medv\u00eddka Cocoa, v\u010detn\u011b r\u016fzn\u00fdch motiv\u016f, jako jsou vesm\u00edrn\u00e9 cesty a dobrodru\u017estv\u00ed superhrdin\u016f. Tyto okouzluj\u00edc\u00ed vzory nejen\u017ee oslovuj\u00ed d\u011btskou fantazii, ale tak\u00e9 dod\u00e1vaj\u00ed jejich lo\u017enic\u00edm n\u00e1dech z\u00e1bavy. Tento pol\u0161t\u00e1\u0159 v sob\u011b spojuje pohodl\u00ed, funk\u010dnost a roztomilost, tak\u017ee je skv\u011blou volbou pro zlep\u0161en\u00ed kvality d\u011btsk\u00e9ho sp\u00e1nku.<\/div>\n<\/div>\n<\/div>\n<\/div>\n<\/div>\n<\/div>\n<\/div>\n<\/div>\n<\/div>\n<\/div>\n<div class=\"container-QE4ayg\">\n<div class=\"item-jU10IN\">\n<div class=\"container-jODEnh chrome70-container\">\n<div class=\"inner-eE95c9 inner-item-aL3Ui_\" data-target-id=\"message-box-target-id\" data-testid=\"union_message\">\n<div class=\"message-block-container-liuetz\" data-testid=\"message-block-container\">\n<div class=\"message-box-ZWbBdF message-box__reverse-vkxp8L\" data-testid=\"send_message\" data-message-id=\"3087382231145474\">\n<div class=\"message-box-content-wrapper-srHdUj send-message-e0EUGT\">\n<div class=\"message-content message-box-content-otxGGw send-message-box-content-N1r3Gh samantha-message-box-content-Qjmpja\" data-testid=\"message_content\"><\/div>\n<\/div>\n<\/div>\n<\/div>\n<\/div>\n<\/div>\n<\/div>\n<\/div>","protected":false},"featured_media":3418,"comment_status":"open","ping_status":"closed","template":"","meta":{"_uag_custom_page_level_css":"","site-sidebar-layout":"default","site-content-layout":"","ast-site-content-layout":"default","site-content-style":"default","site-sidebar-style":"default","ast-global-header-display":"","ast-banner-title-visibility":"","ast-main-header-display":"","ast-hfb-above-header-display":"","ast-hfb-below-header-display":"","ast-hfb-mobile-header-display":"","site-post-title":"","ast-breadcrumbs-content":"","ast-featured-img":"","footer-sml-layout":"","ast-disable-related-posts":"","theme-transparent-header-meta":"default","adv-header-id-meta":"","stick-header-meta":"","header-above-stick-meta":"","header-main-stick-meta":"","header-below-stick-meta":"","astra-migrate-meta-layouts":"set","ast-page-background-enabled":"default","ast-page-background-meta":{"desktop":{"background-color":"","background-image":"","background-repeat":"repeat","background-position":"center center","background-size":"auto","background-attachment":"scroll","background-type":"","background-media":"","overlay-type":"","overlay-color":"","overlay-opacity":"","overlay-gradient":""},"tablet":{"background-color":"","background-image":"","background-repeat":"repeat","background-position":"center center","background-size":"auto","background-attachment":"scroll","background-type":"","background-media":"","overlay-type":"","overlay-color":"","overlay-opacity":"","overlay-gradient":""},"mobile":{"background-color":"","background-image":"","background-repeat":"repeat","background-position":"center center","background-size":"auto","background-attachment":"scroll","background-type":"","background-media":"","overlay-type":"","overlay-color":"","overlay-opacity":"","overlay-gradient":""}},"ast-content-background-meta":{"desktop":{"background-color":"var(--ast-global-color-5)","background-image":"","background-repeat":"repeat","background-position":"center center","background-size":"auto","background-attachment":"scroll","background-type":"","background-media":"","overlay-type":"","overlay-color":"","overlay-opacity":"","overlay-gradient":""},"tablet":{"background-color":"var(--ast-global-color-5)","background-image":"","background-repeat":"repeat","background-position":"center center","background-size":"auto","background-attachment":"scroll","background-type":"","background-media":"","overlay-type":"","overlay-color":"","overlay-opacity":"","overlay-gradient":""},"mobile":{"background-color":"var(--ast-global-color-5)","background-image":"","background-repeat":"repeat","background-position":"center center","background-size":"auto","background-attachment":"scroll","background-type":"","background-media":"","overlay-type":"","overlay-color":"","overlay-opacity":"","overlay-gradient":""}}},"product_brand":[],"product_cat":[57,42],"product_tag":[70,68,71,69],"class_list":{"0":"post-3417","1":"product","2":"type-product","3":"status-publish","4":"has-post-thumbnail","6":"product_cat-2-to-8-years","7":"product_cat-merchandise","8":"product_tag-babypillow","9":"product_tag-cuteanimalpillow","10":"product_tag-headshapesupport","11":"product_tag-kouniushapingpillow","12":"desktop-align-left","13":"tablet-align-left","14":"mobile-align-left","16":"first","17":"instock","18":"shipping-taxable","19":"product-type-simple"},"aioseo_notices":[],"uagb_featured_image_src":{"full":["https:\/\/babypillowwholesale.com\/wp-content\/uploads\/2025\/04\/1709.jpg",1000,1000,false],"thumbnail":["https:\/\/babypillowwholesale.com\/wp-content\/uploads\/2025\/04\/1709-150x150.jpg",150,150,true],"medium":["https:\/\/babypillowwholesale.com\/wp-content\/uploads\/2025\/04\/1709-300x300.jpg",300,300,true],"medium_large":["https:\/\/babypillowwholesale.com\/wp-content\/uploads\/2025\/04\/1709-768x768.jpg",768,768,true],"large":["https:\/\/babypillowwholesale.com\/wp-content\/uploads\/2025\/04\/1709.jpg",1000,1000,false],"1536x1536":["https:\/\/babypillowwholesale.com\/wp-content\/uploads\/2025\/04\/1709.jpg",1000,1000,false],"2048x2048":["https:\/\/babypillowwholesale.com\/wp-content\/uploads\/2025\/04\/1709.jpg",1000,1000,false],"trp-custom-language-flag":["https:\/\/babypillowwholesale.com\/wp-content\/uploads\/2025\/04\/1709.jpg",12,12,false],"woocommerce_thumbnail":["https:\/\/babypillowwholesale.com\/wp-content\/uploads\/2025\/04\/1709-300x300.jpg",300,300,true],"woocommerce_single":["https:\/\/babypillowwholesale.com\/wp-content\/uploads\/2025\/04\/1709-600x600.jpg",600,600,true],"woocommerce_gallery_thumbnail":["https:\/\/babypillowwholesale.com\/wp-content\/uploads\/2025\/04\/1709-100x100.jpg",100,100,true]},"uagb_author_info":{"display_name":"Etnen zhong","author_link":"https:\/\/babypillowwholesale.com\/cs\/author\/"},"uagb_comment_info":0,"uagb_excerpt":"The Hydrophilic Foam Children's Pillow is an ideal sleep accessory for children aged 2 - 8 years. With a specification of 45*28*3\/5CM, it provides a comfortable size that offers proper support for the head and neck. The pillow is made of hydrophilic foam, which is soft and breathable, ensuring a cool and cozy sleep environment.&hellip;","jetpack_sharing_enabled":true,"_links":{"self":[{"href":"https:\/\/babypillowwholesale.com\/cs\/wp-json\/wp\/v2\/product\/3417","targetHints":{"allow":["GET"]}}],"collection":[{"href":"https:\/\/babypillowwholesale.com\/cs\/wp-json\/wp\/v2\/product"}],"about":[{"href":"https:\/\/babypillowwholesale.com\/cs\/wp-json\/wp\/v2\/types\/product"}],"replies":[{"embeddable":true,"href":"https:\/\/babypillowwholesale.com\/cs\/wp-json\/wp\/v2\/comments?post=3417"}],"wp:featuredmedia":[{"embeddable":true,"href":"https:\/\/babypillowwholesale.com\/cs\/wp-json\/wp\/v2\/media\/3418"}],"wp:attachment":[{"href":"https:\/\/babypillowwholesale.com\/cs\/wp-json\/wp\/v2\/media?parent=3417"}],"wp:term":[{"taxonomy":"product_brand","embeddable":true,"href":"https:\/\/babypillowwholesale.com\/cs\/wp-json\/wp\/v2\/product_brand?post=3417"},{"taxonomy":"product_cat","embeddable":true,"href":"https:\/\/babypillowwholesale.com\/cs\/wp-json\/wp\/v2\/product_cat?post=3417"},{"taxonomy":"product_tag","embeddable":true,"href":"https:\/\/babypillowwholesale.com\/cs\/wp-json\/wp\/v2\/product_tag?post=3417"}],"curies":[{"name":"wp","href":"https:\/\/api.w.org\/{rel}","templated":true}]}}