{"id":3415,"date":"2025-04-15T10:00:44","date_gmt":"2025-04-15T10:00:44","guid":{"rendered":"https:\/\/babypillowwholesale.com\/?post_type=product&#038;p=3415"},"modified":"2025-06-08T03:12:46","modified_gmt":"2025-06-08T03:12:46","slug":"dot-plush-childrens-pillow","status":"publish","type":"product","link":"https:\/\/babypillowwholesale.com\/cs\/product\/dot-plush-childrens-pillow\/","title":{"rendered":"Dot - Ply\u0161ov\u00fd d\u011btsk\u00fd pol\u0161t\u00e1\u0159"},"content":{"rendered":"<div class=\"auto-hide-last-sibling-br paragraph-qzbcQC paragraph-element br-paragraph-space\" data-immersive-translate-walked=\"8e61f2e7-6af2-46e5-9672-3b9e4f4033d9\" data-immersive-translate-paragraph=\"1\">\n<div class=\"auto-hide-last-sibling-br paragraph-qzbcQC paragraph-element br-paragraph-space\">\n<div class=\"auto-hide-last-sibling-br paragraph-qzbcQC paragraph-element br-paragraph-space\">\n<div class=\"auto-hide-last-sibling-br paragraph-qzbcQC paragraph-element br-paragraph-space\">\n<div class=\"auto-hide-last-sibling-br paragraph-qzbcQC paragraph-element br-paragraph-space\">\n<div class=\"auto-hide-last-sibling-br paragraph-qzbcQC paragraph-element br-paragraph-space\">\n<div class=\"inter-wlTS5w\">\n<div class=\"container-QE4ayg\">\n<div class=\"item-jU10IN\">\n<div class=\"container-jODEnh chrome70-container\">\n<div class=\"inner-eE95c9 inner-item-aL3Ui_\" data-target-id=\"message-box-target-id\" data-testid=\"union_message\">\n<div class=\"message-block-container-liuetz\" data-testid=\"message-block-container\">\n<div class=\"message-box-ZWbBdF\" data-testid=\"receive_message\">\n<div class=\"message-box-content-wrapper-srHdUj\">\n<div class=\"message-content message-box-content-otxGGw receive-message-box-content-_lREFj samantha-message-box-content-Qjmpja\" data-testid=\"message_content\">\n<div class=\"container-hfX5E8 flow-markdown-body theme-samantha-yJEgBp\" dir=\"ltr\" data-testid=\"message_text_content\" data-show-indicator=\"false\">\n<div class=\"auto-hide-last-sibling-br paragraph-qzbcQC paragraph-element br-paragraph-space\">\n<div class=\"auto-hide-last-sibling-br paragraph-qzbcQC paragraph-element br-paragraph-space\">\n<div class=\"auto-hide-last-sibling-br paragraph-qzbcQC paragraph-element br-paragraph-space\">\n<div class=\"auto-hide-last-sibling-br paragraph-qzbcQC paragraph-element br-paragraph-space\">\n<div class=\"auto-hide-last-sibling-br paragraph-qzbcQC paragraph-element br-paragraph-space\">Dop\u0159ejte sv\u00e9mu d\u00edt\u011bti luxusn\u00ed m\u011bkkost d\u011btsk\u00e9ho pol\u0161t\u00e1\u0159e Dot - Ply\u0161, kter\u00fd je pe\u010dliv\u011b navr\u017een pro d\u011bti od 2 do 8 let. Jeho povrch zdoben\u00fd \u0159adou jemn\u00fdch vystoupl\u00fdch te\u010dek vytv\u00e1\u0159\u00ed jedine\u010dn\u00fd hmatov\u00fd a uklid\u0148uj\u00edc\u00ed z\u00e1\u017eitek - jako m\u011bkk\u00e9 objet\u00ed pro hlavi\u010dku va\u0161eho d\u011b\u0165\u00e1tka. Rozm\u011bry 45*<em>28*<\/em>3\/5CM poskytuje optim\u00e1ln\u00ed oporu hlavy a krku a zaji\u0161\u0165uje zdravou a klidnou polohu p\u0159i sp\u00e1nku, a\u0165 u\u017e se d\u011bti ulo\u017e\u00ed na noc do postele, nebo si dop\u0159\u00e1vaj\u00ed p\u0159\u00edjemn\u00fd odpoledn\u00ed sp\u00e1nek. Je k dispozici v okouzluj\u00edc\u00ed r\u016f\u017eov\u00e9 nebo uklid\u0148uj\u00edc\u00ed modr\u00e9 barv\u011b a bez probl\u00e9m\u016f dopln\u00ed jak\u00fdkoli interi\u00e9r lo\u017enice.<\/div>\n<p>&nbsp;<\/p>\n<div class=\"auto-hide-last-sibling-br paragraph-qzbcQC paragraph-element br-paragraph-space\">Rodi\u010de si pochvaluj\u00ed jeho p\u0159ita\u017elivost: \"Moje d\u00edt\u011b zbo\u017e\u0148uje jeho strukturu - \u0159\u00edkaj\u00ed mu \"m\u011bkk\u00fd obl\u00e1\u010dek\"! Stala se povinnou v\u00fdbavou p\u0159ed span\u00edm,\" sv\u011b\u0159ila se jedna z nad\u0161en\u00fdch maminek. Tat\u00ednek dodal: \"Je tak\u00e9 odoln\u00fd - po nes\u010detn\u00fdch pran\u00edch z\u016fst\u00e1v\u00e1 ply\u0161 m\u011bkk\u00fd. Stoj\u00ed za ka\u017ed\u00fd cent!\"<\/div>\n<p>&nbsp;<\/p>\n<div class=\"auto-hide-last-sibling-br paragraph-qzbcQC paragraph-element br-paragraph-space\">Tento pol\u0161t\u00e1\u0159 je ide\u00e1ln\u00ed pro poh\u00e1dky p\u0159ed span\u00edm, l\u00edn\u00e9 v\u00edkendov\u00e9 zd\u0159\u00edmnut\u00ed nebo prost\u011b jen pro zp\u0159\u00edjemn\u011bn\u00ed sp\u00e1nku a prom\u011bn\u00ed oby\u010dejn\u00e9 chv\u00edle v klidn\u00e9 a \u00fatuln\u00e9 z\u00e1\u017eitky. Je to v\u00edc ne\u017e jen pol\u0161t\u00e1\u0159; je to cen\u011bn\u00fd spole\u010dn\u00edk pro ka\u017ed\u00fd sen - pln\u00fd sp\u00e1nku.<\/div>\n<\/div>\n<\/div>\n<\/div>\n<\/div>\n<\/div>\n<\/div>\n<\/div>\n<\/div>\n<\/div>\n<\/div>\n<\/div>\n<\/div>\n<\/div>\n<\/div>\n<\/div>\n<\/div>\n<\/div>\n<\/div>\n<\/div>\n<\/div>","protected":false},"excerpt":{"rendered":"<p>D\u011btsk\u00fd ply\u0161ov\u00fd pol\u0161t\u00e1\u0159 Dot je vynikaj\u00edc\u00ed volbou pro d\u011bti ve v\u011bku 2-8 let. Jeho povrch je pokryt m\u011bkkou te\u010dkovanou - ply\u0161ovou strukturou, kter\u00e1 nab\u00edz\u00ed nejen jedine\u010dn\u00fd hmatov\u00fd z\u00e1\u017eitek, ale tak\u00e9 dod\u00e1v\u00e1 n\u00e1dech luxusu. D\u00edky specifikaci 45*<em>28*<\/em>3\/5 cm, poskytuje pohodlnou velikost, kter\u00e1 poskytuje spr\u00e1vnou oporu hlav\u011b a krku. Je k dispozici ve dvou okouzluj\u00edc\u00edch barv\u00e1ch, r\u016f\u017eov\u00e9 a modr\u00e9, a m\u016f\u017ee se tak hodit k r\u016fzn\u00fdm dekor\u016fm lo\u017enice. Tento pol\u0161t\u00e1\u0159 je vyroben z vysoce kvalitn\u00edch materi\u00e1l\u016f a zaji\u0161\u0165uje p\u0159\u00edjemn\u00fd a klidn\u00fd sp\u00e1nek, \u010d\u00edm\u017e pom\u00e1h\u00e1 d\u011btem relaxovat a u\u017e\u00edt si kvalitn\u00ed no\u010dn\u00ed odpo\u010dinek. Je dokonalou kombinac\u00ed pohodl\u00ed a stylu pro mal\u00e9 sp\u00e1\u010de.<\/p>","protected":false},"featured_media":3416,"comment_status":"open","ping_status":"closed","template":"","meta":{"_uag_custom_page_level_css":"","site-sidebar-layout":"default","site-content-layout":"","ast-site-content-layout":"default","site-content-style":"default","site-sidebar-style":"default","ast-global-header-display":"","ast-banner-title-visibility":"","ast-main-header-display":"","ast-hfb-above-header-display":"","ast-hfb-below-header-display":"","ast-hfb-mobile-header-display":"","site-post-title":"","ast-breadcrumbs-content":"","ast-featured-img":"","footer-sml-layout":"","ast-disable-related-posts":"","theme-transparent-header-meta":"default","adv-header-id-meta":"","stick-header-meta":"","header-above-stick-meta":"","header-main-stick-meta":"","header-below-stick-meta":"","astra-migrate-meta-layouts":"set","ast-page-background-enabled":"default","ast-page-background-meta":{"desktop":{"background-color":"","background-image":"","background-repeat":"repeat","background-position":"center center","background-size":"auto","background-attachment":"scroll","background-type":"","background-media":"","overlay-type":"","overlay-color":"","overlay-opacity":"","overlay-gradient":""},"tablet":{"background-color":"","background-image":"","background-repeat":"repeat","background-position":"center center","background-size":"auto","background-attachment":"scroll","background-type":"","background-media":"","overlay-type":"","overlay-color":"","overlay-opacity":"","overlay-gradient":""},"mobile":{"background-color":"","background-image":"","background-repeat":"repeat","background-position":"center center","background-size":"auto","background-attachment":"scroll","background-type":"","background-media":"","overlay-type":"","overlay-color":"","overlay-opacity":"","overlay-gradient":""}},"ast-content-background-meta":{"desktop":{"background-color":"var(--ast-global-color-5)","background-image":"","background-repeat":"repeat","background-position":"center center","background-size":"auto","background-attachment":"scroll","background-type":"","background-media":"","overlay-type":"","overlay-color":"","overlay-opacity":"","overlay-gradient":""},"tablet":{"background-color":"var(--ast-global-color-5)","background-image":"","background-repeat":"repeat","background-position":"center center","background-size":"auto","background-attachment":"scroll","background-type":"","background-media":"","overlay-type":"","overlay-color":"","overlay-opacity":"","overlay-gradient":""},"mobile":{"background-color":"var(--ast-global-color-5)","background-image":"","background-repeat":"repeat","background-position":"center center","background-size":"auto","background-attachment":"scroll","background-type":"","background-media":"","overlay-type":"","overlay-color":"","overlay-opacity":"","overlay-gradient":""}}},"product_brand":[],"product_cat":[57,42],"product_tag":[70,68,71,69],"class_list":{"0":"post-3415","1":"product","2":"type-product","3":"status-publish","4":"has-post-thumbnail","6":"product_cat-2-to-8-years","7":"product_cat-merchandise","8":"product_tag-babypillow","9":"product_tag-cuteanimalpillow","10":"product_tag-headshapesupport","11":"product_tag-kouniushapingpillow","12":"desktop-align-left","13":"tablet-align-left","14":"mobile-align-left","16":"first","17":"instock","18":"shipping-taxable","19":"product-type-simple"},"aioseo_notices":[],"uagb_featured_image_src":{"full":["https:\/\/babypillowwholesale.com\/wp-content\/uploads\/2025\/04\/1703.jpg",1000,1000,false],"thumbnail":["https:\/\/babypillowwholesale.com\/wp-content\/uploads\/2025\/04\/1703-150x150.jpg",150,150,true],"medium":["https:\/\/babypillowwholesale.com\/wp-content\/uploads\/2025\/04\/1703-300x300.jpg",300,300,true],"medium_large":["https:\/\/babypillowwholesale.com\/wp-content\/uploads\/2025\/04\/1703-768x768.jpg",768,768,true],"large":["https:\/\/babypillowwholesale.com\/wp-content\/uploads\/2025\/04\/1703.jpg",1000,1000,false],"1536x1536":["https:\/\/babypillowwholesale.com\/wp-content\/uploads\/2025\/04\/1703.jpg",1000,1000,false],"2048x2048":["https:\/\/babypillowwholesale.com\/wp-content\/uploads\/2025\/04\/1703.jpg",1000,1000,false],"trp-custom-language-flag":["https:\/\/babypillowwholesale.com\/wp-content\/uploads\/2025\/04\/1703.jpg",12,12,false],"woocommerce_thumbnail":["https:\/\/babypillowwholesale.com\/wp-content\/uploads\/2025\/04\/1703-300x300.jpg",300,300,true],"woocommerce_single":["https:\/\/babypillowwholesale.com\/wp-content\/uploads\/2025\/04\/1703-600x600.jpg",600,600,true],"woocommerce_gallery_thumbnail":["https:\/\/babypillowwholesale.com\/wp-content\/uploads\/2025\/04\/1703-100x100.jpg",100,100,true]},"uagb_author_info":{"display_name":"Etnen zhong","author_link":"https:\/\/babypillowwholesale.com\/cs\/author\/"},"uagb_comment_info":0,"uagb_excerpt":"The Dot - Plush Children's Pillow is an excellent choice for children aged 2 - 8 years. Its surface is covered with a soft dot - plush texture, which not only offers a unique tactile experience but also adds a touch of luxury. With a specification of 45*28*3\/5CM, it provides a comfortable size that gives&hellip;","jetpack_sharing_enabled":true,"_links":{"self":[{"href":"https:\/\/babypillowwholesale.com\/cs\/wp-json\/wp\/v2\/product\/3415","targetHints":{"allow":["GET"]}}],"collection":[{"href":"https:\/\/babypillowwholesale.com\/cs\/wp-json\/wp\/v2\/product"}],"about":[{"href":"https:\/\/babypillowwholesale.com\/cs\/wp-json\/wp\/v2\/types\/product"}],"replies":[{"embeddable":true,"href":"https:\/\/babypillowwholesale.com\/cs\/wp-json\/wp\/v2\/comments?post=3415"}],"wp:featuredmedia":[{"embeddable":true,"href":"https:\/\/babypillowwholesale.com\/cs\/wp-json\/wp\/v2\/media\/3416"}],"wp:attachment":[{"href":"https:\/\/babypillowwholesale.com\/cs\/wp-json\/wp\/v2\/media?parent=3415"}],"wp:term":[{"taxonomy":"product_brand","embeddable":true,"href":"https:\/\/babypillowwholesale.com\/cs\/wp-json\/wp\/v2\/product_brand?post=3415"},{"taxonomy":"product_cat","embeddable":true,"href":"https:\/\/babypillowwholesale.com\/cs\/wp-json\/wp\/v2\/product_cat?post=3415"},{"taxonomy":"product_tag","embeddable":true,"href":"https:\/\/babypillowwholesale.com\/cs\/wp-json\/wp\/v2\/product_tag?post=3415"}],"curies":[{"name":"wp","href":"https:\/\/api.w.org\/{rel}","templated":true}]}}