{"id":3408,"date":"2025-04-15T07:56:02","date_gmt":"2025-04-15T07:56:02","guid":{"rendered":"https:\/\/babypillowwholesale.com\/?post_type=product&#038;p=3408"},"modified":"2025-06-08T07:48:00","modified_gmt":"2025-06-08T07:48:00","slug":"neck-protecting-pillow","status":"publish","type":"product","link":"https:\/\/babypillowwholesale.com\/cs\/product\/neck-protecting-pillow\/","title":{"rendered":"Krk - ochrann\u00fd pol\u0161t\u00e1\u0159"},"content":{"rendered":"<div class=\"auto-hide-last-sibling-br paragraph-qzbcQC paragraph-element br-paragraph-space\" data-immersive-translate-walked=\"8e61f2e7-6af2-46e5-9672-3b9e4f4033d9\" data-immersive-translate-paragraph=\"1\">\n<div class=\"auto-hide-last-sibling-br paragraph-qzbcQC paragraph-element br-paragraph-space\">\n<div class=\"auto-hide-last-sibling-br paragraph-qzbcQC paragraph-element br-paragraph-space\">\n<div class=\"auto-hide-last-sibling-br paragraph-qzbcQC paragraph-element br-paragraph-space\">\n<div class=\"auto-hide-last-sibling-br paragraph-qzbcQC paragraph-element br-paragraph-space\">\n<div class=\"auto-hide-last-sibling-br paragraph-qzbcQC paragraph-element br-paragraph-space\">\n<div class=\"inter-wlTS5w\">\n<div class=\"container-QE4ayg\">\n<div class=\"item-jU10IN\">\n<div class=\"container-jODEnh chrome70-container\">\n<div class=\"inner-eE95c9 inner-item-aL3Ui_\" data-target-id=\"message-box-target-id\" data-testid=\"union_message\">\n<div class=\"message-block-container-liuetz\" data-testid=\"message-block-container\">\n<div class=\"message-box-ZWbBdF\" data-testid=\"receive_message\">\n<div class=\"message-box-content-wrapper-srHdUj\">\n<div class=\"message-content message-box-content-otxGGw receive-message-box-content-_lREFj samantha-message-box-content-Qjmpja\" data-testid=\"message_content\">\n<div class=\"container-hfX5E8 flow-markdown-body theme-samantha-yJEgBp\" dir=\"ltr\" data-testid=\"message_text_content\" data-show-indicator=\"false\">\n<div class=\"auto-hide-last-sibling-br paragraph-qzbcQC paragraph-element br-paragraph-space\">\n<div class=\"auto-hide-last-sibling-br paragraph-qzbcQC paragraph-element br-paragraph-space\">\n<div class=\"auto-hide-last-sibling-br paragraph-qzbcQC paragraph-element br-paragraph-space\">P\u0159edstavujeme pol\u0161t\u00e1\u0159ek na ochranu krku, kter\u00fd je dokonalou kombinac\u00ed pohodl\u00ed a funk\u010dnosti pro d\u011bti. Pe\u010dliv\u011b navr\u017een\u00fd pol\u0161t\u00e1\u0159 s ergonomick\u00fdm tvarem poskytuje v\u00fdjime\u010dnou oporu krku, \u00fa\u010dinn\u011b udr\u017euje spr\u00e1vn\u00e9 nastaven\u00ed kr\u010dn\u00ed p\u00e1te\u0159e a minimalizuje riziko jej\u00edho p\u0159et\u00ed\u017een\u00ed. A\u0165 u\u017e se va\u0161e d\u00edt\u011b ukl\u00e1d\u00e1 ke sp\u00e1nku, je zabran\u00e9 do poh\u00e1dkov\u00e9 kn\u00ed\u017eky nebo sleduje obl\u00edben\u00fd animovan\u00fd film, tento pol\u0161t\u00e1\u0159 mu poskytne \u00fatuln\u00e9 \u00fato\u010di\u0161t\u011b.<\/div>\n<p>&nbsp;<\/p>\n<div class=\"auto-hide-last-sibling-br paragraph-qzbcQC paragraph-element br-paragraph-space\">Zdob\u00ed ho rozko\u0161n\u00fd motiv pandy a hrav\u00fd text \"KungFu PANQA\", kter\u00fd dod\u00e1 ka\u017ed\u00e9 lo\u017enici n\u00e1dech z\u00e1bavy. Je k dispozici v z\u00e1\u0159iv\u00e9 palet\u011b r\u016f\u017eov\u00e9, modr\u00e9, fialov\u00e9 a tmav\u011b modr\u00e9 barvy, tak\u017ee vyhov\u00ed r\u016fzn\u00fdm estetick\u00fdm preferenc\u00edm. Je vyroben z m\u011bkk\u00fdch a vysoce kvalitn\u00edch materi\u00e1l\u016f a zaji\u0161\u0165uje p\u0159\u00edjemn\u00fd a klidn\u00fd odpo\u010dinek.<\/div>\n<p>&nbsp;<\/p>\n<div class=\"auto-hide-last-sibling-br paragraph-qzbcQC paragraph-element br-paragraph-space\">Rodi\u010de si pochvaluj\u00ed jeho dopad: \"Moje d\u00edt\u011b tento pol\u0161t\u00e1\u0159 zbo\u017e\u0148uje! Je m\u011bkk\u00fd, roztomil\u00fd a skute\u010dn\u011b zlep\u0161il jejich pohodl\u00ed b\u011bhem sp\u00e1nku i hry,\" pod\u011blila se o sv\u00e9 dojmy jedna z nad\u0161en\u00fdch maminek. Jin\u00fd rodi\u010d poznamenal: \"Design je okouzluj\u00edc\u00ed a v\u011bdom\u00ed, \u017ee podporuje zdrav\u00ed krku m\u00e9ho d\u00edt\u011bte, mi dod\u00e1v\u00e1 klid. Skv\u011bl\u00fd dopln\u011bk k jejich l\u016f\u017ekovin\u00e1m!\"<\/div>\n<p>&nbsp;<\/p>\n<div class=\"auto-hide-last-sibling-br paragraph-qzbcQC paragraph-element br-paragraph-space\">Tento pol\u0161t\u00e1\u0159 na ochranu krku je zkr\u00e1tka v\u00edc ne\u017e jen dopln\u011bk na span\u00ed; je to spole\u010dn\u00edk, kter\u00fd se star\u00e1 o pohodl\u00ed, zdrav\u00ed a radost v ka\u017ed\u00e9m okam\u017eiku dne va\u0161eho d\u00edt\u011bte.<\/div>\n<\/div>\n<\/div>\n<\/div>\n<\/div>\n<\/div>\n<\/div>\n<\/div>\n<\/div>\n<\/div>\n<\/div>\n<\/div>\n<\/div>\n<\/div>\n<\/div>\n<\/div>\n<\/div>\n<\/div>\n<\/div>","protected":false},"excerpt":{"rendered":"<p>Pol\u0161t\u00e1\u0159 chr\u00e1n\u00edc\u00ed krk je ide\u00e1ln\u00ed volbou pro d\u011bti. Jeho jedine\u010dn\u00fd design je ergonomicky navr\u017een tak, aby poskytoval vynikaj\u00edc\u00ed oporu krku, pom\u00e1hal udr\u017eovat spr\u00e1vn\u00e9 dr\u017een\u00ed kr\u010dn\u00ed p\u00e1te\u0159e a sni\u017eoval riziko kr\u010dn\u00edch pot\u00ed\u017e\u00ed. Na pol\u0161t\u00e1\u0159i je roztomil\u00fd motiv pandy s n\u00e1pisem \"KungFu PANQA\", kter\u00fd dod\u00e1v\u00e1 pol\u0161t\u00e1\u0159i prvek z\u00e1bavy. Je k dispozici v r\u016fzn\u00fdch barv\u00e1ch v\u010detn\u011b r\u016f\u017eov\u00e9, modr\u00e9, fialov\u00e9 a tmav\u011b modr\u00e9, tak\u017ee m\u016f\u017ee vyhovovat r\u016fzn\u00fdm estetick\u00fdm preferenc\u00edm. Specifikace 26*<em>24*<\/em>10 cm, co\u017e je vhodn\u00e1 velikost pro d\u011bti. Je vyroben z m\u011bkk\u00fdch a pohodln\u00fdch materi\u00e1l\u016f, tak\u017ee zaji\u0161\u0165uje p\u0159\u00edjemn\u00e9 span\u00ed a je skv\u011bl\u00fdm dopl\u0148kem d\u011btsk\u00e9ho povle\u010den\u00ed.<\/p>","protected":false},"featured_media":3409,"comment_status":"open","ping_status":"closed","template":"","meta":{"_uag_custom_page_level_css":"","site-sidebar-layout":"default","site-content-layout":"","ast-site-content-layout":"default","site-content-style":"default","site-sidebar-style":"default","ast-global-header-display":"","ast-banner-title-visibility":"","ast-main-header-display":"","ast-hfb-above-header-display":"","ast-hfb-below-header-display":"","ast-hfb-mobile-header-display":"","site-post-title":"","ast-breadcrumbs-content":"","ast-featured-img":"","footer-sml-layout":"","ast-disable-related-posts":"","theme-transparent-header-meta":"default","adv-header-id-meta":"","stick-header-meta":"","header-above-stick-meta":"","header-main-stick-meta":"","header-below-stick-meta":"","astra-migrate-meta-layouts":"set","ast-page-background-enabled":"default","ast-page-background-meta":{"desktop":{"background-color":"","background-image":"","background-repeat":"repeat","background-position":"center center","background-size":"auto","background-attachment":"scroll","background-type":"","background-media":"","overlay-type":"","overlay-color":"","overlay-opacity":"","overlay-gradient":""},"tablet":{"background-color":"","background-image":"","background-repeat":"repeat","background-position":"center center","background-size":"auto","background-attachment":"scroll","background-type":"","background-media":"","overlay-type":"","overlay-color":"","overlay-opacity":"","overlay-gradient":""},"mobile":{"background-color":"","background-image":"","background-repeat":"repeat","background-position":"center center","background-size":"auto","background-attachment":"scroll","background-type":"","background-media":"","overlay-type":"","overlay-color":"","overlay-opacity":"","overlay-gradient":""}},"ast-content-background-meta":{"desktop":{"background-color":"var(--ast-global-color-5)","background-image":"","background-repeat":"repeat","background-position":"center center","background-size":"auto","background-attachment":"scroll","background-type":"","background-media":"","overlay-type":"","overlay-color":"","overlay-opacity":"","overlay-gradient":""},"tablet":{"background-color":"var(--ast-global-color-5)","background-image":"","background-repeat":"repeat","background-position":"center center","background-size":"auto","background-attachment":"scroll","background-type":"","background-media":"","overlay-type":"","overlay-color":"","overlay-opacity":"","overlay-gradient":""},"mobile":{"background-color":"var(--ast-global-color-5)","background-image":"","background-repeat":"repeat","background-position":"center center","background-size":"auto","background-attachment":"scroll","background-type":"","background-media":"","overlay-type":"","overlay-color":"","overlay-opacity":"","overlay-gradient":""}}},"product_brand":[],"product_cat":[21],"product_tag":[70,68,71,69],"class_list":{"0":"post-3408","1":"product","2":"type-product","3":"status-publish","4":"has-post-thumbnail","6":"product_cat-others","7":"product_tag-babypillow","8":"product_tag-cuteanimalpillow","9":"product_tag-headshapesupport","10":"product_tag-kouniushapingpillow","11":"desktop-align-left","12":"tablet-align-left","13":"mobile-align-left","15":"first","16":"instock","17":"shipping-taxable","18":"product-type-simple"},"aioseo_notices":[],"uagb_featured_image_src":{"full":["https:\/\/babypillowwholesale.com\/wp-content\/uploads\/2025\/04\/1103.jpg",1000,1000,false],"thumbnail":["https:\/\/babypillowwholesale.com\/wp-content\/uploads\/2025\/04\/1103-150x150.jpg",150,150,true],"medium":["https:\/\/babypillowwholesale.com\/wp-content\/uploads\/2025\/04\/1103-300x300.jpg",300,300,true],"medium_large":["https:\/\/babypillowwholesale.com\/wp-content\/uploads\/2025\/04\/1103-768x768.jpg",768,768,true],"large":["https:\/\/babypillowwholesale.com\/wp-content\/uploads\/2025\/04\/1103.jpg",1000,1000,false],"1536x1536":["https:\/\/babypillowwholesale.com\/wp-content\/uploads\/2025\/04\/1103.jpg",1000,1000,false],"2048x2048":["https:\/\/babypillowwholesale.com\/wp-content\/uploads\/2025\/04\/1103.jpg",1000,1000,false],"trp-custom-language-flag":["https:\/\/babypillowwholesale.com\/wp-content\/uploads\/2025\/04\/1103.jpg",12,12,false],"woocommerce_thumbnail":["https:\/\/babypillowwholesale.com\/wp-content\/uploads\/2025\/04\/1103-300x300.jpg",300,300,true],"woocommerce_single":["https:\/\/babypillowwholesale.com\/wp-content\/uploads\/2025\/04\/1103-600x600.jpg",600,600,true],"woocommerce_gallery_thumbnail":["https:\/\/babypillowwholesale.com\/wp-content\/uploads\/2025\/04\/1103-100x100.jpg",100,100,true]},"uagb_author_info":{"display_name":"Etnen zhong","author_link":"https:\/\/babypillowwholesale.com\/cs\/author\/"},"uagb_comment_info":0,"uagb_excerpt":"The Neck - Protecting Pillow is an ideal choice for children. Its unique design is ergonomically crafted to provide excellent support for the neck, helping to maintain a proper cervical spine posture and reduce the risk of neck discomfort. The pillow features a cute panda motif with the words \u201cKungFu PANQA\u201d, adding an element of&hellip;","jetpack_sharing_enabled":true,"_links":{"self":[{"href":"https:\/\/babypillowwholesale.com\/cs\/wp-json\/wp\/v2\/product\/3408","targetHints":{"allow":["GET"]}}],"collection":[{"href":"https:\/\/babypillowwholesale.com\/cs\/wp-json\/wp\/v2\/product"}],"about":[{"href":"https:\/\/babypillowwholesale.com\/cs\/wp-json\/wp\/v2\/types\/product"}],"replies":[{"embeddable":true,"href":"https:\/\/babypillowwholesale.com\/cs\/wp-json\/wp\/v2\/comments?post=3408"}],"wp:featuredmedia":[{"embeddable":true,"href":"https:\/\/babypillowwholesale.com\/cs\/wp-json\/wp\/v2\/media\/3409"}],"wp:attachment":[{"href":"https:\/\/babypillowwholesale.com\/cs\/wp-json\/wp\/v2\/media?parent=3408"}],"wp:term":[{"taxonomy":"product_brand","embeddable":true,"href":"https:\/\/babypillowwholesale.com\/cs\/wp-json\/wp\/v2\/product_brand?post=3408"},{"taxonomy":"product_cat","embeddable":true,"href":"https:\/\/babypillowwholesale.com\/cs\/wp-json\/wp\/v2\/product_cat?post=3408"},{"taxonomy":"product_tag","embeddable":true,"href":"https:\/\/babypillowwholesale.com\/cs\/wp-json\/wp\/v2\/product_tag?post=3408"}],"curies":[{"name":"wp","href":"https:\/\/api.w.org\/{rel}","templated":true}]}}