{"id":3405,"date":"2025-04-15T07:30:38","date_gmt":"2025-04-15T07:30:38","guid":{"rendered":"https:\/\/babypillowwholesale.com\/?post_type=product&#038;p=3405"},"modified":"2025-06-08T07:52:07","modified_gmt":"2025-06-08T07:52:07","slug":"little-raccoon-infant-contour-pillow","status":"publish","type":"product","link":"https:\/\/babypillowwholesale.com\/cs\/product\/little-raccoon-infant-contour-pillow\/","title":{"rendered":"Kojeneck\u00fd pol\u0161t\u00e1\u0159 Little Raccoon Contour Pillow"},"content":{"rendered":"<div class=\"auto-hide-last-sibling-br paragraph-qzbcQC paragraph-element br-paragraph-space\" data-immersive-translate-walked=\"8e61f2e7-6af2-46e5-9672-3b9e4f4033d9\" data-immersive-translate-paragraph=\"1\">\n<div class=\"auto-hide-last-sibling-br paragraph-qzbcQC paragraph-element br-paragraph-space\">\n<div class=\"auto-hide-last-sibling-br paragraph-qzbcQC paragraph-element br-paragraph-space\">\n<div class=\"auto-hide-last-sibling-br paragraph-qzbcQC paragraph-element br-paragraph-space\">\n<div class=\"auto-hide-last-sibling-br paragraph-qzbcQC paragraph-element br-paragraph-space\">\n<div class=\"auto-hide-last-sibling-br paragraph-qzbcQC paragraph-element br-paragraph-space\">\n<div class=\"inter-wlTS5w\">\n<div class=\"container-QE4ayg\">\n<div class=\"item-jU10IN\">\n<div class=\"container-jODEnh chrome70-container\">\n<div class=\"inner-eE95c9 inner-item-aL3Ui_\" data-target-id=\"message-box-target-id\" data-testid=\"union_message\">\n<div class=\"message-block-container-liuetz\" data-testid=\"message-block-container\">\n<div class=\"message-box-ZWbBdF\" data-testid=\"receive_message\">\n<div class=\"message-box-content-wrapper-srHdUj\">\n<div class=\"message-content message-box-content-otxGGw receive-message-box-content-_lREFj samantha-message-box-content-Qjmpja\" data-testid=\"message_content\">\n<div class=\"container-hfX5E8 flow-markdown-body theme-samantha-yJEgBp\" dir=\"ltr\" data-testid=\"message_text_content\" data-show-indicator=\"false\">\n<div class=\"auto-hide-last-sibling-br paragraph-qzbcQC paragraph-element br-paragraph-space\">\n<div class=\"auto-hide-last-sibling-br paragraph-qzbcQC paragraph-element br-paragraph-space\">P\u0159edstavujeme Little Raccoon Infant Contour Pillow, rozko\u0161n\u00fd a nezbytn\u00fd spole\u010dn\u00edk na span\u00ed pro d\u011bti od 1 do 3 let. Tento pol\u0161t\u00e1\u0159 s pe\u010dliv\u011b navr\u017een\u00fdm ergonomick\u00fdm tvarem poskytuje jemn\u00e9, ale pevn\u00e9 objet\u00ed pro hlavu a krk va\u0161eho d\u011b\u0165\u00e1tka a zaji\u0161\u0165uje mu zdravou a pohodlnou polohu p\u0159i sp\u00e1nku noc co noc.<\/div>\n<p>&nbsp;<\/p>\n<div class=\"auto-hide-last-sibling-br paragraph-qzbcQC paragraph-element br-paragraph-space\">Povrch pol\u0161t\u00e1\u0159e je p\u016fvabn\u00e9 pl\u00e1tno, kter\u00e9 zdob\u00ed roztomil\u00e1 ilustrace mal\u00e9ho m\u00fdvala. M\u00fdval oble\u010den\u00fd do roztomil\u00e9ho oble\u010dku a obklopen\u00fd rozmarn\u00fdmi hv\u011bzdami a kouzelnou h\u016flkou dod\u00e1v\u00e1 pol\u0161t\u00e1\u0159ku n\u00e1dech fantazie a hravosti. Na jemn\u00e9m - barevn\u00e9m pozad\u00ed, kter\u00e9 je k dispozici bu\u010f v uklid\u0148uj\u00edc\u00ed r\u016f\u017eov\u00e9, nebo uklid\u0148uj\u00edc\u00ed modr\u00e9 barv\u011b, vytv\u00e1\u0159\u00ed vizu\u00e1ln\u011b p\u0159ita\u017elivou a klidnou estetiku, kter\u00e1 oslovuje malou fantazii.<\/div>\n<p>&nbsp;<\/p>\n<div class=\"auto-hide-last-sibling-br paragraph-qzbcQC paragraph-element br-paragraph-space\">M\u011b\u0159en\u00ed 43*<em>26*<\/em>3 cm, m\u00e1 ide\u00e1ln\u00ed velikost pro sp\u00e1nek va\u0161eho d\u00edt\u011bte a poskytuje dostatek prostoru pro pohodln\u00e9 op\u0159en\u00ed hlavy. Je vyroben z luxusn\u011b m\u011bkk\u00fdch materi\u00e1l\u016f a na dotek p\u016fsob\u00ed sametov\u011b - hladce, jako n\u011b\u017en\u00e1 ukol\u00e9bavka, kter\u00e1 zve va\u0161e d\u00edt\u011b ke klidn\u00e9mu sp\u00e1nku.<\/div>\n<p>&nbsp;<\/p>\n<div class=\"auto-hide-last-sibling-br paragraph-qzbcQC paragraph-element br-paragraph-space\">Tento pol\u0161t\u00e1\u0159 se nehod\u00ed jen na span\u00ed. P\u0159es den se m\u016f\u017ee st\u00e1t rekvizitou pro imaginativn\u00ed hru, kdy va\u0161e d\u00edt\u011b p\u0159edst\u00edr\u00e1, \u017ee je m\u00fdval na kouzeln\u00e9m dobrodru\u017estv\u00ed. Nebo m\u016f\u017ee slou\u017eit jako m\u011bkk\u00fd a uklid\u0148uj\u00edc\u00ed kamar\u00e1d ve chv\u00edl\u00edch neklidu.<\/div>\n<p>&nbsp;<\/p>\n<div class=\"auto-hide-last-sibling-br paragraph-qzbcQC paragraph-element br-paragraph-space\">Rodi\u010de jsou t\u00edmto v\u00fdrobkem nad\u0161eni. \"M\u016fj dvoulet\u00fd syn zbo\u017e\u0148uje pol\u0161t\u00e1\u0159ek Little Raccoon! Je tak m\u011bkk\u00fd a jeho design je prost\u011b n\u00e1dhern\u00fd. D\u00edky n\u011bmu je span\u00ed hra\u010dka,\" sv\u011b\u0159ila se jedna spokojen\u00e1 maminka. Tat\u00ednek dodal: \"L\u00edb\u00ed se n\u00e1m, jak kombinuje pohodl\u00ed s roztomil\u00fdm designem. Dob\u0159e se dr\u017e\u00ed p\u0159i pran\u00ed a obj\u00edm\u00e1n\u00ed. Skv\u011bl\u00e1 koup\u011b pro sp\u00e1nek a hran\u00ed na\u0161eho mal\u00e9ho.\"<\/div>\n<p>&nbsp;<\/p>\n<div class=\"auto-hide-last-sibling-br paragraph-qzbcQC paragraph-element br-paragraph-space\">Kojeneck\u00fd pol\u0161t\u00e1\u0159 Little Raccoon Contour Pillow je v podstat\u011b harmonickou kombinac\u00ed pohodl\u00ed, roztomilosti a funk\u010dnosti. Nen\u00ed to jen l\u016f\u017ekovina, je to cen\u011bn\u00e1 sou\u010d\u00e1st ka\u017edodenn\u00edho \u017eivota va\u0161eho d\u00edt\u011bte, kter\u00e1 vnese do ka\u017ed\u00e9ho okam\u017eiku \u0161petku m\u00fdval\u00edho kouzla.<\/div>\n<\/div>\n<\/div>\n<\/div>\n<\/div>\n<\/div>\n<\/div>\n<\/div>\n<\/div>\n<\/div>\n<\/div>\n<\/div>\n<\/div>\n<\/div>\n<\/div>\n<\/div>\n<\/div>\n<\/div>","protected":false},"excerpt":{"rendered":"<p>Kojeneck\u00fd pol\u0161t\u00e1\u0159ek Little Raccoon Contour Pillow je ide\u00e1ln\u00edm dopl\u0148kem na span\u00ed pro d\u011bti od 1 do 3 let. Jeho obrysov\u00fd design je ergonomicky navr\u017een tak, aby poskytoval optim\u00e1ln\u00ed oporu hlavy a krku a podporoval zdrav\u00e9 dr\u017een\u00ed t\u011bla p\u0159i sp\u00e1nku. Na pol\u0161t\u00e1\u0159i je roztomil\u00e1 ilustrace mal\u00e9ho m\u00fdvala na jemn\u00e9m barevn\u00e9m pozad\u00ed, kter\u00e1 dod\u00e1v\u00e1 pol\u0161t\u00e1\u0159i roztomilost. K dispozici je v r\u016f\u017eov\u00e9 a modr\u00e9 barv\u011b, tak\u017ee vyhovuje r\u016fzn\u00fdm preferenc\u00edm. Rozm\u011bry 43*<em>26*<\/em>3 cm, nab\u00edz\u00ed pohodlnou velikost pro mal\u00e9 d\u011bti. Je vyroben z m\u011bkk\u00fdch materi\u00e1l\u016f a zaji\u0161\u0165uje p\u0159\u00edjemn\u00fd a klidn\u00fd sp\u00e1nek, tak\u017ee je skv\u011bl\u00fdm dopl\u0148kem k pot\u0159eb\u00e1m ka\u017ed\u00e9ho d\u00edt\u011bte na span\u00ed.<\/p>","protected":false},"featured_media":3406,"comment_status":"open","ping_status":"closed","template":"","meta":{"_uag_custom_page_level_css":"","site-sidebar-layout":"default","site-content-layout":"","ast-site-content-layout":"default","site-content-style":"default","site-sidebar-style":"default","ast-global-header-display":"","ast-banner-title-visibility":"","ast-main-header-display":"","ast-hfb-above-header-display":"","ast-hfb-below-header-display":"","ast-hfb-mobile-header-display":"","site-post-title":"","ast-breadcrumbs-content":"","ast-featured-img":"","footer-sml-layout":"","ast-disable-related-posts":"","theme-transparent-header-meta":"default","adv-header-id-meta":"","stick-header-meta":"","header-above-stick-meta":"","header-main-stick-meta":"","header-below-stick-meta":"","astra-migrate-meta-layouts":"set","ast-page-background-enabled":"default","ast-page-background-meta":{"desktop":{"background-color":"","background-image":"","background-repeat":"repeat","background-position":"center center","background-size":"auto","background-attachment":"scroll","background-type":"","background-media":"","overlay-type":"","overlay-color":"","overlay-opacity":"","overlay-gradient":""},"tablet":{"background-color":"","background-image":"","background-repeat":"repeat","background-position":"center center","background-size":"auto","background-attachment":"scroll","background-type":"","background-media":"","overlay-type":"","overlay-color":"","overlay-opacity":"","overlay-gradient":""},"mobile":{"background-color":"","background-image":"","background-repeat":"repeat","background-position":"center center","background-size":"auto","background-attachment":"scroll","background-type":"","background-media":"","overlay-type":"","overlay-color":"","overlay-opacity":"","overlay-gradient":""}},"ast-content-background-meta":{"desktop":{"background-color":"var(--ast-global-color-5)","background-image":"","background-repeat":"repeat","background-position":"center center","background-size":"auto","background-attachment":"scroll","background-type":"","background-media":"","overlay-type":"","overlay-color":"","overlay-opacity":"","overlay-gradient":""},"tablet":{"background-color":"var(--ast-global-color-5)","background-image":"","background-repeat":"repeat","background-position":"center center","background-size":"auto","background-attachment":"scroll","background-type":"","background-media":"","overlay-type":"","overlay-color":"","overlay-opacity":"","overlay-gradient":""},"mobile":{"background-color":"var(--ast-global-color-5)","background-image":"","background-repeat":"repeat","background-position":"center center","background-size":"auto","background-attachment":"scroll","background-type":"","background-media":"","overlay-type":"","overlay-color":"","overlay-opacity":"","overlay-gradient":""}}},"product_brand":[],"product_cat":[56,42],"product_tag":[70,68,71,69],"class_list":{"0":"post-3405","1":"product","2":"type-product","3":"status-publish","4":"has-post-thumbnail","6":"product_cat-1-to-3-years","7":"product_cat-merchandise","8":"product_tag-babypillow","9":"product_tag-cuteanimalpillow","10":"product_tag-headshapesupport","11":"product_tag-kouniushapingpillow","12":"desktop-align-left","13":"tablet-align-left","14":"mobile-align-left","16":"first","17":"instock","18":"shipping-taxable","19":"product-type-simple"},"aioseo_notices":[],"uagb_featured_image_src":{"full":["https:\/\/babypillowwholesale.com\/wp-content\/uploads\/2025\/04\/1707.jpg",1000,1000,false],"thumbnail":["https:\/\/babypillowwholesale.com\/wp-content\/uploads\/2025\/04\/1707-150x150.jpg",150,150,true],"medium":["https:\/\/babypillowwholesale.com\/wp-content\/uploads\/2025\/04\/1707-300x300.jpg",300,300,true],"medium_large":["https:\/\/babypillowwholesale.com\/wp-content\/uploads\/2025\/04\/1707-768x768.jpg",768,768,true],"large":["https:\/\/babypillowwholesale.com\/wp-content\/uploads\/2025\/04\/1707.jpg",1000,1000,false],"1536x1536":["https:\/\/babypillowwholesale.com\/wp-content\/uploads\/2025\/04\/1707.jpg",1000,1000,false],"2048x2048":["https:\/\/babypillowwholesale.com\/wp-content\/uploads\/2025\/04\/1707.jpg",1000,1000,false],"trp-custom-language-flag":["https:\/\/babypillowwholesale.com\/wp-content\/uploads\/2025\/04\/1707.jpg",12,12,false],"woocommerce_thumbnail":["https:\/\/babypillowwholesale.com\/wp-content\/uploads\/2025\/04\/1707-300x300.jpg",300,300,true],"woocommerce_single":["https:\/\/babypillowwholesale.com\/wp-content\/uploads\/2025\/04\/1707-600x600.jpg",600,600,true],"woocommerce_gallery_thumbnail":["https:\/\/babypillowwholesale.com\/wp-content\/uploads\/2025\/04\/1707-100x100.jpg",100,100,true]},"uagb_author_info":{"display_name":"Etnen zhong","author_link":"https:\/\/babypillowwholesale.com\/cs\/author\/"},"uagb_comment_info":0,"uagb_excerpt":"The Little Raccoon Infant Contour Pillow is an ideal sleep accessory for children aged 1 - 3 years. Its contour design is ergonomically crafted to provide optimal support for the head and neck, promoting a healthy sleeping posture. The pillow features an endearing little raccoon illustration on a soft - colored background, adding a touch&hellip;","jetpack_sharing_enabled":true,"_links":{"self":[{"href":"https:\/\/babypillowwholesale.com\/cs\/wp-json\/wp\/v2\/product\/3405","targetHints":{"allow":["GET"]}}],"collection":[{"href":"https:\/\/babypillowwholesale.com\/cs\/wp-json\/wp\/v2\/product"}],"about":[{"href":"https:\/\/babypillowwholesale.com\/cs\/wp-json\/wp\/v2\/types\/product"}],"replies":[{"embeddable":true,"href":"https:\/\/babypillowwholesale.com\/cs\/wp-json\/wp\/v2\/comments?post=3405"}],"wp:featuredmedia":[{"embeddable":true,"href":"https:\/\/babypillowwholesale.com\/cs\/wp-json\/wp\/v2\/media\/3406"}],"wp:attachment":[{"href":"https:\/\/babypillowwholesale.com\/cs\/wp-json\/wp\/v2\/media?parent=3405"}],"wp:term":[{"taxonomy":"product_brand","embeddable":true,"href":"https:\/\/babypillowwholesale.com\/cs\/wp-json\/wp\/v2\/product_brand?post=3405"},{"taxonomy":"product_cat","embeddable":true,"href":"https:\/\/babypillowwholesale.com\/cs\/wp-json\/wp\/v2\/product_cat?post=3405"},{"taxonomy":"product_tag","embeddable":true,"href":"https:\/\/babypillowwholesale.com\/cs\/wp-json\/wp\/v2\/product_tag?post=3405"}],"curies":[{"name":"wp","href":"https:\/\/api.w.org\/{rel}","templated":true}]}}