{"id":3393,"date":"2025-04-12T03:14:40","date_gmt":"2025-04-12T03:14:40","guid":{"rendered":"https:\/\/babypillowwholesale.com\/?post_type=product&#038;p=3393"},"modified":"2025-06-08T07:55:08","modified_gmt":"2025-06-08T07:55:08","slug":"shy-bear-contour-pillow","status":"publish","type":"product","link":"https:\/\/babypillowwholesale.com\/cs\/product\/shy-bear-contour-pillow\/","title":{"rendered":"Pol\u0161t\u00e1\u0159 Shy Bear Contour Pillow"},"content":{"rendered":"<div class=\"auto-hide-last-sibling-br paragraph-qzbcQC paragraph-element br-paragraph-space\" data-immersive-translate-walked=\"8e61f2e7-6af2-46e5-9672-3b9e4f4033d9\" data-immersive-translate-paragraph=\"1\">\n<div class=\"auto-hide-last-sibling-br paragraph-qzbcQC paragraph-element br-paragraph-space\">\n<div class=\"auto-hide-last-sibling-br paragraph-qzbcQC paragraph-element br-paragraph-space\">\n<div class=\"auto-hide-last-sibling-br paragraph-qzbcQC paragraph-element br-paragraph-space\">\n<div class=\"auto-hide-last-sibling-br paragraph-qzbcQC paragraph-element br-paragraph-space\">\n<div class=\"auto-hide-last-sibling-br paragraph-qzbcQC paragraph-element br-paragraph-space\">\n<div class=\"inter-wlTS5w\">\n<div class=\"container-QE4ayg\">\n<div class=\"item-jU10IN\">\n<div class=\"container-jODEnh chrome70-container\">\n<div class=\"inner-eE95c9 inner-item-aL3Ui_\" data-target-id=\"message-box-target-id\" data-testid=\"union_message\">\n<div class=\"message-block-container-liuetz\" data-testid=\"message-block-container\">\n<div class=\"message-box-ZWbBdF\" data-testid=\"receive_message\">\n<div class=\"message-box-content-wrapper-srHdUj\">\n<div class=\"message-content message-box-content-otxGGw receive-message-box-content-_lREFj samantha-message-box-content-Qjmpja\" data-testid=\"message_content\">\n<div class=\"container-hfX5E8 flow-markdown-body theme-samantha-yJEgBp\" dir=\"ltr\" data-testid=\"message_text_content\" data-show-indicator=\"false\">\n<div class=\"auto-hide-last-sibling-br paragraph-qzbcQC paragraph-element br-paragraph-space\">P\u0159edstavujeme pol\u0161t\u00e1\u0159 Shy Bear Contour Pillow, kr\u00e1sn\u011b navr\u017een\u00fd pol\u0161t\u00e1\u0159 pro d\u011bti od 1 do 3 let. D\u00edky sv\u00e9 okouzluj\u00edc\u00ed specifikaci\u00a0<span class=\"container-x_WhZC math-inline\" data-custom-copy-text=\"\\(51 \\times 27 \\times 4\/3 \\text{CM}\\)\"><span class=\"katex\"><span class=\"katex-html\" aria-hidden=\"true\"><span class=\"base\"><span class=\"mord\">51<\/span><span class=\"mbin\">\u00d7<\/span><\/span><span class=\"base\"><span class=\"mord\">27<\/span><span class=\"mbin\">\u00d7<\/span><\/span><span class=\"base\"><span class=\"mord\">4\/3<\/span><span class=\"mord text\"><span class=\"mord\">CM<\/span><\/span><\/span><\/span><\/span><\/span>, je tento pol\u0161t\u00e1\u0159 \u0161it\u00fd na m\u00edru mal\u00fdm sp\u00e1\u010d\u016fm. Je k dispozici v okouzluj\u00edc\u00edch odst\u00ednech r\u016f\u017eov\u00e9, tmav\u011b zelen\u00e9 a modr\u00e9 a dod\u00e1 ka\u017ed\u00e9 lo\u017enici \u017eiv\u00fd a rozko\u0161n\u00fd n\u00e1dech. Zdob\u00ed ho rozko\u0161n\u00fd vzor plach\u00e9ho medv\u00eddka, kter\u00fd upout\u00e1 d\u011btskou p\u0159edstavivost a zp\u0159\u00edjemn\u00ed d\u011btem chv\u00edle p\u0159ed span\u00edm.<\/div>\n<p>&nbsp;<\/p>\n<div class=\"auto-hide-last-sibling-br paragraph-qzbcQC paragraph-element br-paragraph-space\">A\u0165 u\u017e jde o odpoledn\u00ed sp\u00e1nek nebo no\u010dn\u00ed us\u00edn\u00e1n\u00ed, tento pol\u0161t\u00e1\u0159 je dokonal\u00fdm spole\u010dn\u00edkem. B\u011bhem zd\u0159\u00edmnut\u00ed poskytuje \u00fatuln\u00e9 a podp\u016frn\u00e9 m\u00edsto pro odpo\u010dinek va\u0161eho d\u011b\u0165\u00e1tka a zaji\u0161\u0165uje mu pohodln\u00fd a osv\u011b\u017euj\u00edc\u00ed sp\u00e1nek. V noci, kdy\u017e va\u0161e d\u00edt\u011b us\u00edn\u00e1, obrysov\u00fd design jemn\u011b podp\u00edr\u00e1 jeho hlavu a krk a podporuje spr\u00e1vn\u00e9 dr\u017een\u00ed t\u011bla p\u0159i sp\u00e1nku. M\u011bkk\u00e9 a p\u0159\u00edjemn\u00e9 materi\u00e1ly je pohodln\u011b kol\u00e9baj\u00ed a vytv\u00e1\u0159ej\u00ed klidn\u00e9 prost\u0159ed\u00ed pro sp\u00e1nek.<\/div>\n<p>&nbsp;<\/p>\n<div class=\"auto-hide-last-sibling-br paragraph-qzbcQC paragraph-element br-paragraph-space\">Rodi\u010de si tento pol\u0161t\u00e1\u0159 pochvaluj\u00ed. \"M\u016fj dvoulet\u00fd syn miluje pol\u0161t\u00e1\u0159 Shy Bear Contour Pillow! Barvy jsou tak \u017eiv\u00e9 a vzor medv\u00eddka je rozko\u0161n\u00fd. Stal se obl\u00edben\u00fdm kamar\u00e1dem na span\u00ed a p\u0159ed span\u00edm,\" \u0159ekla spokojen\u00e1 maminka. Jin\u00fd tat\u00ednek se pod\u011blil: \"Jsme ohromeni kvalitou. Zd\u00e1 se, \u017ee obrysov\u00fd design opravdu dob\u0159e podp\u00edr\u00e1 krk na\u0161eho d\u00edt\u011bte. Je to skv\u011bl\u00fd dopln\u011bk k jejich l\u016f\u017ekovin\u00e1m.\"<\/div>\n<p>&nbsp;<\/p>\n<div class=\"auto-hide-last-sibling-br paragraph-qzbcQC paragraph-element br-paragraph-space\">Jedn\u00edm slovem, pol\u0161t\u00e1\u0159 Shy Bear Contour Pillow v sob\u011b spojuje funk\u010dnost, pohodl\u00ed a roztomilost, tak\u017ee je ide\u00e1ln\u00ed volbou pro rodi\u010de, kte\u0159\u00ed hledaj\u00ed kvalitn\u00ed dopln\u011bk na span\u00ed, kter\u00fd z\u00e1rove\u0148 p\u0159in\u00e1\u0161\u00ed radost do sp\u00e1nkov\u00e9 rutiny jejich d\u00edt\u011bte.<\/div>\n<\/div>\n<\/div>\n<\/div>\n<\/div>\n<\/div>\n<\/div>\n<\/div>\n<\/div>\n<\/div>\n<\/div>\n<div class=\"top-bcSEDJ\">\n<div class=\"container-jODEnh chrome70-container\"><\/div>\n<\/div>\n<\/div>\n<\/div>\n<\/div>\n<\/div>\n<\/div>\n<\/div>","protected":false},"excerpt":{"rendered":"<p>Pol\u0161t\u00e1\u0159 Shy Bear Contour je promy\u0161len\u011b vytvo\u0159en pro d\u011bti ve v\u011bku 1 - 3 roky. Jeho specifikace je 51*.<em>27*<\/em>4\/3CM, nab\u00edz\u00ed p\u0159izp\u016fsoben\u00fd st\u0159ih pro mal\u00e9 sp\u00e1\u010de. Je k dispozici v okouzluj\u00edc\u00edch odst\u00ednech - r\u016f\u017eov\u00e9, tmav\u011b zelen\u00e9 a modr\u00e9 - a dod\u00e1 ka\u017ed\u00e9 lo\u017enici \u017eiv\u00fd n\u00e1dech. Zdob\u00ed ji roztomil\u00fd vzor plach\u00e9ho medv\u00eddka, kter\u00fd oslovuje d\u011btskou fantazii. Obrysov\u00fd design poskytuje jemnou, ale \u00fa\u010dinnou oporu hlavy a krku a podporuje spr\u00e1vn\u00e9 dr\u017een\u00ed t\u011bla p\u0159i sp\u00e1nku. Je vyroben z m\u011bkk\u00fdch a p\u0159\u00edjemn\u00fdch materi\u00e1l\u016f, tak\u017ee zaji\u0161\u0165uje pohodln\u00fd a klidn\u00fd sp\u00e1nek. A\u0165 u\u017e jde o pol\u0161t\u00e1\u0159 na span\u00ed nebo na noc, spojuje funk\u010dnost s roztomilou estetikou, tak\u017ee je ide\u00e1ln\u00ed volbou pro rodi\u010de, kte\u0159\u00ed hledaj\u00ed kvalitu a p\u016fvab v d\u011btsk\u00e9m povle\u010den\u00ed.<\/p>","protected":false},"featured_media":3394,"comment_status":"open","ping_status":"closed","template":"","meta":{"_uag_custom_page_level_css":"","site-sidebar-layout":"default","site-content-layout":"","ast-site-content-layout":"default","site-content-style":"default","site-sidebar-style":"default","ast-global-header-display":"","ast-banner-title-visibility":"","ast-main-header-display":"","ast-hfb-above-header-display":"","ast-hfb-below-header-display":"","ast-hfb-mobile-header-display":"","site-post-title":"","ast-breadcrumbs-content":"","ast-featured-img":"","footer-sml-layout":"","ast-disable-related-posts":"","theme-transparent-header-meta":"default","adv-header-id-meta":"","stick-header-meta":"","header-above-stick-meta":"","header-main-stick-meta":"","header-below-stick-meta":"","astra-migrate-meta-layouts":"set","ast-page-background-enabled":"default","ast-page-background-meta":{"desktop":{"background-color":"","background-image":"","background-repeat":"repeat","background-position":"center center","background-size":"auto","background-attachment":"scroll","background-type":"","background-media":"","overlay-type":"","overlay-color":"","overlay-opacity":"","overlay-gradient":""},"tablet":{"background-color":"","background-image":"","background-repeat":"repeat","background-position":"center center","background-size":"auto","background-attachment":"scroll","background-type":"","background-media":"","overlay-type":"","overlay-color":"","overlay-opacity":"","overlay-gradient":""},"mobile":{"background-color":"","background-image":"","background-repeat":"repeat","background-position":"center center","background-size":"auto","background-attachment":"scroll","background-type":"","background-media":"","overlay-type":"","overlay-color":"","overlay-opacity":"","overlay-gradient":""}},"ast-content-background-meta":{"desktop":{"background-color":"var(--ast-global-color-5)","background-image":"","background-repeat":"repeat","background-position":"center center","background-size":"auto","background-attachment":"scroll","background-type":"","background-media":"","overlay-type":"","overlay-color":"","overlay-opacity":"","overlay-gradient":""},"tablet":{"background-color":"var(--ast-global-color-5)","background-image":"","background-repeat":"repeat","background-position":"center center","background-size":"auto","background-attachment":"scroll","background-type":"","background-media":"","overlay-type":"","overlay-color":"","overlay-opacity":"","overlay-gradient":""},"mobile":{"background-color":"var(--ast-global-color-5)","background-image":"","background-repeat":"repeat","background-position":"center center","background-size":"auto","background-attachment":"scroll","background-type":"","background-media":"","overlay-type":"","overlay-color":"","overlay-opacity":"","overlay-gradient":""}}},"product_brand":[],"product_cat":[56,42],"product_tag":[70,68,71,69],"class_list":{"0":"post-3393","1":"product","2":"type-product","3":"status-publish","4":"has-post-thumbnail","6":"product_cat-1-to-3-years","7":"product_cat-merchandise","8":"product_tag-babypillow","9":"product_tag-cuteanimalpillow","10":"product_tag-headshapesupport","11":"product_tag-kouniushapingpillow","12":"desktop-align-left","13":"tablet-align-left","14":"mobile-align-left","16":"first","17":"instock","18":"shipping-taxable","19":"product-type-simple"},"aioseo_notices":[],"uagb_featured_image_src":{"full":["https:\/\/babypillowwholesale.com\/wp-content\/uploads\/2025\/04\/1611.jpg",1000,1000,false],"thumbnail":["https:\/\/babypillowwholesale.com\/wp-content\/uploads\/2025\/04\/1611-150x150.jpg",150,150,true],"medium":["https:\/\/babypillowwholesale.com\/wp-content\/uploads\/2025\/04\/1611-300x300.jpg",300,300,true],"medium_large":["https:\/\/babypillowwholesale.com\/wp-content\/uploads\/2025\/04\/1611-768x768.jpg",768,768,true],"large":["https:\/\/babypillowwholesale.com\/wp-content\/uploads\/2025\/04\/1611.jpg",1000,1000,false],"1536x1536":["https:\/\/babypillowwholesale.com\/wp-content\/uploads\/2025\/04\/1611.jpg",1000,1000,false],"2048x2048":["https:\/\/babypillowwholesale.com\/wp-content\/uploads\/2025\/04\/1611.jpg",1000,1000,false],"trp-custom-language-flag":["https:\/\/babypillowwholesale.com\/wp-content\/uploads\/2025\/04\/1611.jpg",12,12,false],"woocommerce_thumbnail":["https:\/\/babypillowwholesale.com\/wp-content\/uploads\/2025\/04\/1611-300x300.jpg",300,300,true],"woocommerce_single":["https:\/\/babypillowwholesale.com\/wp-content\/uploads\/2025\/04\/1611-600x600.jpg",600,600,true],"woocommerce_gallery_thumbnail":["https:\/\/babypillowwholesale.com\/wp-content\/uploads\/2025\/04\/1611-100x100.jpg",100,100,true]},"uagb_author_info":{"display_name":"Etnen zhong","author_link":"https:\/\/babypillowwholesale.com\/cs\/author\/"},"uagb_comment_info":0,"uagb_excerpt":"The Shy Bear Contour Pillow is thoughtfully crafted for children aged 1 - 3 years. With its specification of 51*27*4\/3CM, it offers a tailored fit for young sleepers. Available in charming hues\u2014Pink, Dark Green, and Blue, it adds a vibrant touch to any bedroom. Adorned with a cute shy bear pattern, it appeals to children\u2019s&hellip;","jetpack_sharing_enabled":true,"_links":{"self":[{"href":"https:\/\/babypillowwholesale.com\/cs\/wp-json\/wp\/v2\/product\/3393","targetHints":{"allow":["GET"]}}],"collection":[{"href":"https:\/\/babypillowwholesale.com\/cs\/wp-json\/wp\/v2\/product"}],"about":[{"href":"https:\/\/babypillowwholesale.com\/cs\/wp-json\/wp\/v2\/types\/product"}],"replies":[{"embeddable":true,"href":"https:\/\/babypillowwholesale.com\/cs\/wp-json\/wp\/v2\/comments?post=3393"}],"wp:featuredmedia":[{"embeddable":true,"href":"https:\/\/babypillowwholesale.com\/cs\/wp-json\/wp\/v2\/media\/3394"}],"wp:attachment":[{"href":"https:\/\/babypillowwholesale.com\/cs\/wp-json\/wp\/v2\/media?parent=3393"}],"wp:term":[{"taxonomy":"product_brand","embeddable":true,"href":"https:\/\/babypillowwholesale.com\/cs\/wp-json\/wp\/v2\/product_brand?post=3393"},{"taxonomy":"product_cat","embeddable":true,"href":"https:\/\/babypillowwholesale.com\/cs\/wp-json\/wp\/v2\/product_cat?post=3393"},{"taxonomy":"product_tag","embeddable":true,"href":"https:\/\/babypillowwholesale.com\/cs\/wp-json\/wp\/v2\/product_tag?post=3393"}],"curies":[{"name":"wp","href":"https:\/\/api.w.org\/{rel}","templated":true}]}}