{"id":3389,"date":"2025-04-11T08:14:21","date_gmt":"2025-04-11T08:14:21","guid":{"rendered":"https:\/\/babypillowwholesale.com\/?post_type=product&#038;p=3389"},"modified":"2025-06-08T08:00:10","modified_gmt":"2025-06-08T08:00:10","slug":"heart-printed-shaping-pillow","status":"publish","type":"product","link":"https:\/\/babypillowwholesale.com\/cs\/product\/heart-printed-shaping-pillow\/","title":{"rendered":"Srdce - Tvarovac\u00ed pol\u0161t\u00e1\u0159 s potiskem"},"content":{"rendered":"<div class=\"auto-hide-last-sibling-br paragraph-qzbcQC paragraph-element br-paragraph-space\" data-immersive-translate-walked=\"8e61f2e7-6af2-46e5-9672-3b9e4f4033d9\" data-immersive-translate-paragraph=\"1\">\n<div class=\"auto-hide-last-sibling-br paragraph-qzbcQC paragraph-element br-paragraph-space\">\n<div class=\"auto-hide-last-sibling-br paragraph-qzbcQC paragraph-element br-paragraph-space\">\n<div class=\"auto-hide-last-sibling-br paragraph-qzbcQC paragraph-element br-paragraph-space\">\n<div class=\"auto-hide-last-sibling-br paragraph-qzbcQC paragraph-element br-paragraph-space\">\n<div class=\"auto-hide-last-sibling-br paragraph-qzbcQC paragraph-element br-paragraph-space\">P\u0159edstavujeme tvarovac\u00ed pol\u0161t\u00e1\u0159 Srdce s potiskem, podmaniv\u00e9ho a nezbytn\u00e9ho spole\u010dn\u00edka na span\u00ed pro d\u011bti od 0 do 6 m\u011bs\u00edc\u016f. Tento pol\u0161t\u00e1\u0159 je harmonickou kombinac\u00ed kr\u00e1sy a funk\u010dnosti, p\u0159i\u010dem\u017e jeho povrch slou\u017e\u00ed jako pl\u00e1tno pro n\u00e1dhernou \u0161k\u00e1lu n\u00e1hodn\u00fdch potisk\u016f. Jemn\u00e1 srd\u00ed\u010dka, t\u0159epetaj\u00edc\u00ed se pt\u00e1\u010dci a n\u011b\u017en\u00e9 kv\u011btinov\u00e9 prvky tan\u010d\u00ed po l\u00e1tce a vytv\u00e1\u0159ej\u00ed vizu\u00e1ln\u00ed symfonii, kter\u00e1 uklid\u0148uje smysly a navozuje pocit tepla a n\u011bhy.<\/div>\n<p>&nbsp;<\/p>\n<div class=\"auto-hide-last-sibling-br paragraph-qzbcQC paragraph-element br-paragraph-space\">Pe\u010dliv\u011b vyroben\u00fd pol\u0161t\u00e1\u0159 nab\u00edz\u00ed jemnou, ale pevnou oporu, kter\u00e1 je kl\u00ed\u010dov\u00e1 pro tvarov\u00e1n\u00ed a udr\u017eov\u00e1n\u00ed hlavy d\u00edt\u011bte v prvn\u00edch m\u011bs\u00edc\u00edch \u017eivota. Rozm\u011bry 27*<em>26*<\/em>D\u00edky velikosti 2,5 cm se pohodln\u011b vejde do d\u011btsk\u00e9 post\u00fdlky a poskytne va\u0161emu d\u011b\u0165\u00e1tku \u00fatuln\u00e9 a bezpe\u010dn\u00e9 \u00fato\u010di\u0161t\u011b.<\/div>\n<p>&nbsp;<\/p>\n<div class=\"auto-hide-last-sibling-br paragraph-qzbcQC paragraph-element br-paragraph-space\">P\u0159edstavte si sv\u00e9 drah\u00e9 miminko, jak le\u017e\u00ed v post\u00fdlce a hlavu m\u00e1 pohodln\u011b polo\u017eenou na tomto pol\u0161t\u00e1\u0159i. B\u011bhem denn\u00edho sp\u00e1nku se stane m\u011bkk\u00fdm, p\u0159\u00edjemn\u00fdm \u00fato\u010di\u0161t\u011bm, zat\u00edmco v noci poskytne pocit bezpe\u010d\u00ed a pom\u016f\u017ee va\u0161emu d\u00edt\u011bti usnout klidn\u00fdm sp\u00e1nkem. Z\u00e1rove\u0148 dod\u00e1v\u00e1 d\u011btsk\u00e9mu pokoji \u0161arm a prom\u011b\u0148uje prostor v p\u0159\u00edv\u011btiv\u011bj\u0161\u00ed a srdce h\u0159ej\u00edc\u00ed prost\u0159ed\u00ed.<\/div>\n<p>&nbsp;<\/p>\n<div class=\"auto-hide-last-sibling-br paragraph-qzbcQC paragraph-element br-paragraph-space\">Rodi\u010de si tento v\u00fdrobek pochvaluj\u00ed. \"Jsem naprosto zamilovan\u00e1 do pol\u0161t\u00e1\u0159e Heart - Printed Shaping Pillow! Nejen\u017ee je rozko\u0161n\u00fd, ale tak\u00e9 se zd\u00e1, \u017ee je m\u00e9mu d\u00edt\u011bti tak pohodln\u00fd. Potisky jsou tak sladk\u00e9 a l\u00edb\u00ed se mi, \u017ee pom\u00e1h\u00e1 s tvarov\u00e1n\u00edm hlavy,\" rozpl\u00fdvala se jedna z novope\u010den\u00fdch maminek. Jeden z tat\u00ednk\u016f dodal: \"Od t\u00e9 doby, co jsme za\u010dali pou\u017e\u00edvat tento pol\u0161t\u00e1\u0159, jsme zaznamenali skute\u010dn\u00fd rozd\u00edl ve sp\u00e1nku na\u0161eho d\u00edt\u011bte. Je kvalitn\u011b vyroben\u00fd a jeho design je pro n\u00e1\u0161 d\u011btsk\u00fd pokoj jako stvo\u0159en\u00fd. Skv\u011bl\u00fd n\u00e1lez!\"<\/div>\n<p>&nbsp;<\/p>\n<div class=\"auto-hide-last-sibling-br paragraph-qzbcQC paragraph-element br-paragraph-space\">Tvarovac\u00ed pol\u0161t\u00e1\u0159 s potiskem srdce je v podstat\u011b v\u00edc ne\u017e jen l\u016f\u017ekovina; je to cen\u011bn\u00e1 sou\u010d\u00e1st ran\u00e9ho \u017eivota va\u0161eho d\u00edt\u011bte, kter\u00e1 napln\u00ed ka\u017ed\u00fd okam\u017eik sp\u00e1nku pohodl\u00edm, roztomilost\u00ed a pocitem bezpe\u010d\u00ed.<\/div>\n<\/div>\n<\/div>\n<\/div>\n<\/div>\n<\/div>","protected":false},"excerpt":{"rendered":"<p>Tvarovac\u00ed pol\u0161t\u00e1\u0159ek s potiskem srd\u00ed\u010dka je okouzluj\u00edc\u00ed a funk\u010dn\u00ed dopln\u011bk na span\u00ed ur\u010den\u00fd pro d\u011bti od 0 do 6 m\u011bs\u00edc\u016f. Jeho povrch zdob\u00ed kr\u00e1sn\u00e9 n\u00e1hodn\u00e9 potisky srd\u00ed\u010dek, pt\u00e1\u010dk\u016f a kv\u011btinov\u00fdch prvk\u016f, kter\u00e9 vytv\u00e1\u0159ej\u00ed sladk\u00fd a uklid\u0148uj\u00edc\u00ed vizu\u00e1ln\u00ed dojem. Je vyroben s pe\u010dlivost\u00ed a poskytuje jemnou oporu, kter\u00e1 pom\u00e1h\u00e1 tvarovat a udr\u017eovat hlavi\u010dku d\u00edt\u011bte. Rozm\u011bry: 27*<em>26*<\/em>2,5 cm, pohodln\u011b se vejde do d\u011btsk\u00e9 post\u00fdlky. Tento pol\u0161t\u00e1\u0159 nejen\u017ee nab\u00edz\u00ed m\u011bkk\u00e9 a \u00fatuln\u00e9 m\u00edsto k odpo\u010dinku pro d\u00edt\u011b, ale tak\u00e9 dod\u00e1v\u00e1 d\u011btsk\u00e9mu pokoji n\u00e1dech tepla a roztomilosti, tak\u017ee je ide\u00e1ln\u00ed volbou pro zaji\u0161t\u011bn\u00ed klidn\u00e9ho prost\u0159ed\u00ed pro sp\u00e1nek va\u0161eho d\u011b\u0165\u00e1tka.<\/p>","protected":false},"featured_media":3390,"comment_status":"open","ping_status":"closed","template":"","meta":{"_uag_custom_page_level_css":"","site-sidebar-layout":"default","site-content-layout":"","ast-site-content-layout":"default","site-content-style":"default","site-sidebar-style":"default","ast-global-header-display":"","ast-banner-title-visibility":"","ast-main-header-display":"","ast-hfb-above-header-display":"","ast-hfb-below-header-display":"","ast-hfb-mobile-header-display":"","site-post-title":"","ast-breadcrumbs-content":"","ast-featured-img":"","footer-sml-layout":"","ast-disable-related-posts":"","theme-transparent-header-meta":"default","adv-header-id-meta":"","stick-header-meta":"","header-above-stick-meta":"","header-main-stick-meta":"","header-below-stick-meta":"","astra-migrate-meta-layouts":"set","ast-page-background-enabled":"default","ast-page-background-meta":{"desktop":{"background-color":"","background-image":"","background-repeat":"repeat","background-position":"center center","background-size":"auto","background-attachment":"scroll","background-type":"","background-media":"","overlay-type":"","overlay-color":"","overlay-opacity":"","overlay-gradient":""},"tablet":{"background-color":"","background-image":"","background-repeat":"repeat","background-position":"center center","background-size":"auto","background-attachment":"scroll","background-type":"","background-media":"","overlay-type":"","overlay-color":"","overlay-opacity":"","overlay-gradient":""},"mobile":{"background-color":"","background-image":"","background-repeat":"repeat","background-position":"center center","background-size":"auto","background-attachment":"scroll","background-type":"","background-media":"","overlay-type":"","overlay-color":"","overlay-opacity":"","overlay-gradient":""}},"ast-content-background-meta":{"desktop":{"background-color":"var(--ast-global-color-5)","background-image":"","background-repeat":"repeat","background-position":"center center","background-size":"auto","background-attachment":"scroll","background-type":"","background-media":"","overlay-type":"","overlay-color":"","overlay-opacity":"","overlay-gradient":""},"tablet":{"background-color":"var(--ast-global-color-5)","background-image":"","background-repeat":"repeat","background-position":"center center","background-size":"auto","background-attachment":"scroll","background-type":"","background-media":"","overlay-type":"","overlay-color":"","overlay-opacity":"","overlay-gradient":""},"mobile":{"background-color":"var(--ast-global-color-5)","background-image":"","background-repeat":"repeat","background-position":"center center","background-size":"auto","background-attachment":"scroll","background-type":"","background-media":"","overlay-type":"","overlay-color":"","overlay-opacity":"","overlay-gradient":""}}},"product_brand":[],"product_cat":[54,42],"product_tag":[70,68,71,69],"class_list":{"0":"post-3389","1":"product","2":"type-product","3":"status-publish","4":"has-post-thumbnail","6":"product_cat-0-to-6months","7":"product_cat-merchandise","8":"product_tag-babypillow","9":"product_tag-cuteanimalpillow","10":"product_tag-headshapesupport","11":"product_tag-kouniushapingpillow","12":"desktop-align-left","13":"tablet-align-left","14":"mobile-align-left","16":"first","17":"instock","18":"shipping-taxable","19":"product-type-simple"},"aioseo_notices":[],"uagb_featured_image_src":{"full":["https:\/\/babypillowwholesale.com\/wp-content\/uploads\/2025\/04\/1009.jpg",1000,1000,false],"thumbnail":["https:\/\/babypillowwholesale.com\/wp-content\/uploads\/2025\/04\/1009-150x150.jpg",150,150,true],"medium":["https:\/\/babypillowwholesale.com\/wp-content\/uploads\/2025\/04\/1009-300x300.jpg",300,300,true],"medium_large":["https:\/\/babypillowwholesale.com\/wp-content\/uploads\/2025\/04\/1009-768x768.jpg",768,768,true],"large":["https:\/\/babypillowwholesale.com\/wp-content\/uploads\/2025\/04\/1009.jpg",1000,1000,false],"1536x1536":["https:\/\/babypillowwholesale.com\/wp-content\/uploads\/2025\/04\/1009.jpg",1000,1000,false],"2048x2048":["https:\/\/babypillowwholesale.com\/wp-content\/uploads\/2025\/04\/1009.jpg",1000,1000,false],"trp-custom-language-flag":["https:\/\/babypillowwholesale.com\/wp-content\/uploads\/2025\/04\/1009.jpg",12,12,false],"woocommerce_thumbnail":["https:\/\/babypillowwholesale.com\/wp-content\/uploads\/2025\/04\/1009-300x300.jpg",300,300,true],"woocommerce_single":["https:\/\/babypillowwholesale.com\/wp-content\/uploads\/2025\/04\/1009-600x600.jpg",600,600,true],"woocommerce_gallery_thumbnail":["https:\/\/babypillowwholesale.com\/wp-content\/uploads\/2025\/04\/1009-100x100.jpg",100,100,true]},"uagb_author_info":{"display_name":"Etnen zhong","author_link":"https:\/\/babypillowwholesale.com\/cs\/author\/"},"uagb_comment_info":0,"uagb_excerpt":"The Heart - Printed Shaping Pillow is a charming and functional sleep accessory designed for infants aged 0 - 6 months. Its surface is adorned with lovely random prints of hearts, birds, and floral elements, creating a sweet and soothing visual appeal. Crafted with care, it provides gentle support to help shape and maintain the&hellip;","jetpack_sharing_enabled":true,"_links":{"self":[{"href":"https:\/\/babypillowwholesale.com\/cs\/wp-json\/wp\/v2\/product\/3389","targetHints":{"allow":["GET"]}}],"collection":[{"href":"https:\/\/babypillowwholesale.com\/cs\/wp-json\/wp\/v2\/product"}],"about":[{"href":"https:\/\/babypillowwholesale.com\/cs\/wp-json\/wp\/v2\/types\/product"}],"replies":[{"embeddable":true,"href":"https:\/\/babypillowwholesale.com\/cs\/wp-json\/wp\/v2\/comments?post=3389"}],"wp:featuredmedia":[{"embeddable":true,"href":"https:\/\/babypillowwholesale.com\/cs\/wp-json\/wp\/v2\/media\/3390"}],"wp:attachment":[{"href":"https:\/\/babypillowwholesale.com\/cs\/wp-json\/wp\/v2\/media?parent=3389"}],"wp:term":[{"taxonomy":"product_brand","embeddable":true,"href":"https:\/\/babypillowwholesale.com\/cs\/wp-json\/wp\/v2\/product_brand?post=3389"},{"taxonomy":"product_cat","embeddable":true,"href":"https:\/\/babypillowwholesale.com\/cs\/wp-json\/wp\/v2\/product_cat?post=3389"},{"taxonomy":"product_tag","embeddable":true,"href":"https:\/\/babypillowwholesale.com\/cs\/wp-json\/wp\/v2\/product_tag?post=3389"}],"curies":[{"name":"wp","href":"https:\/\/api.w.org\/{rel}","templated":true}]}}