{"id":3386,"date":"2025-04-11T08:03:37","date_gmt":"2025-04-11T08:03:37","guid":{"rendered":"https:\/\/babypillowwholesale.com\/?post_type=product&#038;p=3386"},"modified":"2025-06-08T08:05:40","modified_gmt":"2025-06-08T08:05:40","slug":"bear-ear-printed-shaping-pillow","status":"publish","type":"product","link":"https:\/\/babypillowwholesale.com\/cs\/product\/bear-ear-printed-shaping-pillow\/","title":{"rendered":"Tvarovac\u00ed pol\u0161t\u00e1\u0159 s potiskem medv\u011bd\u00edho ucha"},"content":{"rendered":"<div class=\"auto-hide-last-sibling-br paragraph-qzbcQC paragraph-element br-paragraph-space\" data-immersive-translate-walked=\"8e61f2e7-6af2-46e5-9672-3b9e4f4033d9\" data-immersive-translate-paragraph=\"1\">\n<div class=\"auto-hide-last-sibling-br paragraph-qzbcQC paragraph-element br-paragraph-space\">\n<div class=\"auto-hide-last-sibling-br paragraph-qzbcQC paragraph-element br-paragraph-space\">\n<div class=\"auto-hide-last-sibling-br paragraph-qzbcQC paragraph-element br-paragraph-space\">\n<div class=\"auto-hide-last-sibling-br paragraph-qzbcQC paragraph-element br-paragraph-space\">P\u0159edstavujeme tvarovac\u00ed pol\u0161t\u00e1\u0159 s potiskem medv\u011bd\u00edho ucha, rozko\u0161n\u00e9ho a nezbytn\u00e9ho spole\u010dn\u00edka na span\u00ed pro d\u011bti ve v\u011bku 0-6 m\u011bs\u00edc\u016f. Tento pol\u0161t\u00e1\u0159 je symfoni\u00ed roztomilosti a funk\u010dnosti a m\u016f\u017ee se pochlubit roztomil\u00fdm designem s p\u016fvabn\u00fdmi konturami p\u0159ipom\u00ednaj\u00edc\u00edmi medv\u011bd\u00ed u\u0161i. Jeho povrch je pl\u00e1tnem pln\u00fdm radosti, kter\u00e9 zdob\u00ed n\u00e1dhern\u00e1 \u0159ada n\u00e1hodn\u00fdch potisk\u016f s rozko\u0161n\u00fdmi motivy medv\u00eddk\u016f, n\u00e1ladov\u00fdch bal\u00f3nk\u016f a sladk\u00fdch plod\u016f, co\u017e p\u0159isp\u00edv\u00e1 k atmosf\u00e9\u0159e \u010dist\u00e9ho kouzla.<\/div>\n<p>&nbsp;<\/p>\n<div class=\"auto-hide-last-sibling-br paragraph-qzbcQC paragraph-element br-paragraph-space\">Je vyroben z kvalitn\u00edch materi\u00e1l\u016f a nab\u00edz\u00ed jemn\u00e9, ale z\u00e1rove\u0148 podp\u016frn\u00e9 objet\u00ed. Tento pol\u0161t\u00e1\u0159 je odborn\u011b navr\u017een tak, aby kol\u00e9bal hlavi\u010dku va\u0161eho d\u00edt\u011bte a pom\u00e1hal mu udr\u017eet zdrav\u00fd tvar hlavy b\u011bhem prvn\u00edch m\u011bs\u00edc\u016f \u017eivota. Rozm\u011bry 28*<em>21*<\/em>1,5 cm, dokonale se vejde do d\u011btsk\u00e9 post\u00fdlky a vytvo\u0159\u00ed \u00fatuln\u00e9 a bezpe\u010dn\u00e9 \u00fato\u010di\u0161t\u011b pro va\u0161e d\u011b\u0165\u00e1tko.<\/div>\n<p>&nbsp;<\/p>\n<div class=\"auto-hide-last-sibling-br paragraph-qzbcQC paragraph-element br-paragraph-space\">P\u0159edstavte si, jak va\u0161e drah\u00e9 miminko le\u017e\u00ed ve sv\u00e9 post\u00fdlce a hlavu m\u00e1 pohodln\u011b polo\u017eenou na tomto pol\u0161t\u00e1\u0159i. B\u011bhem denn\u00edho sp\u00e1nku poskytuje m\u011bkk\u00fd a p\u0159\u00edjemn\u00fd povrch, zat\u00edmco v noci se st\u00e1v\u00e1 zdrojem pohodl\u00ed a bezpe\u010d\u00ed a pom\u00e1h\u00e1 va\u0161emu d\u00edt\u011bti upadnout do klidn\u00e9ho sp\u00e1nku. Slou\u017e\u00ed tak\u00e9 jako kr\u00e1sn\u00fd dekora\u010dn\u00ed prvek v d\u011btsk\u00e9m pokoji, kter\u00e9mu dod\u00e1 n\u00e1dech rozmarnosti.<\/div>\n<p>&nbsp;<\/p>\n<div class=\"auto-hide-last-sibling-br paragraph-qzbcQC paragraph-element br-paragraph-space\">Rodi\u010de byli s t\u00edmto produktem nadm\u00edru spokojeni. \"Tento tvarovac\u00ed pol\u0161t\u00e1\u0159ek s potiskem medv\u011bd\u00edho ucha mus\u00edte m\u00edt! Moje d\u00edt\u011b se zd\u00e1 b\u00fdt mnohem pohodln\u011bj\u0161\u00ed a d\u00edky roztomil\u00fdm potisk\u016fm se v d\u011btsk\u00e9m pokoji vyj\u00edm\u00e1. L\u00edb\u00ed se mi, \u017ee pom\u00e1h\u00e1 i s tvarov\u00e1n\u00edm hlavy,\" rozpl\u00fdvala se jedna z novope\u010den\u00fdch maminek. Jeden z tat\u00ednk\u016f dodal: \"Jsme opravdu ohromeni kvalitou. Je m\u011bkk\u00e1, odoln\u00e1 a jej\u00ed design je prost\u011b rozko\u0161n\u00fd. Stala se nepostradatelnou sou\u010d\u00e1st\u00ed sp\u00e1nkov\u00e9 v\u00fdbavy na\u0161eho d\u00edt\u011bte.\"<\/div>\n<p>&nbsp;<\/p>\n<div class=\"auto-hide-last-sibling-br paragraph-qzbcQC paragraph-element br-paragraph-space\">Tvarovac\u00ed pol\u0161t\u00e1\u0159 s potiskem medv\u011bd\u00edho ucha je v podstat\u011b harmonickou kombinac\u00ed pohodl\u00ed, roztomilosti a prakti\u010dnosti. Nen\u00ed to jen l\u016f\u017ekovina, je to cen\u011bn\u00e1 sou\u010d\u00e1st ran\u00e9ho \u017eivota va\u0161eho d\u00edt\u011bte, kter\u00e1 obohacuje ka\u017ed\u00fd okam\u017eik napln\u011bn\u00fd sp\u00e1nkem svou n\u011b\u017enou podporou a okouzluj\u00edc\u00ed p\u0159\u00edtomnost\u00ed.<\/div>\n<\/div>\n<\/div>\n<\/div>\n<\/div>","protected":false},"excerpt":{"rendered":"<p>Tvarovac\u00ed pol\u0161t\u00e1\u0159ek s potiskem medv\u011bd\u00edho ucha je okouzluj\u00edc\u00ed a praktick\u00e1 pom\u016fcka pro sp\u00e1nek kojenc\u016f ve v\u011bku 0-6 m\u011bs\u00edc\u016f. Jeho design m\u00e1 roztomil\u00e9 tvary p\u0159ipom\u00ednaj\u00edc\u00ed medv\u011bd\u00ed ucho a je zdoben rozko\u0161n\u00fdmi n\u00e1hodn\u00fdmi potisky roztomil\u00fdch medv\u011bd\u00edch motiv\u016f a dal\u0161\u00edmi sladk\u00fdmi prvky. Je vyroben z kvalitn\u00edch materi\u00e1l\u016f a poskytuje jemnou oporu, kter\u00e1 pom\u00e1h\u00e1 udr\u017eovat tvar hlavy d\u00edt\u011bte. Rozm\u011bry 28*<em>21*<\/em>1,5 cm, dob\u0159e se vejde do d\u011btsk\u00e9 post\u00fdlky. Tento pol\u0161t\u00e1\u0159ek nab\u00edz\u00ed nejen m\u011bkk\u00e9 a pohodln\u00e9 m\u00edsto k odpo\u010dinku pro d\u00edt\u011b, ale tak\u00e9 dod\u00e1v\u00e1 d\u011btsk\u00e9mu pokoji n\u00e1dech roztomilosti a vytv\u00e1\u0159\u00ed p\u0159\u00edjemn\u00e9 prost\u0159ed\u00ed pro sp\u00e1nek d\u00edt\u011bte.<\/p>","protected":false},"featured_media":3387,"comment_status":"open","ping_status":"closed","template":"","meta":{"_uag_custom_page_level_css":"","site-sidebar-layout":"default","site-content-layout":"","ast-site-content-layout":"default","site-content-style":"default","site-sidebar-style":"default","ast-global-header-display":"","ast-banner-title-visibility":"","ast-main-header-display":"","ast-hfb-above-header-display":"","ast-hfb-below-header-display":"","ast-hfb-mobile-header-display":"","site-post-title":"","ast-breadcrumbs-content":"","ast-featured-img":"","footer-sml-layout":"","ast-disable-related-posts":"","theme-transparent-header-meta":"default","adv-header-id-meta":"","stick-header-meta":"","header-above-stick-meta":"","header-main-stick-meta":"","header-below-stick-meta":"","astra-migrate-meta-layouts":"set","ast-page-background-enabled":"default","ast-page-background-meta":{"desktop":{"background-color":"","background-image":"","background-repeat":"repeat","background-position":"center center","background-size":"auto","background-attachment":"scroll","background-type":"","background-media":"","overlay-type":"","overlay-color":"","overlay-opacity":"","overlay-gradient":""},"tablet":{"background-color":"","background-image":"","background-repeat":"repeat","background-position":"center center","background-size":"auto","background-attachment":"scroll","background-type":"","background-media":"","overlay-type":"","overlay-color":"","overlay-opacity":"","overlay-gradient":""},"mobile":{"background-color":"","background-image":"","background-repeat":"repeat","background-position":"center center","background-size":"auto","background-attachment":"scroll","background-type":"","background-media":"","overlay-type":"","overlay-color":"","overlay-opacity":"","overlay-gradient":""}},"ast-content-background-meta":{"desktop":{"background-color":"var(--ast-global-color-5)","background-image":"","background-repeat":"repeat","background-position":"center center","background-size":"auto","background-attachment":"scroll","background-type":"","background-media":"","overlay-type":"","overlay-color":"","overlay-opacity":"","overlay-gradient":""},"tablet":{"background-color":"var(--ast-global-color-5)","background-image":"","background-repeat":"repeat","background-position":"center center","background-size":"auto","background-attachment":"scroll","background-type":"","background-media":"","overlay-type":"","overlay-color":"","overlay-opacity":"","overlay-gradient":""},"mobile":{"background-color":"var(--ast-global-color-5)","background-image":"","background-repeat":"repeat","background-position":"center center","background-size":"auto","background-attachment":"scroll","background-type":"","background-media":"","overlay-type":"","overlay-color":"","overlay-opacity":"","overlay-gradient":""}}},"product_brand":[],"product_cat":[54,42],"product_tag":[70,68,71,69],"class_list":{"0":"post-3386","1":"product","2":"type-product","3":"status-publish","4":"has-post-thumbnail","6":"product_cat-0-to-6months","7":"product_cat-merchandise","8":"product_tag-babypillow","9":"product_tag-cuteanimalpillow","10":"product_tag-headshapesupport","11":"product_tag-kouniushapingpillow","12":"desktop-align-left","13":"tablet-align-left","14":"mobile-align-left","16":"first","17":"instock","18":"shipping-taxable","19":"product-type-simple"},"aioseo_notices":[],"uagb_featured_image_src":{"full":["https:\/\/babypillowwholesale.com\/wp-content\/uploads\/2025\/04\/1010.jpg",1000,1000,false],"thumbnail":["https:\/\/babypillowwholesale.com\/wp-content\/uploads\/2025\/04\/1010-150x150.jpg",150,150,true],"medium":["https:\/\/babypillowwholesale.com\/wp-content\/uploads\/2025\/04\/1010-300x300.jpg",300,300,true],"medium_large":["https:\/\/babypillowwholesale.com\/wp-content\/uploads\/2025\/04\/1010-768x768.jpg",768,768,true],"large":["https:\/\/babypillowwholesale.com\/wp-content\/uploads\/2025\/04\/1010.jpg",1000,1000,false],"1536x1536":["https:\/\/babypillowwholesale.com\/wp-content\/uploads\/2025\/04\/1010.jpg",1000,1000,false],"2048x2048":["https:\/\/babypillowwholesale.com\/wp-content\/uploads\/2025\/04\/1010.jpg",1000,1000,false],"trp-custom-language-flag":["https:\/\/babypillowwholesale.com\/wp-content\/uploads\/2025\/04\/1010.jpg",12,12,false],"woocommerce_thumbnail":["https:\/\/babypillowwholesale.com\/wp-content\/uploads\/2025\/04\/1010-300x300.jpg",300,300,true],"woocommerce_single":["https:\/\/babypillowwholesale.com\/wp-content\/uploads\/2025\/04\/1010-600x600.jpg",600,600,true],"woocommerce_gallery_thumbnail":["https:\/\/babypillowwholesale.com\/wp-content\/uploads\/2025\/04\/1010-100x100.jpg",100,100,true]},"uagb_author_info":{"display_name":"Etnen zhong","author_link":"https:\/\/babypillowwholesale.com\/cs\/author\/"},"uagb_comment_info":0,"uagb_excerpt":"The Bear Ear Printed Shaping Pillow is a charming and practical sleep aid for infants aged 0 - 6 months. Its design features cute bear ear - like shapes and is adorned with delightful random prints of adorable bear motifs and other sweet elements. Made with quality materials, it provides gentle support to help maintain&hellip;","jetpack_sharing_enabled":true,"_links":{"self":[{"href":"https:\/\/babypillowwholesale.com\/cs\/wp-json\/wp\/v2\/product\/3386","targetHints":{"allow":["GET"]}}],"collection":[{"href":"https:\/\/babypillowwholesale.com\/cs\/wp-json\/wp\/v2\/product"}],"about":[{"href":"https:\/\/babypillowwholesale.com\/cs\/wp-json\/wp\/v2\/types\/product"}],"replies":[{"embeddable":true,"href":"https:\/\/babypillowwholesale.com\/cs\/wp-json\/wp\/v2\/comments?post=3386"}],"wp:featuredmedia":[{"embeddable":true,"href":"https:\/\/babypillowwholesale.com\/cs\/wp-json\/wp\/v2\/media\/3387"}],"wp:attachment":[{"href":"https:\/\/babypillowwholesale.com\/cs\/wp-json\/wp\/v2\/media?parent=3386"}],"wp:term":[{"taxonomy":"product_brand","embeddable":true,"href":"https:\/\/babypillowwholesale.com\/cs\/wp-json\/wp\/v2\/product_brand?post=3386"},{"taxonomy":"product_cat","embeddable":true,"href":"https:\/\/babypillowwholesale.com\/cs\/wp-json\/wp\/v2\/product_cat?post=3386"},{"taxonomy":"product_tag","embeddable":true,"href":"https:\/\/babypillowwholesale.com\/cs\/wp-json\/wp\/v2\/product_tag?post=3386"}],"curies":[{"name":"wp","href":"https:\/\/api.w.org\/{rel}","templated":true}]}}