{"id":3383,"date":"2025-04-11T07:55:31","date_gmt":"2025-04-11T07:55:31","guid":{"rendered":"https:\/\/babypillowwholesale.com\/?post_type=product&#038;p=3383"},"modified":"2025-06-08T08:07:13","modified_gmt":"2025-06-08T08:07:13","slug":"little-apple-memory-pillow","status":"publish","type":"product","link":"https:\/\/babypillowwholesale.com\/cs\/product\/little-apple-memory-pillow\/","title":{"rendered":"Pam\u011b\u0165ov\u00fd pol\u0161t\u00e1\u0159ek Little Apple"},"content":{"rendered":"<div class=\"auto-hide-last-sibling-br paragraph-qzbcQC paragraph-element br-paragraph-space\" data-immersive-translate-walked=\"8e61f2e7-6af2-46e5-9672-3b9e4f4033d9\" data-immersive-translate-paragraph=\"1\">\n<div class=\"auto-hide-last-sibling-br paragraph-qzbcQC paragraph-element br-paragraph-space\">\n<div class=\"auto-hide-last-sibling-br paragraph-qzbcQC paragraph-element br-paragraph-space\">\n<div class=\"auto-hide-last-sibling-br paragraph-qzbcQC paragraph-element br-paragraph-space\">P\u0159edstavujeme pam\u011b\u0165ov\u00fd pol\u0161t\u00e1\u0159ek Little Apple, mil\u00e9ho a nepostradateln\u00e9ho spole\u010dn\u00edka na span\u00ed, kter\u00fd byl vytvo\u0159en speci\u00e1ln\u011b pro kojence ve v\u011bku 0-3 m\u011bs\u00edce. Tento pol\u0161t\u00e1\u0159ek s p\u016fvabnou siluetou ve tvaru jablka okam\u017eit\u011b upout\u00e1 pozornost a od sam\u00e9ho za\u010d\u00e1tku vyza\u0159uje pocit sladkosti a hravosti.<\/div>\n<p>&nbsp;<\/p>\n<div class=\"auto-hide-last-sibling-br paragraph-qzbcQC paragraph-element br-paragraph-space\">Je vyrobena z prvot\u0159\u00eddn\u00ed pam\u011b\u0165ov\u00e9 p\u011bny a je vzorem pohodl\u00ed. Jemn\u011b a plynule se p\u0159izp\u016fsobuje jedine\u010dn\u00fdm kontur\u00e1m hlavy va\u0161eho d\u00edt\u011bte a poskytuje mu individu\u00e1ln\u00ed \u00farove\u0148 podpory, kter\u00e1 je jemn\u00e1 a uklid\u0148uj\u00edc\u00ed. Povrch pol\u0161t\u00e1\u0159e je p\u016fvabn\u00fdm pl\u00e1tnem, zdoben\u00fdm rozko\u0161n\u00fdmi n\u00e1hodn\u00fdmi potisky, kter\u00e9 mu dod\u00e1vaj\u00ed n\u00e1dech rozmarnosti a h\u0159ejivosti. Ka\u017ed\u00fd potisk je jako mal\u00fd p\u0159\u00edb\u011bh, kter\u00fd p\u0159isp\u00edv\u00e1 k celkov\u00e9 p\u016fvabnosti pol\u0161t\u00e1\u0159e.<\/div>\n<p>&nbsp;<\/p>\n<div class=\"auto-hide-last-sibling-br paragraph-qzbcQC paragraph-element br-paragraph-space\">M\u011b\u0159\u00ed 20*<em>22*<\/em>1,5 cm, dokonale se vejde do d\u011btsk\u00e9 post\u00fdlky a vytvo\u0159\u00ed \u00fatuln\u00e9 \u00fato\u010di\u0161t\u011b pro va\u0161e d\u011b\u0165\u00e1tko. P\u0159edstavte si sv\u00e9 drah\u00e9 miminko, jak le\u017e\u00ed ve sv\u00e9 post\u00fdlce a jeho hlavi\u010dka je jemn\u011b kol\u00e9b\u00e1na t\u00edmto mal\u00fdm pol\u0161t\u00e1\u0159kem ve tvaru jablka. Stane se m\u011bkk\u00fdm, bezpe\u010dn\u00fdm m\u00edstem, kde se m\u016f\u017ee pono\u0159it do klidn\u00e9ho sp\u00e1nku, obklopeno n\u011b\u017en\u00fdm objet\u00edm pam\u011b\u0165ov\u00e9 p\u011bny a roztomil\u00fdmi potisky.<\/div>\n<p>&nbsp;<\/p>\n<div class=\"auto-hide-last-sibling-br paragraph-qzbcQC paragraph-element br-paragraph-space\">V prvn\u00edch dnech \u017eivota, kdy d\u00edt\u011b tr\u00e1v\u00ed v\u011bt\u0161inu \u010dasu sp\u00e1nkem, je pol\u0161t\u00e1\u0159ek Little Apple Memory Pillow st\u00e1l\u00fdm zdrojem pohodl\u00ed. A\u0165 u\u017e se jedn\u00e1 o kr\u00e1tk\u00e9 denn\u00ed span\u00ed nebo del\u0161\u00ed no\u010dn\u00ed prota\u017een\u00ed, tento pol\u0161t\u00e1\u0159 poskytuje st\u00e1l\u00fd a uklid\u0148uj\u00edc\u00ed povrch. Stane se tak\u00e9 \u00fast\u0159edn\u00edm bodem v d\u011btsk\u00e9m pokoji a dod\u00e1 celkov\u00e9mu dekoru n\u00e1dech roztomilosti.<\/div>\n<p>&nbsp;<\/p>\n<div class=\"auto-hide-last-sibling-br paragraph-qzbcQC paragraph-element br-paragraph-space\">Rodi\u010de si tento n\u00e1dhern\u00fd pol\u0161t\u00e1\u0159 velmi pochvaluj\u00ed. \"Pam\u011b\u0165ov\u00fd pol\u0161t\u00e1\u0159ek Little Apple jsem si zamilovala! Je tak roztomil\u00fd a moje novorozen\u011b se zd\u00e1 b\u00fdt mnohem pohodln\u011bj\u0161\u00ed. Pam\u011b\u0165ov\u00e1 p\u011bna m\u011bn\u00ed pravidla hry,\" vyk\u0159ikla jedna z novope\u010den\u00fdch maminek. Jeden tat\u00ednek dodal: \"L\u00edb\u00ed se n\u00e1m, jak dod\u00e1v\u00e1 d\u011btsk\u00e9mu pokoji trochu \u0161armu. Dob\u0159e se dr\u017e\u00ed a opravdu se zd\u00e1, \u017ee pom\u00e1h\u00e1 na\u0161emu d\u00edt\u011bti l\u00e9pe sp\u00e1t.\"<\/div>\n<p>&nbsp;<\/p>\n<div class=\"auto-hide-last-sibling-br paragraph-qzbcQC paragraph-element br-paragraph-space\">Pam\u011b\u0165ov\u00fd pol\u0161t\u00e1\u0159ek Little Apple je v podstat\u011b harmonickou kombinac\u00ed pohodl\u00ed, roztomilosti a funk\u010dnosti. Nen\u00ed to jen l\u016f\u017ekovina, je to cen\u011bn\u00e1 sou\u010d\u00e1st ran\u00e9ho \u017eivota va\u0161eho d\u00edt\u011bte, kter\u00e1 napln\u00ed ka\u017ed\u00fd okam\u017eik napln\u011bn\u00fd sp\u00e1nkem pocitem klidu a n\u011bhy.<\/div>\n<\/div>\n<\/div>\n<\/div>","protected":false},"excerpt":{"rendered":"<p>Pam\u011b\u0165ov\u00fd pol\u0161t\u00e1\u0159ek Little Apple je sladk\u00e1 a praktick\u00e1 pom\u016fcka na span\u00ed ur\u010den\u00e1 pro d\u011bti od 0 do 3 m\u011bs\u00edc\u016f. Je tvarov\u00e1n jako roztomil\u00e9 jabl\u00ed\u010dko a okam\u017eit\u011b upout\u00e1 pozornost sv\u00fdm rozko\u0161n\u00fdm tvarem. Je vyroben z pam\u011b\u0165ov\u00e9 p\u011bny, m\u011bkce se p\u0159izp\u016fsobuje hlavi\u010dce d\u00edt\u011bte a poskytuje mu jemnou a p\u0159izp\u016fsobenou oporu. Povrch je zdoben p\u016fvabn\u00fdmi n\u00e1hodn\u00fdmi potisky, kter\u00e9 mu dod\u00e1vaj\u00ed n\u00e1dech roztomilosti. D\u00edky kompaktn\u00edm rozm\u011br\u016fm 20*<em>22*<\/em>1,5 cm, perfektn\u011b se hod\u00ed do d\u011btsk\u00e9 post\u00fdlky. Tento pol\u0161t\u00e1\u0159ek nejen pom\u00e1h\u00e1 udr\u017eovat tvar hlavi\u010dky d\u00edt\u011bte, ale tak\u00e9 nab\u00edz\u00ed \u00fatuln\u00e9 a pohodln\u00e9 m\u00edsto k odpo\u010dinku a vytv\u00e1\u0159\u00ed klidn\u00e9 prost\u0159ed\u00ed pro klidn\u00fd sp\u00e1nek d\u00edt\u011bte.<\/p>","protected":false},"featured_media":3384,"comment_status":"open","ping_status":"closed","template":"","meta":{"_uag_custom_page_level_css":"","site-sidebar-layout":"default","site-content-layout":"","ast-site-content-layout":"default","site-content-style":"default","site-sidebar-style":"default","ast-global-header-display":"","ast-banner-title-visibility":"","ast-main-header-display":"","ast-hfb-above-header-display":"","ast-hfb-below-header-display":"","ast-hfb-mobile-header-display":"","site-post-title":"","ast-breadcrumbs-content":"","ast-featured-img":"","footer-sml-layout":"","ast-disable-related-posts":"","theme-transparent-header-meta":"default","adv-header-id-meta":"","stick-header-meta":"","header-above-stick-meta":"","header-main-stick-meta":"","header-below-stick-meta":"","astra-migrate-meta-layouts":"set","ast-page-background-enabled":"default","ast-page-background-meta":{"desktop":{"background-color":"","background-image":"","background-repeat":"repeat","background-position":"center center","background-size":"auto","background-attachment":"scroll","background-type":"","background-media":"","overlay-type":"","overlay-color":"","overlay-opacity":"","overlay-gradient":""},"tablet":{"background-color":"","background-image":"","background-repeat":"repeat","background-position":"center center","background-size":"auto","background-attachment":"scroll","background-type":"","background-media":"","overlay-type":"","overlay-color":"","overlay-opacity":"","overlay-gradient":""},"mobile":{"background-color":"","background-image":"","background-repeat":"repeat","background-position":"center center","background-size":"auto","background-attachment":"scroll","background-type":"","background-media":"","overlay-type":"","overlay-color":"","overlay-opacity":"","overlay-gradient":""}},"ast-content-background-meta":{"desktop":{"background-color":"var(--ast-global-color-5)","background-image":"","background-repeat":"repeat","background-position":"center center","background-size":"auto","background-attachment":"scroll","background-type":"","background-media":"","overlay-type":"","overlay-color":"","overlay-opacity":"","overlay-gradient":""},"tablet":{"background-color":"var(--ast-global-color-5)","background-image":"","background-repeat":"repeat","background-position":"center center","background-size":"auto","background-attachment":"scroll","background-type":"","background-media":"","overlay-type":"","overlay-color":"","overlay-opacity":"","overlay-gradient":""},"mobile":{"background-color":"var(--ast-global-color-5)","background-image":"","background-repeat":"repeat","background-position":"center center","background-size":"auto","background-attachment":"scroll","background-type":"","background-media":"","overlay-type":"","overlay-color":"","overlay-opacity":"","overlay-gradient":""}}},"product_brand":[],"product_cat":[54,42],"product_tag":[70,68,71,69],"class_list":{"0":"post-3383","1":"product","2":"type-product","3":"status-publish","4":"has-post-thumbnail","6":"product_cat-0-to-6months","7":"product_cat-merchandise","8":"product_tag-babypillow","9":"product_tag-cuteanimalpillow","10":"product_tag-headshapesupport","11":"product_tag-kouniushapingpillow","12":"desktop-align-left","13":"tablet-align-left","14":"mobile-align-left","16":"first","17":"instock","18":"shipping-taxable","19":"product-type-simple"},"aioseo_notices":[],"uagb_featured_image_src":{"full":["https:\/\/babypillowwholesale.com\/wp-content\/uploads\/2025\/04\/1003.jpg",1000,1000,false],"thumbnail":["https:\/\/babypillowwholesale.com\/wp-content\/uploads\/2025\/04\/1003-150x150.jpg",150,150,true],"medium":["https:\/\/babypillowwholesale.com\/wp-content\/uploads\/2025\/04\/1003-300x300.jpg",300,300,true],"medium_large":["https:\/\/babypillowwholesale.com\/wp-content\/uploads\/2025\/04\/1003-768x768.jpg",768,768,true],"large":["https:\/\/babypillowwholesale.com\/wp-content\/uploads\/2025\/04\/1003.jpg",1000,1000,false],"1536x1536":["https:\/\/babypillowwholesale.com\/wp-content\/uploads\/2025\/04\/1003.jpg",1000,1000,false],"2048x2048":["https:\/\/babypillowwholesale.com\/wp-content\/uploads\/2025\/04\/1003.jpg",1000,1000,false],"trp-custom-language-flag":["https:\/\/babypillowwholesale.com\/wp-content\/uploads\/2025\/04\/1003.jpg",12,12,false],"woocommerce_thumbnail":["https:\/\/babypillowwholesale.com\/wp-content\/uploads\/2025\/04\/1003-300x300.jpg",300,300,true],"woocommerce_single":["https:\/\/babypillowwholesale.com\/wp-content\/uploads\/2025\/04\/1003-600x600.jpg",600,600,true],"woocommerce_gallery_thumbnail":["https:\/\/babypillowwholesale.com\/wp-content\/uploads\/2025\/04\/1003-100x100.jpg",100,100,true]},"uagb_author_info":{"display_name":"Etnen zhong","author_link":"https:\/\/babypillowwholesale.com\/cs\/author\/"},"uagb_comment_info":0,"uagb_excerpt":"The Little Apple Memory Pillow is a sweet and practical sleep essential designed for infants aged 0 - 3 months. Shaped like a cute apple, it immediately catches the eye with its adorable form. Made of memory foam, it softly conforms to the baby's head, providing gentle and customized support. The surface is decorated with&hellip;","jetpack_sharing_enabled":true,"_links":{"self":[{"href":"https:\/\/babypillowwholesale.com\/cs\/wp-json\/wp\/v2\/product\/3383","targetHints":{"allow":["GET"]}}],"collection":[{"href":"https:\/\/babypillowwholesale.com\/cs\/wp-json\/wp\/v2\/product"}],"about":[{"href":"https:\/\/babypillowwholesale.com\/cs\/wp-json\/wp\/v2\/types\/product"}],"replies":[{"embeddable":true,"href":"https:\/\/babypillowwholesale.com\/cs\/wp-json\/wp\/v2\/comments?post=3383"}],"wp:featuredmedia":[{"embeddable":true,"href":"https:\/\/babypillowwholesale.com\/cs\/wp-json\/wp\/v2\/media\/3384"}],"wp:attachment":[{"href":"https:\/\/babypillowwholesale.com\/cs\/wp-json\/wp\/v2\/media?parent=3383"}],"wp:term":[{"taxonomy":"product_brand","embeddable":true,"href":"https:\/\/babypillowwholesale.com\/cs\/wp-json\/wp\/v2\/product_brand?post=3383"},{"taxonomy":"product_cat","embeddable":true,"href":"https:\/\/babypillowwholesale.com\/cs\/wp-json\/wp\/v2\/product_cat?post=3383"},{"taxonomy":"product_tag","embeddable":true,"href":"https:\/\/babypillowwholesale.com\/cs\/wp-json\/wp\/v2\/product_tag?post=3383"}],"curies":[{"name":"wp","href":"https:\/\/api.w.org\/{rel}","templated":true}]}}