{"id":3380,"date":"2025-04-11T07:23:24","date_gmt":"2025-04-11T07:23:24","guid":{"rendered":"https:\/\/babypillowwholesale.com\/?post_type=product&#038;p=3380"},"modified":"2025-06-08T08:11:45","modified_gmt":"2025-06-08T08:11:45","slug":"little-bear-memory-pillow","status":"publish","type":"product","link":"https:\/\/babypillowwholesale.com\/cs\/product\/little-bear-memory-pillow\/","title":{"rendered":"Pam\u011b\u0165ov\u00fd pol\u0161t\u00e1\u0159ek Little Bear"},"content":{"rendered":"<div class=\"auto-hide-last-sibling-br paragraph-qzbcQC paragraph-element br-paragraph-space\" data-immersive-translate-walked=\"8e61f2e7-6af2-46e5-9672-3b9e4f4033d9\" data-immersive-translate-paragraph=\"1\">\n<div class=\"auto-hide-last-sibling-br paragraph-qzbcQC paragraph-element br-paragraph-space\">\n<div class=\"auto-hide-last-sibling-br paragraph-qzbcQC paragraph-element br-paragraph-space\">P\u0159edstavujeme pol\u0161t\u00e1\u0159ek Little Bear Memory Pillow, n\u011b\u017en\u00e9ho a nezbytn\u00e9ho spole\u010dn\u00edka na span\u00ed, kter\u00fd byl pe\u010dliv\u011b vytvo\u0159en pro d\u011bti ve v\u011bku 0-6 m\u011bs\u00edc\u016f. Tento pol\u0161t\u00e1\u0159 je vzorem pohodl\u00ed a je vyroben z prvot\u0159\u00eddn\u00ed pam\u011b\u0165ov\u00e9 p\u011bny, kter\u00e1 se elegantn\u011b p\u0159izp\u016fsob\u00ed tvaru hlavy va\u0161eho d\u00edt\u011bte. Nab\u00edz\u00ed obj\u00edm\u00e1n\u00ed na m\u00edru a zaji\u0161\u0165uje jemn\u00e9 a z\u00e1rove\u0148 podp\u016frn\u00e9 pohodl\u00ed, kter\u00e9 je pro vyv\u00edjej\u00edc\u00ed se tvar hlavy va\u0161eho d\u011b\u0165\u00e1tka z\u00e1sadn\u00ed.<\/div>\n<p>&nbsp;<\/p>\n<div class=\"auto-hide-last-sibling-br paragraph-qzbcQC paragraph-element br-paragraph-space\">Povrch pol\u0161t\u00e1\u0159e je pl\u00e1tnem roztomilosti, kter\u00e9 zdob\u00ed \u0159ada rozko\u0161n\u00fdch n\u00e1hodn\u00fdch potisk\u016f s p\u016fvabn\u00fdmi motivy medv\u00eddk\u016f. Ka\u017ed\u00fd medv\u00eddek s roztomil\u00fdm v\u00fdrazem a hrav\u00fdm chov\u00e1n\u00edm dod\u00e1v\u00e1 pol\u0161t\u00e1\u0159i n\u00e1dech rozmarnosti a h\u0159ejivosti a \u010din\u00ed z n\u011bj nejen funk\u010dn\u00ed p\u0159edm\u011bt, ale i zdroj vizu\u00e1ln\u00ed radosti.<\/div>\n<p>&nbsp;<\/p>\n<div class=\"auto-hide-last-sibling-br paragraph-qzbcQC paragraph-element br-paragraph-space\">Kompaktn\u00ed rozm\u011br 25*<em>20*<\/em>1,5 cm, perfektn\u011b se hod\u00ed do d\u011btsk\u00e9 post\u00fdlky nebo kol\u00e9bky. P\u0159edstavte si sv\u00e9 drah\u00e9 miminko, jak se uvelebilo ve sv\u00e9m \u00fatuln\u00e9m spac\u00edm prostoru a jeho mal\u00e1 hlavi\u010dka jemn\u011b spo\u010d\u00edv\u00e1 na tomto pol\u0161t\u00e1\u0159i. Stane se o\u00e1zou m\u011bkkosti, m\u00edstem, kde se mohou pono\u0159it do klidn\u00e9ho sp\u00e1nku, obklopeni uklid\u0148uj\u00edc\u00ed p\u0159\u00edtomnost\u00ed mal\u00fdch medv\u00eddk\u016f s potiskem.<\/div>\n<p>&nbsp;<\/p>\n<div class=\"auto-hide-last-sibling-br paragraph-qzbcQC paragraph-element br-paragraph-space\">V prvn\u00edch dnech, kdy si d\u00edt\u011b b\u011bhem dne kr\u00e1tce zd\u0159\u00edmne, poskytuje pam\u011b\u0165ov\u00fd pol\u0161t\u00e1\u0159ek Little Bear st\u00e1l\u00e9 a pohodln\u00e9 m\u00edsto. Je tak\u00e9 uklid\u0148uj\u00edc\u00edm dopl\u0148kem b\u011bhem no\u010dn\u00edho sp\u00e1nku, kter\u00fd pom\u00e1h\u00e1 va\u0161emu d\u00edt\u011bti c\u00edtit se bezpe\u010dn\u011b a v klidu.<\/div>\n<p>&nbsp;<\/p>\n<div class=\"auto-hide-last-sibling-br paragraph-qzbcQC paragraph-element br-paragraph-space\">Rodi\u010de byli s t\u00edmto produktem nadm\u00edru spokojeni. \"Tento pam\u011b\u0165ov\u00fd pol\u0161t\u00e1\u0159ek Little Bear Memory Pillow m\u011bn\u00ed pravidla hry! M\u016fj novorozenec se zd\u00e1 b\u00fdt mnohem pohodln\u011bj\u0161\u00ed a miluji roztomil\u00e9 potisky medv\u00eddk\u016f. D\u00e1v\u00e1 mi klid, kdy\u017e v\u00edm, \u017ee pom\u00e1h\u00e1 i s tvarov\u00e1n\u00edm hlavy,\" pochvalovala si jedna z novope\u010den\u00fdch maminek. Jeden z tat\u00ednk\u016f dodal: \"Jsme opravdu ohromeni kvalitou. Dob\u0159e se dr\u017e\u00ed a stala se nepostradatelnou sou\u010d\u00e1st\u00ed sp\u00e1nkov\u00e9 v\u00fdbavy na\u0161eho d\u00edt\u011bte.\"<\/div>\n<p>&nbsp;<\/p>\n<div class=\"auto-hide-last-sibling-br paragraph-qzbcQC paragraph-element br-paragraph-space\">Pam\u011b\u0165ov\u00fd pol\u0161t\u00e1\u0159 Little Bear je v podstat\u011b harmonickou kombinac\u00ed pohodl\u00ed, roztomilosti a funk\u010dnosti. Nen\u00ed to pouh\u00e1 lo\u017en\u00ed souprava, je to cen\u011bn\u00e1 sou\u010d\u00e1st prvn\u00edch dn\u016f va\u0161eho d\u00edt\u011bte, kter\u00e1 ka\u017ed\u00e9mu okam\u017eiku napln\u011bn\u00e9mu sp\u00e1nkem dod\u00e1v\u00e1 pocit bezpe\u010d\u00ed a n\u011bhy.<\/div>\n<\/div>\n<\/div>","protected":false},"excerpt":{"rendered":"<p>Pam\u011b\u0165ov\u00fd pol\u0161t\u00e1\u0159ek Little Bear je jemn\u00fd a funk\u010dn\u00ed dopln\u011bk na span\u00ed ur\u010den\u00fd pro d\u011bti ve v\u011bku 0-6 m\u011bs\u00edc\u016f. Je vyroben z pam\u011b\u0165ov\u00e9 p\u011bny, jemn\u011b se p\u0159izp\u016fsobuje tvaru hlavy d\u00edt\u011bte a poskytuje mu individu\u00e1ln\u00ed podporu. Jeho povrch zdob\u00ed roztomil\u00e9 n\u00e1hodn\u00e9 potisky motiv\u016f medv\u00eddk\u016f, kter\u00e9 mu dod\u00e1vaj\u00ed prvek p\u016fvabu. D\u00edky kompaktn\u00edm rozm\u011br\u016fm 25*<em>20*<\/em>1,5 cm, je vhodn\u00fd do d\u011btsk\u00e9 post\u00fdlky nebo kol\u00e9bky. Tento pol\u0161t\u00e1\u0159ek nejen pom\u00e1h\u00e1 udr\u017eovat tvar hlavy d\u00edt\u011bte, ale tak\u00e9 nab\u00edz\u00ed m\u011bkk\u00e9 a pohodln\u00e9 m\u00edsto k odpo\u010dinku a vytv\u00e1\u0159\u00ed \u00fatuln\u00e9 prost\u0159ed\u00ed pro sp\u00e1nek d\u00edt\u011bte.<\/p>","protected":false},"featured_media":3381,"comment_status":"open","ping_status":"closed","template":"","meta":{"_uag_custom_page_level_css":"","site-sidebar-layout":"default","site-content-layout":"","ast-site-content-layout":"default","site-content-style":"default","site-sidebar-style":"default","ast-global-header-display":"","ast-banner-title-visibility":"","ast-main-header-display":"","ast-hfb-above-header-display":"","ast-hfb-below-header-display":"","ast-hfb-mobile-header-display":"","site-post-title":"","ast-breadcrumbs-content":"","ast-featured-img":"","footer-sml-layout":"","ast-disable-related-posts":"","theme-transparent-header-meta":"default","adv-header-id-meta":"","stick-header-meta":"","header-above-stick-meta":"","header-main-stick-meta":"","header-below-stick-meta":"","astra-migrate-meta-layouts":"set","ast-page-background-enabled":"default","ast-page-background-meta":{"desktop":{"background-color":"","background-image":"","background-repeat":"repeat","background-position":"center center","background-size":"auto","background-attachment":"scroll","background-type":"","background-media":"","overlay-type":"","overlay-color":"","overlay-opacity":"","overlay-gradient":""},"tablet":{"background-color":"","background-image":"","background-repeat":"repeat","background-position":"center center","background-size":"auto","background-attachment":"scroll","background-type":"","background-media":"","overlay-type":"","overlay-color":"","overlay-opacity":"","overlay-gradient":""},"mobile":{"background-color":"","background-image":"","background-repeat":"repeat","background-position":"center center","background-size":"auto","background-attachment":"scroll","background-type":"","background-media":"","overlay-type":"","overlay-color":"","overlay-opacity":"","overlay-gradient":""}},"ast-content-background-meta":{"desktop":{"background-color":"var(--ast-global-color-5)","background-image":"","background-repeat":"repeat","background-position":"center center","background-size":"auto","background-attachment":"scroll","background-type":"","background-media":"","overlay-type":"","overlay-color":"","overlay-opacity":"","overlay-gradient":""},"tablet":{"background-color":"var(--ast-global-color-5)","background-image":"","background-repeat":"repeat","background-position":"center center","background-size":"auto","background-attachment":"scroll","background-type":"","background-media":"","overlay-type":"","overlay-color":"","overlay-opacity":"","overlay-gradient":""},"mobile":{"background-color":"var(--ast-global-color-5)","background-image":"","background-repeat":"repeat","background-position":"center center","background-size":"auto","background-attachment":"scroll","background-type":"","background-media":"","overlay-type":"","overlay-color":"","overlay-opacity":"","overlay-gradient":""}}},"product_brand":[],"product_cat":[54,42],"product_tag":[70,68,71,69],"class_list":{"0":"post-3380","1":"product","2":"type-product","3":"status-publish","4":"has-post-thumbnail","6":"product_cat-0-to-6months","7":"product_cat-merchandise","8":"product_tag-babypillow","9":"product_tag-cuteanimalpillow","10":"product_tag-headshapesupport","11":"product_tag-kouniushapingpillow","12":"desktop-align-left","13":"tablet-align-left","14":"mobile-align-left","16":"first","17":"instock","18":"shipping-taxable","19":"product-type-simple"},"aioseo_notices":[],"uagb_featured_image_src":{"full":["https:\/\/babypillowwholesale.com\/wp-content\/uploads\/2025\/04\/1002.jpg",1000,1000,false],"thumbnail":["https:\/\/babypillowwholesale.com\/wp-content\/uploads\/2025\/04\/1002-150x150.jpg",150,150,true],"medium":["https:\/\/babypillowwholesale.com\/wp-content\/uploads\/2025\/04\/1002-300x300.jpg",300,300,true],"medium_large":["https:\/\/babypillowwholesale.com\/wp-content\/uploads\/2025\/04\/1002-768x768.jpg",768,768,true],"large":["https:\/\/babypillowwholesale.com\/wp-content\/uploads\/2025\/04\/1002.jpg",1000,1000,false],"1536x1536":["https:\/\/babypillowwholesale.com\/wp-content\/uploads\/2025\/04\/1002.jpg",1000,1000,false],"2048x2048":["https:\/\/babypillowwholesale.com\/wp-content\/uploads\/2025\/04\/1002.jpg",1000,1000,false],"trp-custom-language-flag":["https:\/\/babypillowwholesale.com\/wp-content\/uploads\/2025\/04\/1002.jpg",12,12,false],"woocommerce_thumbnail":["https:\/\/babypillowwholesale.com\/wp-content\/uploads\/2025\/04\/1002-300x300.jpg",300,300,true],"woocommerce_single":["https:\/\/babypillowwholesale.com\/wp-content\/uploads\/2025\/04\/1002-600x600.jpg",600,600,true],"woocommerce_gallery_thumbnail":["https:\/\/babypillowwholesale.com\/wp-content\/uploads\/2025\/04\/1002-100x100.jpg",100,100,true]},"uagb_author_info":{"display_name":"Etnen zhong","author_link":"https:\/\/babypillowwholesale.com\/cs\/author\/"},"uagb_comment_info":0,"uagb_excerpt":"The Little Bear Memory Pillow is a delicate and functional sleep accessory designed for infants aged 0 - 6 months. Made with memory foam, it gently conforms to the shape of the baby's head, providing customized support. Its surface is adorned with cute random prints of little bear motifs, adding an element of charm. With&hellip;","jetpack_sharing_enabled":true,"_links":{"self":[{"href":"https:\/\/babypillowwholesale.com\/cs\/wp-json\/wp\/v2\/product\/3380","targetHints":{"allow":["GET"]}}],"collection":[{"href":"https:\/\/babypillowwholesale.com\/cs\/wp-json\/wp\/v2\/product"}],"about":[{"href":"https:\/\/babypillowwholesale.com\/cs\/wp-json\/wp\/v2\/types\/product"}],"replies":[{"embeddable":true,"href":"https:\/\/babypillowwholesale.com\/cs\/wp-json\/wp\/v2\/comments?post=3380"}],"wp:featuredmedia":[{"embeddable":true,"href":"https:\/\/babypillowwholesale.com\/cs\/wp-json\/wp\/v2\/media\/3381"}],"wp:attachment":[{"href":"https:\/\/babypillowwholesale.com\/cs\/wp-json\/wp\/v2\/media?parent=3380"}],"wp:term":[{"taxonomy":"product_brand","embeddable":true,"href":"https:\/\/babypillowwholesale.com\/cs\/wp-json\/wp\/v2\/product_brand?post=3380"},{"taxonomy":"product_cat","embeddable":true,"href":"https:\/\/babypillowwholesale.com\/cs\/wp-json\/wp\/v2\/product_cat?post=3380"},{"taxonomy":"product_tag","embeddable":true,"href":"https:\/\/babypillowwholesale.com\/cs\/wp-json\/wp\/v2\/product_tag?post=3380"}],"curies":[{"name":"wp","href":"https:\/\/api.w.org\/{rel}","templated":true}]}}