{"id":3377,"date":"2025-04-11T01:50:50","date_gmt":"2025-04-11T01:50:50","guid":{"rendered":"https:\/\/babypillowwholesale.com\/?post_type=product&#038;p=3377"},"modified":"2025-06-08T08:15:04","modified_gmt":"2025-06-08T08:15:04","slug":"dot-plush-wave-pillow","status":"publish","type":"product","link":"https:\/\/babypillowwholesale.com\/cs\/product\/dot-plush-wave-pillow\/","title":{"rendered":"Dot - Ply\u0161ov\u00fd pol\u0161t\u00e1\u0159 Wave"},"content":{"rendered":"<div class=\"auto-hide-last-sibling-br paragraph-qzbcQC paragraph-element br-paragraph-space\" data-immersive-translate-walked=\"8e61f2e7-6af2-46e5-9672-3b9e4f4033d9\" data-immersive-translate-paragraph=\"1\">\n<div class=\"auto-hide-last-sibling-br paragraph-qzbcQC paragraph-element br-paragraph-space\">\n<div class=\"auto-hide-last-sibling-br paragraph-qzbcQC paragraph-element br-paragraph-space\">\n<div class=\"auto-hide-last-sibling-br paragraph-qzbcQC paragraph-element br-paragraph-space\">\n<div class=\"auto-hide-last-sibling-br paragraph-qzbcQC paragraph-element br-paragraph-space\">\n<div class=\"auto-hide-last-sibling-br paragraph-qzbcQC paragraph-element br-paragraph-space\">\n<div class=\"auto-hide-last-sibling-br paragraph-qzbcQC paragraph-element br-paragraph-space\">\n<div class=\"auto-hide-last-sibling-br paragraph-qzbcQC paragraph-element br-paragraph-space\">\n<div class=\"auto-hide-last-sibling-br paragraph-qzbcQC paragraph-element br-paragraph-space\">\n<div class=\"auto-hide-last-sibling-br paragraph-qzbcQC paragraph-element br-paragraph-space\">\n<div class=\"auto-hide-last-sibling-br paragraph-qzbcQC paragraph-element br-paragraph-space\">\n<div class=\"auto-hide-last-sibling-br paragraph-qzbcQC paragraph-element br-paragraph-space\">\n<div class=\"auto-hide-last-sibling-br paragraph-qzbcQC paragraph-element br-paragraph-space\">\n<div class=\"auto-hide-last-sibling-br paragraph-qzbcQC paragraph-element br-paragraph-space\">\n<div class=\"auto-hide-last-sibling-br paragraph-qzbcQC paragraph-element br-paragraph-space\">\n<div class=\"auto-hide-last-sibling-br paragraph-qzbcQC paragraph-element br-paragraph-space\">\n<div class=\"auto-hide-last-sibling-br paragraph-qzbcQC paragraph-element br-paragraph-space\">\n<div class=\"auto-hide-last-sibling-br paragraph-qzbcQC paragraph-element br-paragraph-space\">\n<div class=\"message-box-content-wrapper-srHdUj\">\n<div class=\"message-content message-box-content-otxGGw receive-message-box-content-_lREFj samantha-message-box-content-Qjmpja\" data-testid=\"message_content\">\n<div class=\"container-hfX5E8 flow-markdown-body theme-samantha-yJEgBp\" dir=\"ltr\" data-testid=\"message_text_content\" data-show-indicator=\"false\">\n<div class=\"auto-hide-last-sibling-br paragraph-qzbcQC paragraph-element br-paragraph-space\">\n<div class=\"inter-wlTS5w\">\n<div class=\"container-QE4ayg\">\n<div class=\"item-jU10IN\">\n<div class=\"container-jODEnh chrome70-container\">\n<div class=\"inner-eE95c9 inner-item-aL3Ui_\" data-target-id=\"message-box-target-id\" data-testid=\"union_message\">\n<div class=\"message-block-container-liuetz\" data-testid=\"message-block-container\">\n<div class=\"message-box-ZWbBdF\" data-testid=\"receive_message\">\n<div class=\"message-box-content-wrapper-srHdUj\">\n<div class=\"message-content message-box-content-otxGGw receive-message-box-content-_lREFj samantha-message-box-content-Qjmpja\" data-testid=\"message_content\">\n<div class=\"container-hfX5E8 flow-markdown-body theme-samantha-yJEgBp\" dir=\"ltr\" data-testid=\"message_text_content\" data-show-indicator=\"false\">\n<div class=\"auto-hide-last-sibling-br paragraph-qzbcQC paragraph-element br-paragraph-space\">\n<div class=\"auto-hide-last-sibling-br paragraph-qzbcQC paragraph-element br-paragraph-space\">\n<div class=\"auto-hide-last-sibling-br paragraph-qzbcQC paragraph-element br-paragraph-space\">\n<div class=\"auto-hide-last-sibling-br paragraph-qzbcQC paragraph-element br-paragraph-space\">\n<div class=\"message-box-content-wrapper-srHdUj\">\n<div class=\"message-content message-box-content-otxGGw receive-message-box-content-_lREFj samantha-message-box-content-Qjmpja\" data-testid=\"message_content\">\n<div class=\"container-hfX5E8 flow-markdown-body theme-samantha-yJEgBp\" dir=\"ltr\" data-testid=\"message_text_content\" data-show-indicator=\"false\">\n<div class=\"auto-hide-last-sibling-br paragraph-qzbcQC paragraph-element br-paragraph-space\">P\u0159edstavujeme pol\u0161t\u00e1\u0159 Dot - Ply\u0161ov\u00e1 vlna, vzor pohodl\u00ed a ergonomick\u00e9ho designu p\u0159izp\u016fsoben\u00fd d\u011btem ve v\u011bku od 2 do 8 let. Jeho povrch je luxusn\u011b zdoben m\u011bkkou dot - ply\u0161ovou tkaninou, kter\u00e1 vytv\u00e1\u0159\u00ed hmatovou symfonii, je\u017e uklid\u0148uje smysly a nab\u00edz\u00ed jedine\u010dn\u00fd pocit pohodl\u00ed. Ka\u017ed\u00e1 drobn\u00e1 te\u010dka na l\u00e1tce sv\u011bd\u010d\u00ed o \u0159emesln\u00e9m zpracov\u00e1n\u00ed pol\u0161t\u00e1\u0159e, vyb\u00edz\u00ed mal\u00e9 prst\u00edky ke zkoum\u00e1n\u00ed a poskytuje jemn\u00e9 objet\u00ed po celou noc.<\/div>\n<p>&nbsp;<\/p>\n<div class=\"auto-hide-last-sibling-br paragraph-qzbcQC paragraph-element br-paragraph-space\">Tvar pol\u0161t\u00e1\u0159e p\u0159ipom\u00ednaj\u00edc\u00ed vlnu je z\u00e1zrakem techniky. Pe\u010dliv\u011b tvarovan\u00fd pol\u0161t\u00e1\u0159 kop\u00edruje p\u0159irozen\u00e9 zak\u0159iven\u00ed d\u011btsk\u00e9ho t\u011bla a nab\u00edz\u00ed v\u00fdjime\u010dnou oporu hlavy a krku. A\u0165 u\u017e va\u0161e d\u00edt\u011b sp\u00ed na z\u00e1dech nebo na boku, tento pol\u0161t\u00e1\u0159 ho kol\u00e9b\u00e1 zp\u016fsobem, kter\u00fd podporuje spr\u00e1vn\u00e9 nastaven\u00ed p\u00e1te\u0159e a klidn\u00fd sp\u00e1nek. D\u00edky v\u011bt\u0161\u00edm rozm\u011br\u016fm 58*<em>30*<\/em>4\/6,5 cm, je to pol\u0161t\u00e1\u0159, kter\u00fd roste s va\u0161\u00edm d\u00edt\u011btem a doprov\u00e1z\u00ed ho v kl\u00ed\u010dov\u00fdch letech jeho v\u00fdvoje.<\/div>\n<p>&nbsp;<\/p>\n<div class=\"auto-hide-last-sibling-br paragraph-qzbcQC paragraph-element br-paragraph-space\">Je k dispozici v univerz\u00e1ln\u00ed palet\u011b r\u016f\u017eov\u00e9, modr\u00e9, \u0161ed\u00e9 a b\u00edl\u00e9 barvy, tak\u017ee bez probl\u00e9m\u016f dopln\u00ed jak\u00fdkoli interi\u00e9r lo\u017enice a dod\u00e1 j\u00ed eleganci a \u0161arm. P\u0159edstavte si sv\u00e9 d\u00edt\u011b p\u0159ed span\u00edm, jak se choul\u00ed do tohoto ply\u0161ov\u00e9ho \u00fato\u010di\u0161t\u011b. Stane se v\u00edce ne\u017e pouh\u00fdm pol\u0161t\u00e1\u0159em; je zdrojem bezpe\u010d\u00ed a pohodl\u00ed, tich\u00fdm str\u00e1\u017ecem po celou noc. B\u011bhem l\u00edn\u00fdch odpoledn\u00ed m\u016f\u017ee slou\u017eit jako \u00fatuln\u00e1 opora pro \u010dten\u00ed, m\u011bkk\u00e1 plocha pro sn\u011bn\u00ed nebo pohodln\u00e9 m\u00edsto pro rychl\u00e9 zd\u0159\u00edmnut\u00ed.<\/div>\n<p>&nbsp;<\/p>\n<div class=\"auto-hide-last-sibling-br paragraph-qzbcQC paragraph-element br-paragraph-space\">Rodi\u010de si tento pol\u0161t\u00e1\u0159 velmi pochvaluj\u00ed. \"M\u016fj p\u011btilet\u00fd syn miluje tento pol\u0161t\u00e1\u0159 Dot - Plush Wave! Je tak m\u011bkk\u00fd a zd\u00e1 se, \u017ee tvar vlny opravdu dob\u0159e podp\u00edr\u00e1 jej\u00ed krk. Te\u010f u\u017e sp\u00ed klidn\u011b celou noc,\" sv\u011b\u0159ila se jedna z nad\u0161en\u00fdch maminek. Tat\u00ednek dodal: \"Oce\u0148ujeme, jak je odoln\u00fd. Pro\u0161el u\u017e nespo\u010dtem pran\u00ed a st\u00e1le vypad\u00e1 a je skv\u011bl\u00fd. Je to fantastick\u00e1 investice pro sp\u00e1nek na\u0161eho d\u00edt\u011bte.\"<\/div>\n<p>&nbsp;<\/p>\n<div class=\"auto-hide-last-sibling-br paragraph-qzbcQC paragraph-element br-paragraph-space\">Pol\u0161t\u00e1\u0159 Dot - Plush Wave je v podstat\u011b harmonickou kombinac\u00ed pohodl\u00ed, funk\u010dnosti a stylu. Nen\u00ed to jen l\u016f\u017ekovina, je to cen\u011bn\u00fd spole\u010dn\u00edk, kter\u00fd obohat\u00ed sp\u00e1nek va\u0161eho d\u00edt\u011bte a dod\u00e1 mu n\u00e1dech luxusu do ka\u017edodenn\u00edho \u017eivota.<\/div>\n<\/div>\n<\/div>\n<\/div>\n<\/div>\n<\/div>\n<\/div>\n<\/div>\n<\/div>\n<\/div>\n<\/div>\n<\/div>\n<\/div>\n<\/div>\n<\/div>\n<\/div>\n<\/div>\n<\/div>\n<\/div>\n<\/div>\n<\/div>\n<\/div>\n<\/div>\n<\/div>\n<\/div>\n<\/div>\n<\/div>\n<\/div>\n<\/div>\n<\/div>\n<\/div>\n<\/div>\n<\/div>\n<\/div>\n<\/div>\n<\/div>\n<\/div>\n<\/div>\n<\/div>\n<\/div>","protected":false},"excerpt":{"rendered":"<div class=\"container-QE4ayg\">\n<div class=\"item-jU10IN\">\n<div class=\"container-jODEnh chrome70-container\">\n<div class=\"inner-eE95c9 inner-item-aL3Ui_\" data-target-id=\"message-box-target-id\" data-testid=\"union_message\">\n<div class=\"message-block-container-liuetz\" data-testid=\"message-block-container\">\n<div class=\"message-box-ZWbBdF\" data-testid=\"receive_message\">\n<div class=\"message-box-content-wrapper-srHdUj\">\n<div class=\"message-content message-box-content-otxGGw receive-message-box-content-_lREFj samantha-message-box-content-Qjmpja\" data-testid=\"message_content\">\n<div class=\"container-hfX5E8 flow-markdown-body theme-samantha-yJEgBp\" dir=\"ltr\" data-testid=\"message_text_content\" data-show-indicator=\"false\">\n<div class=\"auto-hide-last-sibling-br paragraph-qzbcQC paragraph-element br-paragraph-space\">\n<div class=\"container-QE4ayg\">\n<div class=\"item-jU10IN\">\n<div class=\"container-jODEnh chrome70-container\">\n<div class=\"inner-eE95c9 inner-item-aL3Ui_\" data-target-id=\"message-box-target-id\" data-testid=\"union_message\">\n<div class=\"message-block-container-liuetz\" data-testid=\"message-block-container\">\n<div class=\"message-box-ZWbBdF\" data-testid=\"receive_message\">\n<div class=\"message-box-content-wrapper-srHdUj\">\n<div class=\"message-content message-box-content-otxGGw receive-message-box-content-_lREFj samantha-message-box-content-Qjmpja\" data-testid=\"message_content\">\n<div class=\"container-hfX5E8 flow-markdown-body theme-samantha-yJEgBp\" dir=\"ltr\" data-testid=\"message_text_content\" data-show-indicator=\"false\">\n<div class=\"auto-hide-last-sibling-br paragraph-qzbcQC paragraph-element br-paragraph-space\">Pol\u0161t\u00e1\u0159 Dot - Ply\u0161ov\u00e1 vlna je pohodln\u00fd a ergonomick\u00fd dopln\u011bk na span\u00ed ur\u010den\u00fd pro d\u011bti od 2 do 8 let. Jeho povrch je pota\u017een m\u011bkkou punt\u00edkovanou - ply\u0161ovou tkaninou, kter\u00e1 nab\u00edz\u00ed jedine\u010dn\u00fd hmatov\u00fd z\u00e1\u017eitek, kter\u00fd je uklid\u0148uj\u00edc\u00ed a uklid\u0148uj\u00edc\u00ed z\u00e1rove\u0148. Tvar pol\u0161t\u00e1\u0159e p\u0159ipom\u00ednaj\u00edc\u00ed vlnu je pe\u010dliv\u011b vytvarov\u00e1n tak, aby poskytoval vynikaj\u00edc\u00ed oporu hlav\u011b a krku a p\u0159izp\u016fsoboval se p\u0159irozen\u00e9mu zak\u0159iven\u00ed d\u011btsk\u00e9ho t\u011bla b\u011bhem sp\u00e1nku. D\u00edky v\u011bt\u0161\u00ed velikosti 58*<em>30*<\/em>4\/6,5 cm ve srovn\u00e1n\u00ed s typick\u00fdmi kojeneck\u00fdmi pol\u0161t\u00e1\u0159i roste s va\u0161\u00edm d\u00edt\u011btem. Je k dispozici v r\u016fzn\u00fdch barv\u00e1ch v\u010detn\u011b r\u016f\u017eov\u00e9, modr\u00e9, \u0161ed\u00e9 a b\u00edl\u00e9, tak\u017ee se hod\u00ed k r\u016fzn\u00fdm dekor\u016fm lo\u017enice. Tento pol\u0161t\u00e1\u0159 je ide\u00e1ln\u00ed pro zaji\u0161t\u011bn\u00ed klidn\u00e9ho a podp\u016frn\u00e9ho sp\u00e1nku d\u011bt\u00ed ve v\u011bkov\u00e9m rozmez\u00ed 2-8 let.<\/div>\n<\/div>\n<\/div>\n<\/div>\n<\/div>\n<\/div>\n<\/div>\n<\/div>\n<\/div>\n<\/div>\n<\/div>\n<\/div>\n<\/div>\n<\/div>\n<\/div>\n<\/div>\n<\/div>\n<\/div>\n<\/div>\n<\/div>","protected":false},"featured_media":3378,"comment_status":"open","ping_status":"closed","template":"","meta":{"_uag_custom_page_level_css":"","site-sidebar-layout":"default","site-content-layout":"","ast-site-content-layout":"default","site-content-style":"default","site-sidebar-style":"default","ast-global-header-display":"","ast-banner-title-visibility":"","ast-main-header-display":"","ast-hfb-above-header-display":"","ast-hfb-below-header-display":"","ast-hfb-mobile-header-display":"","site-post-title":"","ast-breadcrumbs-content":"","ast-featured-img":"","footer-sml-layout":"","ast-disable-related-posts":"","theme-transparent-header-meta":"default","adv-header-id-meta":"","stick-header-meta":"","header-above-stick-meta":"","header-main-stick-meta":"","header-below-stick-meta":"","astra-migrate-meta-layouts":"set","ast-page-background-enabled":"default","ast-page-background-meta":{"desktop":{"background-color":"","background-image":"","background-repeat":"repeat","background-position":"center center","background-size":"auto","background-attachment":"scroll","background-type":"","background-media":"","overlay-type":"","overlay-color":"","overlay-opacity":"","overlay-gradient":""},"tablet":{"background-color":"","background-image":"","background-repeat":"repeat","background-position":"center center","background-size":"auto","background-attachment":"scroll","background-type":"","background-media":"","overlay-type":"","overlay-color":"","overlay-opacity":"","overlay-gradient":""},"mobile":{"background-color":"","background-image":"","background-repeat":"repeat","background-position":"center center","background-size":"auto","background-attachment":"scroll","background-type":"","background-media":"","overlay-type":"","overlay-color":"","overlay-opacity":"","overlay-gradient":""}},"ast-content-background-meta":{"desktop":{"background-color":"var(--ast-global-color-5)","background-image":"","background-repeat":"repeat","background-position":"center center","background-size":"auto","background-attachment":"scroll","background-type":"","background-media":"","overlay-type":"","overlay-color":"","overlay-opacity":"","overlay-gradient":""},"tablet":{"background-color":"var(--ast-global-color-5)","background-image":"","background-repeat":"repeat","background-position":"center center","background-size":"auto","background-attachment":"scroll","background-type":"","background-media":"","overlay-type":"","overlay-color":"","overlay-opacity":"","overlay-gradient":""},"mobile":{"background-color":"var(--ast-global-color-5)","background-image":"","background-repeat":"repeat","background-position":"center center","background-size":"auto","background-attachment":"scroll","background-type":"","background-media":"","overlay-type":"","overlay-color":"","overlay-opacity":"","overlay-gradient":""}}},"product_brand":[],"product_cat":[57,42],"product_tag":[70,68,71,69],"class_list":{"0":"post-3377","1":"product","2":"type-product","3":"status-publish","4":"has-post-thumbnail","6":"product_cat-2-to-8-years","7":"product_cat-merchandise","8":"product_tag-babypillow","9":"product_tag-cuteanimalpillow","10":"product_tag-headshapesupport","11":"product_tag-kouniushapingpillow","12":"desktop-align-left","13":"tablet-align-left","14":"mobile-align-left","16":"first","17":"instock","18":"shipping-taxable","19":"product-type-simple"},"aioseo_notices":[],"uagb_featured_image_src":{"full":["https:\/\/babypillowwholesale.com\/wp-content\/uploads\/2025\/04\/1028.jpg",1000,1000,false],"thumbnail":["https:\/\/babypillowwholesale.com\/wp-content\/uploads\/2025\/04\/1028-150x150.jpg",150,150,true],"medium":["https:\/\/babypillowwholesale.com\/wp-content\/uploads\/2025\/04\/1028-300x300.jpg",300,300,true],"medium_large":["https:\/\/babypillowwholesale.com\/wp-content\/uploads\/2025\/04\/1028-768x768.jpg",768,768,true],"large":["https:\/\/babypillowwholesale.com\/wp-content\/uploads\/2025\/04\/1028.jpg",1000,1000,false],"1536x1536":["https:\/\/babypillowwholesale.com\/wp-content\/uploads\/2025\/04\/1028.jpg",1000,1000,false],"2048x2048":["https:\/\/babypillowwholesale.com\/wp-content\/uploads\/2025\/04\/1028.jpg",1000,1000,false],"trp-custom-language-flag":["https:\/\/babypillowwholesale.com\/wp-content\/uploads\/2025\/04\/1028.jpg",12,12,false],"woocommerce_thumbnail":["https:\/\/babypillowwholesale.com\/wp-content\/uploads\/2025\/04\/1028-300x300.jpg",300,300,true],"woocommerce_single":["https:\/\/babypillowwholesale.com\/wp-content\/uploads\/2025\/04\/1028-600x600.jpg",600,600,true],"woocommerce_gallery_thumbnail":["https:\/\/babypillowwholesale.com\/wp-content\/uploads\/2025\/04\/1028-100x100.jpg",100,100,true]},"uagb_author_info":{"display_name":"Etnen zhong","author_link":"https:\/\/babypillowwholesale.com\/cs\/author\/"},"uagb_comment_info":0,"uagb_excerpt":"The Dot - Plush Wave Pillow is a comfortable and ergonomic sleep accessory designed for children aged 2 - 8 years. Its surface is covered with soft dot - plush fabric, offering a unique tactile experience that is both soothing and comforting. The wave - like shape is carefully contoured to provide excellent support for&hellip;","jetpack_sharing_enabled":true,"_links":{"self":[{"href":"https:\/\/babypillowwholesale.com\/cs\/wp-json\/wp\/v2\/product\/3377","targetHints":{"allow":["GET"]}}],"collection":[{"href":"https:\/\/babypillowwholesale.com\/cs\/wp-json\/wp\/v2\/product"}],"about":[{"href":"https:\/\/babypillowwholesale.com\/cs\/wp-json\/wp\/v2\/types\/product"}],"replies":[{"embeddable":true,"href":"https:\/\/babypillowwholesale.com\/cs\/wp-json\/wp\/v2\/comments?post=3377"}],"wp:featuredmedia":[{"embeddable":true,"href":"https:\/\/babypillowwholesale.com\/cs\/wp-json\/wp\/v2\/media\/3378"}],"wp:attachment":[{"href":"https:\/\/babypillowwholesale.com\/cs\/wp-json\/wp\/v2\/media?parent=3377"}],"wp:term":[{"taxonomy":"product_brand","embeddable":true,"href":"https:\/\/babypillowwholesale.com\/cs\/wp-json\/wp\/v2\/product_brand?post=3377"},{"taxonomy":"product_cat","embeddable":true,"href":"https:\/\/babypillowwholesale.com\/cs\/wp-json\/wp\/v2\/product_cat?post=3377"},{"taxonomy":"product_tag","embeddable":true,"href":"https:\/\/babypillowwholesale.com\/cs\/wp-json\/wp\/v2\/product_tag?post=3377"}],"curies":[{"name":"wp","href":"https:\/\/api.w.org\/{rel}","templated":true}]}}