{"id":3357,"date":"2025-04-05T16:41:52","date_gmt":"2025-04-05T16:41:52","guid":{"rendered":"https:\/\/babypillowwholesale.com\/?post_type=product&#038;p=3357"},"modified":"2025-06-08T11:33:56","modified_gmt":"2025-06-08T11:33:56","slug":"cartoon-infant-pillow","status":"publish","type":"product","link":"https:\/\/babypillowwholesale.com\/cs\/product\/cartoon-infant-pillow\/","title":{"rendered":"Kreslen\u00fd kojeneck\u00fd pol\u0161t\u00e1\u0159"},"content":{"rendered":"<div class=\"auto-hide-last-sibling-br paragraph-qzbcQC paragraph-element br-paragraph-space\" data-immersive-translate-walked=\"8e61f2e7-6af2-46e5-9672-3b9e4f4033d9\" data-immersive-translate-paragraph=\"1\">\n<div class=\"auto-hide-last-sibling-br paragraph-qzbcQC paragraph-element br-paragraph-space\">\n<div class=\"auto-hide-last-sibling-br paragraph-qzbcQC paragraph-element br-paragraph-space\">\n<div class=\"auto-hide-last-sibling-br paragraph-qzbcQC paragraph-element br-paragraph-space\">\n<div class=\"auto-hide-last-sibling-br paragraph-qzbcQC paragraph-element br-paragraph-space\">\n<div class=\"auto-hide-last-sibling-br paragraph-qzbcQC paragraph-element br-paragraph-space\">\n<div class=\"auto-hide-last-sibling-br paragraph-qzbcQC paragraph-element br-paragraph-space\">\n<div class=\"auto-hide-last-sibling-br paragraph-qzbcQC paragraph-element br-paragraph-space\">\n<div class=\"auto-hide-last-sibling-br paragraph-qzbcQC paragraph-element br-paragraph-space\">\n<div class=\"auto-hide-last-sibling-br paragraph-qzbcQC paragraph-element br-paragraph-space\">\n<div class=\"auto-hide-last-sibling-br paragraph-qzbcQC paragraph-element br-paragraph-space\">\n<div class=\"auto-hide-last-sibling-br paragraph-qzbcQC paragraph-element br-paragraph-space\">\n<div class=\"auto-hide-last-sibling-br paragraph-qzbcQC paragraph-element br-paragraph-space\">\n<div class=\"auto-hide-last-sibling-br paragraph-qzbcQC paragraph-element br-paragraph-space\">\n<div class=\"auto-hide-last-sibling-br paragraph-qzbcQC paragraph-element br-paragraph-space\">\n<div class=\"auto-hide-last-sibling-br paragraph-qzbcQC paragraph-element br-paragraph-space\">\n<div class=\"auto-hide-last-sibling-br paragraph-qzbcQC paragraph-element br-paragraph-space\">\n<div class=\"auto-hide-last-sibling-br paragraph-qzbcQC paragraph-element br-paragraph-space\">P\u0159edstavujeme v\u00e1m pol\u0161t\u00e1\u0159ek Cartoon Infant Pillow, rozko\u0161n\u00e9ho spole\u010dn\u00edka na span\u00ed, kter\u00fd byl vytvo\u0159en speci\u00e1ln\u011b pro d\u011bti od 1 do 3 let. Tento pol\u0161t\u00e1\u0159ek je port\u00e1lem do sv\u011bta rozmar\u016f a p\u0159edstavuje dv\u011b neodolateln\u011b roztomil\u00e9 kreslen\u00e9 postavi\u010dky. Na r\u016f\u017eov\u00e9m pol\u0161t\u00e1\u0159i je vyobrazen kr\u00e1l\u00ed\u010dek Love Bunny s velk\u00fdma, v\u00fdrazn\u00fdma o\u010dima a mil\u00fdm, p\u0159\u00e1telsk\u00fdm \u00fasm\u011bvem, zat\u00edmco na modr\u00e9m pol\u0161t\u00e1\u0159i je tygr, kter\u00fd vyza\u0159uje hrav\u00e9 kouzlo.<\/div>\n<p>&nbsp;<\/p>\n<div class=\"auto-hide-last-sibling-br paragraph-qzbcQC paragraph-element br-paragraph-space\">M\u011b\u0159en\u00ed 40*<em>24*<\/em>3CM je odborn\u011b navr\u017eena tak, aby poskytovala optim\u00e1ln\u00ed oporu pro hlavu a krk d\u00edt\u011bte. Kdy\u017e se d\u00edt\u011b na noc zachuml\u00e1 do pol\u0161t\u00e1\u0159e, pol\u0161t\u00e1\u0159 ho jemn\u011b kol\u00e9b\u00e1 a podporuje pohodlnou a zdravou polohu p\u0159i sp\u00e1nku. Je vyroben z luxusn\u011b m\u011bkk\u00fdch materi\u00e1l\u016f a nab\u00edz\u00ed sametov\u011b hebk\u00fd dotek, kter\u00fd va\u0161e d\u011b\u0165\u00e1tko uklidn\u00ed a vytvo\u0159\u00ed mu o\u00e1zu klidu pro klidn\u00fd sp\u00e1nek.<\/div>\n<p>&nbsp;<\/p>\n<div class=\"auto-hide-last-sibling-br paragraph-qzbcQC paragraph-element br-paragraph-space\">Tyto pol\u0161t\u00e1\u0159e jsou nejen funk\u010dn\u00ed, ale tak\u00e9 \u017eiv\u00fdm dopl\u0148kem ka\u017ed\u00e9ho d\u011btsk\u00e9ho pokoje. Kontrastn\u00ed r\u016f\u017eov\u00e1 a modr\u00e1 barva v kombinaci s okouzluj\u00edc\u00edmi postavi\u010dkami dod\u00e1vaj\u00ed pol\u0161t\u00e1\u0159\u016fm radost a osobitost. P\u0159edstavte si sv\u00e9 d\u00edt\u011b p\u0159ed span\u00edm, jak se mu rozz\u00e1\u0159\u00ed o\u010di, kdy\u017e si vybere mezi milovan\u00fdm zaj\u00ed\u010dkem Love a state\u010dn\u00fdm tygrem. Stane se z n\u011bj v\u00edc ne\u017e jen pol\u0161t\u00e1\u0159; je zdrojem pohodl\u00ed, bezpe\u010d\u00ed a p\u0159edstavivosti. B\u011bhem dne se tyto pol\u0161t\u00e1\u0159e mohou prom\u011bnit v rekvizity pro hran\u00ed, p\u0159ipojit se k p\u0159edst\u00edran\u00fdm dobrodru\u017estv\u00edm nebo poskytnout m\u011bkk\u00e9 m\u00edsto pro improvizovan\u00e9 zd\u0159\u00edmnut\u00ed na podlaze ob\u00fdvac\u00edho pokoje.<\/div>\n<p>&nbsp;<\/p>\n<div class=\"auto-hide-last-sibling-br paragraph-qzbcQC paragraph-element br-paragraph-space\">Rodi\u010de si tyto n\u00e1dhern\u00e9 pol\u0161t\u00e1\u0159e pochvaluj\u00ed. \"M\u016fj dvoulet\u00fd syn je t\u011bmito pol\u0161t\u00e1\u0159ky Cartoon Infant posedl\u00fd! R\u00e1di si vyb\u00edraj\u00ed, se kter\u00fdm budou ka\u017edou noc sp\u00e1t. Jejich m\u011bkkost je \u00fa\u017easn\u00e1 a d\u00edky roztomil\u00fdm vzor\u016fm je s nimi p\u0159ed span\u00edm mnohem v\u011bt\u0161\u00ed z\u00e1bava,\" pod\u011blila se o sv\u00e9 dojmy jedna z radostn\u00fdch maminek. Jeden z tat\u00ednk\u016f dodal: \"L\u00edb\u00ed se n\u00e1m, jak tyto pol\u0161t\u00e1\u0159e dod\u00e1vaj\u00ed na\u0161emu d\u00edt\u011bti do pokoje charakter. Jsou tak\u00e9 odoln\u00e9, vydr\u017e\u00ed v\u0161echna objet\u00ed a drsn\u00e9 chov\u00e1n\u00ed. Skv\u011bl\u00fd n\u00e1lez!\"<\/div>\n<p>&nbsp;<\/p>\n<div class=\"auto-hide-last-sibling-br paragraph-qzbcQC paragraph-element br-paragraph-space\">Pol\u0161t\u00e1\u0159 Cartoon Infant je v podstat\u011b harmonickou kombinac\u00ed pohodl\u00ed, roztomilosti a funk\u010dnosti. Nen\u00ed to jen l\u016f\u017ekovina, je to cen\u011bn\u00e1 sou\u010d\u00e1st ka\u017edodenn\u00edho \u017eivota va\u0161eho d\u00edt\u011bte, kter\u00e1 vnese do ka\u017ed\u00e9ho okam\u017eiku \u0161petku kouzla inspirovan\u00e9ho kreslen\u00fdm filmem.<\/div>\n<\/div>\n<\/div>\n<\/div>\n<\/div>\n<\/div>\n<\/div>\n<\/div>\n<\/div>\n<\/div>\n<\/div>\n<\/div>\n<\/div>\n<\/div>\n<\/div>\n<\/div>\n<\/div>\n<\/div>","protected":false},"excerpt":{"rendered":"<div class=\"container-QE4ayg\">\n<div class=\"item-jU10IN\">\n<div class=\"container-jODEnh chrome70-container\">\n<div class=\"inner-eE95c9 inner-item-aL3Ui_\" data-target-id=\"message-box-target-id\" data-testid=\"union_message\">\n<div class=\"message-block-container-liuetz\" data-testid=\"message-block-container\">\n<div class=\"message-box-ZWbBdF\" data-testid=\"receive_message\">\n<div class=\"message-box-content-wrapper-srHdUj\">\n<div class=\"message-content message-box-content-otxGGw receive-message-box-content-_lREFj samantha-message-box-content-Qjmpja\" data-testid=\"message_content\">\n<div class=\"container-hfX5E8 flow-markdown-body theme-samantha-yJEgBp\" dir=\"ltr\" data-testid=\"message_text_content\" data-show-indicator=\"false\">\n<div class=\"auto-hide-last-sibling-br paragraph-qzbcQC paragraph-element br-paragraph-space\">\n<div class=\"container-QE4ayg\">\n<div class=\"item-jU10IN\">\n<div class=\"container-jODEnh chrome70-container\">\n<div class=\"inner-eE95c9 inner-item-aL3Ui_\" data-target-id=\"message-box-target-id\" data-testid=\"union_message\">\n<div class=\"message-block-container-liuetz\" data-testid=\"message-block-container\">\n<div class=\"message-box-ZWbBdF\" data-testid=\"receive_message\">\n<div class=\"message-box-content-wrapper-srHdUj\">\n<div class=\"message-content message-box-content-otxGGw receive-message-box-content-_lREFj samantha-message-box-content-Qjmpja\" data-testid=\"message_content\">\n<div class=\"container-hfX5E8 flow-markdown-body theme-samantha-yJEgBp\" dir=\"ltr\" data-testid=\"message_text_content\" data-show-indicator=\"false\">\n<div class=\"auto-hide-last-sibling-br paragraph-qzbcQC paragraph-element br-paragraph-space\">Kreslen\u00fd kojeneck\u00fd pol\u0161t\u00e1\u0159ek je okouzluj\u00edc\u00ed dopln\u011bk na span\u00ed ur\u010den\u00fd pro d\u011bti ve v\u011bku 1 - 3 roky. Jeho design tvo\u0159\u00ed dv\u011b roztomil\u00e9 kreslen\u00e9 postavi\u010dky - kr\u00e1l\u00ed\u010dek Love Bunny na r\u016f\u017eov\u00e9m pol\u0161t\u00e1\u0159i a tyg\u0159\u00edk na modr\u00e9m pol\u0161t\u00e1\u0159i, z nich\u017e ka\u017ed\u00e1 m\u00e1 sv\u016fj osobit\u00fd a roztomil\u00fd v\u00fdraz. Rozm\u011bry 40*<em>24*<\/em>3 cm, poskytuje vhodnou oporu pro hlavu a krk d\u00edt\u011bte b\u011bhem sp\u00e1nku. Je vyrobena z m\u011bkk\u00fdch materi\u00e1l\u016f a nab\u00edz\u00ed jemn\u00fd a p\u0159\u00edjemn\u00fd dotek. Tyto pol\u0161t\u00e1\u0159e nejen\u017ee pom\u00e1haj\u00ed zajistit pohodln\u00fd sp\u00e1nek va\u0161eho d\u011b\u0165\u00e1tka, ale tak\u00e9 dod\u00e1vaj\u00ed jeho lo\u017enici n\u00e1dech z\u00e1bavy a barev, a zp\u0159\u00edjem\u0148uj\u00ed tak \u010das sp\u00e1nku. R\u016fzn\u00e9 mo\u017enosti barev a postavi\u010dek umo\u017e\u0148uj\u00ed personalizaci, kter\u00e1 vyhov\u00ed preferenc\u00edm va\u0161eho d\u00edt\u011bte.<\/div>\n<\/div>\n<\/div>\n<\/div>\n<\/div>\n<\/div>\n<\/div>\n<\/div>\n<\/div>\n<\/div>\n<\/div>\n<\/div>\n<\/div>\n<\/div>\n<\/div>\n<\/div>\n<\/div>\n<\/div>\n<\/div>\n<\/div>","protected":false},"featured_media":3358,"comment_status":"open","ping_status":"closed","template":"","meta":{"_uag_custom_page_level_css":"","site-sidebar-layout":"default","site-content-layout":"","ast-site-content-layout":"default","site-content-style":"default","site-sidebar-style":"default","ast-global-header-display":"","ast-banner-title-visibility":"","ast-main-header-display":"","ast-hfb-above-header-display":"","ast-hfb-below-header-display":"","ast-hfb-mobile-header-display":"","site-post-title":"","ast-breadcrumbs-content":"","ast-featured-img":"","footer-sml-layout":"","ast-disable-related-posts":"","theme-transparent-header-meta":"default","adv-header-id-meta":"","stick-header-meta":"","header-above-stick-meta":"","header-main-stick-meta":"","header-below-stick-meta":"","astra-migrate-meta-layouts":"set","ast-page-background-enabled":"default","ast-page-background-meta":{"desktop":{"background-color":"","background-image":"","background-repeat":"repeat","background-position":"center center","background-size":"auto","background-attachment":"scroll","background-type":"","background-media":"","overlay-type":"","overlay-color":"","overlay-opacity":"","overlay-gradient":""},"tablet":{"background-color":"","background-image":"","background-repeat":"repeat","background-position":"center center","background-size":"auto","background-attachment":"scroll","background-type":"","background-media":"","overlay-type":"","overlay-color":"","overlay-opacity":"","overlay-gradient":""},"mobile":{"background-color":"","background-image":"","background-repeat":"repeat","background-position":"center center","background-size":"auto","background-attachment":"scroll","background-type":"","background-media":"","overlay-type":"","overlay-color":"","overlay-opacity":"","overlay-gradient":""}},"ast-content-background-meta":{"desktop":{"background-color":"var(--ast-global-color-5)","background-image":"","background-repeat":"repeat","background-position":"center center","background-size":"auto","background-attachment":"scroll","background-type":"","background-media":"","overlay-type":"","overlay-color":"","overlay-opacity":"","overlay-gradient":""},"tablet":{"background-color":"var(--ast-global-color-5)","background-image":"","background-repeat":"repeat","background-position":"center center","background-size":"auto","background-attachment":"scroll","background-type":"","background-media":"","overlay-type":"","overlay-color":"","overlay-opacity":"","overlay-gradient":""},"mobile":{"background-color":"var(--ast-global-color-5)","background-image":"","background-repeat":"repeat","background-position":"center center","background-size":"auto","background-attachment":"scroll","background-type":"","background-media":"","overlay-type":"","overlay-color":"","overlay-opacity":"","overlay-gradient":""}}},"product_brand":[],"product_cat":[56,42],"product_tag":[70,68,71,69],"class_list":{"0":"post-3357","1":"product","2":"type-product","3":"status-publish","4":"has-post-thumbnail","6":"product_cat-1-to-3-years","7":"product_cat-merchandise","8":"product_tag-babypillow","9":"product_tag-cuteanimalpillow","10":"product_tag-headshapesupport","11":"product_tag-kouniushapingpillow","12":"desktop-align-left","13":"tablet-align-left","14":"mobile-align-left","16":"first","17":"instock","18":"shipping-taxable","19":"product-type-simple"},"aioseo_notices":[],"uagb_featured_image_src":{"full":["https:\/\/babypillowwholesale.com\/wp-content\/uploads\/2025\/04\/\u4ea7\u54c1\u4e3b\u56fe-10.jpg",1000,1000,false],"thumbnail":["https:\/\/babypillowwholesale.com\/wp-content\/uploads\/2025\/04\/\u4ea7\u54c1\u4e3b\u56fe-10-150x150.jpg",150,150,true],"medium":["https:\/\/babypillowwholesale.com\/wp-content\/uploads\/2025\/04\/\u4ea7\u54c1\u4e3b\u56fe-10-300x300.jpg",300,300,true],"medium_large":["https:\/\/babypillowwholesale.com\/wp-content\/uploads\/2025\/04\/\u4ea7\u54c1\u4e3b\u56fe-10-768x768.jpg",768,768,true],"large":["https:\/\/babypillowwholesale.com\/wp-content\/uploads\/2025\/04\/\u4ea7\u54c1\u4e3b\u56fe-10.jpg",1000,1000,false],"1536x1536":["https:\/\/babypillowwholesale.com\/wp-content\/uploads\/2025\/04\/\u4ea7\u54c1\u4e3b\u56fe-10.jpg",1000,1000,false],"2048x2048":["https:\/\/babypillowwholesale.com\/wp-content\/uploads\/2025\/04\/\u4ea7\u54c1\u4e3b\u56fe-10.jpg",1000,1000,false],"trp-custom-language-flag":["https:\/\/babypillowwholesale.com\/wp-content\/uploads\/2025\/04\/\u4ea7\u54c1\u4e3b\u56fe-10.jpg",12,12,false],"woocommerce_thumbnail":["https:\/\/babypillowwholesale.com\/wp-content\/uploads\/2025\/04\/\u4ea7\u54c1\u4e3b\u56fe-10-300x300.jpg",300,300,true],"woocommerce_single":["https:\/\/babypillowwholesale.com\/wp-content\/uploads\/2025\/04\/\u4ea7\u54c1\u4e3b\u56fe-10-600x600.jpg",600,600,true],"woocommerce_gallery_thumbnail":["https:\/\/babypillowwholesale.com\/wp-content\/uploads\/2025\/04\/\u4ea7\u54c1\u4e3b\u56fe-10-100x100.jpg",100,100,true]},"uagb_author_info":{"display_name":"Etnen zhong","author_link":"https:\/\/babypillowwholesale.com\/cs\/author\/"},"uagb_comment_info":0,"uagb_excerpt":"The Cartoon Infant Pillow is a charming sleep accessory designed for children aged 1 - 3 years. Its design features two adorable cartoon characters - a Love Bunny on the pink pillow and a Tiger on the blue one, each with a distinct and endearing expression. Measuring 40*24*3CM, it provides suitable support for a child's&hellip;","jetpack_sharing_enabled":true,"_links":{"self":[{"href":"https:\/\/babypillowwholesale.com\/cs\/wp-json\/wp\/v2\/product\/3357","targetHints":{"allow":["GET"]}}],"collection":[{"href":"https:\/\/babypillowwholesale.com\/cs\/wp-json\/wp\/v2\/product"}],"about":[{"href":"https:\/\/babypillowwholesale.com\/cs\/wp-json\/wp\/v2\/types\/product"}],"replies":[{"embeddable":true,"href":"https:\/\/babypillowwholesale.com\/cs\/wp-json\/wp\/v2\/comments?post=3357"}],"wp:featuredmedia":[{"embeddable":true,"href":"https:\/\/babypillowwholesale.com\/cs\/wp-json\/wp\/v2\/media\/3358"}],"wp:attachment":[{"href":"https:\/\/babypillowwholesale.com\/cs\/wp-json\/wp\/v2\/media?parent=3357"}],"wp:term":[{"taxonomy":"product_brand","embeddable":true,"href":"https:\/\/babypillowwholesale.com\/cs\/wp-json\/wp\/v2\/product_brand?post=3357"},{"taxonomy":"product_cat","embeddable":true,"href":"https:\/\/babypillowwholesale.com\/cs\/wp-json\/wp\/v2\/product_cat?post=3357"},{"taxonomy":"product_tag","embeddable":true,"href":"https:\/\/babypillowwholesale.com\/cs\/wp-json\/wp\/v2\/product_tag?post=3357"}],"curies":[{"name":"wp","href":"https:\/\/api.w.org\/{rel}","templated":true}]}}