{"id":3354,"date":"2025-04-05T16:35:59","date_gmt":"2025-04-05T16:35:59","guid":{"rendered":"https:\/\/babypillowwholesale.com\/?post_type=product&#038;p=3354"},"modified":"2025-06-08T11:35:20","modified_gmt":"2025-06-08T11:35:20","slug":"hydrophilic-sponge-infant-pillow-2","status":"publish","type":"product","link":"https:\/\/babypillowwholesale.com\/cs\/product\/hydrophilic-sponge-infant-pillow-2\/","title":{"rendered":"Hydrofiln\u00ed houbov\u00fd kojeneck\u00fd pol\u0161t\u00e1\u0159"},"content":{"rendered":"<div class=\"auto-hide-last-sibling-br paragraph-qzbcQC paragraph-element br-paragraph-space\" data-immersive-translate-walked=\"8e61f2e7-6af2-46e5-9672-3b9e4f4033d9\" data-immersive-translate-paragraph=\"1\">\n<div class=\"auto-hide-last-sibling-br paragraph-qzbcQC paragraph-element br-paragraph-space\">\n<div class=\"auto-hide-last-sibling-br paragraph-qzbcQC paragraph-element br-paragraph-space\">\n<div class=\"auto-hide-last-sibling-br paragraph-qzbcQC paragraph-element br-paragraph-space\">\n<div class=\"auto-hide-last-sibling-br paragraph-qzbcQC paragraph-element br-paragraph-space\">\n<div class=\"auto-hide-last-sibling-br paragraph-qzbcQC paragraph-element br-paragraph-space\">\n<div class=\"auto-hide-last-sibling-br paragraph-qzbcQC paragraph-element br-paragraph-space\">\n<div class=\"auto-hide-last-sibling-br paragraph-qzbcQC paragraph-element br-paragraph-space\">\n<div class=\"auto-hide-last-sibling-br paragraph-qzbcQC paragraph-element br-paragraph-space\">\n<div class=\"auto-hide-last-sibling-br paragraph-qzbcQC paragraph-element br-paragraph-space\">\n<div class=\"auto-hide-last-sibling-br paragraph-qzbcQC paragraph-element br-paragraph-space\">\n<div class=\"auto-hide-last-sibling-br paragraph-qzbcQC paragraph-element br-paragraph-space\">\n<div class=\"auto-hide-last-sibling-br paragraph-qzbcQC paragraph-element br-paragraph-space\">\n<div class=\"auto-hide-last-sibling-br paragraph-qzbcQC paragraph-element br-paragraph-space\">\n<div class=\"auto-hide-last-sibling-br paragraph-qzbcQC paragraph-element br-paragraph-space\">\n<div class=\"auto-hide-last-sibling-br paragraph-qzbcQC paragraph-element br-paragraph-space\">\n<div class=\"auto-hide-last-sibling-br paragraph-qzbcQC paragraph-element br-paragraph-space\">P\u0159edstavujeme hydrofiln\u00ed houbov\u00fd kojeneck\u00fd pol\u0161t\u00e1\u0159, okouzluj\u00edc\u00ed a nezbytnou pom\u016fcku pro sp\u00e1nek p\u0159izp\u016fsobenou d\u011btem ve v\u011bku 1 a\u017e 3 roky. Je pe\u010dliv\u011b vyroben z vysoce kvalitn\u00ed hydrofiln\u00ed houby, je sametov\u011b hebk\u00fd a jemn\u00fd na dotek a vytv\u00e1\u0159\u00ed o\u00e1zu pohodl\u00ed, kter\u00e1 va\u0161e d\u011b\u0165\u00e1tko ukol\u00e9b\u00e1 do klidn\u00e9ho sp\u00e1nku.<\/div>\n<p>&nbsp;<\/p>\n<div class=\"auto-hide-last-sibling-br paragraph-qzbcQC paragraph-element br-paragraph-space\">Design pol\u0161t\u00e1\u0159e inspirovan\u00fd neodolateln\u011b roztomil\u00fdm pras\u00e1tkem je symfoni\u00ed roztomilosti. Jeho jemn\u00e9 u\u0161i, dokonale kulat\u00fd nos a sladce \u010dervenaj\u00edc\u00ed se tv\u00e1\u0159i\u010dky vyvol\u00e1vaj\u00ed pocit v\u0159elosti a hravosti, tak\u017ee si ho va\u0161e d\u00edt\u011b okam\u017eit\u011b obl\u00edb\u00ed. Rozm\u011bry 40*<em>24*<\/em>3 cm, poskytuje optim\u00e1ln\u00ed oporu hlavy a krku a podporuje zdrav\u00e9 a pohodln\u00e9 dr\u017een\u00ed t\u011bla p\u0159i sp\u00e1nku.<\/div>\n<p>&nbsp;<\/p>\n<div class=\"auto-hide-last-sibling-br paragraph-qzbcQC paragraph-element br-paragraph-space\">Je k dispozici v n\u00e1dhern\u00fdch odst\u00ednech r\u016f\u017eov\u00e9 a zelen\u00e9 a bez probl\u00e9m\u016f dopln\u00ed v\u00fdzdobu ka\u017ed\u00e9ho d\u011btsk\u00e9ho pokoje a dod\u00e1 mu barevn\u00fd n\u00e1dech a kouzlo. P\u0159edstavte si sv\u00e9 d\u00edt\u011b, jak se p\u0159ed span\u00edm tul\u00ed k tomuto roztomil\u00e9mu pol\u0161t\u00e1\u0159i. Stane se jejich d\u016fv\u011brn\u00fdm p\u0159\u00edtelem, kter\u00fd jim poskytne pocit bezpe\u010d\u00ed a pohodl\u00ed, a pom\u016f\u017ee jim tak snadno usnout. P\u0159es den m\u016f\u017ee slou\u017eit jako hrav\u00e1 rekvizita p\u0159i jejich n\u00e1padit\u00fdch hr\u00e1ch nebo jako m\u011bkk\u00e9 m\u00edsto k odpo\u010dinku p\u0159i rychl\u00e9m zd\u0159\u00edmnut\u00ed na podlaze v ob\u00fdvac\u00edm pokoji.<\/div>\n<p>&nbsp;<\/p>\n<div class=\"auto-hide-last-sibling-br paragraph-qzbcQC paragraph-element br-paragraph-space\">Rodi\u010de si tento n\u00e1dhern\u00fd pol\u0161t\u00e1\u0159 pochvaluj\u00ed. \"M\u016fj dvoulet\u00fd syn tento pol\u0161t\u00e1\u0159 ve tvaru pras\u00e1tka naprosto zbo\u017e\u0148uje! Je tak m\u011bkk\u00fd a d\u00edky roztomil\u00e9mu designu je ozdobou jejich sp\u00e1nku. Stal se nezbytnou sou\u010d\u00e1st\u00ed jejich sp\u00e1nkov\u00e9 rutiny,\" pod\u011blila se o sv\u00e9 dojmy jedna ze spokojen\u00fdch maminek. Jeden z tat\u00ednk\u016f dodal: \"L\u00edb\u00ed se n\u00e1m, jak dod\u00e1v\u00e1 na\u0161emu d\u00edt\u011bti do pokoje n\u00e1dech roztomilosti. Je tak\u00e9 odoln\u00fd, vydr\u017e\u00ed v\u0161echna objet\u00ed a h\u00e1zen\u00ed. Ur\u010dit\u011b skv\u011bl\u00e1 investice!\"<\/div>\n<p>&nbsp;<\/p>\n<div class=\"auto-hide-last-sibling-br paragraph-qzbcQC paragraph-element br-paragraph-space\">Hydrofiln\u00ed houbov\u00fd kojeneck\u00fd pol\u0161t\u00e1\u0159 je v podstat\u011b v\u00edc ne\u017e jen l\u016f\u017ekovina; je to cen\u011bn\u00fd spole\u010dn\u00edk, kter\u00fd obohacuje ka\u017ed\u00fd vz\u00e1cn\u00fd okam\u017eik prvn\u00edch let \u017eivota va\u0161eho d\u00edt\u011bte, proto\u017ee v sob\u011b plynule spojuje pohodl\u00ed, roztomilost a funk\u010dnost.<\/div>\n<\/div>\n<\/div>\n<\/div>\n<\/div>\n<\/div>\n<\/div>\n<\/div>\n<\/div>\n<\/div>\n<\/div>\n<\/div>\n<\/div>\n<\/div>\n<\/div>\n<\/div>\n<\/div>","protected":false},"excerpt":{"rendered":"<div class=\"container-QE4ayg\">\n<div class=\"item-jU10IN\">\n<div class=\"container-jODEnh chrome70-container\">\n<div class=\"inner-eE95c9 inner-item-aL3Ui_\" data-target-id=\"message-box-target-id\" data-testid=\"union_message\">\n<div class=\"message-block-container-liuetz\" data-testid=\"message-block-container\">\n<div class=\"message-box-ZWbBdF\" data-testid=\"receive_message\">\n<div class=\"message-box-content-wrapper-srHdUj\">\n<div class=\"message-content message-box-content-otxGGw receive-message-box-content-_lREFj samantha-message-box-content-Qjmpja\" data-testid=\"message_content\">\n<div class=\"container-hfX5E8 flow-markdown-body theme-samantha-yJEgBp\" dir=\"ltr\" data-testid=\"message_text_content\" data-show-indicator=\"false\">\n<div class=\"auto-hide-last-sibling-br paragraph-qzbcQC paragraph-element br-paragraph-space\">\n<div class=\"container-QE4ayg\">\n<div class=\"item-jU10IN\">\n<div class=\"container-jODEnh chrome70-container\">\n<div class=\"inner-eE95c9 inner-item-aL3Ui_\" data-target-id=\"message-box-target-id\" data-testid=\"union_message\">\n<div class=\"message-block-container-liuetz\" data-testid=\"message-block-container\">\n<div class=\"message-box-ZWbBdF\" data-testid=\"receive_message\">\n<div class=\"message-box-content-wrapper-srHdUj\">\n<div class=\"message-content message-box-content-otxGGw receive-message-box-content-_lREFj samantha-message-box-content-Qjmpja\" data-testid=\"message_content\">\n<div class=\"container-hfX5E8 flow-markdown-body theme-samantha-yJEgBp\" dir=\"ltr\" data-testid=\"message_text_content\" data-show-indicator=\"false\">\n<div class=\"auto-hide-last-sibling-br paragraph-qzbcQC paragraph-element br-paragraph-space\">Hydrofiln\u00ed houbov\u00fd kojeneck\u00fd pol\u0161t\u00e1\u0159 je ide\u00e1ln\u00edm spole\u010dn\u00edkem na span\u00ed pro d\u011bti od 1 do 3 let. Je vyroben z hydrofiln\u00ed houby, nab\u00edz\u00ed m\u011bkk\u00fd a jemn\u00fd dotek a zajist\u00ed va\u0161emu d\u011b\u0165\u00e1tku pohodln\u00fd a \u00fatuln\u00fd sp\u00e1nek. Jeho design je inspirov\u00e1n roztomil\u00fdm pras\u00e1tkem, s rozko\u0161n\u00fdmi rysy, jako jsou mal\u00e1 ou\u0161ka, kulat\u00fd nos a \u010dervenaj\u00edc\u00ed se tv\u00e1\u0159e, co\u017e mu dod\u00e1v\u00e1 okouzluj\u00edc\u00ed a hrav\u00fd prvek. Rozm\u011bry: 40*<em>24*<\/em>3 cm, poskytuje spr\u00e1vnou oporu pro hlavu a krk. Je k dispozici v r\u016f\u017eov\u00e9 a zelen\u00e9 barv\u011b, tak\u017ee se hod\u00ed k r\u016fzn\u00fdm dekor\u016fm d\u011btsk\u00fdch pokoj\u016f. Tento pol\u0161t\u00e1\u0159ek nejen pom\u00e1h\u00e1 va\u0161emu d\u00edt\u011bti u\u017e\u00edt si klidn\u00fd sp\u00e1nek, ale tak\u00e9 dod\u00e1v\u00e1 jeho sp\u00e1nku n\u00e1dech tepla a roztomilosti.<\/div>\n<\/div>\n<\/div>\n<\/div>\n<\/div>\n<\/div>\n<\/div>\n<\/div>\n<\/div>\n<\/div>\n<\/div>\n<\/div>\n<\/div>\n<\/div>\n<\/div>\n<\/div>\n<\/div>\n<\/div>\n<\/div>\n<\/div>","protected":false},"featured_media":3355,"comment_status":"open","ping_status":"closed","template":"","meta":{"_uag_custom_page_level_css":"","site-sidebar-layout":"default","site-content-layout":"","ast-site-content-layout":"default","site-content-style":"default","site-sidebar-style":"default","ast-global-header-display":"","ast-banner-title-visibility":"","ast-main-header-display":"","ast-hfb-above-header-display":"","ast-hfb-below-header-display":"","ast-hfb-mobile-header-display":"","site-post-title":"","ast-breadcrumbs-content":"","ast-featured-img":"","footer-sml-layout":"","ast-disable-related-posts":"","theme-transparent-header-meta":"default","adv-header-id-meta":"","stick-header-meta":"","header-above-stick-meta":"","header-main-stick-meta":"","header-below-stick-meta":"","astra-migrate-meta-layouts":"set","ast-page-background-enabled":"default","ast-page-background-meta":{"desktop":{"background-color":"","background-image":"","background-repeat":"repeat","background-position":"center center","background-size":"auto","background-attachment":"scroll","background-type":"","background-media":"","overlay-type":"","overlay-color":"","overlay-opacity":"","overlay-gradient":""},"tablet":{"background-color":"","background-image":"","background-repeat":"repeat","background-position":"center center","background-size":"auto","background-attachment":"scroll","background-type":"","background-media":"","overlay-type":"","overlay-color":"","overlay-opacity":"","overlay-gradient":""},"mobile":{"background-color":"","background-image":"","background-repeat":"repeat","background-position":"center center","background-size":"auto","background-attachment":"scroll","background-type":"","background-media":"","overlay-type":"","overlay-color":"","overlay-opacity":"","overlay-gradient":""}},"ast-content-background-meta":{"desktop":{"background-color":"var(--ast-global-color-5)","background-image":"","background-repeat":"repeat","background-position":"center center","background-size":"auto","background-attachment":"scroll","background-type":"","background-media":"","overlay-type":"","overlay-color":"","overlay-opacity":"","overlay-gradient":""},"tablet":{"background-color":"var(--ast-global-color-5)","background-image":"","background-repeat":"repeat","background-position":"center center","background-size":"auto","background-attachment":"scroll","background-type":"","background-media":"","overlay-type":"","overlay-color":"","overlay-opacity":"","overlay-gradient":""},"mobile":{"background-color":"var(--ast-global-color-5)","background-image":"","background-repeat":"repeat","background-position":"center center","background-size":"auto","background-attachment":"scroll","background-type":"","background-media":"","overlay-type":"","overlay-color":"","overlay-opacity":"","overlay-gradient":""}}},"product_brand":[],"product_cat":[56,42],"product_tag":[70,68,71,69],"class_list":{"0":"post-3354","1":"product","2":"type-product","3":"status-publish","4":"has-post-thumbnail","6":"product_cat-1-to-3-years","7":"product_cat-merchandise","8":"product_tag-babypillow","9":"product_tag-cuteanimalpillow","10":"product_tag-headshapesupport","11":"product_tag-kouniushapingpillow","12":"desktop-align-left","13":"tablet-align-left","14":"mobile-align-left","16":"first","17":"instock","18":"shipping-taxable","19":"product-type-simple"},"aioseo_notices":[],"uagb_featured_image_src":{"full":["https:\/\/babypillowwholesale.com\/wp-content\/uploads\/2025\/04\/1617.jpg",1000,1000,false],"thumbnail":["https:\/\/babypillowwholesale.com\/wp-content\/uploads\/2025\/04\/1617-150x150.jpg",150,150,true],"medium":["https:\/\/babypillowwholesale.com\/wp-content\/uploads\/2025\/04\/1617-300x300.jpg",300,300,true],"medium_large":["https:\/\/babypillowwholesale.com\/wp-content\/uploads\/2025\/04\/1617-768x768.jpg",768,768,true],"large":["https:\/\/babypillowwholesale.com\/wp-content\/uploads\/2025\/04\/1617.jpg",1000,1000,false],"1536x1536":["https:\/\/babypillowwholesale.com\/wp-content\/uploads\/2025\/04\/1617.jpg",1000,1000,false],"2048x2048":["https:\/\/babypillowwholesale.com\/wp-content\/uploads\/2025\/04\/1617.jpg",1000,1000,false],"trp-custom-language-flag":["https:\/\/babypillowwholesale.com\/wp-content\/uploads\/2025\/04\/1617.jpg",12,12,false],"woocommerce_thumbnail":["https:\/\/babypillowwholesale.com\/wp-content\/uploads\/2025\/04\/1617-300x300.jpg",300,300,true],"woocommerce_single":["https:\/\/babypillowwholesale.com\/wp-content\/uploads\/2025\/04\/1617-600x600.jpg",600,600,true],"woocommerce_gallery_thumbnail":["https:\/\/babypillowwholesale.com\/wp-content\/uploads\/2025\/04\/1617-100x100.jpg",100,100,true]},"uagb_author_info":{"display_name":"Etnen zhong","author_link":"https:\/\/babypillowwholesale.com\/cs\/author\/"},"uagb_comment_info":0,"uagb_excerpt":"The Hydrophilic Sponge Infant Pillow is an ideal sleep companion for children aged 1 - 3 years. Crafted from hydrophilic sponge, it offers a soft and gentle touch, ensuring a comfortable and cozy sleeping experience for your little one. Its design is inspired by a cute pig, with adorable features like small ears, a round&hellip;","jetpack_sharing_enabled":true,"_links":{"self":[{"href":"https:\/\/babypillowwholesale.com\/cs\/wp-json\/wp\/v2\/product\/3354","targetHints":{"allow":["GET"]}}],"collection":[{"href":"https:\/\/babypillowwholesale.com\/cs\/wp-json\/wp\/v2\/product"}],"about":[{"href":"https:\/\/babypillowwholesale.com\/cs\/wp-json\/wp\/v2\/types\/product"}],"replies":[{"embeddable":true,"href":"https:\/\/babypillowwholesale.com\/cs\/wp-json\/wp\/v2\/comments?post=3354"}],"wp:featuredmedia":[{"embeddable":true,"href":"https:\/\/babypillowwholesale.com\/cs\/wp-json\/wp\/v2\/media\/3355"}],"wp:attachment":[{"href":"https:\/\/babypillowwholesale.com\/cs\/wp-json\/wp\/v2\/media?parent=3354"}],"wp:term":[{"taxonomy":"product_brand","embeddable":true,"href":"https:\/\/babypillowwholesale.com\/cs\/wp-json\/wp\/v2\/product_brand?post=3354"},{"taxonomy":"product_cat","embeddable":true,"href":"https:\/\/babypillowwholesale.com\/cs\/wp-json\/wp\/v2\/product_cat?post=3354"},{"taxonomy":"product_tag","embeddable":true,"href":"https:\/\/babypillowwholesale.com\/cs\/wp-json\/wp\/v2\/product_tag?post=3354"}],"curies":[{"name":"wp","href":"https:\/\/api.w.org\/{rel}","templated":true}]}}