{"id":3351,"date":"2025-04-05T16:29:47","date_gmt":"2025-04-05T16:29:47","guid":{"rendered":"https:\/\/babypillowwholesale.com\/?post_type=product&#038;p=3351"},"modified":"2025-06-08T11:40:48","modified_gmt":"2025-06-08T11:40:48","slug":"hydrophilic-sponge-infant-contour-pillow","status":"publish","type":"product","link":"https:\/\/babypillowwholesale.com\/cs\/product\/hydrophilic-sponge-infant-contour-pillow\/","title":{"rendered":"Hydrofiln\u00ed houbov\u00fd pol\u0161t\u00e1\u0159 pro kojence"},"content":{"rendered":"<div class=\"inter-wlTS5w\">\n<div class=\"container-QE4ayg\">\n<div class=\"item-jU10IN\">\n<div class=\"container-jODEnh chrome70-container\">\n<div class=\"inner-eE95c9 inner-item-aL3Ui_\" data-target-id=\"message-box-target-id\" data-testid=\"union_message\">\n<div class=\"message-block-container-liuetz\" data-testid=\"message-block-container\">\n<div class=\"message-box-ZWbBdF\" data-testid=\"receive_message\">\n<div class=\"message-box-content-wrapper-srHdUj\">\n<div class=\"message-content message-box-content-otxGGw receive-message-box-content-_lREFj samantha-message-box-content-Qjmpja\" data-testid=\"message_content\">\n<div class=\"container-hfX5E8 flow-markdown-body theme-samantha-yJEgBp\" dir=\"ltr\" data-testid=\"message_text_content\" data-show-indicator=\"false\">\n<div class=\"auto-hide-last-sibling-br paragraph-qzbcQC paragraph-element br-paragraph-space\">P\u0159edstavujeme hydrofiln\u00ed houbov\u00fd pol\u0161t\u00e1\u0159ek Infant Contour Pillow, snov\u00e9ho spole\u010dn\u00edka na span\u00ed vytvo\u0159en\u00e9ho speci\u00e1ln\u011b pro d\u011bti ve v\u011bku 1-3 let. Je pe\u010dliv\u011b vyroben z vysoce kvalitn\u00ed hydrofiln\u00ed houby a nab\u00edz\u00ed sametov\u011b hebk\u00fd, na dotek p\u0159\u00edjemn\u00fd pol\u0161t\u00e1\u0159ek, kter\u00fd va\u0161e d\u011b\u0165\u00e1tko zahal\u00ed do sv\u011bta pohodl\u00ed.<\/div>\n<p>&nbsp;<\/p>\n<div class=\"auto-hide-last-sibling-br paragraph-qzbcQC paragraph-element br-paragraph-space\">Design pol\u0161t\u00e1\u0159e je rozmarn\u00e9 mistrovsk\u00e9 d\u00edlo s neodolateln\u011b roztomilou kreslenou postavi\u010dkou, kter\u00e1 jako by vysko\u010dila p\u0159\u00edmo z poh\u00e1dky. Jej\u00ed vesel\u00fd v\u00fdraz a hrav\u00e9 detaily vn\u00e1\u0161ej\u00ed pocit kouzla a radosti a d\u011blaj\u00ed z \u010dasu p\u0159ed span\u00edm netrp\u011bliv\u011b o\u010dek\u00e1van\u00e9 dobrodru\u017estv\u00ed.<\/div>\n<p>&nbsp;<\/p>\n<div class=\"auto-hide-last-sibling-br paragraph-qzbcQC paragraph-element br-paragraph-space\">M\u011b\u0159en\u00ed 43*<em>26*<\/em>3 cm, je ergonomicky navr\u017eena tak, aby poskytovala jedine\u010dnou oporu pro hlavu a krk d\u00edt\u011bte. Kdy\u017e us\u00ednaj\u00ed, jemn\u011b vyrovn\u00e1v\u00e1 jejich dr\u017een\u00ed t\u011bla a zaji\u0161\u0165uje jim klidn\u00fd a zdrav\u00fd sp\u00e1nek.<\/div>\n<p>&nbsp;<\/p>\n<div class=\"auto-hide-last-sibling-br paragraph-qzbcQC paragraph-element br-paragraph-space\">Je k dispozici v n\u00e1dhern\u00e9 palet\u011b barev Chubby Pink, Happy Dinosaur a Cute Green Shark, tak\u017ee bez probl\u00e9m\u016f dopln\u00ed v\u00fdzdobu ka\u017ed\u00e9ho d\u011btsk\u00e9ho pokoje a dod\u00e1 mu barevnost a charakter. P\u0159edstavte si sv\u00e9 d\u00edt\u011b, jak se p\u0159ed span\u00edm tul\u00ed k tomuto okouzluj\u00edc\u00edmu pol\u0161t\u00e1\u0159i. Stane se jejich spolehliv\u00fdm d\u016fv\u011brn\u00edkem, vstupenkou do \u0159\u00ed\u0161e sn\u016f pln\u00e9 p\u0159\u00e1telsk\u00fdch stvo\u0159en\u00ed a hebk\u00fdch obl\u00e1\u010dk\u016f. B\u011bhem dne se prom\u011bn\u00ed v pomocn\u00edka p\u0159i hran\u00ed, m\u011bkkou rekvizitu pro jejich n\u00e1padit\u00e9 eskap\u00e1dy nebo uklid\u0148uj\u00edc\u00edho kamar\u00e1da na mazlen\u00ed ve chv\u00edl\u00edch neklidu.<\/div>\n<p>&nbsp;<\/p>\n<div class=\"auto-hide-last-sibling-br paragraph-qzbcQC paragraph-element br-paragraph-space\">Rodi\u010de na n\u011bj p\u011bj\u00ed chv\u00e1lu. \"M\u016fj dvoulet\u00fd syn je z tohoto pol\u0161t\u00e1\u0159e nad\u0161en\u00fd! Jeho m\u011bkkost je bo\u017esk\u00e1 a d\u00edky roztomil\u00e9mu designu postavi\u010dek je span\u00ed hra\u010dka. Je to jako mal\u00fd kousek \u0161t\u011bst\u00ed,\" pod\u011blila se o sv\u00e9 dojmy jedna z maminek. Tat\u00ednek dodal: \"L\u00edb\u00ed se n\u00e1m, jak kombinuje pohodl\u00ed a roztomilost. Vydr\u017eel nespo\u010det obj\u00edm\u00e1n\u00ed a pran\u00ed. Opravdov\u00fd skvost pro sp\u00e1nek a hran\u00ed na\u0161eho mal\u00e9ho!\"<\/div>\n<p>&nbsp;<\/p>\n<div class=\"auto-hide-last-sibling-br paragraph-qzbcQC paragraph-element br-paragraph-space\">Hydrofiln\u00ed houbov\u00fd kojeneck\u00fd pol\u0161t\u00e1\u0159 je v podstat\u011b v\u00edc ne\u017e jen pol\u0161t\u00e1\u0159; je to cen\u011bn\u00e1 sou\u010d\u00e1st ka\u017edodenn\u00edho \u017eivota va\u0161eho d\u00edt\u011bte, kter\u00e1 vn\u00e1\u0161\u00ed pohodl\u00ed, radost a \u0161petku fantazie do ka\u017ed\u00e9ho vz\u00e1cn\u00e9ho okam\u017eiku jeho ran\u00fdch let.<\/div>\n<\/div>\n<\/div>\n<\/div>\n<\/div>\n<\/div>\n<\/div>\n<\/div>\n<\/div>\n<\/div>\n<\/div>","protected":false},"excerpt":{"rendered":"<div class=\"container-QE4ayg\">\n<div class=\"item-jU10IN\">\n<div class=\"container-jODEnh chrome70-container\">\n<div class=\"inner-eE95c9 inner-item-aL3Ui_\" data-target-id=\"message-box-target-id\" data-testid=\"union_message\">\n<div class=\"message-block-container-liuetz\" data-testid=\"message-block-container\">\n<div class=\"message-box-ZWbBdF\" data-testid=\"receive_message\">\n<div class=\"message-box-content-wrapper-srHdUj\">\n<div class=\"message-content message-box-content-otxGGw receive-message-box-content-_lREFj samantha-message-box-content-Qjmpja\" data-testid=\"message_content\">\n<div class=\"container-hfX5E8 flow-markdown-body theme-samantha-yJEgBp\" dir=\"ltr\" data-testid=\"message_text_content\" data-show-indicator=\"false\">\n<div class=\"auto-hide-last-sibling-br paragraph-qzbcQC paragraph-element br-paragraph-space\">\n<div class=\"container-QE4ayg\">\n<div class=\"item-jU10IN\">\n<div class=\"container-jODEnh chrome70-container\">\n<div class=\"inner-eE95c9 inner-item-aL3Ui_\" data-target-id=\"message-box-target-id\" data-testid=\"union_message\">\n<div class=\"message-block-container-liuetz\" data-testid=\"message-block-container\">\n<div class=\"message-box-ZWbBdF\" data-testid=\"receive_message\">\n<div class=\"message-box-content-wrapper-srHdUj\">\n<div class=\"message-content message-box-content-otxGGw receive-message-box-content-_lREFj samantha-message-box-content-Qjmpja\" data-testid=\"message_content\">\n<div class=\"container-hfX5E8 flow-markdown-body theme-samantha-yJEgBp\" dir=\"ltr\" data-testid=\"message_text_content\" data-show-indicator=\"false\">\n<div class=\"auto-hide-last-sibling-br paragraph-qzbcQC paragraph-element br-paragraph-space\">Hydrofiln\u00ed houbov\u00fd pol\u0161t\u00e1\u0159 Infant Contour Pillow je skv\u011bl\u00fdm pomocn\u00edkem pro sp\u00e1nek d\u011bt\u00ed ve v\u011bku 1 a\u017e 3 let. Je vyroben z hydrofiln\u00ed houby, kter\u00e1 je m\u011bkk\u00e1 a \u0161etrn\u00e1 k poko\u017ece a zaji\u0161\u0165uje maxim\u00e1ln\u00ed pohodl\u00ed pro va\u0161e d\u011b\u0165\u00e1tko. Na jeho designu je roztomil\u00e1 kreslen\u00e1 postavi\u010dka, kter\u00e1 mu dod\u00e1v\u00e1 hrav\u00fd a okouzluj\u00edc\u00ed prvek. Specifikace: 43*<em>26*<\/em>3 cm, poskytuje vynikaj\u00edc\u00ed oporu hlavy a krku a podporuje zdrav\u00e9 dr\u017een\u00ed t\u011bla p\u0159i sp\u00e1nku. Je k dispozici v z\u00e1bavn\u00fdch barevn\u00fdch variant\u00e1ch, jako je buclat\u011b r\u016f\u017eov\u00e1, vesel\u00fd dinosaurus a roztomil\u00fd zelen\u00fd \u017eralok, a lze ji tak snadno sladit s r\u016fzn\u00fdmi styly d\u011btsk\u00fdch pokoj\u016f. Tento pol\u0161t\u00e1\u0159ek nejen\u017ee pom\u00e1h\u00e1 va\u0161emu d\u00edt\u011bti u\u017e\u00edt si klidn\u00fd sp\u00e1nek, ale tak\u00e9 dod\u00e1v\u00e1 n\u00e1dech radosti a fantazie do jeho re\u017eimu p\u0159ed span\u00edm.<\/div>\n<\/div>\n<\/div>\n<\/div>\n<\/div>\n<\/div>\n<\/div>\n<\/div>\n<\/div>\n<\/div>\n<\/div>\n<\/div>\n<\/div>\n<\/div>\n<\/div>\n<\/div>\n<\/div>\n<\/div>\n<\/div>\n<\/div>","protected":false},"featured_media":3352,"comment_status":"open","ping_status":"closed","template":"","meta":{"_uag_custom_page_level_css":"","site-sidebar-layout":"default","site-content-layout":"","ast-site-content-layout":"default","site-content-style":"default","site-sidebar-style":"default","ast-global-header-display":"","ast-banner-title-visibility":"","ast-main-header-display":"","ast-hfb-above-header-display":"","ast-hfb-below-header-display":"","ast-hfb-mobile-header-display":"","site-post-title":"","ast-breadcrumbs-content":"","ast-featured-img":"","footer-sml-layout":"","ast-disable-related-posts":"","theme-transparent-header-meta":"default","adv-header-id-meta":"","stick-header-meta":"","header-above-stick-meta":"","header-main-stick-meta":"","header-below-stick-meta":"","astra-migrate-meta-layouts":"set","ast-page-background-enabled":"default","ast-page-background-meta":{"desktop":{"background-color":"","background-image":"","background-repeat":"repeat","background-position":"center center","background-size":"auto","background-attachment":"scroll","background-type":"","background-media":"","overlay-type":"","overlay-color":"","overlay-opacity":"","overlay-gradient":""},"tablet":{"background-color":"","background-image":"","background-repeat":"repeat","background-position":"center center","background-size":"auto","background-attachment":"scroll","background-type":"","background-media":"","overlay-type":"","overlay-color":"","overlay-opacity":"","overlay-gradient":""},"mobile":{"background-color":"","background-image":"","background-repeat":"repeat","background-position":"center center","background-size":"auto","background-attachment":"scroll","background-type":"","background-media":"","overlay-type":"","overlay-color":"","overlay-opacity":"","overlay-gradient":""}},"ast-content-background-meta":{"desktop":{"background-color":"var(--ast-global-color-5)","background-image":"","background-repeat":"repeat","background-position":"center center","background-size":"auto","background-attachment":"scroll","background-type":"","background-media":"","overlay-type":"","overlay-color":"","overlay-opacity":"","overlay-gradient":""},"tablet":{"background-color":"var(--ast-global-color-5)","background-image":"","background-repeat":"repeat","background-position":"center center","background-size":"auto","background-attachment":"scroll","background-type":"","background-media":"","overlay-type":"","overlay-color":"","overlay-opacity":"","overlay-gradient":""},"mobile":{"background-color":"var(--ast-global-color-5)","background-image":"","background-repeat":"repeat","background-position":"center center","background-size":"auto","background-attachment":"scroll","background-type":"","background-media":"","overlay-type":"","overlay-color":"","overlay-opacity":"","overlay-gradient":""}}},"product_brand":[],"product_cat":[56,42],"product_tag":[70,68,71,69],"class_list":{"0":"post-3351","1":"product","2":"type-product","3":"status-publish","4":"has-post-thumbnail","6":"product_cat-1-to-3-years","7":"product_cat-merchandise","8":"product_tag-babypillow","9":"product_tag-cuteanimalpillow","10":"product_tag-headshapesupport","11":"product_tag-kouniushapingpillow","12":"desktop-align-left","13":"tablet-align-left","14":"mobile-align-left","16":"first","17":"instock","18":"shipping-taxable","19":"product-type-simple"},"aioseo_notices":[],"uagb_featured_image_src":{"full":["https:\/\/babypillowwholesale.com\/wp-content\/uploads\/2025\/04\/1162.jpg",1000,1000,false],"thumbnail":["https:\/\/babypillowwholesale.com\/wp-content\/uploads\/2025\/04\/1162-150x150.jpg",150,150,true],"medium":["https:\/\/babypillowwholesale.com\/wp-content\/uploads\/2025\/04\/1162-300x300.jpg",300,300,true],"medium_large":["https:\/\/babypillowwholesale.com\/wp-content\/uploads\/2025\/04\/1162-768x768.jpg",768,768,true],"large":["https:\/\/babypillowwholesale.com\/wp-content\/uploads\/2025\/04\/1162.jpg",1000,1000,false],"1536x1536":["https:\/\/babypillowwholesale.com\/wp-content\/uploads\/2025\/04\/1162.jpg",1000,1000,false],"2048x2048":["https:\/\/babypillowwholesale.com\/wp-content\/uploads\/2025\/04\/1162.jpg",1000,1000,false],"trp-custom-language-flag":["https:\/\/babypillowwholesale.com\/wp-content\/uploads\/2025\/04\/1162.jpg",12,12,false],"woocommerce_thumbnail":["https:\/\/babypillowwholesale.com\/wp-content\/uploads\/2025\/04\/1162-300x300.jpg",300,300,true],"woocommerce_single":["https:\/\/babypillowwholesale.com\/wp-content\/uploads\/2025\/04\/1162-600x600.jpg",600,600,true],"woocommerce_gallery_thumbnail":["https:\/\/babypillowwholesale.com\/wp-content\/uploads\/2025\/04\/1162-100x100.jpg",100,100,true]},"uagb_author_info":{"display_name":"Etnen zhong","author_link":"https:\/\/babypillowwholesale.com\/cs\/author\/"},"uagb_comment_info":0,"uagb_excerpt":"The Hydrophilic Sponge Infant Contour Pillow is a wonderful sleep essential for children aged 1 - 3 years. Made from hydrophilic sponge, it offers a soft and skin - friendly touch, ensuring maximum comfort for your little one. Its design features an adorable cartoon character, which adds a playful and charming element. With a specification&hellip;","jetpack_sharing_enabled":true,"_links":{"self":[{"href":"https:\/\/babypillowwholesale.com\/cs\/wp-json\/wp\/v2\/product\/3351","targetHints":{"allow":["GET"]}}],"collection":[{"href":"https:\/\/babypillowwholesale.com\/cs\/wp-json\/wp\/v2\/product"}],"about":[{"href":"https:\/\/babypillowwholesale.com\/cs\/wp-json\/wp\/v2\/types\/product"}],"replies":[{"embeddable":true,"href":"https:\/\/babypillowwholesale.com\/cs\/wp-json\/wp\/v2\/comments?post=3351"}],"wp:featuredmedia":[{"embeddable":true,"href":"https:\/\/babypillowwholesale.com\/cs\/wp-json\/wp\/v2\/media\/3352"}],"wp:attachment":[{"href":"https:\/\/babypillowwholesale.com\/cs\/wp-json\/wp\/v2\/media?parent=3351"}],"wp:term":[{"taxonomy":"product_brand","embeddable":true,"href":"https:\/\/babypillowwholesale.com\/cs\/wp-json\/wp\/v2\/product_brand?post=3351"},{"taxonomy":"product_cat","embeddable":true,"href":"https:\/\/babypillowwholesale.com\/cs\/wp-json\/wp\/v2\/product_cat?post=3351"},{"taxonomy":"product_tag","embeddable":true,"href":"https:\/\/babypillowwholesale.com\/cs\/wp-json\/wp\/v2\/product_tag?post=3351"}],"curies":[{"name":"wp","href":"https:\/\/api.w.org\/{rel}","templated":true}]}}