{"id":3345,"date":"2025-04-05T16:15:39","date_gmt":"2025-04-05T16:15:39","guid":{"rendered":"https:\/\/babypillowwholesale.com\/?post_type=product&#038;p=3345"},"modified":"2025-06-08T11:45:40","modified_gmt":"2025-06-08T11:45:40","slug":"happy-moments-soothing-pillow","status":"publish","type":"product","link":"https:\/\/babypillowwholesale.com\/cs\/product\/happy-moments-soothing-pillow\/","title":{"rendered":"Uklid\u0148uj\u00edc\u00ed pol\u0161t\u00e1\u0159 Happy Moments"},"content":{"rendered":"<div class=\"auto-hide-last-sibling-br paragraph-qzbcQC paragraph-element br-paragraph-space\" data-immersive-translate-walked=\"8e61f2e7-6af2-46e5-9672-3b9e4f4033d9\" data-immersive-translate-paragraph=\"1\">\n<div class=\"auto-hide-last-sibling-br paragraph-qzbcQC paragraph-element br-paragraph-space\">\n<div class=\"auto-hide-last-sibling-br paragraph-qzbcQC paragraph-element br-paragraph-space\">\n<div class=\"auto-hide-last-sibling-br paragraph-qzbcQC paragraph-element br-paragraph-space\">\n<div class=\"auto-hide-last-sibling-br paragraph-qzbcQC paragraph-element br-paragraph-space\">\n<div class=\"auto-hide-last-sibling-br paragraph-qzbcQC paragraph-element br-paragraph-space\">\n<div class=\"auto-hide-last-sibling-br paragraph-qzbcQC paragraph-element br-paragraph-space\">\n<div class=\"auto-hide-last-sibling-br paragraph-qzbcQC paragraph-element br-paragraph-space\">\n<div class=\"auto-hide-last-sibling-br paragraph-qzbcQC paragraph-element br-paragraph-space\">\n<div class=\"auto-hide-last-sibling-br paragraph-qzbcQC paragraph-element br-paragraph-space\">\n<div class=\"auto-hide-last-sibling-br paragraph-qzbcQC paragraph-element br-paragraph-space\">\n<div class=\"auto-hide-last-sibling-br paragraph-qzbcQC paragraph-element br-paragraph-space\">\n<div class=\"auto-hide-last-sibling-br paragraph-qzbcQC paragraph-element br-paragraph-space\">\n<div class=\"auto-hide-last-sibling-br paragraph-qzbcQC paragraph-element br-paragraph-space\">\n<div class=\"auto-hide-last-sibling-br paragraph-qzbcQC paragraph-element br-paragraph-space\">P\u0159edstavujeme uklid\u0148uj\u00edc\u00ed pol\u0161t\u00e1\u0159ek Happy Moments, okouzluj\u00edc\u00ed a nezbytn\u00fd dopln\u011bk pro sp\u00e1nek d\u011bt\u00ed ve v\u011bku 1 a\u017e 3 roky. Tento pol\u0161t\u00e1\u0159ek je maj\u00e1kem vesel\u00ed, zdob\u00ed ho roztomil\u00fd usm\u011bvav\u00fd obli\u010dej, kter\u00fd vyza\u0159uje teplo a pohodl\u00ed a okam\u017eit\u011b rozz\u00e1\u0159\u00ed ka\u017ed\u00fd d\u011btsk\u00fd pokoj.<\/div>\n<p>&nbsp;<\/p>\n<div class=\"auto-hide-last-sibling-br paragraph-qzbcQC paragraph-element br-paragraph-space\">M\u011b\u0159en\u00ed 40*<em>24*<\/em>3CM je odborn\u011b vyrobena tak, aby poskytovala optim\u00e1ln\u00ed oporu pro hlavu a krk d\u00edt\u011bte. Kdy\u017e us\u00ednaj\u00ed, pol\u0161t\u00e1\u0159 je jemn\u011b kol\u00e9b\u00e1 a zaji\u0161\u0165uje jim pohodlnou a zdravou polohu p\u0159i sp\u00e1nku. Je vyroben z luxusn\u011b m\u011bkk\u00fdch materi\u00e1l\u016f a nab\u00edz\u00ed sametov\u011b hebk\u00fd dotek, kter\u00fd va\u0161e d\u011b\u0165\u00e1tko uklidn\u00ed a vytvo\u0159\u00ed mu o\u00e1zu klidu pro klidn\u00fd sp\u00e1nek.<\/div>\n<p>&nbsp;<\/p>\n<div class=\"auto-hide-last-sibling-br paragraph-qzbcQC paragraph-element br-paragraph-space\">Je k dispozici v jemn\u00fdch a p\u0159\u00edjemn\u00fdch odst\u00ednech r\u016f\u017eov\u00e9 a modr\u00e9, tak\u017ee bez probl\u00e9m\u016f dopln\u00ed v\u00fdzdobu ka\u017ed\u00e9ho d\u011btsk\u00e9ho pokoje a dod\u00e1 mu \u0161mrnc a barvy. P\u0159edstavte si sv\u00e9 d\u00edt\u011b, jak se p\u0159ed span\u00edm p\u0159itul\u00ed ke zklid\u0148uj\u00edc\u00edmu pol\u0161t\u00e1\u0159ku Happy Moments. Stane se jejich d\u016fv\u011brn\u00fdm p\u0159\u00edtelem, kter\u00fd jim poskytne pocit bezpe\u010d\u00ed a pohodl\u00ed a pom\u016f\u017ee jim snadno usnout. Mimo \u010das sp\u00e1nku se b\u011bhem dne prom\u011bn\u00ed v kamar\u00e1da na hran\u00ed. A\u0165 u\u017e se va\u0161e d\u00edt\u011b v\u011bnuje n\u00e1padit\u00fdm hr\u00e1m, nebo jen pot\u0159ebuje m\u011bkk\u00e9 m\u00edsto k odpo\u010dinku b\u011bhem chv\u00edle \u00fanavy, tento pol\u0161t\u00e1\u0159 je tu p\u0159ipraven poskytnout pohodl\u00ed a spole\u010dnost.<\/div>\n<p>&nbsp;<\/p>\n<div class=\"auto-hide-last-sibling-br paragraph-qzbcQC paragraph-element br-paragraph-space\">Rodi\u010de si tento n\u00e1dhern\u00fd pol\u0161t\u00e1\u0159 pochvaluj\u00ed. \"Moje dvoulet\u00e9 d\u00edt\u011b se rozz\u00e1\u0159\u00ed, kdykoli uvid\u00ed pol\u0161t\u00e1\u0159 Happy Moments. Stal se jejich obl\u00edbenou v\u011bc\u00ed, se kterou se mazl\u00ed v noci a b\u011bhem sp\u00e1nku. M\u011bkkost je \u00fa\u017easn\u00e1 a roztomil\u00fd design je skute\u010dn\u00fdm v\u00edt\u011bzem,\" pod\u011blila se o sv\u00e9 dojmy jedna z radostn\u00fdch maminek. Jeden z tat\u00ednk\u016f dodal: \"L\u00edb\u00ed se n\u00e1m, jak dod\u00e1v\u00e1 pozitivn\u00ed n\u00e1ladu do pokoje na\u0161eho d\u00edt\u011bte. Je tak\u00e9 odoln\u00fd, vydr\u017e\u00ed v\u0161echna objet\u00ed a stisknut\u00ed. Pro tuto v\u011bkovou skupinu je to opravdu must have.\"<\/div>\n<p>&nbsp;<\/p>\n<div class=\"auto-hide-last-sibling-br paragraph-qzbcQC paragraph-element br-paragraph-space\">Uklid\u0148uj\u00edc\u00ed pol\u0161t\u00e1\u0159 Happy Moments je v podstat\u011b v\u00edc ne\u017e jen pol\u0161t\u00e1\u0159; je to zdroj \u0161t\u011bst\u00ed, pohodl\u00ed a bezpe\u010d\u00ed, kter\u00fd obohacuje ka\u017ed\u00fd vz\u00e1cn\u00fd okam\u017eik ve v\u011bku 1-3 let va\u0161eho d\u00edt\u011bte.<\/div>\n<\/div>\n<\/div>\n<\/div>\n<\/div>\n<\/div>\n<\/div>\n<\/div>\n<\/div>\n<\/div>\n<\/div>\n<\/div>\n<\/div>\n<\/div>\n<\/div>","protected":false},"excerpt":{"rendered":"<div class=\"container-QE4ayg\">\n<div class=\"item-jU10IN\">\n<div class=\"container-jODEnh chrome70-container\">\n<div class=\"inner-eE95c9 inner-item-aL3Ui_\" data-target-id=\"message-box-target-id\" data-testid=\"union_message\">\n<div class=\"message-block-container-liuetz\" data-testid=\"message-block-container\">\n<div class=\"message-box-ZWbBdF\" data-testid=\"receive_message\">\n<div class=\"message-box-content-wrapper-srHdUj\">\n<div class=\"message-content message-box-content-otxGGw receive-message-box-content-_lREFj samantha-message-box-content-Qjmpja\" data-testid=\"message_content\">\n<div class=\"container-hfX5E8 flow-markdown-body theme-samantha-yJEgBp\" dir=\"ltr\" data-testid=\"message_text_content\" data-show-indicator=\"false\">\n<div class=\"auto-hide-last-sibling-br paragraph-qzbcQC paragraph-element br-paragraph-space\">\n<div class=\"container-QE4ayg\">\n<div class=\"item-jU10IN\">\n<div class=\"container-jODEnh chrome70-container\">\n<div class=\"inner-eE95c9 inner-item-aL3Ui_\" data-target-id=\"message-box-target-id\" data-testid=\"union_message\">\n<div class=\"message-block-container-liuetz\" data-testid=\"message-block-container\">\n<div class=\"message-box-ZWbBdF\" data-testid=\"receive_message\">\n<div class=\"message-box-content-wrapper-srHdUj\">\n<div class=\"message-content message-box-content-otxGGw receive-message-box-content-_lREFj samantha-message-box-content-Qjmpja\" data-testid=\"message_content\">\n<div class=\"container-hfX5E8 flow-markdown-body theme-samantha-yJEgBp\" dir=\"ltr\" data-testid=\"message_text_content\" data-show-indicator=\"false\">\n<div class=\"auto-hide-last-sibling-br paragraph-qzbcQC paragraph-element br-paragraph-space\">Happy Moments Uklid\u0148uj\u00edc\u00ed pol\u0161t\u00e1\u0159ek je n\u00e1dhern\u00fd pol\u0161t\u00e1\u0159ek na span\u00ed ur\u010den\u00fd pro d\u011bti ve v\u011bku 1 - 3 roky. M\u00e1 roztomil\u00fd a vesel\u00fd obli\u010dej, kter\u00fd vyza\u0159uje pocit radosti a pohodl\u00ed. Rozm\u011bry 40*<em>24*<\/em>3 cm, poskytuje spr\u00e1vnou oporu pro hlavu a krk d\u00edt\u011bte b\u011bhem sp\u00e1nku. Je vyrobena z m\u011bkk\u00fdch materi\u00e1l\u016f, je jemn\u00e1 a p\u0159\u00edjemn\u00e1 na dotek a zaji\u0161\u0165uje klidn\u00fd sp\u00e1nek. Je k dispozici v r\u016f\u017eov\u00e9 a modr\u00e9 barv\u011b, tak\u017ee se hod\u00ed k r\u016fzn\u00fdm dekor\u016fm d\u011btsk\u00fdch pokoj\u016f. Tento pol\u0161t\u00e1\u0159ek nejen pom\u00e1h\u00e1 d\u00edt\u011bti snadno usnout, ale slou\u017e\u00ed tak\u00e9 jako uklid\u0148uj\u00edc\u00ed spole\u010dn\u00edk b\u011bhem hran\u00ed nebo kdy\u017e pot\u0159ebuje pocit bezpe\u010d\u00ed, tak\u017ee je skv\u011bl\u00fdm dopl\u0148kem jeho pot\u0159eb pro sp\u00e1nek a hran\u00ed.<\/div>\n<\/div>\n<\/div>\n<\/div>\n<\/div>\n<\/div>\n<\/div>\n<\/div>\n<\/div>\n<\/div>\n<\/div>\n<\/div>\n<\/div>\n<\/div>\n<\/div>\n<\/div>\n<\/div>\n<\/div>\n<\/div>\n<\/div>","protected":false},"featured_media":3346,"comment_status":"open","ping_status":"closed","template":"","meta":{"_uag_custom_page_level_css":"","site-sidebar-layout":"default","site-content-layout":"","ast-site-content-layout":"default","site-content-style":"default","site-sidebar-style":"default","ast-global-header-display":"","ast-banner-title-visibility":"","ast-main-header-display":"","ast-hfb-above-header-display":"","ast-hfb-below-header-display":"","ast-hfb-mobile-header-display":"","site-post-title":"","ast-breadcrumbs-content":"","ast-featured-img":"","footer-sml-layout":"","ast-disable-related-posts":"","theme-transparent-header-meta":"default","adv-header-id-meta":"","stick-header-meta":"","header-above-stick-meta":"","header-main-stick-meta":"","header-below-stick-meta":"","astra-migrate-meta-layouts":"set","ast-page-background-enabled":"default","ast-page-background-meta":{"desktop":{"background-color":"","background-image":"","background-repeat":"repeat","background-position":"center center","background-size":"auto","background-attachment":"scroll","background-type":"","background-media":"","overlay-type":"","overlay-color":"","overlay-opacity":"","overlay-gradient":""},"tablet":{"background-color":"","background-image":"","background-repeat":"repeat","background-position":"center center","background-size":"auto","background-attachment":"scroll","background-type":"","background-media":"","overlay-type":"","overlay-color":"","overlay-opacity":"","overlay-gradient":""},"mobile":{"background-color":"","background-image":"","background-repeat":"repeat","background-position":"center center","background-size":"auto","background-attachment":"scroll","background-type":"","background-media":"","overlay-type":"","overlay-color":"","overlay-opacity":"","overlay-gradient":""}},"ast-content-background-meta":{"desktop":{"background-color":"var(--ast-global-color-5)","background-image":"","background-repeat":"repeat","background-position":"center center","background-size":"auto","background-attachment":"scroll","background-type":"","background-media":"","overlay-type":"","overlay-color":"","overlay-opacity":"","overlay-gradient":""},"tablet":{"background-color":"var(--ast-global-color-5)","background-image":"","background-repeat":"repeat","background-position":"center center","background-size":"auto","background-attachment":"scroll","background-type":"","background-media":"","overlay-type":"","overlay-color":"","overlay-opacity":"","overlay-gradient":""},"mobile":{"background-color":"var(--ast-global-color-5)","background-image":"","background-repeat":"repeat","background-position":"center center","background-size":"auto","background-attachment":"scroll","background-type":"","background-media":"","overlay-type":"","overlay-color":"","overlay-opacity":"","overlay-gradient":""}}},"product_brand":[],"product_cat":[56,42],"product_tag":[70,68,71,69],"class_list":{"0":"post-3345","1":"product","2":"type-product","3":"status-publish","4":"has-post-thumbnail","6":"product_cat-1-to-3-years","7":"product_cat-merchandise","8":"product_tag-babypillow","9":"product_tag-cuteanimalpillow","10":"product_tag-headshapesupport","11":"product_tag-kouniushapingpillow","12":"desktop-align-left","13":"tablet-align-left","14":"mobile-align-left","16":"first","17":"instock","18":"shipping-taxable","19":"product-type-simple"},"aioseo_notices":[],"uagb_featured_image_src":{"full":["https:\/\/babypillowwholesale.com\/wp-content\/uploads\/2025\/04\/1525.jpg",1000,1000,false],"thumbnail":["https:\/\/babypillowwholesale.com\/wp-content\/uploads\/2025\/04\/1525-150x150.jpg",150,150,true],"medium":["https:\/\/babypillowwholesale.com\/wp-content\/uploads\/2025\/04\/1525-300x300.jpg",300,300,true],"medium_large":["https:\/\/babypillowwholesale.com\/wp-content\/uploads\/2025\/04\/1525-768x768.jpg",768,768,true],"large":["https:\/\/babypillowwholesale.com\/wp-content\/uploads\/2025\/04\/1525.jpg",1000,1000,false],"1536x1536":["https:\/\/babypillowwholesale.com\/wp-content\/uploads\/2025\/04\/1525.jpg",1000,1000,false],"2048x2048":["https:\/\/babypillowwholesale.com\/wp-content\/uploads\/2025\/04\/1525.jpg",1000,1000,false],"trp-custom-language-flag":["https:\/\/babypillowwholesale.com\/wp-content\/uploads\/2025\/04\/1525.jpg",12,12,false],"woocommerce_thumbnail":["https:\/\/babypillowwholesale.com\/wp-content\/uploads\/2025\/04\/1525-300x300.jpg",300,300,true],"woocommerce_single":["https:\/\/babypillowwholesale.com\/wp-content\/uploads\/2025\/04\/1525-600x600.jpg",600,600,true],"woocommerce_gallery_thumbnail":["https:\/\/babypillowwholesale.com\/wp-content\/uploads\/2025\/04\/1525-100x100.jpg",100,100,true]},"uagb_author_info":{"display_name":"Etnen zhong","author_link":"https:\/\/babypillowwholesale.com\/cs\/author\/"},"uagb_comment_info":0,"uagb_excerpt":"The Happy Moments Soothing Pillow is a delightful sleep - time essential designed for children aged 1 - 3 years. Its design features a cute and cheerful face, exuding a sense of joy and comfort. With dimensions of 40*24*3CM, it provides proper support for a child's head and neck during sleep. Made from soft materials,&hellip;","jetpack_sharing_enabled":true,"_links":{"self":[{"href":"https:\/\/babypillowwholesale.com\/cs\/wp-json\/wp\/v2\/product\/3345","targetHints":{"allow":["GET"]}}],"collection":[{"href":"https:\/\/babypillowwholesale.com\/cs\/wp-json\/wp\/v2\/product"}],"about":[{"href":"https:\/\/babypillowwholesale.com\/cs\/wp-json\/wp\/v2\/types\/product"}],"replies":[{"embeddable":true,"href":"https:\/\/babypillowwholesale.com\/cs\/wp-json\/wp\/v2\/comments?post=3345"}],"wp:featuredmedia":[{"embeddable":true,"href":"https:\/\/babypillowwholesale.com\/cs\/wp-json\/wp\/v2\/media\/3346"}],"wp:attachment":[{"href":"https:\/\/babypillowwholesale.com\/cs\/wp-json\/wp\/v2\/media?parent=3345"}],"wp:term":[{"taxonomy":"product_brand","embeddable":true,"href":"https:\/\/babypillowwholesale.com\/cs\/wp-json\/wp\/v2\/product_brand?post=3345"},{"taxonomy":"product_cat","embeddable":true,"href":"https:\/\/babypillowwholesale.com\/cs\/wp-json\/wp\/v2\/product_cat?post=3345"},{"taxonomy":"product_tag","embeddable":true,"href":"https:\/\/babypillowwholesale.com\/cs\/wp-json\/wp\/v2\/product_tag?post=3345"}],"curies":[{"name":"wp","href":"https:\/\/api.w.org\/{rel}","templated":true}]}}