{"id":3339,"date":"2025-04-05T02:54:17","date_gmt":"2025-04-05T02:54:17","guid":{"rendered":"https:\/\/babypillowwholesale.com\/?post_type=product&#038;p=3339"},"modified":"2025-06-08T11:49:36","modified_gmt":"2025-06-08T11:49:36","slug":"long-eared-rabbit-infant-pillow","status":"publish","type":"product","link":"https:\/\/babypillowwholesale.com\/cs\/product\/long-eared-rabbit-infant-pillow\/","title":{"rendered":"Dlouh\u00fd kojeneck\u00fd pol\u0161t\u00e1\u0159 s u\u0161ima kr\u00e1l\u00edka"},"content":{"rendered":"<div class=\"auto-hide-last-sibling-br paragraph-qzbcQC paragraph-element br-paragraph-space\" data-immersive-translate-walked=\"8e61f2e7-6af2-46e5-9672-3b9e4f4033d9\" data-immersive-translate-paragraph=\"1\">\n<div class=\"auto-hide-last-sibling-br paragraph-qzbcQC paragraph-element br-paragraph-space\">\n<div class=\"auto-hide-last-sibling-br paragraph-qzbcQC paragraph-element br-paragraph-space\">\n<div class=\"auto-hide-last-sibling-br paragraph-qzbcQC paragraph-element br-paragraph-space\">\n<div class=\"auto-hide-last-sibling-br paragraph-qzbcQC paragraph-element br-paragraph-space\">\n<div class=\"auto-hide-last-sibling-br paragraph-qzbcQC paragraph-element br-paragraph-space\">\n<div class=\"auto-hide-last-sibling-br paragraph-qzbcQC paragraph-element br-paragraph-space\">\n<div class=\"auto-hide-last-sibling-br paragraph-qzbcQC paragraph-element br-paragraph-space\">\n<div class=\"auto-hide-last-sibling-br paragraph-qzbcQC paragraph-element br-paragraph-space\">\n<div class=\"auto-hide-last-sibling-br paragraph-qzbcQC paragraph-element br-paragraph-space\">\n<div class=\"auto-hide-last-sibling-br paragraph-qzbcQC paragraph-element br-paragraph-space\">\n<div class=\"auto-hide-last-sibling-br paragraph-qzbcQC paragraph-element br-paragraph-space\">\n<div class=\"auto-hide-last-sibling-br paragraph-qzbcQC paragraph-element br-paragraph-space\">P\u0159edstavujeme kojeneck\u00fd pol\u0161t\u00e1\u0159ek s dlouh\u00fdma u\u0161ima, rozko\u0161n\u00fd a nezbytn\u00fd spole\u010dn\u00edk na span\u00ed pro d\u011bti ve v\u011bku 1 a\u017e 3 roky. Tento pol\u0161t\u00e1\u0159 je inspirov\u00e1n roztomil\u00fdm u\u0161at\u00fdm kr\u00e1l\u00ed\u010dkem a m\u016f\u017ee se pochlubit p\u016fvabn\u00fdmi a okouzluj\u00edc\u00edmi vlastnostmi. Jeho dlouh\u00e9, vzp\u0159\u00edmen\u00e9 u\u0161i vypadaj\u00ed, \u017ee jsou st\u00e1le ve st\u0159ehu, zat\u00edmco jasn\u00e9, v\u00fdrazn\u00e9 o\u010di a sladce \u010dervenaj\u00edc\u00ed se tv\u00e1\u0159e mu prop\u016fj\u010duj\u00ed neodolateln\u011b roztomil\u00fd a l\u00e1kav\u00fd vzhled.<\/div>\n<p>&nbsp;<\/p>\n<div class=\"auto-hide-last-sibling-br paragraph-qzbcQC paragraph-element br-paragraph-space\">M\u011b\u0159en\u00ed 40*<em>24*<\/em>3 cm je pe\u010dliv\u011b navr\u017eena tak, aby poskytovala spr\u00e1vnou oporu pro hlavu a krk d\u00edt\u011bte. Kdy\u017e se va\u0161e d\u00edt\u011b ukl\u00e1d\u00e1 ke sp\u00e1nku, pol\u0161t\u00e1\u0159 ho jemn\u011b kol\u00e9b\u00e1 a podporuje pohodlnou a zdravou polohu p\u0159i sp\u00e1nku, kter\u00e1 pom\u00e1h\u00e1 zajistit klidnou noc. Je vyroben z ply\u0161ov\u00fdch materi\u00e1l\u016f \u0161etrn\u00fdch k poko\u017ece a na dotek p\u016fsob\u00ed sametov\u011b m\u011bkce, jako jemn\u00e9 objet\u00ed, a vytv\u00e1\u0159\u00ed tak \u00fatuln\u00e9 \u00fato\u010di\u0161t\u011b, kter\u00e9 va\u0161e d\u00edt\u011b uklidn\u00ed do klidn\u00e9ho sp\u00e1nku.<\/div>\n<p>&nbsp;<\/p>\n<div class=\"auto-hide-last-sibling-br paragraph-qzbcQC paragraph-element br-paragraph-space\">Je k dispozici v jemn\u00fdch, uklid\u0148uj\u00edc\u00edch odst\u00ednech r\u016f\u017eov\u00e9 a modr\u00e9 a bez probl\u00e9m\u016f dopln\u00ed v\u00fdzdobu jak\u00e9hokoli d\u011btsk\u00e9ho pokoje a dod\u00e1 mu barevn\u00fd n\u00e1dech a kouzlo. P\u0159edstavte si klidn\u00e9 ve\u010dery, kdy se va\u0161e d\u00edt\u011b p\u0159itul\u00ed k kojeneck\u00e9mu pol\u0161t\u00e1\u0159i s dlouh\u00fdma u\u0161ima. Stane se v\u00edce ne\u017e jen pol\u0161t\u00e1\u0159em; je zdrojem pohodl\u00ed a bezpe\u010d\u00ed. B\u011bhem dne se m\u016f\u017ee prom\u011bnit v obl\u00edbenou hra\u010dku, m\u011bkkou rekvizitu pro jejich n\u00e1padit\u00e1 dobrodru\u017estv\u00ed nebo uklid\u0148uj\u00edc\u00edho kamar\u00e1da ve chv\u00edl\u00edch \u00fanavy nebo neklidu.<\/div>\n<p>&nbsp;<\/p>\n<div class=\"auto-hide-last-sibling-br paragraph-qzbcQC paragraph-element br-paragraph-space\">Rodi\u010de si tento kr\u00e1sn\u00fd pol\u0161t\u00e1\u0159ek pochvaluj\u00ed. \"Moje batole naprosto zbo\u017e\u0148uje pol\u0161t\u00e1\u0159 s dlouh\u00fdma u\u0161ima. Stal se jejich z\u00e1kladem p\u0159ed span\u00edm. Je \u00fa\u017easn\u011b m\u011bkk\u00fd a d\u00edky roztomil\u00e9mu designu je tak v\u00fdjime\u010dn\u00fd,\" pod\u011blila se o sv\u00e9 dojmy jedna z nad\u0161en\u00fdch maminek. Jeden z tat\u00ednk\u016f dodal: \"L\u00edb\u00ed se n\u00e1m, \u017ee to nen\u00ed jen pol\u0161t\u00e1\u0159, ale tak\u00e9 sou\u010d\u00e1st hry na\u0161eho d\u00edt\u011bte. Je tak\u00e9 odoln\u00fd, co\u017e je skv\u011bl\u00e9 vzhledem k tomu, jak moc se pou\u017e\u00edv\u00e1. Skv\u011bl\u00fd dopln\u011bk do na\u0161\u00ed dom\u00e1cnosti.\"<\/div>\n<p>&nbsp;<\/p>\n<div class=\"auto-hide-last-sibling-br paragraph-qzbcQC paragraph-element br-paragraph-space\">Kojeneck\u00fd pol\u0161t\u00e1\u0159 s dlouh\u00fdma u\u0161ima je v podstat\u011b harmonickou kombinac\u00ed pohodl\u00ed, roztomilosti a funk\u010dnosti. Nen\u00ed to jen l\u016f\u017ekovina, je to cen\u011bn\u00e1 sou\u010d\u00e1st ka\u017edodenn\u00edho \u017eivota va\u0161eho d\u00edt\u011bte, kter\u00e1 vnese do ka\u017ed\u00e9ho okam\u017eiku kapku kr\u00e1li\u010d\u00edho kouzla.<\/div>\n<\/div>\n<\/div>\n<\/div>\n<\/div>\n<\/div>\n<\/div>\n<\/div>\n<\/div>\n<\/div>\n<\/div>\n<\/div>\n<\/div>","protected":false},"excerpt":{"rendered":"<div class=\"container-QE4ayg\">\n<div class=\"item-jU10IN\">\n<div class=\"container-jODEnh chrome70-container\">\n<div class=\"inner-eE95c9 inner-item-aL3Ui_\" data-target-id=\"message-box-target-id\" data-testid=\"union_message\">\n<div class=\"message-block-container-liuetz\" data-testid=\"message-block-container\">\n<div class=\"message-box-ZWbBdF\" data-testid=\"receive_message\">\n<div class=\"message-box-content-wrapper-srHdUj\">\n<div class=\"message-content message-box-content-otxGGw receive-message-box-content-_lREFj samantha-message-box-content-Qjmpja\" data-testid=\"message_content\">\n<div class=\"container-hfX5E8 flow-markdown-body theme-samantha-yJEgBp\" dir=\"ltr\" data-testid=\"message_text_content\" data-show-indicator=\"false\">\n<div class=\"auto-hide-last-sibling-br paragraph-qzbcQC paragraph-element br-paragraph-space\">Kojeneck\u00fd pol\u0161t\u00e1\u0159ek s dlouh\u00fdma u\u0161ima je okouzluj\u00edc\u00ed dopln\u011bk na span\u00ed ur\u010den\u00fd pro d\u011bti ve v\u011bku 1 a\u017e 3 let. Jeho design je inspirov\u00e1n roztomil\u00fdm u\u0161at\u00fdm kr\u00e1l\u00ed\u010dkem s dlouh\u00fdma vzp\u0159\u00edmen\u00fdma u\u0161ima, sv\u011btl\u00fdma o\u010dima a \u010dervenaj\u00edc\u00edmi se tv\u00e1\u0159i\u010dkami, co\u017e mu dod\u00e1v\u00e1 neodolateln\u011b roztomil\u00fd vzhled. Rozm\u011bry 40*<em>24*<\/em>3 cm, poskytuje dostate\u010dnou oporu pro hlavu a krk d\u00edt\u011bte a pom\u00e1h\u00e1 udr\u017eet pohodlnou polohu p\u0159i sp\u00e1nku. Je vyrobena z m\u011bkk\u00fdch a k poko\u017ece \u0161etrn\u00fdch materi\u00e1l\u016f a nab\u00edz\u00ed jemn\u00fd a p\u0159\u00edjemn\u00fd dotek. Je k dispozici v r\u016f\u017eov\u00e9 a modr\u00e9 barv\u011b, tak\u017ee se dob\u0159e hod\u00ed k r\u016fzn\u00fdm dekor\u016fm d\u011btsk\u00fdch pokoj\u016f. Tento pol\u0161t\u00e1\u0159ek nejen\u017ee zajist\u00ed va\u0161emu d\u011b\u0165\u00e1tku klidn\u00fd sp\u00e1nek, ale tak\u00e9 dod\u00e1 jeho sp\u00e1nku n\u00e1dech rozmarnosti a tepla, tak\u017ee se stane kr\u00e1sn\u00fdm dopl\u0148kem jeho p\u0159edm\u011bt\u016f souvisej\u00edc\u00edch se sp\u00e1nkem.<\/div>\n<\/div>\n<\/div>\n<\/div>\n<\/div>\n<\/div>\n<\/div>\n<\/div>\n<\/div>\n<\/div>","protected":false},"featured_media":3340,"comment_status":"open","ping_status":"closed","template":"","meta":{"_uag_custom_page_level_css":"","site-sidebar-layout":"default","site-content-layout":"","ast-site-content-layout":"default","site-content-style":"default","site-sidebar-style":"default","ast-global-header-display":"","ast-banner-title-visibility":"","ast-main-header-display":"","ast-hfb-above-header-display":"","ast-hfb-below-header-display":"","ast-hfb-mobile-header-display":"","site-post-title":"","ast-breadcrumbs-content":"","ast-featured-img":"","footer-sml-layout":"","ast-disable-related-posts":"","theme-transparent-header-meta":"default","adv-header-id-meta":"","stick-header-meta":"","header-above-stick-meta":"","header-main-stick-meta":"","header-below-stick-meta":"","astra-migrate-meta-layouts":"set","ast-page-background-enabled":"default","ast-page-background-meta":{"desktop":{"background-color":"","background-image":"","background-repeat":"repeat","background-position":"center center","background-size":"auto","background-attachment":"scroll","background-type":"","background-media":"","overlay-type":"","overlay-color":"","overlay-opacity":"","overlay-gradient":""},"tablet":{"background-color":"","background-image":"","background-repeat":"repeat","background-position":"center center","background-size":"auto","background-attachment":"scroll","background-type":"","background-media":"","overlay-type":"","overlay-color":"","overlay-opacity":"","overlay-gradient":""},"mobile":{"background-color":"","background-image":"","background-repeat":"repeat","background-position":"center center","background-size":"auto","background-attachment":"scroll","background-type":"","background-media":"","overlay-type":"","overlay-color":"","overlay-opacity":"","overlay-gradient":""}},"ast-content-background-meta":{"desktop":{"background-color":"var(--ast-global-color-5)","background-image":"","background-repeat":"repeat","background-position":"center center","background-size":"auto","background-attachment":"scroll","background-type":"","background-media":"","overlay-type":"","overlay-color":"","overlay-opacity":"","overlay-gradient":""},"tablet":{"background-color":"var(--ast-global-color-5)","background-image":"","background-repeat":"repeat","background-position":"center center","background-size":"auto","background-attachment":"scroll","background-type":"","background-media":"","overlay-type":"","overlay-color":"","overlay-opacity":"","overlay-gradient":""},"mobile":{"background-color":"var(--ast-global-color-5)","background-image":"","background-repeat":"repeat","background-position":"center center","background-size":"auto","background-attachment":"scroll","background-type":"","background-media":"","overlay-type":"","overlay-color":"","overlay-opacity":"","overlay-gradient":""}}},"product_brand":[],"product_cat":[56,42],"product_tag":[70,68,71,69],"class_list":{"0":"post-3339","1":"product","2":"type-product","3":"status-publish","4":"has-post-thumbnail","6":"product_cat-1-to-3-years","7":"product_cat-merchandise","8":"product_tag-babypillow","9":"product_tag-cuteanimalpillow","10":"product_tag-headshapesupport","11":"product_tag-kouniushapingpillow","12":"desktop-align-left","13":"tablet-align-left","14":"mobile-align-left","16":"first","17":"instock","18":"shipping-taxable","19":"product-type-simple"},"aioseo_notices":[],"uagb_featured_image_src":{"full":["https:\/\/babypillowwholesale.com\/wp-content\/uploads\/2025\/04\/1098.jpg",1000,1000,false],"thumbnail":["https:\/\/babypillowwholesale.com\/wp-content\/uploads\/2025\/04\/1098-150x150.jpg",150,150,true],"medium":["https:\/\/babypillowwholesale.com\/wp-content\/uploads\/2025\/04\/1098-300x300.jpg",300,300,true],"medium_large":["https:\/\/babypillowwholesale.com\/wp-content\/uploads\/2025\/04\/1098-768x768.jpg",768,768,true],"large":["https:\/\/babypillowwholesale.com\/wp-content\/uploads\/2025\/04\/1098.jpg",1000,1000,false],"1536x1536":["https:\/\/babypillowwholesale.com\/wp-content\/uploads\/2025\/04\/1098.jpg",1000,1000,false],"2048x2048":["https:\/\/babypillowwholesale.com\/wp-content\/uploads\/2025\/04\/1098.jpg",1000,1000,false],"trp-custom-language-flag":["https:\/\/babypillowwholesale.com\/wp-content\/uploads\/2025\/04\/1098.jpg",12,12,false],"woocommerce_thumbnail":["https:\/\/babypillowwholesale.com\/wp-content\/uploads\/2025\/04\/1098-300x300.jpg",300,300,true],"woocommerce_single":["https:\/\/babypillowwholesale.com\/wp-content\/uploads\/2025\/04\/1098-600x600.jpg",600,600,true],"woocommerce_gallery_thumbnail":["https:\/\/babypillowwholesale.com\/wp-content\/uploads\/2025\/04\/1098-100x100.jpg",100,100,true]},"uagb_author_info":{"display_name":"Etnen zhong","author_link":"https:\/\/babypillowwholesale.com\/cs\/author\/"},"uagb_comment_info":0,"uagb_excerpt":"The Long - Eared Rabbit Infant Pillow is a charming sleep accessory tailored for children aged 1 - 3 years. Its design is inspired by a cute long - eared rabbit, featuring long, upright ears, bright eyes, and blushing cheeks, which gives it an irresistibly adorable look. Measuring 40*24*3CM, it provides adequate support for a&hellip;","jetpack_sharing_enabled":true,"_links":{"self":[{"href":"https:\/\/babypillowwholesale.com\/cs\/wp-json\/wp\/v2\/product\/3339","targetHints":{"allow":["GET"]}}],"collection":[{"href":"https:\/\/babypillowwholesale.com\/cs\/wp-json\/wp\/v2\/product"}],"about":[{"href":"https:\/\/babypillowwholesale.com\/cs\/wp-json\/wp\/v2\/types\/product"}],"replies":[{"embeddable":true,"href":"https:\/\/babypillowwholesale.com\/cs\/wp-json\/wp\/v2\/comments?post=3339"}],"wp:featuredmedia":[{"embeddable":true,"href":"https:\/\/babypillowwholesale.com\/cs\/wp-json\/wp\/v2\/media\/3340"}],"wp:attachment":[{"href":"https:\/\/babypillowwholesale.com\/cs\/wp-json\/wp\/v2\/media?parent=3339"}],"wp:term":[{"taxonomy":"product_brand","embeddable":true,"href":"https:\/\/babypillowwholesale.com\/cs\/wp-json\/wp\/v2\/product_brand?post=3339"},{"taxonomy":"product_cat","embeddable":true,"href":"https:\/\/babypillowwholesale.com\/cs\/wp-json\/wp\/v2\/product_cat?post=3339"},{"taxonomy":"product_tag","embeddable":true,"href":"https:\/\/babypillowwholesale.com\/cs\/wp-json\/wp\/v2\/product_tag?post=3339"}],"curies":[{"name":"wp","href":"https:\/\/api.w.org\/{rel}","templated":true}]}}