{"id":3336,"date":"2025-04-04T08:45:12","date_gmt":"2025-04-04T08:45:12","guid":{"rendered":"https:\/\/babypillowwholesale.com\/?post_type=product&#038;p=3336"},"modified":"2025-06-08T14:07:34","modified_gmt":"2025-06-08T14:07:34","slug":"big-faced-cat-infant-pillow","status":"publish","type":"product","link":"https:\/\/babypillowwholesale.com\/cs\/product\/big-faced-cat-infant-pillow\/","title":{"rendered":"Kojeneck\u00fd pol\u0161t\u00e1\u0159 s velkou tv\u00e1\u0159\u00ed ko\u010dky"},"content":{"rendered":"<div class=\"auto-hide-last-sibling-br paragraph-qzbcQC paragraph-element br-paragraph-space\" data-immersive-translate-walked=\"8e61f2e7-6af2-46e5-9672-3b9e4f4033d9\" data-immersive-translate-paragraph=\"1\">\n<div class=\"auto-hide-last-sibling-br paragraph-qzbcQC paragraph-element br-paragraph-space\">\n<div class=\"auto-hide-last-sibling-br paragraph-qzbcQC paragraph-element br-paragraph-space\">\n<div class=\"auto-hide-last-sibling-br paragraph-qzbcQC paragraph-element br-paragraph-space\">\n<div class=\"auto-hide-last-sibling-br paragraph-qzbcQC paragraph-element br-paragraph-space\">\n<div class=\"auto-hide-last-sibling-br paragraph-qzbcQC paragraph-element br-paragraph-space\">\n<div class=\"auto-hide-last-sibling-br paragraph-qzbcQC paragraph-element br-paragraph-space\">\n<div class=\"auto-hide-last-sibling-br paragraph-qzbcQC paragraph-element br-paragraph-space\">\n<div class=\"auto-hide-last-sibling-br paragraph-qzbcQC paragraph-element br-paragraph-space\">\n<div class=\"auto-hide-last-sibling-br paragraph-qzbcQC paragraph-element br-paragraph-space\">\n<div class=\"auto-hide-last-sibling-br paragraph-qzbcQC paragraph-element br-paragraph-space\">\n<div class=\"auto-hide-last-sibling-br paragraph-qzbcQC paragraph-element br-paragraph-space\">P\u0159edstavujeme d\u011btsk\u00fd pol\u0161t\u00e1\u0159ek Big Faced Cat, roztomil\u00e9ho spole\u010dn\u00edka na span\u00ed, kter\u00fd byl vytvo\u0159en speci\u00e1ln\u011b pro d\u011bti ve v\u011bku 1-3 let. Jeho design je okouzluj\u00edc\u00ed poctou roztomil\u00e9 ko\u010dce s velkou tv\u00e1\u0159\u00ed, kter\u00e1 se py\u0161n\u00ed velk\u00fdma, odu\u0161evn\u011bl\u00fdma o\u010dima, v nich\u017e jako by se skr\u00fdval sv\u011bt nevinnosti, jemn\u00fdma u\u0161ima, kter\u00e9 dod\u00e1vaj\u00ed hravost, a roztomil\u00fdm v\u00fdrazem, kter\u00fd nelze neobdivovat.<\/div>\n<p>&nbsp;<\/p>\n<div class=\"auto-hide-last-sibling-br paragraph-qzbcQC paragraph-element br-paragraph-space\">S rozm\u011bry 40*<em>24*<\/em>Tento pol\u0161t\u00e1\u0159 o velikosti 3 cm je dokonale p\u0159izp\u016fsoben tak, aby poskytoval optim\u00e1ln\u00ed oporu pro hlavu a krk d\u00edt\u011bte. Kdy\u017e se d\u011bti ukl\u00e1daj\u00ed k sp\u00e1nku, jemn\u011b je kol\u00e9b\u00e1 a podporuje pohodlnou a zdravou polohu p\u0159i sp\u00e1nku. Je vyroben z luxusn\u011b m\u011bkk\u00fdch materi\u00e1l\u016f, tak\u017ee p\u016fsob\u00ed jako jemn\u00e9 pohlazen\u00ed na k\u016f\u017ei a vytv\u00e1\u0159\u00ed o\u00e1zu \u00fatulnosti, kter\u00e1 va\u0161e d\u011b\u0165\u00e1tko ukol\u00e9b\u00e1 do klidn\u00e9ho sp\u00e1nku.<\/div>\n<p>&nbsp;<\/p>\n<div class=\"auto-hide-last-sibling-br paragraph-qzbcQC paragraph-element br-paragraph-space\">Je k dispozici v jemn\u00fdch odst\u00ednech r\u016f\u017eov\u00e9 a modr\u00e9 a bez probl\u00e9m\u016f dopln\u00ed v\u00fdzdobu jak\u00e9hokoli d\u011btsk\u00e9ho pokoje a dod\u00e1 mu barevn\u00fd n\u00e1dech a kouzlo. P\u0159edstavte si to kouzlo p\u0159ed span\u00edm, kdy\u017e se va\u0161e d\u00edt\u011b p\u0159itul\u00ed k d\u011btsk\u00e9mu pol\u0161t\u00e1\u0159i Big - Faced Cat. Stane se z n\u011bj v\u00edc ne\u017e jen pol\u0161t\u00e1\u0159; je to kamar\u00e1d, kter\u00fd jim d\u011bl\u00e1 spole\u010dnost po celou noc. B\u011bhem dne se m\u016f\u017ee prom\u011bnit v rekvizitu pro n\u00e1padit\u00e9 hry, m\u011bkk\u00e9 m\u00edsto pro improvizovan\u00e9 zd\u0159\u00edmnut\u00ed na podlaze ob\u00fdvac\u00edho pokoje nebo uklid\u0148uj\u00edc\u00ed p\u0159\u00edtomnost ve chv\u00edl\u00edch neklidu.<\/div>\n<p>&nbsp;<\/p>\n<div class=\"auto-hide-last-sibling-br paragraph-qzbcQC paragraph-element br-paragraph-space\">Rodi\u010de si tento n\u00e1dhern\u00fd pol\u0161t\u00e1\u0159 pochvaluj\u00ed. \"M\u016fj dvoulet\u00fd syn nem\u016f\u017ee bez pol\u0161t\u00e1\u0159e Big Faced Cat Pillow usnout! Je tak m\u011bkk\u00fd a d\u00edky roztomil\u00e9mu designu se na n\u011bj t\u011b\u0161\u00ed p\u0159ed span\u00edm,\" sv\u011b\u0159ila se jedna spokojen\u00e1 maminka. Jeden z tat\u00ednk\u016f dodal: \"L\u00edb\u00ed se n\u00e1m, \u017ee dod\u00e1v\u00e1 na\u0161emu d\u00edt\u011bti do pokoje trochu z\u00e1bavy. Dob\u0159e se dr\u017e\u00ed i p\u0159i v\u0161ech t\u011bch hrub\u00fdch zach\u00e1zen\u00edch. Rozhodn\u011b skv\u011bl\u00e1 koup\u011b.\"<\/div>\n<p>&nbsp;<\/p>\n<div class=\"auto-hide-last-sibling-br paragraph-qzbcQC paragraph-element br-paragraph-space\">Kojeneck\u00fd pol\u0161t\u00e1\u0159 Big - Faced Cat je v podstat\u011b harmonickou kombinac\u00ed pohodl\u00ed, roztomilosti a funk\u010dnosti. Nen\u00ed to jen l\u016f\u017ekovina, je to cen\u011bn\u00e1 sou\u010d\u00e1st ka\u017edodenn\u00edho \u017eivota va\u0161eho d\u00edt\u011bte, kter\u00e1 vnese do ka\u017ed\u00e9ho okam\u017eiku \u0161petku ko\u010di\u010d\u00edho \u0161armu.<\/div>\n<\/div>\n<\/div>\n<\/div>\n<\/div>\n<\/div>\n<\/div>\n<\/div>\n<\/div>\n<\/div>\n<\/div>\n<\/div>","protected":false},"excerpt":{"rendered":"<div class=\"container-QE4ayg\">\n<div class=\"item-jU10IN\">\n<div class=\"container-jODEnh chrome70-container\">\n<div class=\"inner-eE95c9 inner-item-aL3Ui_\" data-target-id=\"message-box-target-id\" data-testid=\"union_message\">\n<div class=\"message-block-container-liuetz\" data-testid=\"message-block-container\">\n<div class=\"message-box-ZWbBdF\" data-testid=\"receive_message\">\n<div class=\"message-box-content-wrapper-srHdUj\">\n<div class=\"message-content message-box-content-otxGGw receive-message-box-content-_lREFj samantha-message-box-content-Qjmpja\" data-testid=\"message_content\">\n<div class=\"container-hfX5E8 flow-markdown-body theme-samantha-yJEgBp\" dir=\"ltr\" data-testid=\"message_text_content\" data-show-indicator=\"false\">\n<div class=\"auto-hide-last-sibling-br paragraph-qzbcQC paragraph-element br-paragraph-space\">Kojeneck\u00fd pol\u0161t\u00e1\u0159ek Big Faced Cat je n\u00e1dhern\u00fd pol\u0161t\u00e1\u0159ek ur\u010den\u00fd pro d\u011bti od 1 do 3 let. Jeho design je inspirov\u00e1n roztomilou ko\u010dkou s velkou tv\u00e1\u0159\u00ed, velk\u00fdma kulat\u00fdma o\u010dima, rozko\u0161n\u00fdma u\u0161ima a okouzluj\u00edc\u00edm v\u00fdrazem, kter\u00fd vyza\u0159uje roztomilost. Rozm\u011bry 40*<em>24*<\/em>3 cm, poskytuje spr\u00e1vnou oporu pro hlavu a krk d\u00edt\u011bte a zaji\u0161\u0165uje pohodlnou polohu p\u0159i sp\u00e1nku. Je vyrobena z m\u011bkk\u00fdch a p\u0159\u00edjemn\u00fdch materi\u00e1l\u016f a poskytuje jemn\u00fd a p\u0159\u00edjemn\u00fd dotek na poko\u017ece. Je k dispozici v r\u016f\u017eov\u00e9 a modr\u00e9 barv\u011b a bez n\u00e1mahy se hod\u00ed k r\u016fzn\u00fdm dekor\u016fm d\u011btsk\u00fdch pokoj\u016f. Tento pol\u0161t\u00e1\u0159ek nejen\u017ee pom\u00e1h\u00e1 va\u0161emu d\u011b\u0165\u00e1tku u\u017e\u00edt si klidn\u00fd sp\u00e1nek, ale tak\u00e9 dod\u00e1v\u00e1 n\u00e1dech rozmarnosti a tepla jeho sp\u00e1nku, tak\u017ee je skv\u011bl\u00fdm dopl\u0148kem k jeho pot\u0159eb\u00e1m pro sp\u00e1nek.<\/div>\n<\/div>\n<\/div>\n<\/div>\n<\/div>\n<\/div>\n<\/div>\n<\/div>\n<\/div>\n<\/div>","protected":false},"featured_media":3337,"comment_status":"open","ping_status":"closed","template":"","meta":{"_uag_custom_page_level_css":"","site-sidebar-layout":"default","site-content-layout":"","ast-site-content-layout":"default","site-content-style":"default","site-sidebar-style":"default","ast-global-header-display":"","ast-banner-title-visibility":"","ast-main-header-display":"","ast-hfb-above-header-display":"","ast-hfb-below-header-display":"","ast-hfb-mobile-header-display":"","site-post-title":"","ast-breadcrumbs-content":"","ast-featured-img":"","footer-sml-layout":"","ast-disable-related-posts":"","theme-transparent-header-meta":"default","adv-header-id-meta":"","stick-header-meta":"","header-above-stick-meta":"","header-main-stick-meta":"","header-below-stick-meta":"","astra-migrate-meta-layouts":"set","ast-page-background-enabled":"default","ast-page-background-meta":{"desktop":{"background-color":"","background-image":"","background-repeat":"repeat","background-position":"center center","background-size":"auto","background-attachment":"scroll","background-type":"","background-media":"","overlay-type":"","overlay-color":"","overlay-opacity":"","overlay-gradient":""},"tablet":{"background-color":"","background-image":"","background-repeat":"repeat","background-position":"center center","background-size":"auto","background-attachment":"scroll","background-type":"","background-media":"","overlay-type":"","overlay-color":"","overlay-opacity":"","overlay-gradient":""},"mobile":{"background-color":"","background-image":"","background-repeat":"repeat","background-position":"center center","background-size":"auto","background-attachment":"scroll","background-type":"","background-media":"","overlay-type":"","overlay-color":"","overlay-opacity":"","overlay-gradient":""}},"ast-content-background-meta":{"desktop":{"background-color":"var(--ast-global-color-5)","background-image":"","background-repeat":"repeat","background-position":"center center","background-size":"auto","background-attachment":"scroll","background-type":"","background-media":"","overlay-type":"","overlay-color":"","overlay-opacity":"","overlay-gradient":""},"tablet":{"background-color":"var(--ast-global-color-5)","background-image":"","background-repeat":"repeat","background-position":"center center","background-size":"auto","background-attachment":"scroll","background-type":"","background-media":"","overlay-type":"","overlay-color":"","overlay-opacity":"","overlay-gradient":""},"mobile":{"background-color":"var(--ast-global-color-5)","background-image":"","background-repeat":"repeat","background-position":"center center","background-size":"auto","background-attachment":"scroll","background-type":"","background-media":"","overlay-type":"","overlay-color":"","overlay-opacity":"","overlay-gradient":""}}},"product_brand":[],"product_cat":[56,42],"product_tag":[70,68,71,69],"class_list":{"0":"post-3336","1":"product","2":"type-product","3":"status-publish","4":"has-post-thumbnail","6":"product_cat-1-to-3-years","7":"product_cat-merchandise","8":"product_tag-babypillow","9":"product_tag-cuteanimalpillow","10":"product_tag-headshapesupport","11":"product_tag-kouniushapingpillow","12":"desktop-align-left","13":"tablet-align-left","14":"mobile-align-left","16":"first","17":"instock","18":"featured","19":"shipping-taxable","20":"product-type-simple"},"aioseo_notices":[],"uagb_featured_image_src":{"full":["https:\/\/babypillowwholesale.com\/wp-content\/uploads\/2025\/04\/1528.jpg",1000,1000,false],"thumbnail":["https:\/\/babypillowwholesale.com\/wp-content\/uploads\/2025\/04\/1528-150x150.jpg",150,150,true],"medium":["https:\/\/babypillowwholesale.com\/wp-content\/uploads\/2025\/04\/1528-300x300.jpg",300,300,true],"medium_large":["https:\/\/babypillowwholesale.com\/wp-content\/uploads\/2025\/04\/1528-768x768.jpg",768,768,true],"large":["https:\/\/babypillowwholesale.com\/wp-content\/uploads\/2025\/04\/1528.jpg",1000,1000,false],"1536x1536":["https:\/\/babypillowwholesale.com\/wp-content\/uploads\/2025\/04\/1528.jpg",1000,1000,false],"2048x2048":["https:\/\/babypillowwholesale.com\/wp-content\/uploads\/2025\/04\/1528.jpg",1000,1000,false],"trp-custom-language-flag":["https:\/\/babypillowwholesale.com\/wp-content\/uploads\/2025\/04\/1528.jpg",12,12,false],"woocommerce_thumbnail":["https:\/\/babypillowwholesale.com\/wp-content\/uploads\/2025\/04\/1528-300x300.jpg",300,300,true],"woocommerce_single":["https:\/\/babypillowwholesale.com\/wp-content\/uploads\/2025\/04\/1528-600x600.jpg",600,600,true],"woocommerce_gallery_thumbnail":["https:\/\/babypillowwholesale.com\/wp-content\/uploads\/2025\/04\/1528-100x100.jpg",100,100,true]},"uagb_author_info":{"display_name":"Etnen zhong","author_link":"https:\/\/babypillowwholesale.com\/cs\/author\/"},"uagb_comment_info":0,"uagb_excerpt":"The Big - Faced Cat Infant Pillow is a delightful sleep essential designed for children aged 1 - 3 years. Its design is inspired by a cute big - faced cat, featuring large, round eyes, adorable ears, and a charming expression that exudes cuteness. Measuring 40*24*3CM, it offers proper support for a child's head and&hellip;","jetpack_sharing_enabled":true,"_links":{"self":[{"href":"https:\/\/babypillowwholesale.com\/cs\/wp-json\/wp\/v2\/product\/3336","targetHints":{"allow":["GET"]}}],"collection":[{"href":"https:\/\/babypillowwholesale.com\/cs\/wp-json\/wp\/v2\/product"}],"about":[{"href":"https:\/\/babypillowwholesale.com\/cs\/wp-json\/wp\/v2\/types\/product"}],"replies":[{"embeddable":true,"href":"https:\/\/babypillowwholesale.com\/cs\/wp-json\/wp\/v2\/comments?post=3336"}],"wp:featuredmedia":[{"embeddable":true,"href":"https:\/\/babypillowwholesale.com\/cs\/wp-json\/wp\/v2\/media\/3337"}],"wp:attachment":[{"href":"https:\/\/babypillowwholesale.com\/cs\/wp-json\/wp\/v2\/media?parent=3336"}],"wp:term":[{"taxonomy":"product_brand","embeddable":true,"href":"https:\/\/babypillowwholesale.com\/cs\/wp-json\/wp\/v2\/product_brand?post=3336"},{"taxonomy":"product_cat","embeddable":true,"href":"https:\/\/babypillowwholesale.com\/cs\/wp-json\/wp\/v2\/product_cat?post=3336"},{"taxonomy":"product_tag","embeddable":true,"href":"https:\/\/babypillowwholesale.com\/cs\/wp-json\/wp\/v2\/product_tag?post=3336"}],"curies":[{"name":"wp","href":"https:\/\/api.w.org\/{rel}","templated":true}]}}