{"id":3333,"date":"2025-04-04T08:28:31","date_gmt":"2025-04-04T08:28:31","guid":{"rendered":"https:\/\/babypillowwholesale.com\/?post_type=product&#038;p=3333"},"modified":"2025-06-08T14:08:50","modified_gmt":"2025-06-08T14:08:50","slug":"pikachu-infant-pillow","status":"publish","type":"product","link":"https:\/\/babypillowwholesale.com\/cs\/product\/pikachu-infant-pillow\/","title":{"rendered":"Kojeneck\u00fd pol\u0161t\u00e1\u0159 Pikachu"},"content":{"rendered":"<div class=\"auto-hide-last-sibling-br paragraph-qzbcQC paragraph-element br-paragraph-space\" data-immersive-translate-walked=\"8e61f2e7-6af2-46e5-9672-3b9e4f4033d9\" data-immersive-translate-paragraph=\"1\">\n<div class=\"auto-hide-last-sibling-br paragraph-qzbcQC paragraph-element br-paragraph-space\">\n<div class=\"auto-hide-last-sibling-br paragraph-qzbcQC paragraph-element br-paragraph-space\">\n<div class=\"auto-hide-last-sibling-br paragraph-qzbcQC paragraph-element br-paragraph-space\">\n<div class=\"auto-hide-last-sibling-br paragraph-qzbcQC paragraph-element br-paragraph-space\">\n<div class=\"auto-hide-last-sibling-br paragraph-qzbcQC paragraph-element br-paragraph-space\">\n<div class=\"auto-hide-last-sibling-br paragraph-qzbcQC paragraph-element br-paragraph-space\">\n<div class=\"auto-hide-last-sibling-br paragraph-qzbcQC paragraph-element br-paragraph-space\">\n<div class=\"auto-hide-last-sibling-br paragraph-qzbcQC paragraph-element br-paragraph-space\">\n<div class=\"auto-hide-last-sibling-br paragraph-qzbcQC paragraph-element br-paragraph-space\">\n<div class=\"auto-hide-last-sibling-br paragraph-qzbcQC paragraph-element br-paragraph-space\">Pod\u00edvejte se na kojeneck\u00fd pol\u0161t\u00e1\u0159 Pikachu, podmaniv\u00e9ho spole\u010dn\u00edka na span\u00ed, kter\u00fd je p\u0159izp\u016fsoben d\u011btem ve v\u011bku 1-3 let. Tento pol\u0161t\u00e1\u0159 je inspirov\u00e1n ikonick\u00fdm a zbo\u017e\u0148ovan\u00fdm Pikachu a mistrovsky zachycuje jeho podstatu s dlouh\u00fdma \u0161pi\u010dat\u00fdma u\u0161ima, velk\u00fdma v\u00fdrazn\u00fdma o\u010dima a neodolateln\u011b roztomil\u00fdmi \u010dervenaj\u00edc\u00edmi se tv\u00e1\u0159i\u010dkami, kter\u00e9 jsou okam\u017eit\u011b rozpoznateln\u00e9.<\/div>\n<p>&nbsp;<\/p>\n<div class=\"auto-hide-last-sibling-br paragraph-qzbcQC paragraph-element br-paragraph-space\">M\u011b\u0159en\u00ed 40*<em>24*<\/em>3 cm, je ergonomicky navr\u017eena tak, aby poskytovala optim\u00e1ln\u00ed oporu pro hlavu a krk va\u0161eho d\u00edt\u011bte. Kdy\u017e va\u0161e d\u00edt\u011b us\u00edn\u00e1, pol\u0161t\u00e1\u0159 ho jemn\u011b kol\u00e9b\u00e1 a podporuje pohodlnou a zdravou polohu p\u0159i sp\u00e1nku. Je vyroben z ply\u0161ov\u00fdch materi\u00e1l\u016f \u0161etrn\u00fdch k poko\u017ece a na dotek p\u016fsob\u00ed sametov\u011b hebce jako jemn\u00e9 objet\u00ed, tak\u017ee se va\u0161e d\u00edt\u011b po celou noc c\u00edt\u00ed bezpe\u010dn\u011b a \u00fatuln\u011b.<\/div>\n<p>&nbsp;<\/p>\n<div class=\"auto-hide-last-sibling-br paragraph-qzbcQC paragraph-element br-paragraph-space\">Je k dispozici v uklid\u0148uj\u00edc\u00edch odst\u00ednech r\u016f\u017eov\u00e9 a modr\u00e9 a bez probl\u00e9m\u016f dopln\u00ed v\u00fdzdobu jak\u00e9hokoli d\u011btsk\u00e9ho pokoje a dod\u00e1 mu barevn\u00fd n\u00e1dech a kouzlo. P\u0159edstavte si kouzeln\u00fd \u010das p\u0159ed span\u00edm, kdy\u017e se va\u0161e d\u00edt\u011b p\u0159itul\u00ed k kojeneck\u00e9mu pol\u0161t\u00e1\u0159i Pikachu. Stane se v\u00edce ne\u017e jen pol\u0161t\u00e1\u0159em; je to port\u00e1l do sv\u011bta p\u0159edstavivosti, kde jsou sny pln\u00e9 elektrick\u00fdch dobrodru\u017estv\u00ed. P\u0159es den se m\u016f\u017ee st\u00e1t v\u011brn\u00fdm pomocn\u00edkem p\u0159i jejich hern\u00edch eskap\u00e1d\u00e1ch, a\u0165 u\u017e s n\u00edm p\u0159ehr\u00e1vaj\u00ed Pikachuovy nap\u00ednav\u00e9 bitvy, nebo ho prost\u011b pou\u017e\u00edvaj\u00ed jako m\u011bkk\u00e9 m\u00edsto k odpo\u010dinku b\u011bhem p\u0159est\u00e1vky ve h\u0159e.<\/div>\n<p>&nbsp;<\/p>\n<div class=\"auto-hide-last-sibling-br paragraph-qzbcQC paragraph-element br-paragraph-space\">Rodi\u010de si tento n\u00e1dhern\u00fd pol\u0161t\u00e1\u0159 pochvaluj\u00ed. \"M\u016fj dvoulet\u00fd syn je pol\u0161t\u00e1\u0159em Pikachu posedl\u00fd! Je to prvn\u00ed v\u011bc, po kter\u00e9 p\u0159ed span\u00edm s\u00e1hne. Je \u00fa\u017easn\u011b m\u011bkk\u00fd a je tak roztomil\u00e9 vid\u011bt, jak se s n\u00edm mazl\u00ed,\" vyk\u0159ikla jedna radostn\u00e1 maminka. Jeden z tat\u00ednk\u016f se pod\u011blil: \"L\u00edb\u00ed se n\u00e1m, \u017ee je s n\u00edm p\u0159ed span\u00edm je\u0161t\u011b v\u011bt\u0161\u00ed z\u00e1bava. Je tak\u00e9 odoln\u00fd, p\u0159e\u017eije v\u0161echna objet\u00ed a p\u0159ehazov\u00e1n\u00ed. Ur\u010dit\u011b skv\u011bl\u00e1 koup\u011b!\"<\/div>\n<p>&nbsp;<\/p>\n<div class=\"auto-hide-last-sibling-br paragraph-qzbcQC paragraph-element br-paragraph-space\">Kojeneck\u00fd pol\u0161t\u00e1\u0159 Pikachu je zkr\u00e1tka harmonickou kombinac\u00ed pohodl\u00ed, roztomilosti a funk\u010dnosti. Nen\u00ed to jen dopln\u011bk na span\u00ed; je to cen\u011bn\u00e1 sou\u010d\u00e1st ka\u017edodenn\u00edho \u017eivota va\u0161eho d\u00edt\u011bte, kter\u00e1 ka\u017ed\u00e9mu okam\u017eiku vdechne \u0161petku kouzla inspirovan\u00e9ho Pikachu.<\/div>\n<\/div>\n<\/div>\n<\/div>\n<\/div>\n<\/div>\n<\/div>\n<\/div>\n<\/div>\n<\/div>\n<\/div>","protected":false},"excerpt":{"rendered":"<div class=\"container-QE4ayg\">\n<div class=\"item-jU10IN\">\n<div class=\"container-jODEnh chrome70-container\">\n<div class=\"inner-eE95c9 inner-item-aL3Ui_\" data-target-id=\"message-box-target-id\" data-testid=\"union_message\">\n<div class=\"message-block-container-liuetz\" data-testid=\"message-block-container\">\n<div class=\"message-box-ZWbBdF\" data-testid=\"receive_message\">\n<div class=\"message-box-content-wrapper-srHdUj\">\n<div class=\"message-content message-box-content-otxGGw receive-message-box-content-_lREFj samantha-message-box-content-Qjmpja\" data-testid=\"message_content\">\n<div class=\"container-hfX5E8 flow-markdown-body theme-samantha-yJEgBp\" dir=\"ltr\" data-testid=\"message_text_content\" data-show-indicator=\"false\">\n<div class=\"auto-hide-last-sibling-br paragraph-qzbcQC paragraph-element br-paragraph-space\">Kojeneck\u00fd pol\u0161t\u00e1\u0159ek Pikachu je okouzluj\u00edc\u00ed pom\u016fcka pro sp\u00e1nek d\u011bt\u00ed ve v\u011bku 1 a\u017e 3 let. Je inspirov\u00e1n obl\u00edbenou postavi\u010dkou Pikachu a vynik\u00e1 ikonick\u00fdmi prvky, jako jsou dlouh\u00e9 u\u0161i, jasn\u00e9 o\u010di a roztomil\u00e9 \u010dervenaj\u00edc\u00ed se tv\u00e1\u0159i\u010dky. M\u011b\u0159\u00ed 40*<em>24*<\/em>3 cm, poskytuje spr\u00e1vnou oporu pro hlavu a krk d\u00edt\u011bte a zaji\u0161\u0165uje pohodln\u00fd sp\u00e1nek. Je vyrobena z m\u011bkk\u00fdch a p\u0159\u00edjemn\u00fdch materi\u00e1l\u016f a nab\u00edz\u00ed jemn\u00fd dotek na poko\u017ece. Je k dispozici v r\u016f\u017eov\u00e9 a modr\u00e9 barv\u011b, tak\u017ee snadno zapadne do jak\u00e9hokoli interi\u00e9ru d\u011btsk\u00e9ho pokoje. Tento pol\u0161t\u00e1\u0159ek nejen\u017ee podporuje kvalitn\u00ed no\u010dn\u00ed odpo\u010dinek, ale tak\u00e9 dod\u00e1v\u00e1 d\u011btem p\u0159i span\u00ed n\u00e1dech z\u00e1bavy a fantazie, tak\u017ee se stane p\u0159\u00edjemn\u00fdm dopl\u0148kem jejich sp\u00e1nkov\u00e9ho re\u017eimu.<\/div>\n<\/div>\n<\/div>\n<\/div>\n<\/div>\n<\/div>\n<\/div>\n<\/div>\n<\/div>\n<\/div>","protected":false},"featured_media":3334,"comment_status":"open","ping_status":"closed","template":"","meta":{"_uag_custom_page_level_css":"","site-sidebar-layout":"default","site-content-layout":"","ast-site-content-layout":"default","site-content-style":"default","site-sidebar-style":"default","ast-global-header-display":"","ast-banner-title-visibility":"","ast-main-header-display":"","ast-hfb-above-header-display":"","ast-hfb-below-header-display":"","ast-hfb-mobile-header-display":"","site-post-title":"","ast-breadcrumbs-content":"","ast-featured-img":"","footer-sml-layout":"","ast-disable-related-posts":"","theme-transparent-header-meta":"default","adv-header-id-meta":"","stick-header-meta":"","header-above-stick-meta":"","header-main-stick-meta":"","header-below-stick-meta":"","astra-migrate-meta-layouts":"set","ast-page-background-enabled":"default","ast-page-background-meta":{"desktop":{"background-color":"","background-image":"","background-repeat":"repeat","background-position":"center center","background-size":"auto","background-attachment":"scroll","background-type":"","background-media":"","overlay-type":"","overlay-color":"","overlay-opacity":"","overlay-gradient":""},"tablet":{"background-color":"","background-image":"","background-repeat":"repeat","background-position":"center center","background-size":"auto","background-attachment":"scroll","background-type":"","background-media":"","overlay-type":"","overlay-color":"","overlay-opacity":"","overlay-gradient":""},"mobile":{"background-color":"","background-image":"","background-repeat":"repeat","background-position":"center center","background-size":"auto","background-attachment":"scroll","background-type":"","background-media":"","overlay-type":"","overlay-color":"","overlay-opacity":"","overlay-gradient":""}},"ast-content-background-meta":{"desktop":{"background-color":"var(--ast-global-color-5)","background-image":"","background-repeat":"repeat","background-position":"center center","background-size":"auto","background-attachment":"scroll","background-type":"","background-media":"","overlay-type":"","overlay-color":"","overlay-opacity":"","overlay-gradient":""},"tablet":{"background-color":"var(--ast-global-color-5)","background-image":"","background-repeat":"repeat","background-position":"center center","background-size":"auto","background-attachment":"scroll","background-type":"","background-media":"","overlay-type":"","overlay-color":"","overlay-opacity":"","overlay-gradient":""},"mobile":{"background-color":"var(--ast-global-color-5)","background-image":"","background-repeat":"repeat","background-position":"center center","background-size":"auto","background-attachment":"scroll","background-type":"","background-media":"","overlay-type":"","overlay-color":"","overlay-opacity":"","overlay-gradient":""}}},"product_brand":[],"product_cat":[56,42],"product_tag":[70,68,71,69],"class_list":{"0":"post-3333","1":"product","2":"type-product","3":"status-publish","4":"has-post-thumbnail","6":"product_cat-1-to-3-years","7":"product_cat-merchandise","8":"product_tag-babypillow","9":"product_tag-cuteanimalpillow","10":"product_tag-headshapesupport","11":"product_tag-kouniushapingpillow","12":"desktop-align-left","13":"tablet-align-left","14":"mobile-align-left","16":"first","17":"instock","18":"featured","19":"shipping-taxable","20":"product-type-simple"},"aioseo_notices":[],"uagb_featured_image_src":{"full":["https:\/\/babypillowwholesale.com\/wp-content\/uploads\/2025\/04\/1527.jpg",1000,1000,false],"thumbnail":["https:\/\/babypillowwholesale.com\/wp-content\/uploads\/2025\/04\/1527-150x150.jpg",150,150,true],"medium":["https:\/\/babypillowwholesale.com\/wp-content\/uploads\/2025\/04\/1527-300x300.jpg",300,300,true],"medium_large":["https:\/\/babypillowwholesale.com\/wp-content\/uploads\/2025\/04\/1527-768x768.jpg",768,768,true],"large":["https:\/\/babypillowwholesale.com\/wp-content\/uploads\/2025\/04\/1527.jpg",1000,1000,false],"1536x1536":["https:\/\/babypillowwholesale.com\/wp-content\/uploads\/2025\/04\/1527.jpg",1000,1000,false],"2048x2048":["https:\/\/babypillowwholesale.com\/wp-content\/uploads\/2025\/04\/1527.jpg",1000,1000,false],"trp-custom-language-flag":["https:\/\/babypillowwholesale.com\/wp-content\/uploads\/2025\/04\/1527.jpg",12,12,false],"woocommerce_thumbnail":["https:\/\/babypillowwholesale.com\/wp-content\/uploads\/2025\/04\/1527-300x300.jpg",300,300,true],"woocommerce_single":["https:\/\/babypillowwholesale.com\/wp-content\/uploads\/2025\/04\/1527-600x600.jpg",600,600,true],"woocommerce_gallery_thumbnail":["https:\/\/babypillowwholesale.com\/wp-content\/uploads\/2025\/04\/1527-100x100.jpg",100,100,true]},"uagb_author_info":{"display_name":"Etnen zhong","author_link":"https:\/\/babypillowwholesale.com\/cs\/author\/"},"uagb_comment_info":0,"uagb_excerpt":"The Pikachu Infant Pillow is a charming sleep essential for children aged 1 - 3 years. Inspired by the beloved Pikachu, it showcases iconic features like long ears, bright eyes, and cute blushing cheeks. Measuring 40*24*3CM, it provides just the right support for a child's head and neck, ensuring a comfortable sleep. Made from soft&hellip;","jetpack_sharing_enabled":true,"_links":{"self":[{"href":"https:\/\/babypillowwholesale.com\/cs\/wp-json\/wp\/v2\/product\/3333","targetHints":{"allow":["GET"]}}],"collection":[{"href":"https:\/\/babypillowwholesale.com\/cs\/wp-json\/wp\/v2\/product"}],"about":[{"href":"https:\/\/babypillowwholesale.com\/cs\/wp-json\/wp\/v2\/types\/product"}],"replies":[{"embeddable":true,"href":"https:\/\/babypillowwholesale.com\/cs\/wp-json\/wp\/v2\/comments?post=3333"}],"wp:featuredmedia":[{"embeddable":true,"href":"https:\/\/babypillowwholesale.com\/cs\/wp-json\/wp\/v2\/media\/3334"}],"wp:attachment":[{"href":"https:\/\/babypillowwholesale.com\/cs\/wp-json\/wp\/v2\/media?parent=3333"}],"wp:term":[{"taxonomy":"product_brand","embeddable":true,"href":"https:\/\/babypillowwholesale.com\/cs\/wp-json\/wp\/v2\/product_brand?post=3333"},{"taxonomy":"product_cat","embeddable":true,"href":"https:\/\/babypillowwholesale.com\/cs\/wp-json\/wp\/v2\/product_cat?post=3333"},{"taxonomy":"product_tag","embeddable":true,"href":"https:\/\/babypillowwholesale.com\/cs\/wp-json\/wp\/v2\/product_tag?post=3333"}],"curies":[{"name":"wp","href":"https:\/\/api.w.org\/{rel}","templated":true}]}}