{"id":3329,"date":"2025-04-03T15:57:48","date_gmt":"2025-04-03T15:57:48","guid":{"rendered":"https:\/\/babypillowwholesale.com\/?post_type=product&#038;p=3329"},"modified":"2025-06-08T14:55:14","modified_gmt":"2025-06-08T14:55:14","slug":"cute-pig-infant-pillow","status":"publish","type":"product","link":"https:\/\/babypillowwholesale.com\/cs\/product\/cute-pig-infant-pillow\/","title":{"rendered":"Roztomil\u00fd prase\u010d\u00ed kojeneck\u00fd pol\u0161t\u00e1\u0159"},"content":{"rendered":"<div class=\"auto-hide-last-sibling-br paragraph-qzbcQC paragraph-element br-paragraph-space\" data-immersive-translate-walked=\"8e61f2e7-6af2-46e5-9672-3b9e4f4033d9\" data-immersive-translate-paragraph=\"1\">\n<div class=\"auto-hide-last-sibling-br paragraph-qzbcQC paragraph-element br-paragraph-space\">\n<div class=\"auto-hide-last-sibling-br paragraph-qzbcQC paragraph-element br-paragraph-space\">\n<div class=\"auto-hide-last-sibling-br paragraph-qzbcQC paragraph-element br-paragraph-space\">\n<div class=\"auto-hide-last-sibling-br paragraph-qzbcQC paragraph-element br-paragraph-space\">\n<div class=\"auto-hide-last-sibling-br paragraph-qzbcQC paragraph-element br-paragraph-space\">\n<div class=\"auto-hide-last-sibling-br paragraph-qzbcQC paragraph-element br-paragraph-space\">\n<div class=\"auto-hide-last-sibling-br paragraph-qzbcQC paragraph-element br-paragraph-space\">\n<div class=\"auto-hide-last-sibling-br paragraph-qzbcQC paragraph-element br-paragraph-space\">\n<div class=\"auto-hide-last-sibling-br paragraph-qzbcQC paragraph-element br-paragraph-space\">P\u0159edstavujeme kojeneck\u00fd pol\u0161t\u00e1\u0159ek Cute Pig, okouzluj\u00edc\u00ed a nezbytn\u00fd spole\u010dn\u00edk na span\u00ed pro d\u011bti od 1 do 3 let. Jeho design je rozko\u0161nou \u00f3dou na roztomil\u00e9 pras\u00e1tko s klidn\u00fdm v\u00fdrazem zav\u0159en\u00fdch o\u010d\u00ed, dokonale kulat\u00fdm nosem a jemn\u011b m\u011bkk\u00fdma u\u0161ima, kter\u00e9 dohromady vytv\u00e1\u0159ej\u00ed neodolateln\u011b roztomilou viz\u00e1\u017e.<\/div>\n<p>&nbsp;<\/p>\n<div class=\"auto-hide-last-sibling-br paragraph-qzbcQC paragraph-element br-paragraph-space\">M\u011b\u0159en\u00ed 40*<em>24*<\/em>Tento pol\u0161t\u00e1\u0159 o velikosti 3 cm je optim\u00e1ln\u011b dimenzov\u00e1n tak, aby poskytoval optim\u00e1ln\u00ed oporu pro hlavu a krk va\u0161eho d\u00edt\u011bte. Jemn\u011b podporuje zdrav\u00e9 dr\u017een\u00ed t\u011bla p\u0159i sp\u00e1nku a zaji\u0161\u0165uje, \u017ee ka\u017ed\u00fd sp\u00e1nek je stejn\u011b klidn\u00fd jako sladk\u00fd. Je vyroben z luxusn\u011b m\u011bkk\u00fdch materi\u00e1l\u016f a nab\u00edz\u00ed pohlazen\u00ed, kter\u00e9 se podob\u00e1 doteku a zahal\u00ed va\u0161e d\u00edt\u011b do pohodl\u00ed. Je k dispozici v jemn\u00fdch odst\u00ednech r\u016f\u017eov\u00e9 a modr\u00e9 barvy, tak\u017ee bez n\u00e1mahy dopln\u00ed jak\u00fdkoli interi\u00e9r d\u011btsk\u00e9ho pokoje a snadno vyhov\u00ed individu\u00e1ln\u00edmu vkusu.<\/div>\n<p>&nbsp;<\/p>\n<div class=\"auto-hide-last-sibling-br paragraph-qzbcQC paragraph-element br-paragraph-space\">P\u0159edstavte si klidn\u00e9 ve\u010dery, kdy se va\u0161e d\u00edt\u011b uveleben\u00e9 v post\u00fdlce obj\u00edm\u00e1 s kojeneck\u00fdm pol\u0161t\u00e1\u0159em Cute Pig. Stane se zdrojem \u00fat\u011bchy, tich\u00fdm kamar\u00e1dem, kter\u00fd je uklid\u0148uje do klidn\u00fdch sn\u016f. P\u0159es den m\u016f\u017ee slou\u017eit jako hrav\u00e1 rekvizita p\u0159i jejich n\u00e1padit\u00fdch hr\u00e1ch, m\u011bkk\u00e9 m\u00edsto pro improvizovan\u00e9 zd\u0159\u00edmnut\u00ed na podlaze v ob\u00fdvac\u00edm pokoji nebo uklid\u0148uj\u00edc\u00ed kamar\u00e1d na mazlen\u00ed ve chv\u00edl\u00edch \u00fanavy.<\/div>\n<p>&nbsp;<\/p>\n<div class=\"auto-hide-last-sibling-br paragraph-qzbcQC paragraph-element br-paragraph-space\">Rodi\u010de si tento n\u00e1dhern\u00fd pol\u0161t\u00e1\u0159ek pochvaluj\u00ed. \"Moje batole pol\u0161t\u00e1\u0159ek Cute Pig naprosto zbo\u017e\u0148uje! Stal se jejich obl\u00edben\u00fdm pol\u0161t\u00e1\u0159em p\u0159ed span\u00edm. Je \u00fa\u017easn\u011b m\u011bkk\u00fd a d\u00edky roztomil\u00e9mu designu je obl\u00edbenou sou\u010d\u00e1st\u00ed jejich pokoje,\" pod\u011blila se o sv\u00e9 dojmy jedna z nad\u0161en\u00fdch maminek. Tat\u00ednek se p\u0159idal: \"L\u00edb\u00ed se n\u00e1m, jak dod\u00e1v\u00e1 na\u0161emu d\u00edt\u011bti na sp\u00e1nku n\u00e1dech rozmarnosti. Je tak\u00e9 odoln\u00fd, vydr\u017e\u00ed v\u0161echna objet\u00ed a stla\u010den\u00ed. Ur\u010dit\u011b skv\u011bl\u00fd n\u00e1lez!\"<\/div>\n<p>&nbsp;<\/p>\n<div class=\"auto-hide-last-sibling-br paragraph-qzbcQC paragraph-element br-paragraph-space\">Kojeneck\u00fd pol\u0161t\u00e1\u0159ek Cute Pig je v podstat\u011b v\u00edc ne\u017e jen pol\u0161t\u00e1\u0159ek; je to svazek pohodl\u00ed, roztomilosti a vzpom\u00ednek na d\u011btstv\u00ed, kter\u00fd umoc\u0148uje ka\u017ed\u00fd vz\u00e1cn\u00fd okam\u017eik ve v\u011bku 1-3 let va\u0161eho d\u00edt\u011bte.<\/div>\n<\/div>\n<\/div>\n<\/div>\n<\/div>\n<\/div>\n<\/div>\n<\/div>\n<\/div>\n<\/div>","protected":false},"excerpt":{"rendered":"<div class=\"container-QE4ayg\">\n<div class=\"item-jU10IN\">\n<div class=\"container-jODEnh chrome70-container\">\n<div class=\"inner-eE95c9 inner-item-aL3Ui_\" data-target-id=\"message-box-target-id\" data-testid=\"union_message\">\n<div class=\"message-block-container-liuetz\" data-testid=\"message-block-container\">\n<div class=\"message-box-ZWbBdF\" data-testid=\"receive_message\">\n<div class=\"message-box-content-wrapper-srHdUj\">\n<div class=\"message-content message-box-content-otxGGw receive-message-box-content-_lREFj samantha-message-box-content-Qjmpja\" data-testid=\"message_content\">\n<div class=\"container-hfX5E8 flow-markdown-body theme-samantha-yJEgBp\" dir=\"ltr\" data-testid=\"message_text_content\" data-show-indicator=\"false\">\n<div class=\"auto-hide-last-sibling-br paragraph-qzbcQC paragraph-element br-paragraph-space\">Kojeneck\u00fd pol\u0161t\u00e1\u0159ek Cute Pig je roztomil\u00fd dopln\u011bk na span\u00ed ur\u010den\u00fd pro d\u011bti od 1 do 3 let. Jeho design je inspirov\u00e1n roztomil\u00fdm pras\u00e1tkem s okouzluj\u00edc\u00edmi prvky, jako jsou zav\u0159en\u00e9 o\u010di, kulat\u00fd nos a m\u011bkk\u00e9 u\u0161i, kter\u00e9 vytv\u00e1\u0159ej\u00ed neodolateln\u011b roztomil\u00fd vzhled. Rozm\u011bry 40*<em>24*<\/em>3 cm, poskytuje spr\u00e1vnou oporu pro hlavu a krk d\u00edt\u011bte a podporuje pohodln\u00e9 a zdrav\u00e9 dr\u017een\u00ed t\u011bla p\u0159i sp\u00e1nku. Je vyrobena z m\u011bkk\u00fdch materi\u00e1l\u016f a poskytuje jemn\u00fd a p\u0159\u00edjemn\u00fd dotek. Je k dispozici v r\u016f\u017eov\u00e9 a modr\u00e9 barv\u011b, tak\u017ee se hod\u00ed k r\u016fzn\u00fdm dekor\u016fm d\u011btsk\u00fdch pokoj\u016f a osobn\u00edm preferenc\u00edm. Tento pol\u0161t\u00e1\u0159ek nejen pom\u00e1h\u00e1 zajistit dobr\u00fd sp\u00e1nek, ale tak\u00e9 dod\u00e1v\u00e1 d\u011btem p\u0159ed span\u00edm n\u00e1dech roztomilosti a tepla.<\/div>\n<\/div>\n<\/div>\n<\/div>\n<\/div>\n<\/div>\n<\/div>\n<\/div>\n<\/div>\n<\/div>","protected":false},"featured_media":3331,"comment_status":"open","ping_status":"closed","template":"","meta":{"_uag_custom_page_level_css":"","site-sidebar-layout":"default","site-content-layout":"","ast-site-content-layout":"default","site-content-style":"default","site-sidebar-style":"default","ast-global-header-display":"","ast-banner-title-visibility":"","ast-main-header-display":"","ast-hfb-above-header-display":"","ast-hfb-below-header-display":"","ast-hfb-mobile-header-display":"","site-post-title":"","ast-breadcrumbs-content":"","ast-featured-img":"","footer-sml-layout":"","ast-disable-related-posts":"","theme-transparent-header-meta":"default","adv-header-id-meta":"","stick-header-meta":"","header-above-stick-meta":"","header-main-stick-meta":"","header-below-stick-meta":"","astra-migrate-meta-layouts":"set","ast-page-background-enabled":"default","ast-page-background-meta":{"desktop":{"background-color":"","background-image":"","background-repeat":"repeat","background-position":"center center","background-size":"auto","background-attachment":"scroll","background-type":"","background-media":"","overlay-type":"","overlay-color":"","overlay-opacity":"","overlay-gradient":""},"tablet":{"background-color":"","background-image":"","background-repeat":"repeat","background-position":"center center","background-size":"auto","background-attachment":"scroll","background-type":"","background-media":"","overlay-type":"","overlay-color":"","overlay-opacity":"","overlay-gradient":""},"mobile":{"background-color":"","background-image":"","background-repeat":"repeat","background-position":"center center","background-size":"auto","background-attachment":"scroll","background-type":"","background-media":"","overlay-type":"","overlay-color":"","overlay-opacity":"","overlay-gradient":""}},"ast-content-background-meta":{"desktop":{"background-color":"var(--ast-global-color-5)","background-image":"","background-repeat":"repeat","background-position":"center center","background-size":"auto","background-attachment":"scroll","background-type":"","background-media":"","overlay-type":"","overlay-color":"","overlay-opacity":"","overlay-gradient":""},"tablet":{"background-color":"var(--ast-global-color-5)","background-image":"","background-repeat":"repeat","background-position":"center center","background-size":"auto","background-attachment":"scroll","background-type":"","background-media":"","overlay-type":"","overlay-color":"","overlay-opacity":"","overlay-gradient":""},"mobile":{"background-color":"var(--ast-global-color-5)","background-image":"","background-repeat":"repeat","background-position":"center center","background-size":"auto","background-attachment":"scroll","background-type":"","background-media":"","overlay-type":"","overlay-color":"","overlay-opacity":"","overlay-gradient":""}}},"product_brand":[],"product_cat":[56,42],"product_tag":[70,68,71,69],"class_list":{"0":"post-3329","1":"product","2":"type-product","3":"status-publish","4":"has-post-thumbnail","6":"product_cat-1-to-3-years","7":"product_cat-merchandise","8":"product_tag-babypillow","9":"product_tag-cuteanimalpillow","10":"product_tag-headshapesupport","11":"product_tag-kouniushapingpillow","12":"desktop-align-left","13":"tablet-align-left","14":"mobile-align-left","16":"first","17":"instock","18":"shipping-taxable","19":"product-type-simple"},"aioseo_notices":[],"uagb_featured_image_src":{"full":["https:\/\/babypillowwholesale.com\/wp-content\/uploads\/2025\/04\/1096-1.jpg",1000,1000,false],"thumbnail":["https:\/\/babypillowwholesale.com\/wp-content\/uploads\/2025\/04\/1096-1-150x150.jpg",150,150,true],"medium":["https:\/\/babypillowwholesale.com\/wp-content\/uploads\/2025\/04\/1096-1-300x300.jpg",300,300,true],"medium_large":["https:\/\/babypillowwholesale.com\/wp-content\/uploads\/2025\/04\/1096-1-768x768.jpg",768,768,true],"large":["https:\/\/babypillowwholesale.com\/wp-content\/uploads\/2025\/04\/1096-1.jpg",1000,1000,false],"1536x1536":["https:\/\/babypillowwholesale.com\/wp-content\/uploads\/2025\/04\/1096-1.jpg",1000,1000,false],"2048x2048":["https:\/\/babypillowwholesale.com\/wp-content\/uploads\/2025\/04\/1096-1.jpg",1000,1000,false],"trp-custom-language-flag":["https:\/\/babypillowwholesale.com\/wp-content\/uploads\/2025\/04\/1096-1.jpg",12,12,false],"woocommerce_thumbnail":["https:\/\/babypillowwholesale.com\/wp-content\/uploads\/2025\/04\/1096-1-300x300.jpg",300,300,true],"woocommerce_single":["https:\/\/babypillowwholesale.com\/wp-content\/uploads\/2025\/04\/1096-1-600x600.jpg",600,600,true],"woocommerce_gallery_thumbnail":["https:\/\/babypillowwholesale.com\/wp-content\/uploads\/2025\/04\/1096-1-100x100.jpg",100,100,true]},"uagb_author_info":{"display_name":"Etnen zhong","author_link":"https:\/\/babypillowwholesale.com\/cs\/author\/"},"uagb_comment_info":0,"uagb_excerpt":"The Cute Pig Infant Pillow is an endearing sleep accessory designed for children aged 1 - 3 years. Its design is inspired by a cute pig, with charming features like closed - eye expressions, a round nose, and soft ears, creating an irresistibly adorable look. Measuring 40*24*3CM, it offers proper support for a child's head&hellip;","jetpack_sharing_enabled":true,"_links":{"self":[{"href":"https:\/\/babypillowwholesale.com\/cs\/wp-json\/wp\/v2\/product\/3329","targetHints":{"allow":["GET"]}}],"collection":[{"href":"https:\/\/babypillowwholesale.com\/cs\/wp-json\/wp\/v2\/product"}],"about":[{"href":"https:\/\/babypillowwholesale.com\/cs\/wp-json\/wp\/v2\/types\/product"}],"replies":[{"embeddable":true,"href":"https:\/\/babypillowwholesale.com\/cs\/wp-json\/wp\/v2\/comments?post=3329"}],"wp:featuredmedia":[{"embeddable":true,"href":"https:\/\/babypillowwholesale.com\/cs\/wp-json\/wp\/v2\/media\/3331"}],"wp:attachment":[{"href":"https:\/\/babypillowwholesale.com\/cs\/wp-json\/wp\/v2\/media?parent=3329"}],"wp:term":[{"taxonomy":"product_brand","embeddable":true,"href":"https:\/\/babypillowwholesale.com\/cs\/wp-json\/wp\/v2\/product_brand?post=3329"},{"taxonomy":"product_cat","embeddable":true,"href":"https:\/\/babypillowwholesale.com\/cs\/wp-json\/wp\/v2\/product_cat?post=3329"},{"taxonomy":"product_tag","embeddable":true,"href":"https:\/\/babypillowwholesale.com\/cs\/wp-json\/wp\/v2\/product_tag?post=3329"}],"curies":[{"name":"wp","href":"https:\/\/api.w.org\/{rel}","templated":true}]}}