{"id":3326,"date":"2025-04-03T15:31:54","date_gmt":"2025-04-03T15:31:54","guid":{"rendered":"https:\/\/babypillowwholesale.com\/?post_type=product&#038;p=3326"},"modified":"2025-06-08T15:08:21","modified_gmt":"2025-06-08T15:08:21","slug":"childlike-infant-pillow","status":"publish","type":"product","link":"https:\/\/babypillowwholesale.com\/cs\/product\/childlike-infant-pillow\/","title":{"rendered":"D\u011btsk\u00fd kojeneck\u00fd pol\u0161t\u00e1\u0159"},"content":{"rendered":"<div class=\"auto-hide-last-sibling-br paragraph-qzbcQC paragraph-element br-paragraph-space\" data-immersive-translate-walked=\"8e61f2e7-6af2-46e5-9672-3b9e4f4033d9\" data-immersive-translate-paragraph=\"1\">\n<div class=\"auto-hide-last-sibling-br paragraph-qzbcQC paragraph-element br-paragraph-space\">\n<div class=\"auto-hide-last-sibling-br paragraph-qzbcQC paragraph-element br-paragraph-space\">\n<div class=\"auto-hide-last-sibling-br paragraph-qzbcQC paragraph-element br-paragraph-space\">\n<div class=\"auto-hide-last-sibling-br paragraph-qzbcQC paragraph-element br-paragraph-space\">\n<div class=\"auto-hide-last-sibling-br paragraph-qzbcQC paragraph-element br-paragraph-space\">\n<div class=\"auto-hide-last-sibling-br paragraph-qzbcQC paragraph-element br-paragraph-space\">\n<div class=\"auto-hide-last-sibling-br paragraph-qzbcQC paragraph-element br-paragraph-space\">\n<div class=\"auto-hide-last-sibling-br paragraph-qzbcQC paragraph-element br-paragraph-space\">P\u0159edstavujeme d\u011btsk\u00fd pol\u0161t\u00e1\u0159ek Childlike Infant Pillow, kouzeln\u00e9ho spole\u010dn\u00edka na span\u00ed, kter\u00fd je ur\u010den pro nejmen\u0161\u00ed d\u011bti ve v\u011bku 1-3 let. Jeho podmaniv\u00fd design \u010derp\u00e1 inspiraci z roztomil\u00e9ho fantastick\u00e9ho zv\u00ed\u0159\u00e1tka, kter\u00e9 se py\u0161n\u00ed rozmarn\u00fdm t\u011bl\u00ed\u010dkem, roztomil\u00fdmi ou\u0161ky a n\u011b\u017en\u00fdm v\u00fdrazem, jen\u017e okam\u017eit\u011b evokuje sv\u011bt nevinnosti a \u00fa\u017easu.<\/div>\n<p>&nbsp;<\/p>\n<div class=\"auto-hide-last-sibling-br paragraph-qzbcQC paragraph-element br-paragraph-space\">M\u011b\u0159en\u00ed 43*<em>26*<\/em>Tento pol\u0161t\u00e1\u0159 o velikosti 3 cm poskytuje spr\u00e1vnou oporu pro hlavu a krk va\u0161eho d\u00edt\u011bte a zaji\u0161\u0165uje mu klidn\u00fd sp\u00e1nek noc co noc. Je vyroben z luxusn\u011b m\u011bkk\u00fdch materi\u00e1l\u016f a poskytuje luxusn\u00ed, \u00fatuln\u00fd dotek, ke kter\u00e9mu se va\u0161e d\u00edt\u011b r\u00e1do p\u0159itul\u00ed. Je k dispozici v okouzluj\u00edc\u00edch r\u016f\u017eov\u00fdch a modr\u00fdch odst\u00ednech, tak\u017ee vyhov\u00ed individu\u00e1ln\u00edm preferenc\u00edm a dod\u00e1 ka\u017ed\u00e9mu d\u011btsk\u00e9mu pokoji nebo lo\u017enici barevn\u00fd n\u00e1dech.<\/div>\n<p>&nbsp;<\/p>\n<div class=\"auto-hide-last-sibling-br paragraph-qzbcQC paragraph-element br-paragraph-space\">P\u0159edstavte si, \u017ee p\u0159\u00edb\u011bhy na dobrou noc o\u017e\u00edvaj\u00ed, kdy\u017e se va\u0161e d\u00edt\u011b mazl\u00ed s t\u00edmto pol\u0161t\u00e1\u0159em a c\u00edt\u00ed se v bezpe\u010d\u00ed a v \u00fat\u011b\u0161e. Nen\u00ed ur\u010den jen na span\u00ed; b\u011bhem dne m\u016f\u017ee b\u00fdt kamar\u00e1dem na hran\u00ed, oporou pro n\u00e1padit\u00e1 dobrodru\u017estv\u00ed nebo m\u011bkk\u00fdm m\u00edstem pro p\u0159ist\u00e1n\u00ed b\u011bhem improvizovan\u00e9ho sp\u00e1nku v m\u00edstnosti.<\/div>\n<p>&nbsp;<\/p>\n<div class=\"auto-hide-last-sibling-br paragraph-qzbcQC paragraph-element br-paragraph-space\">Rodi\u010de jsou z tohoto v\u00fdrobku nad\u0161eni. \"M\u016fj dvoulet\u00fd syn tento pol\u0161t\u00e1\u0159 zbo\u017e\u0148uje! Stal se jejich nejobl\u00edben\u011bj\u0161\u00ed v\u011bc\u00ed na span\u00ed. Je \u00fa\u017easn\u011b m\u011bkk\u00fd a d\u00edky roztomil\u00e9mu designu je span\u00ed hra\u010dka,\" pod\u011blila se o sv\u00e9 dojmy spokojen\u00e1 maminka. Jeden z tat\u00ednk\u016f dodal: \"L\u00edb\u00ed se n\u00e1m, jak dod\u00e1v\u00e1 na\u0161emu d\u00edt\u011bti do pokoje trochu z\u00e1bavy. Je tak\u00e9 odoln\u00fd, co\u017e je skv\u011bl\u00e9 vzhledem ke v\u0161em hr\u00e1m, kter\u00e9 vydr\u017e\u00ed. Pro tuto v\u011bkovou skupinu je to rozhodn\u011b must have.\"<\/div>\n<p>&nbsp;<\/p>\n<div class=\"auto-hide-last-sibling-br paragraph-qzbcQC paragraph-element br-paragraph-space\">Pol\u0161t\u00e1\u0159 Childlike Infant Pillow je zkr\u00e1tka v\u00edc ne\u017e jen l\u016f\u017ekovina. Je to br\u00e1na do sladk\u00fdch sn\u016f, zdroj pohodl\u00ed a cen\u011bn\u00e1 sou\u010d\u00e1st prvn\u00edch let \u017eivota va\u0161eho d\u00edt\u011bte, kter\u00e1 v sob\u011b spojuje funk\u010dnost s n\u00e1dechem d\u011btsk\u00e9ho kouzla.<\/div>\n<\/div>\n<\/div>\n<\/div>\n<\/div>\n<\/div>\n<\/div>\n<\/div>\n<\/div>","protected":false},"excerpt":{"rendered":"<div class=\"container-QE4ayg\">\n<div class=\"item-jU10IN\">\n<div class=\"container-jODEnh chrome70-container\">\n<div class=\"inner-eE95c9 inner-item-aL3Ui_\" data-target-id=\"message-box-target-id\" data-testid=\"union_message\">\n<div class=\"message-block-container-liuetz\" data-testid=\"message-block-container\">\n<div class=\"message-box-ZWbBdF\" data-testid=\"receive_message\">\n<div class=\"message-box-content-wrapper-srHdUj\">\n<div class=\"message-content message-box-content-otxGGw receive-message-box-content-_lREFj samantha-message-box-content-Qjmpja\" data-testid=\"message_content\">\n<div class=\"container-hfX5E8 flow-markdown-body theme-samantha-yJEgBp\" dir=\"ltr\" data-testid=\"message_text_content\" data-show-indicator=\"false\">\n<div class=\"auto-hide-last-sibling-br paragraph-qzbcQC paragraph-element br-paragraph-space\">D\u011btsk\u00fd pol\u0161t\u00e1\u0159 Childlike Infant Pillow je okouzluj\u00edc\u00ed spole\u010dn\u00edk na span\u00ed p\u0159izp\u016fsoben\u00fd d\u011btem ve v\u011bku 1 - 3 roky. Jeho design je inspirov\u00e1n roztomilou zv\u00ed\u0159ec\u00ed postavi\u010dkou, kter\u00e1 m\u00e1 n\u00e1ladov\u00fd tvar t\u011bla, rozko\u0161n\u00e1 ou\u0161ka a klidn\u00fd v\u00fdraz, kter\u00fd vyza\u0159uje pocit nevinnosti a kouzla. Rozm\u011bry: 43<em>26<\/em>3 cm, poskytuje dostate\u010dnou oporu pro hlavu a krk d\u00edt\u011bte b\u011bhem sp\u00e1nku. Je vyrobena z m\u011bkk\u00fdch materi\u00e1l\u016f a nab\u00edz\u00ed p\u0159\u00edjemn\u00fd a pohodln\u00fd dotek. Je k dispozici v r\u016f\u017eov\u00e9 a modr\u00e9 barv\u011b, tak\u017ee vyhovuje r\u016fzn\u00fdm preferenc\u00edm. Tento pol\u0161t\u00e1\u0159 nejen\u017ee zaji\u0161\u0165uje klidn\u00fd sp\u00e1nek, ale tak\u00e9 dod\u00e1v\u00e1 d\u011btem p\u0159ed span\u00edm n\u00e1dech z\u00e1bavy a fantazie, tak\u017ee se st\u00e1v\u00e1 p\u0159\u00edjemn\u00fdm dopl\u0148kem jejich pot\u0159eb pro sp\u00e1nek.<\/div>\n<\/div>\n<\/div>\n<\/div>\n<div class=\"answer-action-bar-uORVoB bottom-action-bar-wrapper-XE0wUd hide-SOehmu answer-action-bar\" data-testid=\"message_action_bar\"><\/div>\n<\/div>\n<\/div>\n<\/div>\n<\/div>\n<\/div>\n<\/div>\n<div class=\"container-QE4ayg\">\n<div class=\"item-jU10IN\">\n<div class=\"container-jODEnh chrome70-container\">\n<div class=\"inner-eE95c9 inner-item-aL3Ui_\" data-target-id=\"message-box-target-id\" data-testid=\"union_message\">\n<div class=\"message-block-container-liuetz\" data-testid=\"message-block-container\">\n<div class=\"message-box-ZWbBdF message-box__reverse-vkxp8L\" data-testid=\"send_message\">\n<div class=\"message-box-content-wrapper-srHdUj send-message-e0EUGT\">\n<div class=\"message-content message-box-content-otxGGw send-message-box-content-N1r3Gh samantha-message-box-content-Qjmpja\" data-testid=\"message_content\"><\/div>\n<\/div>\n<\/div>\n<\/div>\n<\/div>\n<\/div>\n<\/div>\n<\/div>","protected":false},"featured_media":3327,"comment_status":"open","ping_status":"closed","template":"","meta":{"_uag_custom_page_level_css":"","site-sidebar-layout":"default","site-content-layout":"","ast-site-content-layout":"default","site-content-style":"default","site-sidebar-style":"default","ast-global-header-display":"","ast-banner-title-visibility":"","ast-main-header-display":"","ast-hfb-above-header-display":"","ast-hfb-below-header-display":"","ast-hfb-mobile-header-display":"","site-post-title":"","ast-breadcrumbs-content":"","ast-featured-img":"","footer-sml-layout":"","ast-disable-related-posts":"","theme-transparent-header-meta":"default","adv-header-id-meta":"","stick-header-meta":"","header-above-stick-meta":"","header-main-stick-meta":"","header-below-stick-meta":"","astra-migrate-meta-layouts":"set","ast-page-background-enabled":"default","ast-page-background-meta":{"desktop":{"background-color":"","background-image":"","background-repeat":"repeat","background-position":"center center","background-size":"auto","background-attachment":"scroll","background-type":"","background-media":"","overlay-type":"","overlay-color":"","overlay-opacity":"","overlay-gradient":""},"tablet":{"background-color":"","background-image":"","background-repeat":"repeat","background-position":"center center","background-size":"auto","background-attachment":"scroll","background-type":"","background-media":"","overlay-type":"","overlay-color":"","overlay-opacity":"","overlay-gradient":""},"mobile":{"background-color":"","background-image":"","background-repeat":"repeat","background-position":"center center","background-size":"auto","background-attachment":"scroll","background-type":"","background-media":"","overlay-type":"","overlay-color":"","overlay-opacity":"","overlay-gradient":""}},"ast-content-background-meta":{"desktop":{"background-color":"var(--ast-global-color-5)","background-image":"","background-repeat":"repeat","background-position":"center center","background-size":"auto","background-attachment":"scroll","background-type":"","background-media":"","overlay-type":"","overlay-color":"","overlay-opacity":"","overlay-gradient":""},"tablet":{"background-color":"var(--ast-global-color-5)","background-image":"","background-repeat":"repeat","background-position":"center center","background-size":"auto","background-attachment":"scroll","background-type":"","background-media":"","overlay-type":"","overlay-color":"","overlay-opacity":"","overlay-gradient":""},"mobile":{"background-color":"var(--ast-global-color-5)","background-image":"","background-repeat":"repeat","background-position":"center center","background-size":"auto","background-attachment":"scroll","background-type":"","background-media":"","overlay-type":"","overlay-color":"","overlay-opacity":"","overlay-gradient":""}}},"product_brand":[],"product_cat":[56,42],"product_tag":[70,68,71,69],"class_list":{"0":"post-3326","1":"product","2":"type-product","3":"status-publish","4":"has-post-thumbnail","6":"product_cat-1-to-3-years","7":"product_cat-merchandise","8":"product_tag-babypillow","9":"product_tag-cuteanimalpillow","10":"product_tag-headshapesupport","11":"product_tag-kouniushapingpillow","12":"desktop-align-left","13":"tablet-align-left","14":"mobile-align-left","16":"first","17":"instock","18":"shipping-taxable","19":"product-type-simple"},"aioseo_notices":[],"uagb_featured_image_src":{"full":["https:\/\/babypillowwholesale.com\/wp-content\/uploads\/2025\/04\/1526.jpg",1000,1000,false],"thumbnail":["https:\/\/babypillowwholesale.com\/wp-content\/uploads\/2025\/04\/1526-150x150.jpg",150,150,true],"medium":["https:\/\/babypillowwholesale.com\/wp-content\/uploads\/2025\/04\/1526-300x300.jpg",300,300,true],"medium_large":["https:\/\/babypillowwholesale.com\/wp-content\/uploads\/2025\/04\/1526-768x768.jpg",768,768,true],"large":["https:\/\/babypillowwholesale.com\/wp-content\/uploads\/2025\/04\/1526.jpg",1000,1000,false],"1536x1536":["https:\/\/babypillowwholesale.com\/wp-content\/uploads\/2025\/04\/1526.jpg",1000,1000,false],"2048x2048":["https:\/\/babypillowwholesale.com\/wp-content\/uploads\/2025\/04\/1526.jpg",1000,1000,false],"trp-custom-language-flag":["https:\/\/babypillowwholesale.com\/wp-content\/uploads\/2025\/04\/1526.jpg",12,12,false],"woocommerce_thumbnail":["https:\/\/babypillowwholesale.com\/wp-content\/uploads\/2025\/04\/1526-300x300.jpg",300,300,true],"woocommerce_single":["https:\/\/babypillowwholesale.com\/wp-content\/uploads\/2025\/04\/1526-600x600.jpg",600,600,true],"woocommerce_gallery_thumbnail":["https:\/\/babypillowwholesale.com\/wp-content\/uploads\/2025\/04\/1526-100x100.jpg",100,100,true]},"uagb_author_info":{"display_name":"Etnen zhong","author_link":"https:\/\/babypillowwholesale.com\/cs\/author\/"},"uagb_comment_info":0,"uagb_excerpt":"The Childlike Infant Pillow is an enchanting sleep companion tailored for children aged 1 - 3 years. Its design is inspired by a cute animal figure, featuring a whimsical body shape, adorable ears, and a serene expression that exudes a sense of innocence and charm. Measuring 43263CM, it provides ample support for a child's head&hellip;","jetpack_sharing_enabled":true,"_links":{"self":[{"href":"https:\/\/babypillowwholesale.com\/cs\/wp-json\/wp\/v2\/product\/3326","targetHints":{"allow":["GET"]}}],"collection":[{"href":"https:\/\/babypillowwholesale.com\/cs\/wp-json\/wp\/v2\/product"}],"about":[{"href":"https:\/\/babypillowwholesale.com\/cs\/wp-json\/wp\/v2\/types\/product"}],"replies":[{"embeddable":true,"href":"https:\/\/babypillowwholesale.com\/cs\/wp-json\/wp\/v2\/comments?post=3326"}],"wp:featuredmedia":[{"embeddable":true,"href":"https:\/\/babypillowwholesale.com\/cs\/wp-json\/wp\/v2\/media\/3327"}],"wp:attachment":[{"href":"https:\/\/babypillowwholesale.com\/cs\/wp-json\/wp\/v2\/media?parent=3326"}],"wp:term":[{"taxonomy":"product_brand","embeddable":true,"href":"https:\/\/babypillowwholesale.com\/cs\/wp-json\/wp\/v2\/product_brand?post=3326"},{"taxonomy":"product_cat","embeddable":true,"href":"https:\/\/babypillowwholesale.com\/cs\/wp-json\/wp\/v2\/product_cat?post=3326"},{"taxonomy":"product_tag","embeddable":true,"href":"https:\/\/babypillowwholesale.com\/cs\/wp-json\/wp\/v2\/product_tag?post=3326"}],"curies":[{"name":"wp","href":"https:\/\/api.w.org\/{rel}","templated":true}]}}