{"id":3323,"date":"2025-04-02T16:47:01","date_gmt":"2025-04-02T16:47:01","guid":{"rendered":"https:\/\/babypillowwholesale.com\/?post_type=product&#038;p=3323"},"modified":"2025-06-08T15:14:33","modified_gmt":"2025-06-08T15:14:33","slug":"hydrophilic-sponge-soothing-cloud-shaped-pillow","status":"publish","type":"product","link":"https:\/\/babypillowwholesale.com\/cs\/product\/hydrophilic-sponge-soothing-cloud-shaped-pillow\/","title":{"rendered":"Hydrofiln\u00ed houba Uklid\u0148uj\u00edc\u00ed pol\u0161t\u00e1\u0159 ve tvaru mraku"},"content":{"rendered":"<div class=\"auto-hide-last-sibling-br paragraph-qzbcQC paragraph-element br-paragraph-space\" data-immersive-translate-walked=\"8e61f2e7-6af2-46e5-9672-3b9e4f4033d9\" data-immersive-translate-paragraph=\"1\">\n<div class=\"auto-hide-last-sibling-br paragraph-qzbcQC paragraph-element br-paragraph-space\">\n<div class=\"auto-hide-last-sibling-br paragraph-qzbcQC paragraph-element br-paragraph-space\">\n<div class=\"auto-hide-last-sibling-br paragraph-qzbcQC paragraph-element br-paragraph-space\">\n<div class=\"auto-hide-last-sibling-br paragraph-qzbcQC paragraph-element br-paragraph-space\">\n<div class=\"auto-hide-last-sibling-br paragraph-qzbcQC paragraph-element br-paragraph-space\">\n<div class=\"auto-hide-last-sibling-br paragraph-qzbcQC paragraph-element br-paragraph-space\">\n<div class=\"auto-hide-last-sibling-br paragraph-qzbcQC paragraph-element br-paragraph-space\">P\u0159edstavujeme hydrofiln\u00ed houbov\u00fd pol\u0161t\u00e1\u0159 ve tvaru obl\u00e1\u010dku, kter\u00fd je n\u011b\u017enou n\u00e1ru\u010d\u00ed pro d\u011bti v prvn\u00edm roce \u017eivota. Je vytvo\u0159en tak, aby napodoboval m\u011bkk\u00fd, uklid\u0148uj\u00edc\u00ed tvar obl\u00e1\u010dku, a okam\u017eit\u011b va\u0161e d\u011b\u0165\u00e1tko zahal\u00ed do pocitu bezpe\u010d\u00ed a tepla. Pol\u0161t\u00e1\u0159 je vyroben z prvot\u0159\u00eddn\u00ed hydrofiln\u00ed houby, kter\u00e1 nab\u00edz\u00ed sametov\u011b hebk\u00fd dotek, jen\u017e je n\u00e1dhern\u011b jemn\u00fd k jemn\u00e9 d\u011btsk\u00e9 poko\u017ece.<\/div>\n<p>&nbsp;<\/p>\n<div class=\"auto-hide-last-sibling-br paragraph-qzbcQC paragraph-element br-paragraph-space\">Tento pol\u0161t\u00e1\u0159 zdob\u00ed \u0159ada rozko\u0161n\u00fdch zv\u00ed\u0159ec\u00edch potisk\u016f, kter\u00e9 jsou n\u00e1hodn\u011b rozm\u00edst\u011bny po jeho povrchu, a p\u0159edstavuje tak vizu\u00e1ln\u00ed pot\u011b\u0161en\u00ed, kter\u00e9 ve sv\u011bt\u011b va\u0161eho d\u00edt\u011bte vzbud\u00ed zv\u011bdavost a radost. M\u011b\u0159\u00ed 45<em>28<\/em>1,5 cm, poskytuje velkorys\u00fd prostor a pohodln\u011b dr\u017e\u00ed hlavi\u010dku a t\u011blo d\u00edt\u011bte b\u011bhem sp\u00e1nku i hran\u00ed.<\/div>\n<p>&nbsp;<\/p>\n<div class=\"auto-hide-last-sibling-br paragraph-qzbcQC paragraph-element br-paragraph-space\">P\u0159edstavte si klidn\u00fd sp\u00e1nek, kdy se va\u0161e d\u00edt\u011b uveleb\u00ed do pol\u0161t\u00e1\u0159e a odplouv\u00e1 do \u0159\u00ed\u0161e sn\u016f, jako by ho obj\u00edmal m\u011bkk\u00fd obl\u00e1\u010dek. Nebo si p\u0159edstavte hrav\u00e9 chv\u00edle, kdy se va\u0161e d\u00edt\u011b natahuje a je fascinov\u00e1no roztomil\u00fdmi potisky zv\u00ed\u0159\u00e1tek. Pol\u0161t\u00e1\u0159ek je tak\u00e9 dokonal\u00fdm dudl\u00edkem pro obdob\u00ed neklidu, proto\u017ee nab\u00edz\u00ed d\u016fv\u011brn\u011b zn\u00e1m\u00fd a uklid\u0148uj\u00edc\u00ed dotek.<\/div>\n<p>&nbsp;<\/p>\n<div class=\"auto-hide-last-sibling-br paragraph-qzbcQC paragraph-element br-paragraph-space\">Rodi\u010de jsou nad\u0161eni z chv\u00e1ly. \"Tento pol\u0161t\u00e1\u0159 ve tvaru mr\u00e1\u010dku je z\u00e1chranou! Moje d\u00edt\u011b se po polo\u017een\u00ed na n\u011bj t\u00e9m\u011b\u0159 okam\u017eit\u011b uklidn\u00ed. M\u011bkkost hydrofiln\u00ed houby a roztomil\u00e9 potisky jsou prost\u011b \u00fa\u017easn\u00e9,\" \u0159ekla jedna z maminek, kter\u00e9 se ulevilo. Jeden tat\u00ednek dodal: \"Stal se z\u00e1kladn\u00edm prvkem v denn\u00edm re\u017eimu na\u0161eho d\u00edt\u011bte. A\u0165 u\u017e jde o rychl\u00e9 zd\u0159\u00edmnut\u00ed, nebo jen o chv\u00edli klidu, tento pol\u0161t\u00e1\u0159 je v\u017edy po ruce a poskytuje pohodl\u00ed a trochu z\u00e1bavy.\"<\/div>\n<p>&nbsp;<\/p>\n<div class=\"auto-hide-last-sibling-br paragraph-qzbcQC paragraph-element br-paragraph-space\">Hydrofiln\u00ed houbov\u00fd pol\u0161t\u00e1\u0159 ve tvaru obl\u00e1\u010dku je v podstat\u011b v\u00edc ne\u017e jen l\u016f\u017ekovina. Je to sm\u011bs funk\u010dnosti, pohodl\u00ed a roztomilosti, nezbytn\u00fd spole\u010dn\u00edk, kter\u00fd umocn\u00ed ka\u017ed\u00fd vz\u00e1cn\u00fd okam\u017eik prvn\u00edch dn\u016f va\u0161eho miminka.<\/div>\n<\/div>\n<\/div>\n<\/div>\n<\/div>\n<\/div>\n<\/div>\n<\/div>","protected":false},"excerpt":{"rendered":"<p>Hydrofiln\u00ed houbov\u00fd uklid\u0148uj\u00edc\u00ed pol\u0161t\u00e1\u0159ek ve tvaru obl\u00e1\u010dku je skv\u011bl\u00fdm spole\u010dn\u00edkem pro d\u011bti ve v\u011bku 0 - 1 rok. Jeho design m\u00e1 podobu m\u011bkk\u00e9ho obl\u00e1\u010dku, kter\u00fd vytv\u00e1\u0159\u00ed pocit bezpe\u010d\u00ed a pohodl\u00ed. Je vyroben z hydrofiln\u00ed houby a nab\u00edz\u00ed jemn\u00fd a p\u0159\u00edjemn\u00fd dotek, ide\u00e1ln\u00ed pro citlivou d\u011btskou poko\u017eku. Pol\u0161t\u00e1\u0159 zdob\u00ed roztomil\u00e9 potisky zv\u00ed\u0159\u00e1tek, kter\u00e9 jsou n\u00e1hodn\u011b rozm\u00edst\u011bny a dod\u00e1vaj\u00ed mu hrav\u00fd a okouzluj\u00edc\u00ed prvek. Se specifikac\u00ed 45*<em>28*<\/em>1,5 cm, poskytuje dostatek prostoru pro hlavu a t\u011blo d\u00edt\u011bte. Tento pol\u0161t\u00e1\u0159ek se skv\u011ble hod\u00ed nejen ke sp\u00e1nku, ale slou\u017e\u00ed tak\u00e9 jako uklid\u0148uj\u00edc\u00ed p\u0159edm\u011bt b\u011bhem hran\u00ed nebo kdy\u017e d\u00edt\u011b pot\u0159ebuje uklidnit. Spojuje v sob\u011b funk\u010dnost, m\u011bkkost a roztomil\u00fd estetick\u00fd vzhled, tak\u017ee je nepostradateln\u00fdm p\u0159edm\u011btem pro prvn\u00ed dny \u017eivota d\u00edt\u011bte.<\/p>","protected":false},"featured_media":3324,"comment_status":"open","ping_status":"closed","template":"","meta":{"_uag_custom_page_level_css":"","site-sidebar-layout":"default","site-content-layout":"","ast-site-content-layout":"default","site-content-style":"default","site-sidebar-style":"default","ast-global-header-display":"","ast-banner-title-visibility":"","ast-main-header-display":"","ast-hfb-above-header-display":"","ast-hfb-below-header-display":"","ast-hfb-mobile-header-display":"","site-post-title":"","ast-breadcrumbs-content":"","ast-featured-img":"","footer-sml-layout":"","ast-disable-related-posts":"","theme-transparent-header-meta":"default","adv-header-id-meta":"","stick-header-meta":"","header-above-stick-meta":"","header-main-stick-meta":"","header-below-stick-meta":"","astra-migrate-meta-layouts":"set","ast-page-background-enabled":"default","ast-page-background-meta":{"desktop":{"background-color":"","background-image":"","background-repeat":"repeat","background-position":"center center","background-size":"auto","background-attachment":"scroll","background-type":"","background-media":"","overlay-type":"","overlay-color":"","overlay-opacity":"","overlay-gradient":""},"tablet":{"background-color":"","background-image":"","background-repeat":"repeat","background-position":"center center","background-size":"auto","background-attachment":"scroll","background-type":"","background-media":"","overlay-type":"","overlay-color":"","overlay-opacity":"","overlay-gradient":""},"mobile":{"background-color":"","background-image":"","background-repeat":"repeat","background-position":"center center","background-size":"auto","background-attachment":"scroll","background-type":"","background-media":"","overlay-type":"","overlay-color":"","overlay-opacity":"","overlay-gradient":""}},"ast-content-background-meta":{"desktop":{"background-color":"var(--ast-global-color-5)","background-image":"","background-repeat":"repeat","background-position":"center center","background-size":"auto","background-attachment":"scroll","background-type":"","background-media":"","overlay-type":"","overlay-color":"","overlay-opacity":"","overlay-gradient":""},"tablet":{"background-color":"var(--ast-global-color-5)","background-image":"","background-repeat":"repeat","background-position":"center center","background-size":"auto","background-attachment":"scroll","background-type":"","background-media":"","overlay-type":"","overlay-color":"","overlay-opacity":"","overlay-gradient":""},"mobile":{"background-color":"var(--ast-global-color-5)","background-image":"","background-repeat":"repeat","background-position":"center center","background-size":"auto","background-attachment":"scroll","background-type":"","background-media":"","overlay-type":"","overlay-color":"","overlay-opacity":"","overlay-gradient":""}}},"product_brand":[],"product_cat":[55,42],"product_tag":[70,68,71,69],"class_list":{"0":"post-3323","1":"product","2":"type-product","3":"status-publish","4":"has-post-thumbnail","6":"product_cat-0-to-1-year","7":"product_cat-merchandise","8":"product_tag-babypillow","9":"product_tag-cuteanimalpillow","10":"product_tag-headshapesupport","11":"product_tag-kouniushapingpillow","12":"desktop-align-left","13":"tablet-align-left","14":"mobile-align-left","16":"first","17":"instock","18":"shipping-taxable","19":"product-type-simple"},"aioseo_notices":[],"uagb_featured_image_src":{"full":["https:\/\/babypillowwholesale.com\/wp-content\/uploads\/2025\/04\/1026.jpg",1000,1000,false],"thumbnail":["https:\/\/babypillowwholesale.com\/wp-content\/uploads\/2025\/04\/1026-150x150.jpg",150,150,true],"medium":["https:\/\/babypillowwholesale.com\/wp-content\/uploads\/2025\/04\/1026-300x300.jpg",300,300,true],"medium_large":["https:\/\/babypillowwholesale.com\/wp-content\/uploads\/2025\/04\/1026-768x768.jpg",768,768,true],"large":["https:\/\/babypillowwholesale.com\/wp-content\/uploads\/2025\/04\/1026.jpg",1000,1000,false],"1536x1536":["https:\/\/babypillowwholesale.com\/wp-content\/uploads\/2025\/04\/1026.jpg",1000,1000,false],"2048x2048":["https:\/\/babypillowwholesale.com\/wp-content\/uploads\/2025\/04\/1026.jpg",1000,1000,false],"trp-custom-language-flag":["https:\/\/babypillowwholesale.com\/wp-content\/uploads\/2025\/04\/1026.jpg",12,12,false],"woocommerce_thumbnail":["https:\/\/babypillowwholesale.com\/wp-content\/uploads\/2025\/04\/1026-300x300.jpg",300,300,true],"woocommerce_single":["https:\/\/babypillowwholesale.com\/wp-content\/uploads\/2025\/04\/1026-600x600.jpg",600,600,true],"woocommerce_gallery_thumbnail":["https:\/\/babypillowwholesale.com\/wp-content\/uploads\/2025\/04\/1026-100x100.jpg",100,100,true]},"uagb_author_info":{"display_name":"Etnen zhong","author_link":"https:\/\/babypillowwholesale.com\/cs\/author\/"},"uagb_comment_info":0,"uagb_excerpt":"The Hydrophilic Sponge Soothing Cloud - Shaped Pillow is a wonderful companion for babies aged 0 - 1 year. Its design takes the form of a soft cloud, creating a sense of security and comfort. Made from hydrophilic sponge, it offers a gentle and pleasant touch, perfect for a baby's sensitive skin. The pillow is&hellip;","jetpack_sharing_enabled":true,"_links":{"self":[{"href":"https:\/\/babypillowwholesale.com\/cs\/wp-json\/wp\/v2\/product\/3323","targetHints":{"allow":["GET"]}}],"collection":[{"href":"https:\/\/babypillowwholesale.com\/cs\/wp-json\/wp\/v2\/product"}],"about":[{"href":"https:\/\/babypillowwholesale.com\/cs\/wp-json\/wp\/v2\/types\/product"}],"replies":[{"embeddable":true,"href":"https:\/\/babypillowwholesale.com\/cs\/wp-json\/wp\/v2\/comments?post=3323"}],"wp:featuredmedia":[{"embeddable":true,"href":"https:\/\/babypillowwholesale.com\/cs\/wp-json\/wp\/v2\/media\/3324"}],"wp:attachment":[{"href":"https:\/\/babypillowwholesale.com\/cs\/wp-json\/wp\/v2\/media?parent=3323"}],"wp:term":[{"taxonomy":"product_brand","embeddable":true,"href":"https:\/\/babypillowwholesale.com\/cs\/wp-json\/wp\/v2\/product_brand?post=3323"},{"taxonomy":"product_cat","embeddable":true,"href":"https:\/\/babypillowwholesale.com\/cs\/wp-json\/wp\/v2\/product_cat?post=3323"},{"taxonomy":"product_tag","embeddable":true,"href":"https:\/\/babypillowwholesale.com\/cs\/wp-json\/wp\/v2\/product_tag?post=3323"}],"curies":[{"name":"wp","href":"https:\/\/api.w.org\/{rel}","templated":true}]}}