{"id":3320,"date":"2025-04-02T16:39:31","date_gmt":"2025-04-02T16:39:31","guid":{"rendered":"https:\/\/babypillowwholesale.com\/?post_type=product&#038;p=3320"},"modified":"2025-06-07T07:26:29","modified_gmt":"2025-06-07T07:26:29","slug":"hydrophilic-sponge-contour-pillow","status":"publish","type":"product","link":"https:\/\/babypillowwholesale.com\/cs\/product\/hydrophilic-sponge-contour-pillow\/","title":{"rendered":"Hydrofiln\u00ed houbov\u00fd tvarovac\u00ed pol\u0161t\u00e1\u0159"},"content":{"rendered":"<div class=\"auto-hide-last-sibling-br paragraph-qzbcQC paragraph-element br-paragraph-space\" data-immersive-translate-walked=\"8e61f2e7-6af2-46e5-9672-3b9e4f4033d9\" data-immersive-translate-paragraph=\"1\">\n<div class=\"auto-hide-last-sibling-br paragraph-qzbcQC paragraph-element br-paragraph-space\">\n<div class=\"auto-hide-last-sibling-br paragraph-qzbcQC paragraph-element br-paragraph-space\">\n<div class=\"auto-hide-last-sibling-br paragraph-qzbcQC paragraph-element br-paragraph-space\">\n<div class=\"auto-hide-last-sibling-br paragraph-qzbcQC paragraph-element br-paragraph-space\">\n<div class=\"auto-hide-last-sibling-br paragraph-qzbcQC paragraph-element br-paragraph-space\">\n<div class=\"auto-hide-last-sibling-br paragraph-qzbcQC paragraph-element br-paragraph-space\">Objevte hydrofiln\u00ed houbov\u00fd pol\u0161t\u00e1\u0159 Contour Pillow, skute\u010dn\u00fd skvost ur\u010den\u00fd pro d\u011bti ve v\u011bku 0-12 m\u011bs\u00edc\u016f. Jeho okouzluj\u00edc\u00ed design, inspirovan\u00fd roztomil\u00fdmi stvo\u0159en\u00edmi, jako je rozko\u0161n\u00fd tu\u010d\u0148\u00e1k, m\u00e1 sladk\u00fd v\u00fdraz, jemnou ma\u0161li\u010dku a pestrobarevn\u00e9 no\u017ei\u010dky, kter\u00e9 na prvn\u00ed pohled upoutaj\u00ed p\u0159edstavivost. Je vyrobena z prvot\u0159\u00eddn\u00ed hydrofiln\u00ed houby a nab\u00edz\u00ed sametov\u011b hebk\u00fd dotek, kter\u00fd je \u0161etrn\u00fd k jemn\u00e9 poko\u017ece va\u0161eho d\u00edt\u011bte.<\/div>\n<p>&nbsp;<\/p>\n<div class=\"auto-hide-last-sibling-br paragraph-qzbcQC paragraph-element br-paragraph-space\">Obrysov\u00e1 konstrukce pol\u0161t\u00e1\u0159e je z\u00e1zrakem ergonomick\u00e9ho in\u017een\u00fdrstv\u00ed. P\u016fvabn\u011b se p\u0159izp\u016fsobuje jedine\u010dn\u00e9mu tvaru hlavy va\u0161eho d\u00edt\u011bte a poskytuje mu jemnou, ale \u00fa\u010dinnou oporu, kter\u00e1 je nezbytn\u00e1 pro zdrav\u00fd tvar hlavy b\u011bhem ran\u00e9ho v\u00fdvoje. Rozm\u011bry: 29<em>21<\/em>1,5 cm, je to univerz\u00e1ln\u00ed dopln\u011bk k z\u00e1kladn\u00edm pot\u0159eb\u00e1m va\u0161eho d\u00edt\u011bte. A\u0165 u\u017e je um\u00edst\u011bn v post\u00fdlce a vytv\u00e1\u0159\u00ed \u00fatuln\u00e9 \u00fato\u010di\u0161t\u011b pro klidn\u00fd sp\u00e1nek, doprov\u00e1z\u00ed va\u0161e d\u011b\u0165\u00e1tko v ko\u010d\u00e1rku b\u011bhem v\u011btrn\u00e9ho dobrodru\u017estv\u00ed v parku nebo je um\u00edst\u011bn na hrac\u00ed podlo\u017ece pro z\u00e1bavu plnou b\u0159\u00ed\u0161ka doma, tento pol\u0161t\u00e1\u0159 zaji\u0161\u0165uje pohodl\u00ed v\u017edy na dosah.<\/div>\n<p>&nbsp;<\/p>\n<div class=\"auto-hide-last-sibling-br paragraph-qzbcQC paragraph-element br-paragraph-space\">Rodi\u010de na n\u011bj p\u011bj\u00ed chv\u00e1lu. \"Tento pol\u0161t\u00e1\u0159 m\u011bn\u00ed pravidla hry! Moje d\u00edt\u011b na n\u011bm sp\u00ed tak klidn\u011b a m\u011bkkost hydrofiln\u00ed houby je \u00fa\u017easn\u00e1. Nav\u00edc design tu\u010d\u0148\u00e1ka je u n\u00e1s doma hitem,\" rozpl\u00fdvala se jedna nad\u0161en\u00e1 maminka. Tat\u00ednek se p\u0159idal: \"L\u00edb\u00ed se n\u00e1m, jak obrysov\u00fd design podp\u00edr\u00e1 hlavi\u010dku na\u0161eho d\u00edt\u011bte. A d\u00edky tolika roztomil\u00fdm barevn\u00fdm variant\u00e1m ji m\u016f\u017eeme m\u011bnit, aby se hodila k r\u016fzn\u00fdm oble\u010den\u00edm nebo n\u00e1lad\u00e1m. Stala se nepostradatelnou sou\u010d\u00e1st\u00ed rutiny na\u0161eho d\u00edt\u011bte.\"<\/div>\n<p>&nbsp;<\/p>\n<div class=\"auto-hide-last-sibling-br paragraph-qzbcQC paragraph-element br-paragraph-space\">Hydrofiln\u00ed houbov\u00fd pol\u0161t\u00e1\u0159 Contour Pillow v n\u00e1dhern\u00fdch barevn\u00fdch variant\u00e1ch, jako je modr\u00fd slon, b\u00edl\u00fd m\u00fdval, sv\u011btle \u017elut\u00fd tu\u010d\u0148\u00e1k a modr\u00fd tu\u010d\u0148\u00e1k, v sob\u011b dokonale spojuje pohodl\u00ed, funk\u010dnost a neodolateln\u00fd p\u016fvab. Nen\u00ed to jen pol\u0161t\u00e1\u0159, je to milovan\u00fd spole\u010dn\u00edk, kter\u00fd va\u0161e d\u011b\u0165\u00e1tko zahrne p\u00e9\u010d\u00ed a roztomilost\u00ed v ka\u017ed\u00e9m vz\u00e1cn\u00e9m okam\u017eiku jeho prvn\u00edch dn\u016f.<\/div>\n<\/div>\n<\/div>\n<\/div>\n<\/div>\n<\/div>\n<\/div>","protected":false},"excerpt":{"rendered":"<p>Hydrofiln\u00ed houbov\u00fd tvarovac\u00ed pol\u0161t\u00e1\u0159 je pozoruhodn\u00fd v\u00fdrobek ur\u010den\u00fd pro kojence ve v\u011bku 0-12 m\u011bs\u00edc\u016f. Jeho design je inspirov\u00e1n motivy roztomil\u00fdch zv\u00ed\u0159\u00e1tek, jako je vyobrazen\u00fd tu\u010d\u0148\u00e1k, s roztomil\u00fdm obli\u010dejem, p\u016fvabnou ma\u0161l\u00ed a \u017eiv\u00fdmi - barevn\u00fdmi no\u017ei\u010dkami, d\u00edky \u010demu\u017e je vizu\u00e1ln\u011b p\u0159ita\u017eliv\u00fd. Je vyrobeno z hydrofiln\u00ed houby, tak\u017ee nab\u00edz\u00ed m\u011bkk\u00fd a p\u0159\u00edjemn\u00fd dotek. Obrysov\u00e1 konstrukce pol\u0161t\u00e1\u0159e se ergonomicky p\u0159izp\u016fsobuje hlav\u011b d\u00edt\u011bte a poskytuje optim\u00e1ln\u00ed oporu, kter\u00e1 pom\u00e1h\u00e1 udr\u017eovat zdrav\u00fd tvar hlavy. Se specifikac\u00ed 29*<em>21*<\/em>1,5 cm, dob\u0159e se hod\u00ed do post\u00fdlek, ko\u010d\u00e1rk\u016f atd. R\u016fzn\u00e9 barevn\u00e9 varianty, v\u010detn\u011b modr\u00e9ho slona, b\u00edl\u00e9ho m\u00fdvala, sv\u011btle \u017elut\u00e9ho tu\u010d\u0148\u00e1ka a modr\u00e9ho tu\u010d\u0148\u00e1ka, umo\u017e\u0148uj\u00ed rodi\u010d\u016fm vybrat si podle sv\u00fdch preferenc\u00ed. Tento pol\u0161t\u00e1\u0159 kombinuje pohodl\u00ed, funk\u010dnost a rozko\u0161nou estetiku a st\u00e1v\u00e1 se skv\u011bl\u00fdm spole\u010dn\u00edkem pro ran\u00fd r\u016fst d\u011bt\u00ed.<\/p>","protected":false},"featured_media":3321,"comment_status":"open","ping_status":"closed","template":"","meta":{"_uag_custom_page_level_css":"","site-sidebar-layout":"default","site-content-layout":"","ast-site-content-layout":"default","site-content-style":"default","site-sidebar-style":"default","ast-global-header-display":"","ast-banner-title-visibility":"","ast-main-header-display":"","ast-hfb-above-header-display":"","ast-hfb-below-header-display":"","ast-hfb-mobile-header-display":"","site-post-title":"","ast-breadcrumbs-content":"","ast-featured-img":"","footer-sml-layout":"","ast-disable-related-posts":"","theme-transparent-header-meta":"default","adv-header-id-meta":"","stick-header-meta":"","header-above-stick-meta":"","header-main-stick-meta":"","header-below-stick-meta":"","astra-migrate-meta-layouts":"set","ast-page-background-enabled":"default","ast-page-background-meta":{"desktop":{"background-color":"","background-image":"","background-repeat":"repeat","background-position":"center center","background-size":"auto","background-attachment":"scroll","background-type":"","background-media":"","overlay-type":"","overlay-color":"","overlay-opacity":"","overlay-gradient":""},"tablet":{"background-color":"","background-image":"","background-repeat":"repeat","background-position":"center center","background-size":"auto","background-attachment":"scroll","background-type":"","background-media":"","overlay-type":"","overlay-color":"","overlay-opacity":"","overlay-gradient":""},"mobile":{"background-color":"","background-image":"","background-repeat":"repeat","background-position":"center center","background-size":"auto","background-attachment":"scroll","background-type":"","background-media":"","overlay-type":"","overlay-color":"","overlay-opacity":"","overlay-gradient":""}},"ast-content-background-meta":{"desktop":{"background-color":"var(--ast-global-color-5)","background-image":"","background-repeat":"repeat","background-position":"center center","background-size":"auto","background-attachment":"scroll","background-type":"","background-media":"","overlay-type":"","overlay-color":"","overlay-opacity":"","overlay-gradient":""},"tablet":{"background-color":"var(--ast-global-color-5)","background-image":"","background-repeat":"repeat","background-position":"center center","background-size":"auto","background-attachment":"scroll","background-type":"","background-media":"","overlay-type":"","overlay-color":"","overlay-opacity":"","overlay-gradient":""},"mobile":{"background-color":"var(--ast-global-color-5)","background-image":"","background-repeat":"repeat","background-position":"center center","background-size":"auto","background-attachment":"scroll","background-type":"","background-media":"","overlay-type":"","overlay-color":"","overlay-opacity":"","overlay-gradient":""}}},"product_brand":[],"product_cat":[55,42],"product_tag":[70,68,71,69],"class_list":{"0":"post-3320","1":"product","2":"type-product","3":"status-publish","4":"has-post-thumbnail","6":"product_cat-0-to-1-year","7":"product_cat-merchandise","8":"product_tag-babypillow","9":"product_tag-cuteanimalpillow","10":"product_tag-headshapesupport","11":"product_tag-kouniushapingpillow","12":"desktop-align-left","13":"tablet-align-left","14":"mobile-align-left","16":"first","17":"instock","18":"shipping-taxable","19":"product-type-simple"},"aioseo_notices":[],"uagb_featured_image_src":{"full":["https:\/\/babypillowwholesale.com\/wp-content\/uploads\/2025\/04\/1168.jpg",1000,1000,false],"thumbnail":["https:\/\/babypillowwholesale.com\/wp-content\/uploads\/2025\/04\/1168-150x150.jpg",150,150,true],"medium":["https:\/\/babypillowwholesale.com\/wp-content\/uploads\/2025\/04\/1168-300x300.jpg",300,300,true],"medium_large":["https:\/\/babypillowwholesale.com\/wp-content\/uploads\/2025\/04\/1168-768x768.jpg",768,768,true],"large":["https:\/\/babypillowwholesale.com\/wp-content\/uploads\/2025\/04\/1168.jpg",1000,1000,false],"1536x1536":["https:\/\/babypillowwholesale.com\/wp-content\/uploads\/2025\/04\/1168.jpg",1000,1000,false],"2048x2048":["https:\/\/babypillowwholesale.com\/wp-content\/uploads\/2025\/04\/1168.jpg",1000,1000,false],"trp-custom-language-flag":["https:\/\/babypillowwholesale.com\/wp-content\/uploads\/2025\/04\/1168.jpg",12,12,false],"woocommerce_thumbnail":["https:\/\/babypillowwholesale.com\/wp-content\/uploads\/2025\/04\/1168-300x300.jpg",300,300,true],"woocommerce_single":["https:\/\/babypillowwholesale.com\/wp-content\/uploads\/2025\/04\/1168-600x600.jpg",600,600,true],"woocommerce_gallery_thumbnail":["https:\/\/babypillowwholesale.com\/wp-content\/uploads\/2025\/04\/1168-100x100.jpg",100,100,true]},"uagb_author_info":{"display_name":"Etnen zhong","author_link":"https:\/\/babypillowwholesale.com\/cs\/author\/"},"uagb_comment_info":0,"uagb_excerpt":"The Hydrophilic Sponge Contour Pillow is a remarkable product designed for infants aged 0 - 12 months. Its design is inspired by cute animal motifs, such as the penguin shown, with a sweet face, a charming bow, and vivid - colored feet, making it visually appealing. Crafted from hydrophilic sponge, it offers a soft and&hellip;","jetpack_sharing_enabled":true,"_links":{"self":[{"href":"https:\/\/babypillowwholesale.com\/cs\/wp-json\/wp\/v2\/product\/3320","targetHints":{"allow":["GET"]}}],"collection":[{"href":"https:\/\/babypillowwholesale.com\/cs\/wp-json\/wp\/v2\/product"}],"about":[{"href":"https:\/\/babypillowwholesale.com\/cs\/wp-json\/wp\/v2\/types\/product"}],"replies":[{"embeddable":true,"href":"https:\/\/babypillowwholesale.com\/cs\/wp-json\/wp\/v2\/comments?post=3320"}],"wp:featuredmedia":[{"embeddable":true,"href":"https:\/\/babypillowwholesale.com\/cs\/wp-json\/wp\/v2\/media\/3321"}],"wp:attachment":[{"href":"https:\/\/babypillowwholesale.com\/cs\/wp-json\/wp\/v2\/media?parent=3320"}],"wp:term":[{"taxonomy":"product_brand","embeddable":true,"href":"https:\/\/babypillowwholesale.com\/cs\/wp-json\/wp\/v2\/product_brand?post=3320"},{"taxonomy":"product_cat","embeddable":true,"href":"https:\/\/babypillowwholesale.com\/cs\/wp-json\/wp\/v2\/product_cat?post=3320"},{"taxonomy":"product_tag","embeddable":true,"href":"https:\/\/babypillowwholesale.com\/cs\/wp-json\/wp\/v2\/product_tag?post=3320"}],"curies":[{"name":"wp","href":"https:\/\/api.w.org\/{rel}","templated":true}]}}