{"id":3317,"date":"2025-03-31T02:51:30","date_gmt":"2025-03-31T02:51:30","guid":{"rendered":"https:\/\/babypillowwholesale.com\/?post_type=product&#038;p=3317"},"modified":"2025-06-08T15:19:36","modified_gmt":"2025-06-08T15:19:36","slug":"obedient-bear-contour-pillow","status":"publish","type":"product","link":"https:\/\/babypillowwholesale.com\/cs\/product\/obedient-bear-contour-pillow\/","title":{"rendered":"Pol\u0161t\u00e1\u0159 Obedient Bear Contour Pillow"},"content":{"rendered":"<div class=\"auto-hide-last-sibling-br paragraph-qzbcQC paragraph-element br-paragraph-space\" data-immersive-translate-walked=\"8e61f2e7-6af2-46e5-9672-3b9e4f4033d9\" data-immersive-translate-paragraph=\"1\">\n<div class=\"auto-hide-last-sibling-br paragraph-qzbcQC paragraph-element br-paragraph-space\">\n<div class=\"auto-hide-last-sibling-br paragraph-qzbcQC paragraph-element br-paragraph-space\">\n<div class=\"auto-hide-last-sibling-br paragraph-qzbcQC paragraph-element br-paragraph-space\">\n<div class=\"auto-hide-last-sibling-br paragraph-qzbcQC paragraph-element br-paragraph-space\">\n<div class=\"auto-hide-last-sibling-br paragraph-qzbcQC paragraph-element br-paragraph-space\">P\u0159edstavujeme pol\u0161t\u00e1\u0159ek Obedient Bear Contour Pillow, kter\u00fd je dokonal\u00fdm spojen\u00edm roztomilosti a funk\u010dnosti, navr\u017een\u00fd speci\u00e1ln\u011b pro drah\u00e9 d\u011bti ve v\u011bku 0-12 m\u011bs\u00edc\u016f. Tento pol\u0161t\u00e1\u0159ek p\u0159edstavuje neodolateln\u011b okouzluj\u00edc\u00ed design medv\u00eddka s hu\u0148at\u00fdma u\u0161ima, velk\u00fdma odu\u0161evn\u011bl\u00fdma o\u010dima a rozko\u0161n\u011b rozz\u00e1\u0159en\u00fdmi tv\u00e1\u0159i\u010dkami, kter\u00e9 jist\u011b roztaje va\u0161e srdce na prvn\u00ed pohled.<\/div>\n<p>&nbsp;<\/p>\n<div class=\"auto-hide-last-sibling-br paragraph-qzbcQC paragraph-element br-paragraph-space\">Obrysov\u00fd design pol\u0161t\u00e1\u0159e je mistrovsk\u00fdm d\u00edlem ergonomick\u00e9ho in\u017een\u00fdrstv\u00ed. Jemn\u011b se p\u0159izp\u016fsobuje tvaru hlavy d\u00edt\u011bte a poskytuje mu jemnou a p\u0159esnou oporu, kter\u00e1 je v prvn\u00edch m\u011bs\u00edc\u00edch \u017eivota d\u00edt\u011bte velmi d\u016fle\u017eit\u00e1 pro zdrav\u00fd tvar hlavy. Rozm\u011bry 29*<em>21*<\/em>1,5 cm, bez probl\u00e9m\u016f se hod\u00ed do r\u016fzn\u00fdch prost\u0159ed\u00ed. A\u0165 u\u017e je ulo\u017een v \u00fatuln\u00e9 post\u00fdlce pro klidn\u00e9 zd\u0159\u00edmnut\u00ed, doprov\u00e1z\u00ed va\u0161e d\u011b\u0165\u00e1tko v ko\u010d\u00e1rku b\u011bhem proch\u00e1zky parkem nebo je um\u00edst\u011bn na m\u011bkk\u00e9 hrac\u00ed podlo\u017ece pro z\u00e1bavu plnou hran\u00ed doma, tento pol\u0161t\u00e1\u0159 je st\u00e1l\u00fdm zdrojem pohodl\u00ed.<\/div>\n<p>&nbsp;<\/p>\n<div class=\"auto-hide-last-sibling-br paragraph-qzbcQC paragraph-element br-paragraph-space\">Rodi\u010de jsou z pol\u0161t\u00e1\u0159e Obedient Bear Contour Pillow nad\u0161eni. \"Moje d\u00edt\u011b tento pol\u0161t\u00e1\u0159 naprosto miluje! Je tak m\u011bkk\u00fd a design medv\u00eddka je prost\u011b moc roztomil\u00fd. V\u0161imla jsem si, \u017ee j\u00ed opravdu pom\u00e1h\u00e1 udr\u017eet hlavi\u010dku ve spr\u00e1vn\u00e9 poloze,\" \u0159ekla nad\u0161en\u00e1 maminka. Tat\u00ednek se pod\u011blil o sv\u00e9 dojmy: \"Tento pol\u0161t\u00e1\u0159 si bereme v\u0161ude s sebou. Je odoln\u00fd, snadno se \u010dist\u00ed a barevn\u00e9 varianty jsou skv\u011bl\u00e9. Stal se nezbytnou sou\u010d\u00e1st\u00ed ka\u017edodenn\u00edho \u017eivota na\u0161eho d\u00edt\u011bte.\"<\/div>\n<p>&nbsp;<\/p>\n<div class=\"auto-hide-last-sibling-br paragraph-qzbcQC paragraph-element br-paragraph-space\">Pol\u0161t\u00e1\u0159ek Obedient Bear Contour Pillow, kter\u00fd je k dispozici v okouzluj\u00edc\u00edch odst\u00ednech r\u016f\u017eov\u00e9 a modr\u00e9 barvy, nen\u00ed pouh\u00fdm dopl\u0148kem pro miminko; je to cen\u011bn\u00fd spole\u010dn\u00edk, kter\u00fd v sob\u011b spojuje okouzluj\u00edc\u00ed design s motivem medv\u00eddka a profesion\u00e1ln\u00ed podporu hlavy, d\u00edky \u010demu\u017e si va\u0161e d\u011b\u0165\u00e1tko u\u017eije ka\u017ed\u00fd vz\u00e1cn\u00fd okam\u017eik sv\u00fdch prvn\u00edch dn\u016f s maxim\u00e1ln\u00edm pohodl\u00edm a p\u00e9\u010d\u00ed.<\/div>\n<\/div>\n<\/div>\n<\/div>\n<\/div>\n<\/div>","protected":false},"excerpt":{"rendered":"<p>Pol\u0161t\u00e1\u0159ek Obedient Bear Contour je ide\u00e1ln\u00ed volbou pro d\u011bti ve v\u011bku 0-12 m\u011bs\u00edc\u016f. Jeho design je inspirov\u00e1n rozko\u0161n\u00fdm medv\u00eddkem s roztomil\u00fdma u\u0161ima, velk\u00fdma o\u010dima a \u010dervenaj\u00edc\u00edmi se tv\u00e1\u0159i\u010dkami, d\u00edky \u010demu\u017e je neodolateln\u011b okouzluj\u00edc\u00ed. Obrysov\u00fd design pol\u0161t\u00e1\u0159e je nejen vizu\u00e1ln\u011b p\u0159ita\u017eliv\u00fd, ale slou\u017e\u00ed tak\u00e9 praktick\u00e9mu \u00fa\u010delu. Poskytuje ergonomickou oporu, jemn\u011b se p\u0159izp\u016fsobuje tvaru hlavy d\u00edt\u011bte a pom\u00e1h\u00e1 tak udr\u017eovat zdrav\u00fd tvar hlavy. Rozm\u011bry 29*<em>21*<\/em>1,5 cm, dob\u0159e se hod\u00ed do post\u00fdlek, ko\u010d\u00e1rk\u016f nebo jin\u00fdch m\u00edst, kde d\u00edt\u011b odpo\u010d\u00edv\u00e1. Je k dispozici v r\u016f\u017eov\u00e9 a modr\u00e9 barv\u011b, tak\u017ee se hod\u00ed k r\u016fzn\u00fdm dekor\u016fm d\u011btsk\u00fdch pokoj\u016f. Tento pol\u0161t\u00e1\u0159 kombinuje l\u00edbiv\u00fd design s motivem medv\u00eddka s profesion\u00e1ln\u00ed podporou pro tvarov\u00e1n\u00ed hlavy, co\u017e p\u0159in\u00e1\u0161\u00ed pohodl\u00ed a p\u00e9\u010di v prvn\u00edch dnech \u017eivota va\u0161eho d\u011b\u0165\u00e1tka.<\/p>","protected":false},"featured_media":3318,"comment_status":"open","ping_status":"closed","template":"","meta":{"_uag_custom_page_level_css":"","site-sidebar-layout":"default","site-content-layout":"","ast-site-content-layout":"default","site-content-style":"default","site-sidebar-style":"default","ast-global-header-display":"","ast-banner-title-visibility":"","ast-main-header-display":"","ast-hfb-above-header-display":"","ast-hfb-below-header-display":"","ast-hfb-mobile-header-display":"","site-post-title":"","ast-breadcrumbs-content":"","ast-featured-img":"","footer-sml-layout":"","ast-disable-related-posts":"","theme-transparent-header-meta":"default","adv-header-id-meta":"","stick-header-meta":"","header-above-stick-meta":"","header-main-stick-meta":"","header-below-stick-meta":"","astra-migrate-meta-layouts":"set","ast-page-background-enabled":"default","ast-page-background-meta":{"desktop":{"background-color":"","background-image":"","background-repeat":"repeat","background-position":"center center","background-size":"auto","background-attachment":"scroll","background-type":"","background-media":"","overlay-type":"","overlay-color":"","overlay-opacity":"","overlay-gradient":""},"tablet":{"background-color":"","background-image":"","background-repeat":"repeat","background-position":"center center","background-size":"auto","background-attachment":"scroll","background-type":"","background-media":"","overlay-type":"","overlay-color":"","overlay-opacity":"","overlay-gradient":""},"mobile":{"background-color":"","background-image":"","background-repeat":"repeat","background-position":"center center","background-size":"auto","background-attachment":"scroll","background-type":"","background-media":"","overlay-type":"","overlay-color":"","overlay-opacity":"","overlay-gradient":""}},"ast-content-background-meta":{"desktop":{"background-color":"var(--ast-global-color-5)","background-image":"","background-repeat":"repeat","background-position":"center center","background-size":"auto","background-attachment":"scroll","background-type":"","background-media":"","overlay-type":"","overlay-color":"","overlay-opacity":"","overlay-gradient":""},"tablet":{"background-color":"var(--ast-global-color-5)","background-image":"","background-repeat":"repeat","background-position":"center center","background-size":"auto","background-attachment":"scroll","background-type":"","background-media":"","overlay-type":"","overlay-color":"","overlay-opacity":"","overlay-gradient":""},"mobile":{"background-color":"var(--ast-global-color-5)","background-image":"","background-repeat":"repeat","background-position":"center center","background-size":"auto","background-attachment":"scroll","background-type":"","background-media":"","overlay-type":"","overlay-color":"","overlay-opacity":"","overlay-gradient":""}}},"product_brand":[],"product_cat":[55,42],"product_tag":[70,68,71,69],"class_list":{"0":"post-3317","1":"product","2":"type-product","3":"status-publish","4":"has-post-thumbnail","6":"product_cat-0-to-1-year","7":"product_cat-merchandise","8":"product_tag-babypillow","9":"product_tag-cuteanimalpillow","10":"product_tag-headshapesupport","11":"product_tag-kouniushapingpillow","12":"desktop-align-left","13":"tablet-align-left","14":"mobile-align-left","16":"first","17":"instock","18":"shipping-taxable","19":"product-type-simple"},"aioseo_notices":[],"uagb_featured_image_src":{"full":["https:\/\/babypillowwholesale.com\/wp-content\/uploads\/2025\/03\/1066.jpg",1000,1000,false],"thumbnail":["https:\/\/babypillowwholesale.com\/wp-content\/uploads\/2025\/03\/1066-150x150.jpg",150,150,true],"medium":["https:\/\/babypillowwholesale.com\/wp-content\/uploads\/2025\/03\/1066-300x300.jpg",300,300,true],"medium_large":["https:\/\/babypillowwholesale.com\/wp-content\/uploads\/2025\/03\/1066-768x768.jpg",768,768,true],"large":["https:\/\/babypillowwholesale.com\/wp-content\/uploads\/2025\/03\/1066.jpg",1000,1000,false],"1536x1536":["https:\/\/babypillowwholesale.com\/wp-content\/uploads\/2025\/03\/1066.jpg",1000,1000,false],"2048x2048":["https:\/\/babypillowwholesale.com\/wp-content\/uploads\/2025\/03\/1066.jpg",1000,1000,false],"trp-custom-language-flag":["https:\/\/babypillowwholesale.com\/wp-content\/uploads\/2025\/03\/1066.jpg",12,12,false],"woocommerce_thumbnail":["https:\/\/babypillowwholesale.com\/wp-content\/uploads\/2025\/03\/1066-300x300.jpg",300,300,true],"woocommerce_single":["https:\/\/babypillowwholesale.com\/wp-content\/uploads\/2025\/03\/1066-600x600.jpg",600,600,true],"woocommerce_gallery_thumbnail":["https:\/\/babypillowwholesale.com\/wp-content\/uploads\/2025\/03\/1066-100x100.jpg",100,100,true]},"uagb_author_info":{"display_name":"Etnen zhong","author_link":"https:\/\/babypillowwholesale.com\/cs\/author\/"},"uagb_comment_info":0,"uagb_excerpt":"The Obedient Bear Contour Pillow is an ideal choice for infants aged 0 - 12 months. Its design is inspired by an adorable bear, with cute ears, big eyes, and blushing cheeks, which makes it irresistibly charming. The pillow's contour design is not only visually appealing but also serves a practical purpose. It provides ergonomic&hellip;","jetpack_sharing_enabled":true,"_links":{"self":[{"href":"https:\/\/babypillowwholesale.com\/cs\/wp-json\/wp\/v2\/product\/3317","targetHints":{"allow":["GET"]}}],"collection":[{"href":"https:\/\/babypillowwholesale.com\/cs\/wp-json\/wp\/v2\/product"}],"about":[{"href":"https:\/\/babypillowwholesale.com\/cs\/wp-json\/wp\/v2\/types\/product"}],"replies":[{"embeddable":true,"href":"https:\/\/babypillowwholesale.com\/cs\/wp-json\/wp\/v2\/comments?post=3317"}],"wp:featuredmedia":[{"embeddable":true,"href":"https:\/\/babypillowwholesale.com\/cs\/wp-json\/wp\/v2\/media\/3318"}],"wp:attachment":[{"href":"https:\/\/babypillowwholesale.com\/cs\/wp-json\/wp\/v2\/media?parent=3317"}],"wp:term":[{"taxonomy":"product_brand","embeddable":true,"href":"https:\/\/babypillowwholesale.com\/cs\/wp-json\/wp\/v2\/product_brand?post=3317"},{"taxonomy":"product_cat","embeddable":true,"href":"https:\/\/babypillowwholesale.com\/cs\/wp-json\/wp\/v2\/product_cat?post=3317"},{"taxonomy":"product_tag","embeddable":true,"href":"https:\/\/babypillowwholesale.com\/cs\/wp-json\/wp\/v2\/product_tag?post=3317"}],"curies":[{"name":"wp","href":"https:\/\/api.w.org\/{rel}","templated":true}]}}