{"id":3313,"date":"2025-03-26T08:34:46","date_gmt":"2025-03-26T08:34:46","guid":{"rendered":"https:\/\/babypillowwholesale.com\/?post_type=product&#038;p=3313"},"modified":"2025-06-08T15:21:39","modified_gmt":"2025-06-08T15:21:39","slug":"little-raccoon-contour-pillow","status":"publish","type":"product","link":"https:\/\/babypillowwholesale.com\/cs\/product\/little-raccoon-contour-pillow\/","title":{"rendered":"Pol\u0161t\u00e1\u0159 Little Raccoon Contour Pillow"},"content":{"rendered":"<div class=\"auto-hide-last-sibling-br paragraph-qzbcQC paragraph-element br-paragraph-space\" data-immersive-translate-walked=\"8e61f2e7-6af2-46e5-9672-3b9e4f4033d9\" data-immersive-translate-paragraph=\"1\">\n<div class=\"auto-hide-last-sibling-br paragraph-qzbcQC paragraph-element br-paragraph-space\">\n<div class=\"auto-hide-last-sibling-br paragraph-qzbcQC paragraph-element br-paragraph-space\">\n<div class=\"auto-hide-last-sibling-br paragraph-qzbcQC paragraph-element br-paragraph-space\">\n<div class=\"auto-hide-last-sibling-br paragraph-qzbcQC paragraph-element br-paragraph-space\">P\u0159edstavujeme pol\u0161t\u00e1\u0159ek Little Raccoon Contour Pillow, rozko\u0161nou kombinaci rozko\u0161n\u00e9ho designu a profesion\u00e1ln\u00ed p\u00e9\u010de, pe\u010dliv\u011b vytvo\u0159enou pro d\u011bti ve v\u011bku 0-12 m\u011bs\u00edc\u016f. Jeho okouzluj\u00edc\u00ed design - s ply\u0161ov\u00fdm m\u00fdvalem s kulat\u00fdma u\u0161ima a klidn\u00fdm v\u00fdrazem - dod\u00e1v\u00e1 h\u0159ejivost pot\u0159eb\u00e1m pro miminko. Krom\u011b roztomilosti nab\u00edz\u00ed tvarovan\u00e1 struktura pol\u0161t\u00e1\u0159e v\u011bdeckou, ergonomickou podporu, kter\u00e1 jemn\u011b podp\u00edr\u00e1 hlavi\u010dku va\u0161eho d\u00edt\u011bte a podporuje tak zdrav\u00fd v\u00fdvoj hlavy a jej\u00edho tvaru.<\/div>\n<p>&nbsp;<\/p>\n<div class=\"auto-hide-last-sibling-br paragraph-qzbcQC paragraph-element br-paragraph-space\">V ka\u017edodenn\u00edm \u017eivot\u011b se plynule za\u010dle\u0148uje do r\u016fzn\u00fdch sc\u00e9n. Doma ho um\u00edst\u011bte do post\u00fdlky: kdy\u017e se va\u0161e d\u00edt\u011b pono\u0159\u00ed do sp\u00e1nku, m\u011bkk\u00e9 kontury pol\u0161t\u00e1\u0159e vytvo\u0159\u00ed klidn\u00e9 \u00fato\u010di\u0161t\u011b. B\u011bhem venkovn\u00edch v\u00fdlet\u016f - a\u0165 u\u017e na proch\u00e1zce v parku nebo na n\u00e1v\u0161t\u011bv\u011b u rodiny - se dokonale uveleb\u00ed v ko\u010d\u00e1rku a poskytne v\u00e1m st\u00e1l\u00e9 pohodl\u00ed. Dokonce i b\u011bhem hrav\u00fdch chvil na m\u011bkk\u00e9 podlo\u017ece pol\u0161t\u00e1\u0159 podep\u0159e hlavi\u010dku va\u0161eho d\u00edt\u011bte a zajist\u00ed pohodl\u00ed p\u0159i ka\u017ed\u00e9 \u010dinnosti.<\/div>\n<p>&nbsp;<\/p>\n<div class=\"auto-hide-last-sibling-br paragraph-qzbcQC paragraph-element br-paragraph-space\">Rodi\u010de si tento pol\u0161t\u00e1\u0159 pochvaluj\u00ed. \"Moje d\u00edt\u011b vypad\u00e1 na pol\u0161t\u00e1\u0159i Little Raccoon Contour Pillow tak \u00fatuln\u011b! Je neuv\u011b\u0159iteln\u011b m\u011bkk\u00fd a l\u00edb\u00ed se mi, jak obrysov\u00fd design jemn\u011b podp\u00edr\u00e1 jejich hlavi\u010dku. R\u016f\u017eov\u00e1 barva nav\u00edc rozz\u00e1\u0159\u00ed d\u011btsk\u00fd pokoj,\" pod\u011blila se o sv\u00e9 dojmy jedna z nad\u0161en\u00fdch maminek. Tat\u00ednek dodal: \"Tento pol\u0161t\u00e1\u0159ek si bereme v\u0161ude s sebou. Je odoln\u00fd, snadno se \u010dist\u00ed a modr\u00e1 varianta dokonale lad\u00ed s v\u011bcmi na\u0161eho miminka. Must - have pro pohodl\u00ed i v\u00fdhody p\u0159i tvarov\u00e1n\u00ed hlavy!\"<\/div>\n<p>&nbsp;<\/p>\n<div class=\"auto-hide-last-sibling-br paragraph-qzbcQC paragraph-element br-paragraph-space\">Pol\u0161t\u00e1\u0159ek Little Raccoon Contour Pillow, kter\u00fd je k dispozici v jemn\u00e9 r\u016f\u017eov\u00e9 nebo uklid\u0148uj\u00edc\u00ed modr\u00e9 barv\u011b, nen\u00ed jen dopl\u0148kem pro miminko. Je to oddan\u00fd spole\u010dn\u00edk, kter\u00fd spojuje okouzluj\u00edc\u00ed estetiku s profesion\u00e1ln\u00ed podporou hlavy a zaji\u0161\u0165uje va\u0161emu d\u011b\u0165\u00e1tku pohodl\u00ed a p\u00e9\u010di v ka\u017ed\u00e9m vz\u00e1cn\u00e9m okam\u017eiku jeho ran\u00e9ho r\u016fstu.<\/div>\n<\/div>\n<\/div>\n<\/div>\n<\/div>","protected":false},"excerpt":{"rendered":"<p>Pol\u0161t\u00e1\u0159ek Little Raccoon Contour Pillow, kter\u00fd je p\u0159izp\u016fsoben pro d\u011bti ve v\u011bku 0-12 m\u011bs\u00edc\u016f, v sob\u011b spojuje roztomilost a profesion\u00e1ln\u00ed p\u00e9\u010di. Jeho design inspirovan\u00fd roztomil\u00fdm m\u00fdvalem s kulat\u00fdma u\u0161ima a klidn\u00fdm v\u00fdrazem dod\u00e1v\u00e1 nezbytnostem pro miminko roztomil\u00fd n\u00e1dech. Obrysov\u00e1 struktura pol\u0161t\u00e1\u0159e nab\u00edz\u00ed v\u011bdeckou, ergonomickou podporu, jemn\u011b obj\u00edm\u00e1 hlavi\u010dku d\u00edt\u011bte a pe\u010duje o zdrav\u00fd v\u00fdvoj tvaru hlavy. Velikost 29*<em>21*<\/em>D\u00edky velikosti 1,5 cm se bez probl\u00e9m\u016f vejde do post\u00fdlky pro klidn\u00e9 span\u00ed, do ko\u010d\u00e1rku b\u011bhem v\u00fdlet\u016f nebo do dom\u00e1c\u00edho hrac\u00edho za\u0159\u00edzen\u00ed. Tento pol\u0161t\u00e1\u0159ek, kter\u00fd je k dispozici v m\u011bkk\u00e9 r\u016f\u017eov\u00e9 nebo uklid\u0148uj\u00edc\u00ed modr\u00e9 barv\u011b, nen\u00ed jen funk\u010dn\u00edm prvkem pro podporu hlavy - je to h\u0159ejiv\u00fd spole\u010dn\u00edk, kter\u00fd zaji\u0161\u0165uje pohodl\u00ed a p\u016fvab b\u011bhem vz\u00e1cn\u00fdch ran\u00fdch f\u00e1z\u00ed r\u016fstu va\u0161eho d\u00edt\u011bte.<\/p>","protected":false},"featured_media":3314,"comment_status":"open","ping_status":"closed","template":"","meta":{"_uag_custom_page_level_css":"","site-sidebar-layout":"default","site-content-layout":"","ast-site-content-layout":"default","site-content-style":"default","site-sidebar-style":"default","ast-global-header-display":"","ast-banner-title-visibility":"","ast-main-header-display":"","ast-hfb-above-header-display":"","ast-hfb-below-header-display":"","ast-hfb-mobile-header-display":"","site-post-title":"","ast-breadcrumbs-content":"","ast-featured-img":"","footer-sml-layout":"","ast-disable-related-posts":"","theme-transparent-header-meta":"default","adv-header-id-meta":"","stick-header-meta":"","header-above-stick-meta":"","header-main-stick-meta":"","header-below-stick-meta":"","astra-migrate-meta-layouts":"set","ast-page-background-enabled":"default","ast-page-background-meta":{"desktop":{"background-color":"","background-image":"","background-repeat":"repeat","background-position":"center center","background-size":"auto","background-attachment":"scroll","background-type":"","background-media":"","overlay-type":"","overlay-color":"","overlay-opacity":"","overlay-gradient":""},"tablet":{"background-color":"","background-image":"","background-repeat":"repeat","background-position":"center center","background-size":"auto","background-attachment":"scroll","background-type":"","background-media":"","overlay-type":"","overlay-color":"","overlay-opacity":"","overlay-gradient":""},"mobile":{"background-color":"","background-image":"","background-repeat":"repeat","background-position":"center center","background-size":"auto","background-attachment":"scroll","background-type":"","background-media":"","overlay-type":"","overlay-color":"","overlay-opacity":"","overlay-gradient":""}},"ast-content-background-meta":{"desktop":{"background-color":"var(--ast-global-color-5)","background-image":"","background-repeat":"repeat","background-position":"center center","background-size":"auto","background-attachment":"scroll","background-type":"","background-media":"","overlay-type":"","overlay-color":"","overlay-opacity":"","overlay-gradient":""},"tablet":{"background-color":"var(--ast-global-color-5)","background-image":"","background-repeat":"repeat","background-position":"center center","background-size":"auto","background-attachment":"scroll","background-type":"","background-media":"","overlay-type":"","overlay-color":"","overlay-opacity":"","overlay-gradient":""},"mobile":{"background-color":"var(--ast-global-color-5)","background-image":"","background-repeat":"repeat","background-position":"center center","background-size":"auto","background-attachment":"scroll","background-type":"","background-media":"","overlay-type":"","overlay-color":"","overlay-opacity":"","overlay-gradient":""}}},"product_brand":[],"product_cat":[55,42],"product_tag":[70,68,71,69],"class_list":{"0":"post-3313","1":"product","2":"type-product","3":"status-publish","4":"has-post-thumbnail","6":"product_cat-0-to-1-year","7":"product_cat-merchandise","8":"product_tag-babypillow","9":"product_tag-cuteanimalpillow","10":"product_tag-headshapesupport","11":"product_tag-kouniushapingpillow","12":"desktop-align-left","13":"tablet-align-left","14":"mobile-align-left","16":"first","17":"instock","18":"featured","19":"shipping-taxable","20":"product-type-simple"},"aioseo_notices":[],"uagb_featured_image_src":{"full":["https:\/\/babypillowwholesale.com\/wp-content\/uploads\/2025\/03\/1520.jpg",1000,1000,false],"thumbnail":["https:\/\/babypillowwholesale.com\/wp-content\/uploads\/2025\/03\/1520-150x150.jpg",150,150,true],"medium":["https:\/\/babypillowwholesale.com\/wp-content\/uploads\/2025\/03\/1520-300x300.jpg",300,300,true],"medium_large":["https:\/\/babypillowwholesale.com\/wp-content\/uploads\/2025\/03\/1520-768x768.jpg",768,768,true],"large":["https:\/\/babypillowwholesale.com\/wp-content\/uploads\/2025\/03\/1520.jpg",1000,1000,false],"1536x1536":["https:\/\/babypillowwholesale.com\/wp-content\/uploads\/2025\/03\/1520.jpg",1000,1000,false],"2048x2048":["https:\/\/babypillowwholesale.com\/wp-content\/uploads\/2025\/03\/1520.jpg",1000,1000,false],"trp-custom-language-flag":["https:\/\/babypillowwholesale.com\/wp-content\/uploads\/2025\/03\/1520.jpg",12,12,false],"woocommerce_thumbnail":["https:\/\/babypillowwholesale.com\/wp-content\/uploads\/2025\/03\/1520-300x300.jpg",300,300,true],"woocommerce_single":["https:\/\/babypillowwholesale.com\/wp-content\/uploads\/2025\/03\/1520-600x600.jpg",600,600,true],"woocommerce_gallery_thumbnail":["https:\/\/babypillowwholesale.com\/wp-content\/uploads\/2025\/03\/1520-100x100.jpg",100,100,true]},"uagb_author_info":{"display_name":"Etnen zhong","author_link":"https:\/\/babypillowwholesale.com\/cs\/author\/"},"uagb_comment_info":0,"uagb_excerpt":"The Little Raccoon Contour Pillow, tailored for infants aged 0\u201312 months, harmonizes cuteness with professional care. Its design, inspired by a cuddly little raccoon with round ears and a serene expression, adds an endearing touch to baby essentials. The pillow\u2019s contour structure offers scientific, ergonomic support, gently embracing the baby\u2019s head to nurture healthy head&hellip;","jetpack_sharing_enabled":true,"_links":{"self":[{"href":"https:\/\/babypillowwholesale.com\/cs\/wp-json\/wp\/v2\/product\/3313","targetHints":{"allow":["GET"]}}],"collection":[{"href":"https:\/\/babypillowwholesale.com\/cs\/wp-json\/wp\/v2\/product"}],"about":[{"href":"https:\/\/babypillowwholesale.com\/cs\/wp-json\/wp\/v2\/types\/product"}],"replies":[{"embeddable":true,"href":"https:\/\/babypillowwholesale.com\/cs\/wp-json\/wp\/v2\/comments?post=3313"}],"wp:featuredmedia":[{"embeddable":true,"href":"https:\/\/babypillowwholesale.com\/cs\/wp-json\/wp\/v2\/media\/3314"}],"wp:attachment":[{"href":"https:\/\/babypillowwholesale.com\/cs\/wp-json\/wp\/v2\/media?parent=3313"}],"wp:term":[{"taxonomy":"product_brand","embeddable":true,"href":"https:\/\/babypillowwholesale.com\/cs\/wp-json\/wp\/v2\/product_brand?post=3313"},{"taxonomy":"product_cat","embeddable":true,"href":"https:\/\/babypillowwholesale.com\/cs\/wp-json\/wp\/v2\/product_cat?post=3313"},{"taxonomy":"product_tag","embeddable":true,"href":"https:\/\/babypillowwholesale.com\/cs\/wp-json\/wp\/v2\/product_tag?post=3313"}],"curies":[{"name":"wp","href":"https:\/\/api.w.org\/{rel}","templated":true}]}}