{"id":3309,"date":"2025-03-24T15:39:32","date_gmt":"2025-03-24T15:39:32","guid":{"rendered":"https:\/\/babypillowwholesale.com\/?post_type=product&#038;p=3309"},"modified":"2025-06-07T07:18:49","modified_gmt":"2025-06-07T07:18:49","slug":"crown-3d-contour-pillow","status":"publish","type":"product","link":"https:\/\/babypillowwholesale.com\/cs\/product\/crown-3d-contour-pillow\/","title":{"rendered":"Pol\u0161t\u00e1\u0159 Crown 3D Contour Pillow"},"content":{"rendered":"<div class=\"auto-hide-last-sibling-br paragraph-qzbcQC paragraph-element br-paragraph-space\" data-immersive-translate-walked=\"8e61f2e7-6af2-46e5-9672-3b9e4f4033d9\" data-immersive-translate-paragraph=\"1\">\n<div class=\"auto-hide-last-sibling-br paragraph-qzbcQC paragraph-element br-paragraph-space\">\n<div class=\"auto-hide-last-sibling-br paragraph-qzbcQC paragraph-element br-paragraph-space\">\n<div class=\"auto-hide-last-sibling-br paragraph-qzbcQC paragraph-element br-paragraph-space\">P\u0159edstavujeme 3D tvarovac\u00ed pol\u0161t\u00e1\u0159 Crown - kde se snoub\u00ed bezpe\u010dnost, pohodl\u00ed a p\u016fvab pro d\u011bti ve v\u011bku 0-12 m\u011bs\u00edc\u016f. Je vyroben z prvot\u0159\u00eddn\u00edch materi\u00e1l\u016f \u0161etrn\u00fdch k poko\u017ece a jeho prioritou je jemn\u00e1 p\u00e9\u010de o jemnou hlavi\u010dku va\u0161eho d\u00edt\u011bte. Jedine\u010dn\u00fd 3D - tvarovan\u00fd design, korunovan\u00fd rozko\u0161n\u00fdm motivem, nab\u00edz\u00ed ergonomickou podporu, kter\u00e1 pe\u010duje o zdrav\u00fd tvar hlavy a z\u00e1rove\u0148 dod\u00e1v\u00e1 kr\u00e1lovsk\u00fd n\u00e1dech ka\u017ed\u00e9 sc\u00e9n\u011b.<\/div>\n<p>&nbsp;<\/p>\n<div class=\"auto-hide-last-sibling-br paragraph-qzbcQC paragraph-element br-paragraph-space\">P\u0159edstavte si h\u0159ejiv\u00e9 okam\u017eiky mezi rodi\u010dem a d\u00edt\u011btem: p\u0159ed span\u00edm polo\u017e\u00edte sv\u00e9 d\u011b\u0165\u00e1tko na tento pol\u0161t\u00e1\u0159 a \u0161ept\u00e1te ukol\u00e9bavky. Jeho m\u011bkk\u00e9 k\u0159ivky kol\u00e9baj\u00ed jeho hlavi\u010dku a vytv\u00e1\u0159ej\u00ed bezpe\u010dn\u00fd prostor pro sladk\u00e9 sny. B\u011bhem hrav\u00fdch r\u00e1n, kdy t\u0159esete chrast\u00edtky nebo se spole\u010dn\u011b chichot\u00e1te, se pol\u0161t\u00e1\u0159 uveleb\u00ed v post\u00fdlce a poskytuje stabiln\u00ed oporu, zat\u00edmco va\u0161e d\u00edt\u011b radostn\u011b kope a jeho sm\u00edch rozz\u00e1\u0159\u00ed m\u00edstnost.<\/div>\n<p>&nbsp;<\/p>\n<div class=\"auto-hide-last-sibling-br paragraph-qzbcQC paragraph-element br-paragraph-space\">Rodi\u010de ji zbo\u017e\u0148uj\u00ed! Jedna z maminek se sv\u011b\u0159ila: \"Tento pol\u0161t\u00e1\u0159 s korunkou zm\u011bnil dobu sp\u00e1nku - moje d\u00edt\u011b sp\u00ed klidn\u011b a materi\u00e1l je neuv\u011b\u0159iteln\u011b bezpe\u010dn\u00fd. Nav\u00edc je d\u00edky korunce ka\u017ed\u00e1 fotka neodolateln\u011b roztomil\u00e1!\" Jin\u00fd rodi\u010d chv\u00e1l\u00ed: \"Je to z\u00e1klad d\u011btsk\u00e9ho pokoje! Krom\u011b okouzluj\u00edc\u00edho designu mi jej\u00ed podpora uleh\u010duje starosti s v\u00fdvojem hlavy.\"<\/div>\n<p>&nbsp;<\/p>\n<div class=\"auto-hide-last-sibling-br paragraph-qzbcQC paragraph-element br-paragraph-space\">Pol\u0161t\u00e1\u0159 Crown 3D Contour je k dispozici v m\u011bkk\u00e9 r\u016f\u017eov\u00e9 a uklid\u0148uj\u00edc\u00ed modr\u00e9 barv\u011b a je v\u00edc ne\u017e jen produkt - je to milovan\u00fd spole\u010dn\u00edk, kter\u00fd povzn\u00e1\u0161\u00ed ka\u017edou n\u011b\u017enou interakci a z\u00e1rove\u0148 chr\u00e1n\u00ed r\u016fst va\u0161eho d\u00edt\u011bte d\u00edky bezpe\u010dnosti, funk\u010dnosti a h\u0159ejiv\u00e9mu stylu.<\/div>\n<\/div>\n<\/div>\n<\/div>","protected":false},"excerpt":{"rendered":"<p>3D tvarovac\u00ed pol\u0161t\u00e1\u0159 Crown je vynikaj\u00edc\u00ed a funk\u010dn\u00ed dopln\u011bk ur\u010den\u00fd pro d\u011bti od 0 do 12 m\u011bs\u00edc\u016f. Jeho design zd\u016fraz\u0148uje okouzluj\u00edc\u00ed prvek koruny spojen\u00fd s 3D tvarovanou strukturou, kter\u00e1 dod\u00e1v\u00e1 pol\u0161t\u00e1\u0159i kr\u00e1lovskou eleganci i ergonomickou oporu. Tvar pol\u0161t\u00e1\u0159e jemn\u011b kol\u00e9b\u00e1 hlavu d\u00edt\u011bte a \u00fa\u010dinn\u011b pom\u00e1h\u00e1 udr\u017eovat zdrav\u00fd tvar hlavy po celou dobu jeho r\u016fstu. Specifikace 29*<em>21*<\/em>1,5 cm, nab\u00edz\u00ed dostate\u010dn\u00fd a pohodln\u00fd prostor pro hlavu. Je k dispozici v jemn\u00e9 r\u016f\u017eov\u00e9 nebo uklid\u0148uj\u00edc\u00ed modr\u00e9 barv\u011b, tak\u017ee vyhovuje r\u016fzn\u00fdm estetick\u00fdm preferenc\u00edm a hladce spojuje stylov\u00fd design s praktickou p\u00e9\u010d\u00ed o tvarov\u00e1n\u00ed hlavy v prvn\u00edch m\u011bs\u00edc\u00edch \u017eivota.<\/p>","protected":false},"featured_media":3310,"comment_status":"open","ping_status":"closed","template":"","meta":{"_uag_custom_page_level_css":"","site-sidebar-layout":"default","site-content-layout":"","ast-site-content-layout":"default","site-content-style":"default","site-sidebar-style":"default","ast-global-header-display":"","ast-banner-title-visibility":"","ast-main-header-display":"","ast-hfb-above-header-display":"","ast-hfb-below-header-display":"","ast-hfb-mobile-header-display":"","site-post-title":"","ast-breadcrumbs-content":"","ast-featured-img":"","footer-sml-layout":"","ast-disable-related-posts":"","theme-transparent-header-meta":"default","adv-header-id-meta":"","stick-header-meta":"","header-above-stick-meta":"","header-main-stick-meta":"","header-below-stick-meta":"","astra-migrate-meta-layouts":"set","ast-page-background-enabled":"default","ast-page-background-meta":{"desktop":{"background-color":"","background-image":"","background-repeat":"repeat","background-position":"center center","background-size":"auto","background-attachment":"scroll","background-type":"","background-media":"","overlay-type":"","overlay-color":"","overlay-opacity":"","overlay-gradient":""},"tablet":{"background-color":"","background-image":"","background-repeat":"repeat","background-position":"center center","background-size":"auto","background-attachment":"scroll","background-type":"","background-media":"","overlay-type":"","overlay-color":"","overlay-opacity":"","overlay-gradient":""},"mobile":{"background-color":"","background-image":"","background-repeat":"repeat","background-position":"center center","background-size":"auto","background-attachment":"scroll","background-type":"","background-media":"","overlay-type":"","overlay-color":"","overlay-opacity":"","overlay-gradient":""}},"ast-content-background-meta":{"desktop":{"background-color":"var(--ast-global-color-5)","background-image":"","background-repeat":"repeat","background-position":"center center","background-size":"auto","background-attachment":"scroll","background-type":"","background-media":"","overlay-type":"","overlay-color":"","overlay-opacity":"","overlay-gradient":""},"tablet":{"background-color":"var(--ast-global-color-5)","background-image":"","background-repeat":"repeat","background-position":"center center","background-size":"auto","background-attachment":"scroll","background-type":"","background-media":"","overlay-type":"","overlay-color":"","overlay-opacity":"","overlay-gradient":""},"mobile":{"background-color":"var(--ast-global-color-5)","background-image":"","background-repeat":"repeat","background-position":"center center","background-size":"auto","background-attachment":"scroll","background-type":"","background-media":"","overlay-type":"","overlay-color":"","overlay-opacity":"","overlay-gradient":""}}},"product_brand":[],"product_cat":[55,42],"product_tag":[70,68,71,69],"class_list":{"0":"post-3309","1":"product","2":"type-product","3":"status-publish","4":"has-post-thumbnail","6":"product_cat-0-to-1-year","7":"product_cat-merchandise","8":"product_tag-babypillow","9":"product_tag-cuteanimalpillow","10":"product_tag-headshapesupport","11":"product_tag-kouniushapingpillow","12":"desktop-align-left","13":"tablet-align-left","14":"mobile-align-left","16":"first","17":"instock","18":"featured","19":"shipping-taxable","20":"product-type-simple"},"aioseo_notices":[],"uagb_featured_image_src":{"full":["https:\/\/babypillowwholesale.com\/wp-content\/uploads\/2025\/03\/1061.jpg",1000,1000,false],"thumbnail":["https:\/\/babypillowwholesale.com\/wp-content\/uploads\/2025\/03\/1061-150x150.jpg",150,150,true],"medium":["https:\/\/babypillowwholesale.com\/wp-content\/uploads\/2025\/03\/1061-300x300.jpg",300,300,true],"medium_large":["https:\/\/babypillowwholesale.com\/wp-content\/uploads\/2025\/03\/1061-768x768.jpg",768,768,true],"large":["https:\/\/babypillowwholesale.com\/wp-content\/uploads\/2025\/03\/1061.jpg",1000,1000,false],"1536x1536":["https:\/\/babypillowwholesale.com\/wp-content\/uploads\/2025\/03\/1061.jpg",1000,1000,false],"2048x2048":["https:\/\/babypillowwholesale.com\/wp-content\/uploads\/2025\/03\/1061.jpg",1000,1000,false],"trp-custom-language-flag":["https:\/\/babypillowwholesale.com\/wp-content\/uploads\/2025\/03\/1061.jpg",12,12,false],"woocommerce_thumbnail":["https:\/\/babypillowwholesale.com\/wp-content\/uploads\/2025\/03\/1061-300x300.jpg",300,300,true],"woocommerce_single":["https:\/\/babypillowwholesale.com\/wp-content\/uploads\/2025\/03\/1061-600x600.jpg",600,600,true],"woocommerce_gallery_thumbnail":["https:\/\/babypillowwholesale.com\/wp-content\/uploads\/2025\/03\/1061-100x100.jpg",100,100,true]},"uagb_author_info":{"display_name":"Etnen zhong","author_link":"https:\/\/babypillowwholesale.com\/cs\/author\/"},"uagb_comment_info":0,"uagb_excerpt":"The Crown 3D Contour Pillow is an exquisite and functional accessory tailored for infants aged 0 to 12 months. Its design highlights a charming crown element, paired with a 3D - contoured structure that adds both regal elegance and ergonomic support. The pillow\u2019s shape gently cradles the baby\u2019s head, effectively helping maintain a healthy head&hellip;","jetpack_sharing_enabled":true,"_links":{"self":[{"href":"https:\/\/babypillowwholesale.com\/cs\/wp-json\/wp\/v2\/product\/3309","targetHints":{"allow":["GET"]}}],"collection":[{"href":"https:\/\/babypillowwholesale.com\/cs\/wp-json\/wp\/v2\/product"}],"about":[{"href":"https:\/\/babypillowwholesale.com\/cs\/wp-json\/wp\/v2\/types\/product"}],"replies":[{"embeddable":true,"href":"https:\/\/babypillowwholesale.com\/cs\/wp-json\/wp\/v2\/comments?post=3309"}],"wp:featuredmedia":[{"embeddable":true,"href":"https:\/\/babypillowwholesale.com\/cs\/wp-json\/wp\/v2\/media\/3310"}],"wp:attachment":[{"href":"https:\/\/babypillowwholesale.com\/cs\/wp-json\/wp\/v2\/media?parent=3309"}],"wp:term":[{"taxonomy":"product_brand","embeddable":true,"href":"https:\/\/babypillowwholesale.com\/cs\/wp-json\/wp\/v2\/product_brand?post=3309"},{"taxonomy":"product_cat","embeddable":true,"href":"https:\/\/babypillowwholesale.com\/cs\/wp-json\/wp\/v2\/product_cat?post=3309"},{"taxonomy":"product_tag","embeddable":true,"href":"https:\/\/babypillowwholesale.com\/cs\/wp-json\/wp\/v2\/product_tag?post=3309"}],"curies":[{"name":"wp","href":"https:\/\/api.w.org\/{rel}","templated":true}]}}