{"id":3303,"date":"2025-03-24T15:07:17","date_gmt":"2025-03-24T15:07:17","guid":{"rendered":"https:\/\/babypillowwholesale.com\/?post_type=product&#038;p=3303"},"modified":"2025-06-08T15:36:07","modified_gmt":"2025-06-08T15:36:07","slug":"leopard-cat-shaping-pillow","status":"publish","type":"product","link":"https:\/\/babypillowwholesale.com\/cs\/product\/leopard-cat-shaping-pillow\/","title":{"rendered":"leopard\u00ed ko\u010dka Tvarovac\u00ed pol\u0161t\u00e1\u0159"},"content":{"rendered":"<div class=\"auto-hide-last-sibling-br paragraph-qzbcQC paragraph-element br-paragraph-space\" data-immersive-translate-walked=\"8e61f2e7-6af2-46e5-9672-3b9e4f4033d9\" data-immersive-translate-paragraph=\"1\">\n<div class=\"auto-hide-last-sibling-br paragraph-qzbcQC paragraph-element br-paragraph-space\">\n<p>Pod\u00edvejte se na leopard\u00ed pol\u0161t\u00e1\u0159 Shaping Pillow, dokonalou harmonii roztomilosti a u\u017eite\u010dnosti, pe\u010dliv\u011b vytvo\u0159enou pro d\u011bti ve v\u011bku od 0 do 6 m\u011bs\u00edc\u016f. Jeho okouzluj\u00edc\u00ed design - s perverzn\u00edmi leopard\u00edmi - ko\u010di\u010d\u00edmi ou\u0161ky a jemn\u00fdmi detaily vousk\u016f - vyza\u0159uje kouzlo. Ergonomicky navr\u017een\u00fd st\u0159edov\u00fd v\u00fd\u0159ez jemn\u011b podp\u00edr\u00e1 hlavi\u010dku d\u00edt\u011bte a \u0161etrn\u011b usm\u011br\u0148uje jej\u00ed zdrav\u00fd v\u00fdvoj v prvn\u00edch m\u011bs\u00edc\u00edch \u017eivota.<\/p>\n<p>D\u00edky rozm\u011br\u016fm 26,5*25*1,5 cm se snadno p\u0159izp\u016fsob\u00ed r\u016fzn\u00fdm sc\u00e9n\u00e1m. Doma ji um\u00edst\u011bte do post\u00fdlky a prom\u011b\u0148te \u010das sp\u00e1nku v \u00fatuln\u00fd ritu\u00e1l pln\u00fd sn\u016f. Kdy\u017e jste venku - a\u0165 u\u017e na proch\u00e1zce v parku nebo na n\u00e1v\u0161t\u011bv\u011b u rodiny - perfektn\u011b se vejde do ko\u010d\u00e1rku a zajist\u00ed va\u0161emu d\u011b\u0165\u00e1tku pohodl\u00ed po celou dobu cesty.<\/p>\n<p>Rodi\u010de tento pol\u0161t\u00e1\u0159 zbo\u017e\u0148uj\u00ed. \"Moje d\u00edt\u011b se p\u0159i pohledu na tento tvarovac\u00ed pol\u0161t\u00e1\u0159 s leopard\u00ed ko\u010dkou rozz\u00e1\u0159\u00ed! Je luxusn\u011b m\u011bkk\u00fd a roztomil\u00fd design nikdy nep\u0159estane okouzlovat. Vid\u011bla jsem \u00fa\u017easn\u00e9 zlep\u0161en\u00ed tvaru jejich hlavy,\" pod\u011blila se o sv\u00e9 dojmy jedna z nad\u0161en\u00fdch maminek. Tat\u00ednek dodal: \"Je to must - have v na\u0161\u00ed d\u011btsk\u00e9 v\u00fdbav\u011b. Snadno se p\u0159en\u00e1\u0161\u00ed a barevn\u00e9 varianty se hod\u00ed do ka\u017ed\u00e9ho d\u011btsk\u00e9ho pokoje. Na\u0161e mal\u00e1 s n\u00edm v\u017edy vypad\u00e1 \u00fatuln\u011b a spokojen\u011b.\"<\/p>\n<p>Tvarovac\u00ed pol\u0161t\u00e1\u0159 s leopard\u00ed ko\u010dkou, kter\u00fd je k dispozici v okouzluj\u00edc\u00ed r\u016f\u017eov\u00e9 nebo modr\u00e9 barv\u011b, je v\u00edc ne\u017e jen d\u011btsk\u00fd dopln\u011bk. Je to l\u00e1skypln\u00fd spole\u010dn\u00edk, kter\u00fd va\u0161e miminko zahal\u00ed do pohodl\u00ed, roztomilosti a spolehliv\u00e9 opory v ka\u017ed\u00e9m vz\u00e1cn\u00e9m okam\u017eiku jeho prvn\u00edch dn\u016f.<\/p>\n<\/div>\n<\/div>","protected":false},"excerpt":{"rendered":"<p>Tvarovac\u00ed pol\u0161t\u00e1\u0159ek s leopard\u00ed ko\u010dkou je rozko\u0161n\u00fdm spojen\u00edm roztomilosti a prakti\u010dnosti a je p\u0159izp\u016fsoben pro d\u011bti od 0 do 6 m\u011bs\u00edc\u016f. Jeho design inspirovan\u00fd leopard\u00ed ko\u010dkou s odst\u00e1vaj\u00edc\u00edma u\u0161ima a jemn\u00fdmi detaily vousk\u016f vyza\u0159uje kouzlo. Ergonomick\u00fd st\u0159edov\u00fd v\u00fd\u0159ez jemn\u011b podp\u00edr\u00e1 hlavi\u010dku d\u00edt\u011bte a pom\u00e1h\u00e1 udr\u017eovat zdrav\u00fd tvar hlavy v kritick\u00e9m obdob\u00ed ran\u00e9ho r\u016fstu. D\u00edky rozm\u011br\u016fm 26,5*25*1,5 cm se bez probl\u00e9m\u016f vejde do post\u00fdlky pro klidn\u00e9 span\u00ed doma nebo do ko\u010d\u00e1rku b\u011bhem venkovn\u00edch dobrodru\u017estv\u00ed. Je k dispozici v m\u011bkk\u00e9 r\u016f\u017eov\u00e9 nebo modr\u00e9 barv\u011b a nejen\u017ee dod\u00e1 dekorativn\u00ed n\u00e1dech v\u00fdzdob\u011b d\u011btsk\u00e9ho pokoje, ale tak\u00e9 nab\u00edz\u00ed spolehlivou oporu, tak\u017ee se stane nezbytn\u00fdm spole\u010dn\u00edkem pro ka\u017ed\u00fd \u00fatuln\u00fd okam\u017eik dne va\u0161eho d\u00edt\u011bte.<\/p>","protected":false},"featured_media":3304,"comment_status":"open","ping_status":"closed","template":"","meta":{"_uag_custom_page_level_css":"","site-sidebar-layout":"default","site-content-layout":"","ast-site-content-layout":"default","site-content-style":"default","site-sidebar-style":"default","ast-global-header-display":"","ast-banner-title-visibility":"","ast-main-header-display":"","ast-hfb-above-header-display":"","ast-hfb-below-header-display":"","ast-hfb-mobile-header-display":"","site-post-title":"","ast-breadcrumbs-content":"","ast-featured-img":"","footer-sml-layout":"","ast-disable-related-posts":"","theme-transparent-header-meta":"default","adv-header-id-meta":"","stick-header-meta":"","header-above-stick-meta":"","header-main-stick-meta":"","header-below-stick-meta":"","astra-migrate-meta-layouts":"set","ast-page-background-enabled":"default","ast-page-background-meta":{"desktop":{"background-color":"","background-image":"","background-repeat":"repeat","background-position":"center center","background-size":"auto","background-attachment":"scroll","background-type":"","background-media":"","overlay-type":"","overlay-color":"","overlay-opacity":"","overlay-gradient":""},"tablet":{"background-color":"","background-image":"","background-repeat":"repeat","background-position":"center center","background-size":"auto","background-attachment":"scroll","background-type":"","background-media":"","overlay-type":"","overlay-color":"","overlay-opacity":"","overlay-gradient":""},"mobile":{"background-color":"","background-image":"","background-repeat":"repeat","background-position":"center center","background-size":"auto","background-attachment":"scroll","background-type":"","background-media":"","overlay-type":"","overlay-color":"","overlay-opacity":"","overlay-gradient":""}},"ast-content-background-meta":{"desktop":{"background-color":"var(--ast-global-color-5)","background-image":"","background-repeat":"repeat","background-position":"center center","background-size":"auto","background-attachment":"scroll","background-type":"","background-media":"","overlay-type":"","overlay-color":"","overlay-opacity":"","overlay-gradient":""},"tablet":{"background-color":"var(--ast-global-color-5)","background-image":"","background-repeat":"repeat","background-position":"center center","background-size":"auto","background-attachment":"scroll","background-type":"","background-media":"","overlay-type":"","overlay-color":"","overlay-opacity":"","overlay-gradient":""},"mobile":{"background-color":"var(--ast-global-color-5)","background-image":"","background-repeat":"repeat","background-position":"center center","background-size":"auto","background-attachment":"scroll","background-type":"","background-media":"","overlay-type":"","overlay-color":"","overlay-opacity":"","overlay-gradient":""}}},"product_brand":[],"product_cat":[54,42],"product_tag":[70,68,71,69],"class_list":{"0":"post-3303","1":"product","2":"type-product","3":"status-publish","4":"has-post-thumbnail","6":"product_cat-0-to-6months","7":"product_cat-merchandise","8":"product_tag-babypillow","9":"product_tag-cuteanimalpillow","10":"product_tag-headshapesupport","11":"product_tag-kouniushapingpillow","12":"desktop-align-left","13":"tablet-align-left","14":"mobile-align-left","16":"first","17":"instock","18":"shipping-taxable","19":"product-type-simple"},"aioseo_notices":[],"uagb_featured_image_src":{"full":["https:\/\/babypillowwholesale.com\/wp-content\/uploads\/2025\/03\/1512.jpg",1000,1000,false],"thumbnail":["https:\/\/babypillowwholesale.com\/wp-content\/uploads\/2025\/03\/1512-150x150.jpg",150,150,true],"medium":["https:\/\/babypillowwholesale.com\/wp-content\/uploads\/2025\/03\/1512-300x300.jpg",300,300,true],"medium_large":["https:\/\/babypillowwholesale.com\/wp-content\/uploads\/2025\/03\/1512-768x768.jpg",768,768,true],"large":["https:\/\/babypillowwholesale.com\/wp-content\/uploads\/2025\/03\/1512.jpg",1000,1000,false],"1536x1536":["https:\/\/babypillowwholesale.com\/wp-content\/uploads\/2025\/03\/1512.jpg",1000,1000,false],"2048x2048":["https:\/\/babypillowwholesale.com\/wp-content\/uploads\/2025\/03\/1512.jpg",1000,1000,false],"trp-custom-language-flag":["https:\/\/babypillowwholesale.com\/wp-content\/uploads\/2025\/03\/1512.jpg",12,12,false],"woocommerce_thumbnail":["https:\/\/babypillowwholesale.com\/wp-content\/uploads\/2025\/03\/1512-300x300.jpg",300,300,true],"woocommerce_single":["https:\/\/babypillowwholesale.com\/wp-content\/uploads\/2025\/03\/1512-600x600.jpg",600,600,true],"woocommerce_gallery_thumbnail":["https:\/\/babypillowwholesale.com\/wp-content\/uploads\/2025\/03\/1512-100x100.jpg",100,100,true]},"uagb_author_info":{"display_name":"Etnen zhong","author_link":"https:\/\/babypillowwholesale.com\/cs\/author\/"},"uagb_comment_info":0,"uagb_excerpt":"The leopard cat Shaping Pillow is a delightful fusion of cuteness and practicality, tailored for infants aged 0 to 6 months. Its design, inspired by a leopard cat with perky ears and delicate whisker details, exudes charm. The ergonomic central cut - out gently supports the baby\u2019s head, helping maintain a healthy head shape during&hellip;","jetpack_sharing_enabled":true,"_links":{"self":[{"href":"https:\/\/babypillowwholesale.com\/cs\/wp-json\/wp\/v2\/product\/3303","targetHints":{"allow":["GET"]}}],"collection":[{"href":"https:\/\/babypillowwholesale.com\/cs\/wp-json\/wp\/v2\/product"}],"about":[{"href":"https:\/\/babypillowwholesale.com\/cs\/wp-json\/wp\/v2\/types\/product"}],"replies":[{"embeddable":true,"href":"https:\/\/babypillowwholesale.com\/cs\/wp-json\/wp\/v2\/comments?post=3303"}],"wp:featuredmedia":[{"embeddable":true,"href":"https:\/\/babypillowwholesale.com\/cs\/wp-json\/wp\/v2\/media\/3304"}],"wp:attachment":[{"href":"https:\/\/babypillowwholesale.com\/cs\/wp-json\/wp\/v2\/media?parent=3303"}],"wp:term":[{"taxonomy":"product_brand","embeddable":true,"href":"https:\/\/babypillowwholesale.com\/cs\/wp-json\/wp\/v2\/product_brand?post=3303"},{"taxonomy":"product_cat","embeddable":true,"href":"https:\/\/babypillowwholesale.com\/cs\/wp-json\/wp\/v2\/product_cat?post=3303"},{"taxonomy":"product_tag","embeddable":true,"href":"https:\/\/babypillowwholesale.com\/cs\/wp-json\/wp\/v2\/product_tag?post=3303"}],"curies":[{"name":"wp","href":"https:\/\/api.w.org\/{rel}","templated":true}]}}