{"id":3300,"date":"2025-03-22T02:53:38","date_gmt":"2025-03-22T02:53:38","guid":{"rendered":"https:\/\/babypillowwholesale.com\/?post_type=product&#038;p=3300"},"modified":"2025-06-08T15:41:34","modified_gmt":"2025-06-08T15:41:34","slug":"penguin-shaping-pillow","status":"publish","type":"product","link":"https:\/\/babypillowwholesale.com\/cs\/product\/penguin-shaping-pillow\/","title":{"rendered":"Tvarovac\u00ed pol\u0161t\u00e1\u0159 Penguin"},"content":{"rendered":"<div class=\"auto-hide-last-sibling-br paragraph-qzbcQC paragraph-element br-paragraph-space\" data-immersive-translate-walked=\"8e61f2e7-6af2-46e5-9672-3b9e4f4033d9\" data-immersive-translate-paragraph=\"1\">\n<div class=\"auto-hide-last-sibling-br paragraph-qzbcQC paragraph-element br-paragraph-space\">Obejm\u011bte \u010dist\u00fd p\u016fvab na\u0161eho tvarovac\u00edho pol\u0161t\u00e1\u0159e Tu\u010d\u0148\u00e1k, kter\u00fd je s l\u00e1skou vytvo\u0159en pro nejmen\u0161\u00ed dobrodruhy ve v\u011bku od 0 do 6 m\u011bs\u00edc\u016f. Tento pol\u0161t\u00e1\u0159 p\u0159ipom\u00edn\u00e1 roztomil\u00e9ho tu\u010d\u0148\u00e1ka s baculat\u00fdm t\u011bl\u00ed\u010dkem, jemn\u00fdmi ploutvi\u010dkami a roztomil\u00fdm zob\u00e1\u010dkem a p\u0159edstavuje vizu\u00e1ln\u00ed lah\u016fdku, kter\u00e1 do sv\u011bta va\u0161eho d\u00edt\u011bte okam\u017eit\u011b vnese d\u00e1vku roztomilosti. Funk\u010dnost se v tomto pol\u0161t\u00e1\u0159i snoub\u00ed se stylem. Promy\u0161len\u011b tvarovan\u00fd st\u0159edov\u00fd v\u00fd\u0159ez nab\u00edz\u00ed jemnou, kol\u00e9bavou oporu pro k\u0159ehkou hlavi\u010dku va\u0161eho d\u00edt\u011bte a plynule ji vede k dokonal\u00e9mu tvaru na cest\u011b jeho drahocenn\u00fdmi prvn\u00edmi dny. D\u00edky rozm\u011br\u016fm 26,5*25*1,5 cm je neuv\u011b\u0159iteln\u011b p\u0159izp\u016fsobiv\u00fd. B\u011bhem klidn\u00fdch ve\u010der\u016f doma ji um\u00edst\u011bte do d\u011btsk\u00e9 post\u00fdlky a sledujte, jak vytv\u00e1\u0159\u00ed \u00fatuln\u00e9 \u00fato\u010di\u0161t\u011b s motivem tu\u010d\u0148\u00e1ka a ukol\u00e9b\u00e1v\u00e1 va\u0161e d\u011b\u0165\u00e1tko do klidn\u00e9ho sp\u00e1nku. Kdy\u017e se vyd\u00e1te na zimn\u00ed proch\u00e1zku nebo na n\u00e1v\u0161t\u011bvu zoologick\u00e9 zahrady, pol\u0161t\u00e1\u0159 se bez probl\u00e9m\u016f vejde do ko\u010d\u00e1rku a zajist\u00ed, \u017ee va\u0161e d\u00edt\u011b z\u016fstane v pohodl\u00ed, zat\u00edmco bude obklopeno rozko\u0161n\u00fdm designem tu\u010d\u0148\u00e1ka. Rodi\u010de jsou do tohoto pol\u0161t\u00e1\u0159e naprosto zamilovan\u00ed! Jedna maminka se rozpl\u00fdvala: \"Moje d\u00edt\u011b se nem\u016f\u017ee tohoto pol\u0161t\u00e1\u0159e s tu\u010d\u0148\u00e1kem naba\u017eit. Je tak m\u011bkk\u00fd a jeho design je prost\u011b rozko\u0161n\u00fd. Nav\u00edc jim velmi pom\u00e1h\u00e1 udr\u017eet hlavi\u010dku v dobr\u00e9 poloze.\" Tat\u00ednek dodal: \"Stal se na\u0161\u00edm pomocn\u00edkem na ka\u017ed\u00e9m v\u00fdlet\u011b. Barevn\u00e9 varianty jsou skv\u011bl\u00e9 a na\u0161e d\u00edt\u011b se v\u017edycky tv\u00e1\u0159\u00ed tak \u0161\u0165astn\u011b, kdy\u017e tu\u010d\u0148\u00e1ka vid\u00ed. V\u0159ele doporu\u010dujeme!\" Tvarovac\u00ed pol\u0161t\u00e1\u0159ek tu\u010d\u0148\u00e1k, kter\u00fd je k dispozici v okouzluj\u00edc\u00edch odst\u00ednech r\u016f\u017eov\u00e9 a modr\u00e9, je v\u00edc ne\u017e jen d\u011btsk\u00fd dopln\u011bk; je to milovan\u00fd spole\u010dn\u00edk, kter\u00fd slibuje pohodl\u00ed, oporu a spoustu radosti inspirovan\u00e9 tu\u010d\u0148\u00e1kem v prvn\u00edch m\u011bs\u00edc\u00edch \u017eivota va\u0161eho d\u00edt\u011bte.<\/div>\n<\/div>","protected":false},"excerpt":{"rendered":"<p>Tvarovac\u00ed pol\u0161t\u00e1\u0159ek Tu\u010d\u0148\u00e1k je neodolateln\u011b roztomil\u00fd a praktick\u00fd v\u00fdrobek ur\u010den\u00fd pro d\u011bti od 0 do 6 m\u011bs\u00edc\u016f. Jeho design vymodelovan\u00fd podle roztomil\u00e9ho tu\u010d\u0148\u00e1ka s buclat\u00fdm t\u011blem, ploutvemi a sladk\u00fdm zob\u00e1kem si jist\u011b z\u00edsk\u00e1 srdce na prvn\u00ed pohled. St\u0159edov\u00fd v\u00fd\u0159ez pol\u0161t\u00e1\u0159e je pe\u010dliv\u011b navr\u017een tak, aby poskytoval jemnou a ergonomickou oporu hlavi\u010dce d\u00edt\u011bte a pom\u00e1hal udr\u017eovat spr\u00e1vn\u00fd tvar hlavy b\u011bhem kl\u00ed\u010dov\u00e9 f\u00e1ze ran\u00e9ho v\u00fdvoje. Rozm\u011bry 26,5*<em>25*<\/em>1,5 cm, dob\u0159e se vejde do post\u00fdlky, ko\u010d\u00e1rku nebo nos\u00edtka a nab\u00edz\u00ed \u00fatuln\u00e9 a zn\u00e1m\u00e9 m\u00edsto k odpo\u010dinku pro va\u0161e d\u00edt\u011b, a\u0165 je kdekoli. Je k dispozici v r\u016f\u017eov\u00e9 a modr\u00e9 barv\u011b, tak\u017ee rodi\u010d\u016fm umo\u017e\u0148uje vybrat si barvu, kter\u00e1 vyhovuje jejich preferenc\u00edm nebo v\u00fdzdob\u011b d\u011btsk\u00e9ho pokoje, a spojuje v sob\u011b p\u016fvab i funk\u010dnost pro zlep\u0161en\u00ed p\u00e9\u010de o d\u00edt\u011b.<\/p>","protected":false},"featured_media":3301,"comment_status":"open","ping_status":"closed","template":"","meta":{"_uag_custom_page_level_css":"","site-sidebar-layout":"default","site-content-layout":"","ast-site-content-layout":"default","site-content-style":"default","site-sidebar-style":"default","ast-global-header-display":"","ast-banner-title-visibility":"","ast-main-header-display":"","ast-hfb-above-header-display":"","ast-hfb-below-header-display":"","ast-hfb-mobile-header-display":"","site-post-title":"","ast-breadcrumbs-content":"","ast-featured-img":"","footer-sml-layout":"","ast-disable-related-posts":"","theme-transparent-header-meta":"default","adv-header-id-meta":"","stick-header-meta":"","header-above-stick-meta":"","header-main-stick-meta":"","header-below-stick-meta":"","astra-migrate-meta-layouts":"set","ast-page-background-enabled":"default","ast-page-background-meta":{"desktop":{"background-color":"","background-image":"","background-repeat":"repeat","background-position":"center center","background-size":"auto","background-attachment":"scroll","background-type":"","background-media":"","overlay-type":"","overlay-color":"","overlay-opacity":"","overlay-gradient":""},"tablet":{"background-color":"","background-image":"","background-repeat":"repeat","background-position":"center center","background-size":"auto","background-attachment":"scroll","background-type":"","background-media":"","overlay-type":"","overlay-color":"","overlay-opacity":"","overlay-gradient":""},"mobile":{"background-color":"","background-image":"","background-repeat":"repeat","background-position":"center center","background-size":"auto","background-attachment":"scroll","background-type":"","background-media":"","overlay-type":"","overlay-color":"","overlay-opacity":"","overlay-gradient":""}},"ast-content-background-meta":{"desktop":{"background-color":"var(--ast-global-color-5)","background-image":"","background-repeat":"repeat","background-position":"center center","background-size":"auto","background-attachment":"scroll","background-type":"","background-media":"","overlay-type":"","overlay-color":"","overlay-opacity":"","overlay-gradient":""},"tablet":{"background-color":"var(--ast-global-color-5)","background-image":"","background-repeat":"repeat","background-position":"center center","background-size":"auto","background-attachment":"scroll","background-type":"","background-media":"","overlay-type":"","overlay-color":"","overlay-opacity":"","overlay-gradient":""},"mobile":{"background-color":"var(--ast-global-color-5)","background-image":"","background-repeat":"repeat","background-position":"center center","background-size":"auto","background-attachment":"scroll","background-type":"","background-media":"","overlay-type":"","overlay-color":"","overlay-opacity":"","overlay-gradient":""}}},"product_brand":[],"product_cat":[54,42],"product_tag":[70,68,71,69],"class_list":{"0":"post-3300","1":"product","2":"type-product","3":"status-publish","4":"has-post-thumbnail","6":"product_cat-0-to-6months","7":"product_cat-merchandise","8":"product_tag-babypillow","9":"product_tag-cuteanimalpillow","10":"product_tag-headshapesupport","11":"product_tag-kouniushapingpillow","12":"desktop-align-left","13":"tablet-align-left","14":"mobile-align-left","16":"first","17":"instock","18":"shipping-taxable","19":"product-type-simple"},"aioseo_notices":[],"uagb_featured_image_src":{"full":["https:\/\/babypillowwholesale.com\/wp-content\/uploads\/2025\/03\/1511.jpg",1000,1000,false],"thumbnail":["https:\/\/babypillowwholesale.com\/wp-content\/uploads\/2025\/03\/1511-150x150.jpg",150,150,true],"medium":["https:\/\/babypillowwholesale.com\/wp-content\/uploads\/2025\/03\/1511-300x300.jpg",300,300,true],"medium_large":["https:\/\/babypillowwholesale.com\/wp-content\/uploads\/2025\/03\/1511-768x768.jpg",768,768,true],"large":["https:\/\/babypillowwholesale.com\/wp-content\/uploads\/2025\/03\/1511.jpg",1000,1000,false],"1536x1536":["https:\/\/babypillowwholesale.com\/wp-content\/uploads\/2025\/03\/1511.jpg",1000,1000,false],"2048x2048":["https:\/\/babypillowwholesale.com\/wp-content\/uploads\/2025\/03\/1511.jpg",1000,1000,false],"trp-custom-language-flag":["https:\/\/babypillowwholesale.com\/wp-content\/uploads\/2025\/03\/1511.jpg",12,12,false],"woocommerce_thumbnail":["https:\/\/babypillowwholesale.com\/wp-content\/uploads\/2025\/03\/1511-300x300.jpg",300,300,true],"woocommerce_single":["https:\/\/babypillowwholesale.com\/wp-content\/uploads\/2025\/03\/1511-600x600.jpg",600,600,true],"woocommerce_gallery_thumbnail":["https:\/\/babypillowwholesale.com\/wp-content\/uploads\/2025\/03\/1511-100x100.jpg",100,100,true]},"uagb_author_info":{"display_name":"Etnen zhong","author_link":"https:\/\/babypillowwholesale.com\/cs\/author\/"},"uagb_comment_info":0,"uagb_excerpt":"The Penguin Shaping Pillow is an irresistibly cute and practical product tailored for infants aged 0 to 6 months. Its design, modeled after an adorable penguin with a chubby body, flippers, and a sweet beak, is sure to win hearts at first sight. The central cut - out of the pillow is carefully engineered to&hellip;","jetpack_sharing_enabled":true,"_links":{"self":[{"href":"https:\/\/babypillowwholesale.com\/cs\/wp-json\/wp\/v2\/product\/3300","targetHints":{"allow":["GET"]}}],"collection":[{"href":"https:\/\/babypillowwholesale.com\/cs\/wp-json\/wp\/v2\/product"}],"about":[{"href":"https:\/\/babypillowwholesale.com\/cs\/wp-json\/wp\/v2\/types\/product"}],"replies":[{"embeddable":true,"href":"https:\/\/babypillowwholesale.com\/cs\/wp-json\/wp\/v2\/comments?post=3300"}],"wp:featuredmedia":[{"embeddable":true,"href":"https:\/\/babypillowwholesale.com\/cs\/wp-json\/wp\/v2\/media\/3301"}],"wp:attachment":[{"href":"https:\/\/babypillowwholesale.com\/cs\/wp-json\/wp\/v2\/media?parent=3300"}],"wp:term":[{"taxonomy":"product_brand","embeddable":true,"href":"https:\/\/babypillowwholesale.com\/cs\/wp-json\/wp\/v2\/product_brand?post=3300"},{"taxonomy":"product_cat","embeddable":true,"href":"https:\/\/babypillowwholesale.com\/cs\/wp-json\/wp\/v2\/product_cat?post=3300"},{"taxonomy":"product_tag","embeddable":true,"href":"https:\/\/babypillowwholesale.com\/cs\/wp-json\/wp\/v2\/product_tag?post=3300"}],"curies":[{"name":"wp","href":"https:\/\/api.w.org\/{rel}","templated":true}]}}