{"id":3297,"date":"2025-03-22T02:36:47","date_gmt":"2025-03-22T02:36:47","guid":{"rendered":"https:\/\/babypillowwholesale.com\/?post_type=product&#038;p=3297"},"modified":"2025-06-08T16:05:37","modified_gmt":"2025-06-08T16:05:37","slug":"snotty-elephant-shaping-pillow","status":"publish","type":"product","link":"https:\/\/babypillowwholesale.com\/cs\/product\/snotty-elephant-shaping-pillow\/","title":{"rendered":"Tvarovac\u00ed pol\u0161t\u00e1\u0159 Snotty Elephant"},"content":{"rendered":"<div class=\"auto-hide-last-sibling-br paragraph-qzbcQC paragraph-element br-paragraph-space\" data-immersive-translate-walked=\"8e61f2e7-6af2-46e5-9672-3b9e4f4033d9\" data-immersive-translate-paragraph=\"1\">\n<div class=\"auto-hide-last-sibling-br paragraph-qzbcQC paragraph-element br-paragraph-space\">Pono\u0159te se do sv\u011bta pohodl\u00ed a roztomilosti s na\u0161\u00edm tvarovac\u00edm pol\u0161t\u00e1\u0159em Snotty Elephant, snov\u00fdm pol\u0161t\u00e1\u0159em navr\u017een\u00fdm speci\u00e1ln\u011b pro ty nejmen\u0161\u00ed poklady ve v\u011bku od 0 do 6 m\u011bs\u00edc\u016f. Jeho okouzluj\u00edc\u00ed design inspirovan\u00fd n\u011b\u017en\u00fdm slon\u00edkem Snotty m\u00e1 velk\u00e1, klapaj\u00edc\u00ed ou\u0161ka a sladk\u00fd, minimalistick\u00fd obli\u010dej, kter\u00fd okam\u017eit\u011b dod\u00e1 d\u011btsk\u00e9mu pokoji va\u0161eho miminka \u0161mrnc oce\u00e1nsk\u00e9ho kouzla. Tento pol\u0161t\u00e1\u0159 nen\u00ed jen o jeho rozko\u0161n\u00e9m vzhledu; je to v\u00fdkonn\u00e1 opora. P\u0159esn\u011b tvarovan\u00fd st\u0159edov\u00fd v\u00fd\u0159ez nab\u00edz\u00ed jemnou, uklid\u0148uj\u00edc\u00ed n\u00e1ru\u010d pro jemnou hlavi\u010dku va\u0161eho d\u00edt\u011bte a ladn\u011b ji vede k dokonal\u00e9mu tvaru, zat\u00edmco d\u00edt\u011b objevuje z\u00e1zraky sv\u00fdch prvn\u00edch dn\u016f. D\u00edky rozm\u011br\u016fm 26,5*25*1,5 cm je neuv\u011b\u0159iteln\u011b univerz\u00e1ln\u00ed. B\u011bhem klidn\u00fdch odpoledn\u00ed doma ji um\u00edst\u011bte do d\u011btsk\u00e9 post\u00fdlky a sledujte, jak prom\u011b\u0148uje \u010das sp\u00e1nku v klidn\u00e9 oce\u00e1nsk\u00e9 dobrodru\u017estv\u00ed. P\u0159i rodinn\u00e9m v\u00fdlet\u011b, a\u0165 u\u017e se jedn\u00e1 o cestu na pl\u00e1\u017e nebo n\u00e1v\u0161t\u011bvu akv\u00e1ria, se pol\u0161t\u00e1\u0159ek pohodln\u011b vejde do ko\u010d\u00e1rku a zajist\u00ed, \u017ee si va\u0161e d\u011b\u0165\u00e1tko u\u017eije pohodlnou cestu obklopen\u00e9 zn\u00e1m\u00fdm kouzlem slona Smrk\u00e1\u010dka. Rodi\u010de jsou z tohoto pol\u0161t\u00e1\u0159ku nad\u0161eni! \"Moje d\u00edt\u011b se r\u00e1do tul\u00ed k tomuto pol\u0161t\u00e1\u0159i se slonem Snotty. Je tak m\u011bkk\u00fd a jeho design je jedine\u010dn\u00fd. Tak\u00e9 jsem si v\u0161imla, \u017ee je skv\u011bl\u00fd pro udr\u017een\u00ed spr\u00e1vn\u00e9ho tvaru hlavy,\" uvedla jedna nad\u0161en\u00e1 maminka. Jeden tat\u00ednek sd\u00edlel: \"Stal se pro n\u00e1s nezbytnost\u00ed. Snadno se p\u0159en\u00e1\u0161\u00ed a barevn\u00e9 varianty jsou opravdu p\u011bkn\u00e9. Na\u0161e d\u00edt\u011b vypad\u00e1 v\u017edycky tak spokojen\u011b, kdy\u017e ji pou\u017e\u00edv\u00e1.\" Tvarovac\u00ed pol\u0161t\u00e1\u0159ek Ocean Elephant, kter\u00fd je k dispozici v okouzluj\u00edc\u00edch odst\u00ednech r\u016f\u017eov\u00e9 a modr\u00e9, je v\u00edce ne\u017e pouh\u00fdm dopl\u0148kem pro miminko; je to milovan\u00fd spole\u010dn\u00edk, kter\u00fd slibuje pohodl\u00ed, oporu a spoustu oce\u00e1nsk\u00e9ho kouzla pro vz\u00e1cn\u00e9 prvn\u00ed m\u011bs\u00edce \u017eivota va\u0161eho d\u00edt\u011bte.<\/div>\n<\/div>","protected":false},"excerpt":{"rendered":"<p>Tvarovac\u00ed pol\u0161t\u00e1\u0159 Snotty Elephant je atraktivn\u00ed a praktick\u00e1 volba pro d\u011bti od 0 do 6 m\u011bs\u00edc\u016f. Jeho design, vymodelovan\u00fd podle slona s motivem oce\u00e1nu, s velk\u00fdma u\u0161ima a jednoduch\u00fdm, roztomil\u00fdm obli\u010dejem, upout\u00e1 pozornost. St\u0159edov\u00fd v\u00fd\u0159ez pol\u0161t\u00e1\u0159e je pe\u010dliv\u011b vytvarov\u00e1n tak, aby poskytoval jemnou oporu hlavi\u010dce d\u00edt\u011bte a pom\u00e1hal udr\u017eovat spr\u00e1vn\u00fd tvar hlavy b\u011bhem ran\u00e9ho v\u00fdvoje. Rozm\u011bry: 26,5*<em>25*<\/em>1,5 cm, dob\u0159e se hod\u00ed do post\u00fdlky, ko\u010d\u00e1rku nebo kdy\u017e d\u00edt\u011b odpo\u010d\u00edv\u00e1 na hrac\u00ed podlo\u017ece. Je k dispozici v r\u016f\u017eov\u00e9 a modr\u00e9 barv\u011b, tak\u017ee d\u00e1v\u00e1 rodi\u010d\u016fm mo\u017enost vybrat si barvu, kter\u00e1 vyhovuje jejich vkusu nebo v\u00fdzdob\u011b d\u011btsk\u00e9ho pokoje, a spojuje v sob\u011b p\u016fvab i funk\u010dnost p\u0159i p\u00e9\u010di o d\u00edt\u011b.<\/p>","protected":false},"featured_media":3298,"comment_status":"open","ping_status":"closed","template":"","meta":{"_uag_custom_page_level_css":"","site-sidebar-layout":"default","site-content-layout":"","ast-site-content-layout":"default","site-content-style":"default","site-sidebar-style":"default","ast-global-header-display":"","ast-banner-title-visibility":"","ast-main-header-display":"","ast-hfb-above-header-display":"","ast-hfb-below-header-display":"","ast-hfb-mobile-header-display":"","site-post-title":"","ast-breadcrumbs-content":"","ast-featured-img":"","footer-sml-layout":"","ast-disable-related-posts":"","theme-transparent-header-meta":"default","adv-header-id-meta":"","stick-header-meta":"","header-above-stick-meta":"","header-main-stick-meta":"","header-below-stick-meta":"","astra-migrate-meta-layouts":"set","ast-page-background-enabled":"default","ast-page-background-meta":{"desktop":{"background-color":"","background-image":"","background-repeat":"repeat","background-position":"center center","background-size":"auto","background-attachment":"scroll","background-type":"","background-media":"","overlay-type":"","overlay-color":"","overlay-opacity":"","overlay-gradient":""},"tablet":{"background-color":"","background-image":"","background-repeat":"repeat","background-position":"center center","background-size":"auto","background-attachment":"scroll","background-type":"","background-media":"","overlay-type":"","overlay-color":"","overlay-opacity":"","overlay-gradient":""},"mobile":{"background-color":"","background-image":"","background-repeat":"repeat","background-position":"center center","background-size":"auto","background-attachment":"scroll","background-type":"","background-media":"","overlay-type":"","overlay-color":"","overlay-opacity":"","overlay-gradient":""}},"ast-content-background-meta":{"desktop":{"background-color":"var(--ast-global-color-5)","background-image":"","background-repeat":"repeat","background-position":"center center","background-size":"auto","background-attachment":"scroll","background-type":"","background-media":"","overlay-type":"","overlay-color":"","overlay-opacity":"","overlay-gradient":""},"tablet":{"background-color":"var(--ast-global-color-5)","background-image":"","background-repeat":"repeat","background-position":"center center","background-size":"auto","background-attachment":"scroll","background-type":"","background-media":"","overlay-type":"","overlay-color":"","overlay-opacity":"","overlay-gradient":""},"mobile":{"background-color":"var(--ast-global-color-5)","background-image":"","background-repeat":"repeat","background-position":"center center","background-size":"auto","background-attachment":"scroll","background-type":"","background-media":"","overlay-type":"","overlay-color":"","overlay-opacity":"","overlay-gradient":""}}},"product_brand":[],"product_cat":[54,42],"product_tag":[70,68,71,69],"class_list":{"0":"post-3297","1":"product","2":"type-product","3":"status-publish","4":"has-post-thumbnail","6":"product_cat-0-to-6months","7":"product_cat-merchandise","8":"product_tag-babypillow","9":"product_tag-cuteanimalpillow","10":"product_tag-headshapesupport","11":"product_tag-kouniushapingpillow","12":"desktop-align-left","13":"tablet-align-left","14":"mobile-align-left","16":"first","17":"instock","18":"shipping-taxable","19":"product-type-simple"},"aioseo_notices":[],"uagb_featured_image_src":{"full":["https:\/\/babypillowwholesale.com\/wp-content\/uploads\/2025\/03\/1510.jpg",1000,1000,false],"thumbnail":["https:\/\/babypillowwholesale.com\/wp-content\/uploads\/2025\/03\/1510-150x150.jpg",150,150,true],"medium":["https:\/\/babypillowwholesale.com\/wp-content\/uploads\/2025\/03\/1510-300x300.jpg",300,300,true],"medium_large":["https:\/\/babypillowwholesale.com\/wp-content\/uploads\/2025\/03\/1510-768x768.jpg",768,768,true],"large":["https:\/\/babypillowwholesale.com\/wp-content\/uploads\/2025\/03\/1510.jpg",1000,1000,false],"1536x1536":["https:\/\/babypillowwholesale.com\/wp-content\/uploads\/2025\/03\/1510.jpg",1000,1000,false],"2048x2048":["https:\/\/babypillowwholesale.com\/wp-content\/uploads\/2025\/03\/1510.jpg",1000,1000,false],"trp-custom-language-flag":["https:\/\/babypillowwholesale.com\/wp-content\/uploads\/2025\/03\/1510.jpg",12,12,false],"woocommerce_thumbnail":["https:\/\/babypillowwholesale.com\/wp-content\/uploads\/2025\/03\/1510-300x300.jpg",300,300,true],"woocommerce_single":["https:\/\/babypillowwholesale.com\/wp-content\/uploads\/2025\/03\/1510-600x600.jpg",600,600,true],"woocommerce_gallery_thumbnail":["https:\/\/babypillowwholesale.com\/wp-content\/uploads\/2025\/03\/1510-100x100.jpg",100,100,true]},"uagb_author_info":{"display_name":"Etnen zhong","author_link":"https:\/\/babypillowwholesale.com\/cs\/author\/"},"uagb_comment_info":1,"uagb_excerpt":"The Snotty Elephant Shaping Pillow is an appealing and practical choice for infants aged 0 to 6 months. Its design, modeled after an ocean - themed elephant with large ears and a simple, cute face, is eye - catching. The central cut - out of the pillow is carefully shaped to provide gentle support for&hellip;","jetpack_sharing_enabled":true,"_links":{"self":[{"href":"https:\/\/babypillowwholesale.com\/cs\/wp-json\/wp\/v2\/product\/3297","targetHints":{"allow":["GET"]}}],"collection":[{"href":"https:\/\/babypillowwholesale.com\/cs\/wp-json\/wp\/v2\/product"}],"about":[{"href":"https:\/\/babypillowwholesale.com\/cs\/wp-json\/wp\/v2\/types\/product"}],"replies":[{"embeddable":true,"href":"https:\/\/babypillowwholesale.com\/cs\/wp-json\/wp\/v2\/comments?post=3297"}],"wp:featuredmedia":[{"embeddable":true,"href":"https:\/\/babypillowwholesale.com\/cs\/wp-json\/wp\/v2\/media\/3298"}],"wp:attachment":[{"href":"https:\/\/babypillowwholesale.com\/cs\/wp-json\/wp\/v2\/media?parent=3297"}],"wp:term":[{"taxonomy":"product_brand","embeddable":true,"href":"https:\/\/babypillowwholesale.com\/cs\/wp-json\/wp\/v2\/product_brand?post=3297"},{"taxonomy":"product_cat","embeddable":true,"href":"https:\/\/babypillowwholesale.com\/cs\/wp-json\/wp\/v2\/product_cat?post=3297"},{"taxonomy":"product_tag","embeddable":true,"href":"https:\/\/babypillowwholesale.com\/cs\/wp-json\/wp\/v2\/product_tag?post=3297"}],"curies":[{"name":"wp","href":"https:\/\/api.w.org\/{rel}","templated":true}]}}