{"id":3291,"date":"2025-03-22T01:54:48","date_gmt":"2025-03-22T01:54:48","guid":{"rendered":"https:\/\/babypillowwholesale.com\/?post_type=product&#038;p=3291"},"modified":"2025-06-08T16:08:25","modified_gmt":"2025-06-08T16:08:25","slug":"kitten-shaping-pillow","status":"publish","type":"product","link":"https:\/\/babypillowwholesale.com\/cs\/product\/kitten-shaping-pillow\/","title":{"rendered":"Tvarovac\u00ed pol\u0161t\u00e1\u0159 pro ko\u0165ata"},"content":{"rendered":"<div class=\"auto-hide-last-sibling-br paragraph-qzbcQC paragraph-element br-paragraph-space\" data-immersive-translate-walked=\"8e61f2e7-6af2-46e5-9672-3b9e4f4033d9\" data-immersive-translate-paragraph=\"1\">\n<div class=\"auto-hide-last-sibling-br paragraph-qzbcQC paragraph-element br-paragraph-space\">P\u0159iv\u00edtejte naprosto okouzluj\u00edc\u00ed tvarovac\u00ed pol\u0161t\u00e1\u0159 pro ko\u0165ata, kter\u00fd je jako stvo\u0159en\u00fd pro ty nejmen\u0161\u00ed uzl\u00ed\u010dky radosti ve v\u011bku od 0 do 6 m\u011bs\u00edc\u016f. Jeho design inspirovan\u00fd rozko\u0161n\u00fdm ko\u0165\u00e1tkem s odst\u00e1vaj\u00edc\u00edma u\u0161ima a sladk\u00fdm, roztomil\u00fdm v\u00fdrazem je vizu\u00e1ln\u00edm pot\u011b\u0161en\u00edm, kter\u00e9 dod\u00e1 sv\u011btu va\u0161eho d\u00edt\u011bte ko\u010di\u010d\u00ed kouzlo. Tento pol\u0161t\u00e1\u0159 nen\u00ed jen pastvou pro o\u010di; je to mistrovsk\u00e9 d\u00edlo funk\u010dnosti. Strategicky um\u00edst\u011bn\u00fd st\u0159edov\u00fd v\u00fd\u0159ez nab\u00edz\u00ed jemn\u00e9, ergonomick\u00e9 objet\u00ed jemn\u00e9 hlavi\u010dky va\u0161eho d\u00edt\u011bte a ladn\u011b ji vede k dokonal\u00e9mu tvaru, zat\u00edmco d\u00edt\u011b pro\u017e\u00edv\u00e1 kouzlo sv\u00fdch prvn\u00edch dn\u016f. S rozm\u011bry 26,5*25*1,5 cm je v\u0161estrann\u00fdm spole\u010dn\u00edkem pro r\u016fzn\u00e1 prost\u0159ed\u00ed. B\u011bhem l\u00edn\u00fdch r\u00e1n doma ji um\u00edst\u011bte do d\u011btsk\u00e9 post\u00fdlky a sledujte, jak prom\u011b\u0148uje prostor v \u00fatuln\u00e9 \u00fato\u010di\u0161t\u011b s ko\u010di\u010d\u00ed t\u00e9matikou a ukol\u00e9b\u00e1v\u00e1 va\u0161e d\u011b\u0165\u00e1tko do klidn\u00e9ho sp\u00e1nku. Kdy\u017e se vyd\u00e1te za rodinn\u00fdm dobrodru\u017estv\u00edm, a\u0165 u\u017e je to v\u00fdlet do akv\u00e1ria nebo n\u00e1v\u0161t\u011bva prarodi\u010d\u016f, pol\u0161t\u00e1\u0159ek se pohodln\u011b vejde do ko\u010d\u00e1rku a zajist\u00ed va\u0161emu d\u00edt\u011bti pohodl\u00ed po celou dobu cesty. Rodi\u010de jsou z tohoto pol\u0161t\u00e1\u0159e nad\u0161en\u00ed! Jedna maminka se pod\u011blila o sv\u00e9 dojmy: \"Moje d\u00edt\u011b se rozz\u00e1\u0159\u00ed, kdykoli uvid\u00ed tento pol\u0161t\u00e1\u0159ek s ko\u010di\u010dkou. Je super m\u011bkk\u00fd a jeho design je prost\u011b moc roztomil\u00fd. Nav\u00edc jim skv\u011ble udr\u017euje hlavi\u010dku v dobr\u00e9 poloze.\" Jeden tat\u00ednek dodal: \"L\u00edb\u00ed se mi, jak snadno se p\u0159en\u00e1\u0161\u00ed. R\u016fzn\u00e9 barevn\u00e9 varianty jsou velk\u00fdm plusem. Stala se nepostradatelnou sou\u010d\u00e1st\u00ed ka\u017edodenn\u00ed rutiny na\u0161eho d\u00edt\u011bte.\" Pol\u0161t\u00e1\u0159 Kitten Shaping Pillow, kter\u00fd je k dispozici v okouzluj\u00edc\u00edch odst\u00ednech r\u016f\u017eov\u00e9, modr\u00e9 a tmav\u011b zelen\u00e9, je v\u00edc ne\u017e pouh\u00fd dopln\u011bk pro miminko; je to milovan\u00fd spole\u010dn\u00edk, kter\u00fd slibuje pohodl\u00ed, oporu a spoustu roztomilosti v prvn\u00edch m\u011bs\u00edc\u00edch \u017eivota va\u0161eho d\u00edt\u011bte.<\/div>\n<\/div>","protected":false},"excerpt":{"rendered":"<p>Tvarovac\u00ed pol\u0161t\u00e1\u0159ek Kitten je okouzluj\u00edc\u00ed a funk\u010dn\u00ed v\u00fdrobek ur\u010den\u00fd pro d\u011bti od 0 do 6 m\u011bs\u00edc\u016f. Jeho design inspirovan\u00fd roztomil\u00fdm ko\u0165\u00e1tkem se vzty\u010den\u00fdmi ou\u0161ky a sladk\u00fdm v\u00fdrazem tv\u00e1\u0159e je vizu\u00e1ln\u011b p\u0159ita\u017eliv\u00fd a jist\u011b si z\u00edsk\u00e1 srdce rodi\u010d\u016f i d\u011bt\u00ed. St\u0159edov\u00fd v\u00fd\u0159ez pol\u0161t\u00e1\u0159e poskytuje jemnou a ergonomickou oporu pro hlavi\u010dku d\u00edt\u011bte a pom\u00e1h\u00e1 udr\u017eovat spr\u00e1vn\u00fd tvar hlavy b\u011bhem kl\u00ed\u010dov\u00e9 f\u00e1ze ran\u00e9ho v\u00fdvoje. Rozm\u011bry 26,5*<em>25*<\/em>1,5 cm, pohodln\u011b se vejde do post\u00fdlky, ko\u010d\u00e1rku nebo autoseda\u010dky a nab\u00edz\u00ed \u00fatuln\u00e9 m\u00edsto k odpo\u010dinku pro va\u0161e d\u011b\u0165\u00e1tko, a\u0165 je kdekoli. Je k dispozici v r\u016f\u017eov\u00e9, modr\u00e9 a tmav\u011b zelen\u00e9 barv\u011b, tak\u017ee d\u00e1v\u00e1 rodi\u010d\u016fm mo\u017enost vybrat si barvu, kter\u00e1 odpov\u00edd\u00e1 jejich preferenc\u00edm nebo v\u00fdzdob\u011b d\u011btsk\u00e9ho pokoje, a kombinuje roztomilost a prakti\u010dnost, \u010d\u00edm\u017e zlep\u0161uje p\u00e9\u010di o d\u00edt\u011b.<\/p>","protected":false},"featured_media":3292,"comment_status":"open","ping_status":"closed","template":"","meta":{"_uag_custom_page_level_css":"","site-sidebar-layout":"default","site-content-layout":"","ast-site-content-layout":"default","site-content-style":"default","site-sidebar-style":"default","ast-global-header-display":"","ast-banner-title-visibility":"","ast-main-header-display":"","ast-hfb-above-header-display":"","ast-hfb-below-header-display":"","ast-hfb-mobile-header-display":"","site-post-title":"","ast-breadcrumbs-content":"","ast-featured-img":"","footer-sml-layout":"","ast-disable-related-posts":"","theme-transparent-header-meta":"default","adv-header-id-meta":"","stick-header-meta":"","header-above-stick-meta":"","header-main-stick-meta":"","header-below-stick-meta":"","astra-migrate-meta-layouts":"set","ast-page-background-enabled":"default","ast-page-background-meta":{"desktop":{"background-color":"","background-image":"","background-repeat":"repeat","background-position":"center center","background-size":"auto","background-attachment":"scroll","background-type":"","background-media":"","overlay-type":"","overlay-color":"","overlay-opacity":"","overlay-gradient":""},"tablet":{"background-color":"","background-image":"","background-repeat":"repeat","background-position":"center center","background-size":"auto","background-attachment":"scroll","background-type":"","background-media":"","overlay-type":"","overlay-color":"","overlay-opacity":"","overlay-gradient":""},"mobile":{"background-color":"","background-image":"","background-repeat":"repeat","background-position":"center center","background-size":"auto","background-attachment":"scroll","background-type":"","background-media":"","overlay-type":"","overlay-color":"","overlay-opacity":"","overlay-gradient":""}},"ast-content-background-meta":{"desktop":{"background-color":"var(--ast-global-color-5)","background-image":"","background-repeat":"repeat","background-position":"center center","background-size":"auto","background-attachment":"scroll","background-type":"","background-media":"","overlay-type":"","overlay-color":"","overlay-opacity":"","overlay-gradient":""},"tablet":{"background-color":"var(--ast-global-color-5)","background-image":"","background-repeat":"repeat","background-position":"center center","background-size":"auto","background-attachment":"scroll","background-type":"","background-media":"","overlay-type":"","overlay-color":"","overlay-opacity":"","overlay-gradient":""},"mobile":{"background-color":"var(--ast-global-color-5)","background-image":"","background-repeat":"repeat","background-position":"center center","background-size":"auto","background-attachment":"scroll","background-type":"","background-media":"","overlay-type":"","overlay-color":"","overlay-opacity":"","overlay-gradient":""}}},"product_brand":[],"product_cat":[54,42],"product_tag":[70,68,71,69],"class_list":{"0":"post-3291","1":"product","2":"type-product","3":"status-publish","4":"has-post-thumbnail","6":"product_cat-0-to-6months","7":"product_cat-merchandise","8":"product_tag-babypillow","9":"product_tag-cuteanimalpillow","10":"product_tag-headshapesupport","11":"product_tag-kouniushapingpillow","12":"desktop-align-left","13":"tablet-align-left","14":"mobile-align-left","16":"first","17":"instock","18":"shipping-taxable","19":"product-type-simple"},"aioseo_notices":[],"uagb_featured_image_src":{"full":["https:\/\/babypillowwholesale.com\/wp-content\/uploads\/2025\/03\/1509.jpg",1000,1000,false],"thumbnail":["https:\/\/babypillowwholesale.com\/wp-content\/uploads\/2025\/03\/1509-150x150.jpg",150,150,true],"medium":["https:\/\/babypillowwholesale.com\/wp-content\/uploads\/2025\/03\/1509-300x300.jpg",300,300,true],"medium_large":["https:\/\/babypillowwholesale.com\/wp-content\/uploads\/2025\/03\/1509-768x768.jpg",768,768,true],"large":["https:\/\/babypillowwholesale.com\/wp-content\/uploads\/2025\/03\/1509.jpg",1000,1000,false],"1536x1536":["https:\/\/babypillowwholesale.com\/wp-content\/uploads\/2025\/03\/1509.jpg",1000,1000,false],"2048x2048":["https:\/\/babypillowwholesale.com\/wp-content\/uploads\/2025\/03\/1509.jpg",1000,1000,false],"trp-custom-language-flag":["https:\/\/babypillowwholesale.com\/wp-content\/uploads\/2025\/03\/1509.jpg",12,12,false],"woocommerce_thumbnail":["https:\/\/babypillowwholesale.com\/wp-content\/uploads\/2025\/03\/1509-300x300.jpg",300,300,true],"woocommerce_single":["https:\/\/babypillowwholesale.com\/wp-content\/uploads\/2025\/03\/1509-600x600.jpg",600,600,true],"woocommerce_gallery_thumbnail":["https:\/\/babypillowwholesale.com\/wp-content\/uploads\/2025\/03\/1509-100x100.jpg",100,100,true]},"uagb_author_info":{"display_name":"Etnen zhong","author_link":"https:\/\/babypillowwholesale.com\/cs\/author\/"},"uagb_comment_info":0,"uagb_excerpt":"The Kitten Shaping Pillow is a charming and functional product designed for infants aged 0 to 6 months. Its cute kitten - inspired design, with perky ears and a sweet - faced expression, is visually appealing and sure to capture the hearts of both parents and babies. The central cut - out of the pillow&hellip;","jetpack_sharing_enabled":true,"_links":{"self":[{"href":"https:\/\/babypillowwholesale.com\/cs\/wp-json\/wp\/v2\/product\/3291","targetHints":{"allow":["GET"]}}],"collection":[{"href":"https:\/\/babypillowwholesale.com\/cs\/wp-json\/wp\/v2\/product"}],"about":[{"href":"https:\/\/babypillowwholesale.com\/cs\/wp-json\/wp\/v2\/types\/product"}],"replies":[{"embeddable":true,"href":"https:\/\/babypillowwholesale.com\/cs\/wp-json\/wp\/v2\/comments?post=3291"}],"wp:featuredmedia":[{"embeddable":true,"href":"https:\/\/babypillowwholesale.com\/cs\/wp-json\/wp\/v2\/media\/3292"}],"wp:attachment":[{"href":"https:\/\/babypillowwholesale.com\/cs\/wp-json\/wp\/v2\/media?parent=3291"}],"wp:term":[{"taxonomy":"product_brand","embeddable":true,"href":"https:\/\/babypillowwholesale.com\/cs\/wp-json\/wp\/v2\/product_brand?post=3291"},{"taxonomy":"product_cat","embeddable":true,"href":"https:\/\/babypillowwholesale.com\/cs\/wp-json\/wp\/v2\/product_cat?post=3291"},{"taxonomy":"product_tag","embeddable":true,"href":"https:\/\/babypillowwholesale.com\/cs\/wp-json\/wp\/v2\/product_tag?post=3291"}],"curies":[{"name":"wp","href":"https:\/\/api.w.org\/{rel}","templated":true}]}}