{"id":3289,"date":"2025-03-20T08:23:07","date_gmt":"2025-03-20T08:23:07","guid":{"rendered":"https:\/\/babypillowwholesale.com\/?post_type=product&#038;p=3289"},"modified":"2025-06-08T16:10:06","modified_gmt":"2025-06-08T16:10:06","slug":"crown-shaping-pillow","status":"publish","type":"product","link":"https:\/\/babypillowwholesale.com\/cs\/product\/crown-shaping-pillow\/","title":{"rendered":"Pol\u0161t\u00e1\u0159 pro tvarov\u00e1n\u00ed koruny"},"content":{"rendered":"<div class=\"auto-hide-last-sibling-br paragraph-qzbcQC paragraph-element br-paragraph-space\" data-immersive-translate-walked=\"8e61f2e7-6af2-46e5-9672-3b9e4f4033d9\" data-immersive-translate-paragraph=\"1\">\n<div class=\"auto-hide-last-sibling-br paragraph-qzbcQC paragraph-element br-paragraph-space\">P\u0159edstavujeme pol\u0161t\u00e1\u0159ek na tvarov\u00e1n\u00ed korunky, dokonalou kombinaci elegance a funk\u010dnosti, pe\u010dliv\u011b vytvo\u0159enou pro nejmen\u0161\u00ed kr\u00e1lovsk\u00e9 d\u011bti ve v\u011bku od 0 do 6 m\u011bs\u00edc\u016f. Jeho v\u00fdrazn\u00fd design, zdoben\u00fd jemnou korunkou na vrcholu, mu prop\u016fj\u010duje n\u00e1dech kr\u00e1lovsk\u00e9ho kouzla, tak\u017ee nen\u00ed jen pol\u0161t\u00e1\u0159em, ale v\u00fdrazn\u00fdm kouskem v ka\u017ed\u00e9m d\u011btsk\u00e9m pokoji. Tento pol\u0161t\u00e1\u0159 je \u00fato\u010di\u0161t\u011bm pohodl\u00ed a opory. P\u0159esn\u011b tvarovan\u00fd st\u0159edov\u00fd v\u00fd\u0159ez n\u011b\u017en\u011b kol\u00e9b\u00e1 jemnou hlavi\u010dku va\u0161eho d\u00edt\u011bte a ladn\u011b ji vede k dokonal\u00e9mu tvaru, zat\u00edmco d\u00edt\u011b proplouv\u00e1 sv\u00fdmi drahocenn\u00fdmi prvn\u00edmi dny. S rozm\u011bry 26,5*25*1,5 cm se ide\u00e1ln\u011b hod\u00ed do r\u016fzn\u00fdch prost\u0159ed\u00ed. A\u0165 u\u017e se uhn\u00edzd\u00ed v luxusn\u00ed m\u011bkkosti post\u00fdlky va\u0161eho d\u00edt\u011bte, vytvo\u0159\u00ed \u00fatuln\u00fd tr\u016fn pro jeho klidn\u00fd sp\u00e1nek, nebo ho doprov\u00e1z\u00ed v ko\u010d\u00e1rku b\u011bhem slune\u010dn\u00e9 proch\u00e1zky po okol\u00ed, tento pol\u0161t\u00e1\u0159ek zajist\u00ed neochv\u011bjn\u00e9 pohodl\u00ed. Dob\u0159e padne i do d\u011btsk\u00fdch nos\u00edtek, tak\u017ee v\u00fdlety budou hra\u010dkou a va\u0161e d\u011b\u0165\u00e1tko bude m\u00edt pohodlnou oporu. Rodi\u010de jsou t\u00edmto pol\u0161t\u00e1\u0159em okouzleni! Jedna nad\u0161en\u00e1 maminka sd\u00edlela: \"Moje d\u00edt\u011b vypad\u00e1 jako mal\u00fd princ\/princezna, kdy\u017e odpo\u010d\u00edv\u00e1 na tomto pol\u0161t\u00e1\u0159i s korunkou. Je neuv\u011b\u0159iteln\u011b m\u011bkk\u00fd a zaznamenala jsem velk\u00e9 zlep\u0161en\u00ed tvaru jejich hlavi\u010dky. Modr\u00e1 barva, kterou jsme vybrali, je v d\u011btsk\u00e9m pokoji prost\u011b \u00fa\u017easn\u00e1.\" Jeden tat\u00ednek dodal: \"Je tak pohodln\u00fd, \u017ee ho m\u016f\u017eeme br\u00e1t v\u0161ude s sebou. Design je jedine\u010dn\u00fd a zd\u00e1 se, \u017ee se m\u00e9mu d\u00edt\u011bti l\u00edb\u00ed. Je to skv\u011bl\u00fd dopln\u011bk k na\u0161im pot\u0159eb\u00e1m pro miminko.\" Tvarovac\u00ed pol\u0161t\u00e1\u0159ek Crown, kter\u00fd je k dispozici v okouzluj\u00edc\u00edch odst\u00ednech r\u016f\u017eov\u00e9 a modr\u00e9, je v\u00edce ne\u017e pouh\u00fdm dopl\u0148kem pro miminko; je to cen\u011bn\u00fd spole\u010dn\u00edk, kter\u00fd slibuje pohodl\u00ed, oporu a kapku kr\u00e1lovsk\u00e9ho p\u016fvabu pro vz\u00e1cn\u00e9 prvn\u00ed m\u011bs\u00edce \u017eivota va\u0161eho miminka.<\/div>\n<\/div>","protected":false},"excerpt":{"rendered":"<p>Pol\u0161t\u00e1\u0159ek na tvarov\u00e1n\u00ed korunky je okouzluj\u00edc\u00ed a praktick\u00fd v\u00fdrobek ur\u010den\u00fd pro d\u011bti od 0 do 6 m\u011bs\u00edc\u016f. Jeho jedine\u010dn\u00fd design s roztomilou korunkou na vrcholu mu dod\u00e1v\u00e1 kr\u00e1lovsk\u00fd a rozko\u0161n\u00fd vzhled. St\u0159edov\u00fd v\u00fd\u0159ez pol\u0161t\u00e1\u0159e je pe\u010dliv\u011b vytvo\u0159en tak, aby poskytoval jemnou oporu hlavi\u010dce d\u00edt\u011bte a pom\u00e1hal udr\u017eovat spr\u00e1vn\u00fd tvar hlavy b\u011bhem kl\u00ed\u010dov\u00e9 f\u00e1ze ran\u00e9ho v\u00fdvoje. Rozm\u011bry: 26,5<em>25<\/em>1,5 cm, pohodln\u011b se vejde do post\u00fdlky, ko\u010d\u00e1rku nebo kdy\u017e d\u00edt\u011b odpo\u010d\u00edv\u00e1 na dece. Je k dispozici v r\u016f\u017eov\u00e9 a modr\u00e9 barv\u011b, tak\u017ee rodi\u010d\u016fm umo\u017e\u0148uje vybrat si barvu, kter\u00e1 odpov\u00edd\u00e1 jejich vkusu nebo v\u00fdzdob\u011b d\u011btsk\u00e9ho pokoje, a kombinuje styl i funk\u010dnost pro optim\u00e1ln\u00ed p\u00e9\u010di o d\u00edt\u011b.<\/p>","protected":false},"featured_media":3290,"comment_status":"open","ping_status":"closed","template":"","meta":{"_uag_custom_page_level_css":"","site-sidebar-layout":"default","site-content-layout":"","ast-site-content-layout":"default","site-content-style":"default","site-sidebar-style":"default","ast-global-header-display":"","ast-banner-title-visibility":"","ast-main-header-display":"","ast-hfb-above-header-display":"","ast-hfb-below-header-display":"","ast-hfb-mobile-header-display":"","site-post-title":"","ast-breadcrumbs-content":"","ast-featured-img":"","footer-sml-layout":"","ast-disable-related-posts":"","theme-transparent-header-meta":"default","adv-header-id-meta":"","stick-header-meta":"","header-above-stick-meta":"","header-main-stick-meta":"","header-below-stick-meta":"","astra-migrate-meta-layouts":"set","ast-page-background-enabled":"default","ast-page-background-meta":{"desktop":{"background-color":"","background-image":"","background-repeat":"repeat","background-position":"center center","background-size":"auto","background-attachment":"scroll","background-type":"","background-media":"","overlay-type":"","overlay-color":"","overlay-opacity":"","overlay-gradient":""},"tablet":{"background-color":"","background-image":"","background-repeat":"repeat","background-position":"center center","background-size":"auto","background-attachment":"scroll","background-type":"","background-media":"","overlay-type":"","overlay-color":"","overlay-opacity":"","overlay-gradient":""},"mobile":{"background-color":"","background-image":"","background-repeat":"repeat","background-position":"center center","background-size":"auto","background-attachment":"scroll","background-type":"","background-media":"","overlay-type":"","overlay-color":"","overlay-opacity":"","overlay-gradient":""}},"ast-content-background-meta":{"desktop":{"background-color":"var(--ast-global-color-5)","background-image":"","background-repeat":"repeat","background-position":"center center","background-size":"auto","background-attachment":"scroll","background-type":"","background-media":"","overlay-type":"","overlay-color":"","overlay-opacity":"","overlay-gradient":""},"tablet":{"background-color":"var(--ast-global-color-5)","background-image":"","background-repeat":"repeat","background-position":"center center","background-size":"auto","background-attachment":"scroll","background-type":"","background-media":"","overlay-type":"","overlay-color":"","overlay-opacity":"","overlay-gradient":""},"mobile":{"background-color":"var(--ast-global-color-5)","background-image":"","background-repeat":"repeat","background-position":"center center","background-size":"auto","background-attachment":"scroll","background-type":"","background-media":"","overlay-type":"","overlay-color":"","overlay-opacity":"","overlay-gradient":""}}},"product_brand":[],"product_cat":[54,42],"product_tag":[70,68,71,69],"class_list":{"0":"post-3289","1":"product","2":"type-product","3":"status-publish","4":"has-post-thumbnail","6":"product_cat-0-to-6months","7":"product_cat-merchandise","8":"product_tag-babypillow","9":"product_tag-cuteanimalpillow","10":"product_tag-headshapesupport","11":"product_tag-kouniushapingpillow","12":"desktop-align-left","13":"tablet-align-left","14":"mobile-align-left","16":"first","17":"instock","18":"shipping-taxable","19":"product-type-simple"},"aioseo_notices":[],"uagb_featured_image_src":{"full":["https:\/\/babypillowwholesale.com\/wp-content\/uploads\/2025\/03\/1508.jpg",1000,1000,false],"thumbnail":["https:\/\/babypillowwholesale.com\/wp-content\/uploads\/2025\/03\/1508-150x150.jpg",150,150,true],"medium":["https:\/\/babypillowwholesale.com\/wp-content\/uploads\/2025\/03\/1508-300x300.jpg",300,300,true],"medium_large":["https:\/\/babypillowwholesale.com\/wp-content\/uploads\/2025\/03\/1508-768x768.jpg",768,768,true],"large":["https:\/\/babypillowwholesale.com\/wp-content\/uploads\/2025\/03\/1508.jpg",1000,1000,false],"1536x1536":["https:\/\/babypillowwholesale.com\/wp-content\/uploads\/2025\/03\/1508.jpg",1000,1000,false],"2048x2048":["https:\/\/babypillowwholesale.com\/wp-content\/uploads\/2025\/03\/1508.jpg",1000,1000,false],"trp-custom-language-flag":["https:\/\/babypillowwholesale.com\/wp-content\/uploads\/2025\/03\/1508.jpg",12,12,false],"woocommerce_thumbnail":["https:\/\/babypillowwholesale.com\/wp-content\/uploads\/2025\/03\/1508-300x300.jpg",300,300,true],"woocommerce_single":["https:\/\/babypillowwholesale.com\/wp-content\/uploads\/2025\/03\/1508-600x600.jpg",600,600,true],"woocommerce_gallery_thumbnail":["https:\/\/babypillowwholesale.com\/wp-content\/uploads\/2025\/03\/1508-100x100.jpg",100,100,true]},"uagb_author_info":{"display_name":"yangli","author_link":"https:\/\/babypillowwholesale.com\/cs\/author\/"},"uagb_comment_info":0,"uagb_excerpt":"The Crown Shaping Pillow is a charming and practical product designed for infants aged 0 to 6 months. Its unique design, featuring a cute crown on top, gives it a regal and adorable look. The central cut - out of the pillow is carefully crafted to provide gentle support for a baby's head, helping to&hellip;","jetpack_sharing_enabled":true,"_links":{"self":[{"href":"https:\/\/babypillowwholesale.com\/cs\/wp-json\/wp\/v2\/product\/3289","targetHints":{"allow":["GET"]}}],"collection":[{"href":"https:\/\/babypillowwholesale.com\/cs\/wp-json\/wp\/v2\/product"}],"about":[{"href":"https:\/\/babypillowwholesale.com\/cs\/wp-json\/wp\/v2\/types\/product"}],"replies":[{"embeddable":true,"href":"https:\/\/babypillowwholesale.com\/cs\/wp-json\/wp\/v2\/comments?post=3289"}],"wp:featuredmedia":[{"embeddable":true,"href":"https:\/\/babypillowwholesale.com\/cs\/wp-json\/wp\/v2\/media\/3290"}],"wp:attachment":[{"href":"https:\/\/babypillowwholesale.com\/cs\/wp-json\/wp\/v2\/media?parent=3289"}],"wp:term":[{"taxonomy":"product_brand","embeddable":true,"href":"https:\/\/babypillowwholesale.com\/cs\/wp-json\/wp\/v2\/product_brand?post=3289"},{"taxonomy":"product_cat","embeddable":true,"href":"https:\/\/babypillowwholesale.com\/cs\/wp-json\/wp\/v2\/product_cat?post=3289"},{"taxonomy":"product_tag","embeddable":true,"href":"https:\/\/babypillowwholesale.com\/cs\/wp-json\/wp\/v2\/product_tag?post=3289"}],"curies":[{"name":"wp","href":"https:\/\/api.w.org\/{rel}","templated":true}]}}