{"id":3269,"date":"2025-03-17T15:47:20","date_gmt":"2025-03-17T15:47:20","guid":{"rendered":"https:\/\/babypillowwholesale.com\/?post_type=product&#038;p=3269"},"modified":"2025-06-08T16:14:39","modified_gmt":"2025-06-08T16:14:39","slug":"little-bear-crescent-pillow","status":"publish","type":"product","link":"https:\/\/babypillowwholesale.com\/cs\/product\/little-bear-crescent-pillow\/","title":{"rendered":"Pol\u0161t\u00e1\u0159ek Little Bear Crescent"},"content":{"rendered":"<div class=\"auto-hide-last-sibling-br paragraph-qzbcQC paragraph-element br-paragraph-space\" data-immersive-translate-walked=\"8e61f2e7-6af2-46e5-9672-3b9e4f4033d9\" data-immersive-translate-paragraph=\"1\">Seznamte se s okouzluj\u00edc\u00edm pol\u0161t\u00e1\u0159em Little Bear Crescent, kter\u00fd je dokonalou kombinac\u00ed p\u016fvabu a funk\u010dnosti, \u0161itou na m\u00edru t\u011bm nejmen\u0161\u00edm sp\u00e1\u010d\u016fm ve v\u011bku od 0 do 6 m\u011bs\u00edc\u016f. Pol\u0161t\u00e1\u0159ek p\u0159ipom\u00edn\u00e1 rozko\u0161n\u00e9ho medv\u00eddka, kter\u00fd sv\u00fdma u\u0161ima a tv\u00e1\u0159\u00ed vyza\u0159uj\u00edc\u00ed teplo okam\u017eit\u011b ukradne srdce a dod\u00e1 sv\u011btu va\u0161eho miminka d\u00e1vku roztomilosti. Tento pol\u0161t\u00e1\u0159ek nen\u00ed jen vizu\u00e1ln\u00edm pot\u011b\u0161en\u00edm; je to i zdroj pohodl\u00ed. Pe\u010dliv\u011b tvarovan\u00fd p\u016flm\u011bs\u00edc nab\u00edz\u00ed jemn\u00e9, ergonomick\u00e9 objet\u00ed jemn\u00e9 hlavi\u010dky va\u0161eho d\u00edt\u011bte a vede ji ke kr\u00e1sn\u00e9mu tvaru na cest\u011b jeho drahocenn\u00fdmi prvn\u00edmi m\u011bs\u00edci. D\u00edky rozm\u011br\u016fm 23\/20,5*0\/5 cm je ide\u00e1ln\u00ed pro r\u016fzn\u00e1 nastaven\u00ed. B\u011bhem dlouh\u00fdch, l\u00edn\u00fdch odpoledn\u00ed doma ji um\u00edst\u011bte do d\u011btsk\u00e9 post\u00fdlky a sledujte, jak prom\u011bn\u00ed prostor v \u00fatuln\u00e9 \u00fato\u010di\u0161t\u011b a ukol\u00e9b\u00e1 va\u0161e d\u011b\u0165\u00e1tko do klidn\u00e9ho sp\u00e1nku. Kdy\u017e jste na cest\u00e1ch, a\u0165 u\u017e se jedn\u00e1 o rychlou cestu do obchodu nebo v\u00edkendov\u00fd v\u00fdlet, pol\u0161t\u00e1\u0159 se pohodln\u011b vejde do d\u011btsk\u00e9ho nos\u00edtka a zajist\u00ed va\u0161emu d\u00edt\u011bti pohodl\u00ed po celou dobu cesty. Rodi\u010de si tento mal\u00fd klenot pochvaluj\u00ed! Jedna spokojen\u00e1 maminka se pod\u011blila: \"Moje d\u00edt\u011b pou\u017e\u00edv\u00e1 tento pol\u0161t\u00e1\u0159ek s medv\u00eddkem u\u017e od sv\u00fdch n\u011bkolika t\u00fddn\u016f. Je tak m\u011bkk\u00fd a l\u00edb\u00ed se mi jeho roztomil\u00fd design. Nav\u00edc se zd\u00e1, \u017ee jim opravdu pom\u00e1h\u00e1 udr\u017eet hlavi\u010dku v dobr\u00e9 poloze.\" Dal\u0161\u00ed tat\u00ednek se p\u0159idal: \"R\u016fzn\u00e9 barevn\u00e9 varianty byly velk\u00fdm plusem. M\u00e1me tmav\u011b zelenou a v d\u011btsk\u00e9m pokoji vypad\u00e1 \u00fa\u017easn\u011b. Stala se nepostradatelnou sou\u010d\u00e1st\u00ed rutiny na\u0161eho miminka.\" Pol\u0161t\u00e1\u0159ek Little Bear Crescent, kter\u00fd je k dispozici v okouzluj\u00edc\u00edch odst\u00ednech r\u016f\u017eov\u00e9, modr\u00e9 a tmav\u011b zelen\u00e9, je v\u00edc ne\u017e jen dopln\u011bk pro miminko; je to milovan\u00fd spole\u010dn\u00edk, kter\u00fd slibuje pohodl\u00ed, oporu a spoustu roztomilosti pro prvn\u00ed dny \u017eivota va\u0161eho miminka.<\/div>","protected":false},"excerpt":{"rendered":"<p>Pol\u0161t\u00e1\u0159ek Little Bear Crescent je okouzluj\u00edc\u00ed a praktick\u00e1 volba pro d\u011bti od 0 do 6 m\u011bs\u00edc\u016f. Je tvarov\u00e1n jako roztomil\u00fd medv\u00eddek, m\u00e1 roztomil\u00e1 ou\u0161ka a sladkou tv\u00e1\u0159i\u010dku, tak\u017ee je vizu\u00e1ln\u011b p\u0159ita\u017eliv\u00fd. Pol\u0161t\u00e1\u0159ek ve tvaru p\u016flm\u011bs\u00edce poskytuje jemnou a ergonomickou oporu hlavi\u010dce d\u00edt\u011bte a pom\u00e1h\u00e1 udr\u017eovat spr\u00e1vn\u00fd tvar hlavy b\u011bhem ran\u00e9ho v\u00fdvoje. D\u00edky sv\u00fdm rozm\u011br\u016fm 23\/20,5*0\/5 cm je vhodn\u00fd pro pou\u017eit\u00ed v post\u00fdlk\u00e1ch, nos\u00edtk\u00e1ch nebo kdy\u017e d\u00edt\u011b le\u017e\u00ed na hrac\u00ed podlo\u017ece. Je k dispozici v r\u016f\u017eov\u00e9, modr\u00e9 a tmav\u011b zelen\u00e9 barv\u011b, tak\u017ee umo\u017e\u0148uje rodi\u010d\u016fm vybrat si barvu, kter\u00e1 odpov\u00edd\u00e1 jejich vkusu nebo v\u00fdzdob\u011b d\u011btsk\u00e9ho pokoje, a kombinuje funk\u010dnost i roztomilost, aby zv\u00fd\u0161ila pohodl\u00ed d\u00edt\u011bte.<\/p>","protected":false},"featured_media":3283,"comment_status":"open","ping_status":"closed","template":"","meta":{"_uag_custom_page_level_css":"","site-sidebar-layout":"default","site-content-layout":"","ast-site-content-layout":"default","site-content-style":"default","site-sidebar-style":"default","ast-global-header-display":"","ast-banner-title-visibility":"","ast-main-header-display":"","ast-hfb-above-header-display":"","ast-hfb-below-header-display":"","ast-hfb-mobile-header-display":"","site-post-title":"","ast-breadcrumbs-content":"","ast-featured-img":"","footer-sml-layout":"","ast-disable-related-posts":"","theme-transparent-header-meta":"default","adv-header-id-meta":"","stick-header-meta":"","header-above-stick-meta":"","header-main-stick-meta":"","header-below-stick-meta":"","astra-migrate-meta-layouts":"set","ast-page-background-enabled":"default","ast-page-background-meta":{"desktop":{"background-color":"","background-image":"","background-repeat":"repeat","background-position":"center center","background-size":"auto","background-attachment":"scroll","background-type":"","background-media":"","overlay-type":"","overlay-color":"","overlay-opacity":"","overlay-gradient":""},"tablet":{"background-color":"","background-image":"","background-repeat":"repeat","background-position":"center center","background-size":"auto","background-attachment":"scroll","background-type":"","background-media":"","overlay-type":"","overlay-color":"","overlay-opacity":"","overlay-gradient":""},"mobile":{"background-color":"","background-image":"","background-repeat":"repeat","background-position":"center center","background-size":"auto","background-attachment":"scroll","background-type":"","background-media":"","overlay-type":"","overlay-color":"","overlay-opacity":"","overlay-gradient":""}},"ast-content-background-meta":{"desktop":{"background-color":"var(--ast-global-color-5)","background-image":"","background-repeat":"repeat","background-position":"center center","background-size":"auto","background-attachment":"scroll","background-type":"","background-media":"","overlay-type":"","overlay-color":"","overlay-opacity":"","overlay-gradient":""},"tablet":{"background-color":"var(--ast-global-color-5)","background-image":"","background-repeat":"repeat","background-position":"center center","background-size":"auto","background-attachment":"scroll","background-type":"","background-media":"","overlay-type":"","overlay-color":"","overlay-opacity":"","overlay-gradient":""},"mobile":{"background-color":"var(--ast-global-color-5)","background-image":"","background-repeat":"repeat","background-position":"center center","background-size":"auto","background-attachment":"scroll","background-type":"","background-media":"","overlay-type":"","overlay-color":"","overlay-opacity":"","overlay-gradient":""}}},"product_brand":[],"product_cat":[54,42],"product_tag":[70,68,71,69],"class_list":{"0":"post-3269","1":"product","2":"type-product","3":"status-publish","4":"has-post-thumbnail","6":"product_cat-0-to-6months","7":"product_cat-merchandise","8":"product_tag-babypillow","9":"product_tag-cuteanimalpillow","10":"product_tag-headshapesupport","11":"product_tag-kouniushapingpillow","12":"desktop-align-left","13":"tablet-align-left","14":"mobile-align-left","16":"first","17":"instock","18":"shipping-taxable","19":"product-type-simple"},"aioseo_notices":[],"uagb_featured_image_src":{"full":["https:\/\/babypillowwholesale.com\/wp-content\/uploads\/2025\/03\/1135-1.jpg",1000,1000,false],"thumbnail":["https:\/\/babypillowwholesale.com\/wp-content\/uploads\/2025\/03\/1135-1-150x150.jpg",150,150,true],"medium":["https:\/\/babypillowwholesale.com\/wp-content\/uploads\/2025\/03\/1135-1-300x300.jpg",300,300,true],"medium_large":["https:\/\/babypillowwholesale.com\/wp-content\/uploads\/2025\/03\/1135-1-768x768.jpg",768,768,true],"large":["https:\/\/babypillowwholesale.com\/wp-content\/uploads\/2025\/03\/1135-1.jpg",1000,1000,false],"1536x1536":["https:\/\/babypillowwholesale.com\/wp-content\/uploads\/2025\/03\/1135-1.jpg",1000,1000,false],"2048x2048":["https:\/\/babypillowwholesale.com\/wp-content\/uploads\/2025\/03\/1135-1.jpg",1000,1000,false],"trp-custom-language-flag":["https:\/\/babypillowwholesale.com\/wp-content\/uploads\/2025\/03\/1135-1.jpg",12,12,false],"woocommerce_thumbnail":["https:\/\/babypillowwholesale.com\/wp-content\/uploads\/2025\/03\/1135-1-300x300.jpg",300,300,true],"woocommerce_single":["https:\/\/babypillowwholesale.com\/wp-content\/uploads\/2025\/03\/1135-1-600x600.jpg",600,600,true],"woocommerce_gallery_thumbnail":["https:\/\/babypillowwholesale.com\/wp-content\/uploads\/2025\/03\/1135-1-100x100.jpg",100,100,true]},"uagb_author_info":{"display_name":"Etnen zhong","author_link":"https:\/\/babypillowwholesale.com\/cs\/author\/"},"uagb_comment_info":0,"uagb_excerpt":"The Little Bear Crescent Pillow is a charming and practical choice for infants aged 0 to 6 months. Shaped like an endearing little bear, it features cute ears and a sweet face, making it visually appealing. The crescent - shaped design of the pillow provides gentle and ergonomic support for a baby's head, helping to&hellip;","jetpack_sharing_enabled":true,"_links":{"self":[{"href":"https:\/\/babypillowwholesale.com\/cs\/wp-json\/wp\/v2\/product\/3269","targetHints":{"allow":["GET"]}}],"collection":[{"href":"https:\/\/babypillowwholesale.com\/cs\/wp-json\/wp\/v2\/product"}],"about":[{"href":"https:\/\/babypillowwholesale.com\/cs\/wp-json\/wp\/v2\/types\/product"}],"replies":[{"embeddable":true,"href":"https:\/\/babypillowwholesale.com\/cs\/wp-json\/wp\/v2\/comments?post=3269"}],"wp:featuredmedia":[{"embeddable":true,"href":"https:\/\/babypillowwholesale.com\/cs\/wp-json\/wp\/v2\/media\/3283"}],"wp:attachment":[{"href":"https:\/\/babypillowwholesale.com\/cs\/wp-json\/wp\/v2\/media?parent=3269"}],"wp:term":[{"taxonomy":"product_brand","embeddable":true,"href":"https:\/\/babypillowwholesale.com\/cs\/wp-json\/wp\/v2\/product_brand?post=3269"},{"taxonomy":"product_cat","embeddable":true,"href":"https:\/\/babypillowwholesale.com\/cs\/wp-json\/wp\/v2\/product_cat?post=3269"},{"taxonomy":"product_tag","embeddable":true,"href":"https:\/\/babypillowwholesale.com\/cs\/wp-json\/wp\/v2\/product_tag?post=3269"}],"curies":[{"name":"wp","href":"https:\/\/api.w.org\/{rel}","templated":true}]}}