{"id":3267,"date":"2025-03-17T15:38:34","date_gmt":"2025-03-17T15:38:34","guid":{"rendered":"https:\/\/babypillowwholesale.com\/?post_type=product&#038;p=3267"},"modified":"2025-06-08T16:15:31","modified_gmt":"2025-06-08T16:15:31","slug":"little-tiger-shaping-pillow","status":"publish","type":"product","link":"https:\/\/babypillowwholesale.com\/cs\/product\/little-tiger-shaping-pillow\/","title":{"rendered":"Tvarovac\u00ed pol\u0161t\u00e1\u0159 Little Tiger"},"content":{"rendered":"<div class=\"auto-hide-last-sibling-br paragraph-qzbcQC paragraph-element br-paragraph-space\" data-immersive-translate-walked=\"8e61f2e7-6af2-46e5-9672-3b9e4f4033d9\" data-immersive-translate-paragraph=\"1\">Tvarovac\u00ed pol\u0161t\u00e1\u0159ek Little Tiger, podmaniv\u00e1 kombinace p\u016fvabu a funk\u010dnosti, pe\u010dliv\u011b vytvo\u0159en\u00e1 pro ty nejmen\u0161\u00ed poklady ve v\u011bku od 0 do 6 m\u011bs\u00edc\u016f. Jeho rozko\u0161n\u00fd design inspirovan\u00fd tygrem, zdoben\u00fd velk\u00fdma nevinn\u00fdma kulat\u00fdma o\u010dima a charakteristick\u00fdmi pruhy, je naprost\u00fdm pot\u011b\u0161en\u00edm a okam\u017eit\u011b dod\u00e1 sv\u011btu va\u0161eho d\u00edt\u011bte n\u00e1dech divok\u00e9ho rozmaru. Tento pol\u0161t\u00e1\u0159 nen\u00ed jen o jeho roztomil\u00e9m vzhledu; je o\u00e1zou pohodl\u00ed a podpory. D\u016fmysln\u011b tvarovan\u00fd pol\u0161t\u00e1\u0159ek jemn\u011b kol\u00e9b\u00e1 jemnou hlavi\u010dku va\u0161eho miminka a pe\u010dliv\u011b ji vede, aby mu zajistil dokonal\u00fd tvar na cest\u011b jeho ran\u00e9ho r\u016fstu. S rozm\u011bry 26*23*0\/3 cm je ide\u00e1ln\u00edm spole\u010dn\u00edkem do r\u016fzn\u00fdch prost\u0159ed\u00ed. B\u011bhem klidn\u00e9ho sp\u00e1nku v d\u011btsk\u00e9m pokoji, ulo\u017een\u00fd v m\u011bkk\u00e9m prost\u0159ed\u00ed post\u00fdlky, vytv\u00e1\u0159\u00ed tvarovac\u00ed pol\u0161t\u00e1\u0159ek Little Tiger \u00fatuln\u00fd a bezpe\u010dn\u00fd prostor pro va\u0161e d\u011b\u0165\u00e1tko. Na rodinn\u00fdch v\u00fdletech, a\u0165 u\u017e jde o piknik v parku nebo den na pl\u00e1\u017ei, se pohodln\u011b vejde do ko\u010d\u00e1rku a nab\u00edz\u00ed zn\u00e1m\u00e9 pohodl\u00ed na cest\u00e1ch. Rodi\u010de jsou z tohoto v\u00fdrobku nadm\u00edru spokojeni! Jedna maminka se pod\u011blila o sv\u00e9 dojmy: \"Moje d\u00edt\u011b miluje tulen\u00ed k tomuto mal\u00e9mu tyg\u0159\u00edmu pol\u0161t\u00e1\u0159i. Je tak m\u011bkk\u00fd a zaznamenala jsem velk\u00e9 zlep\u0161en\u00ed tvaru jejich hlavy. Nav\u00edc modr\u00e1 barva je prost\u011b n\u00e1dhern\u00e1.\" Jin\u00fd tat\u00ednek zm\u00ednil: \"Stal se nezbytnost\u00ed na na\u0161ich cest\u00e1ch. Snadno se p\u0159en\u00e1\u0161\u00ed a v\u017edycky vykouzl\u00ed \u00fasm\u011bv na tv\u00e1\u0159i m\u00e9ho d\u00edt\u011bte, kdy\u017e uvid\u00ed ten roztomil\u00fd tyg\u0159\u00ed design.\" Tvarovac\u00ed pol\u0161t\u00e1\u0159ek Little Tiger, kter\u00fd je k dispozici v okouzluj\u00edc\u00edch odst\u00ednech r\u016f\u017eov\u00e9 a modr\u00e9, je v\u00edce ne\u017e jen d\u011btsk\u00fd dopln\u011bk; je to spolehliv\u00fd p\u0159\u00edtel, kter\u00fd v sob\u011b spojuje roztomilost, pohodl\u00ed a funk\u010dnost pro vz\u00e1cn\u00e9 prvn\u00ed dny va\u0161eho d\u00edt\u011bte.<\/div>","protected":false},"excerpt":{"rendered":"<p>Tvarovac\u00ed pol\u0161t\u00e1\u0159ek Little Tiger je okouzluj\u00edc\u00ed a funk\u010dn\u00ed v\u00fdrobek ur\u010den\u00fd pro d\u011bti od 0 do 6 m\u011bs\u00edc\u016f. Sv\u00fdm roztomil\u00fdm vzhledem s motivem tygra, velk\u00fdma kulat\u00fdma o\u010dima a v\u00fdrazn\u00fdmi pruhy okam\u017eit\u011b upout\u00e1 pozornost. Konstrukce pol\u0161t\u00e1\u0159e je pe\u010dliv\u011b tvarovan\u00e1 tak, aby poskytovala jemnou oporu pro jemnou hlavi\u010dku d\u00edt\u011bte a pom\u00e1hala tak podporovat spr\u00e1vn\u00fd tvar hlavy b\u011bhem jej\u00edho kl\u00ed\u010dov\u00e9ho ran\u00e9ho v\u00fdvoje. Rozm\u011bry 26*<em data-immersive-translate-walked=\"af7bf617-a59f-4215-833d-5c6d97166ab5\">23*<\/em>0\/3CM, dob\u0159e se hod\u00ed do post\u00fdlky, ko\u010d\u00e1rku nebo kdy\u017e va\u0161e d\u00edt\u011b odpo\u010d\u00edv\u00e1 na dece. Je k dispozici v r\u016f\u017eov\u00e9 i modr\u00e9 barv\u011b, tak\u017ee d\u00e1v\u00e1 rodi\u010d\u016fm mo\u017enost vybrat si barvu, kter\u00e1 vyhovuje jejich preferenc\u00edm nebo v\u00fdzdob\u011b d\u011btsk\u00e9ho pokoje, a kombinuje roztomilost s prakti\u010dnost\u00ed p\u0159i p\u00e9\u010di o d\u00edt\u011b.<\/p>","protected":false},"featured_media":3282,"comment_status":"open","ping_status":"closed","template":"","meta":{"_uag_custom_page_level_css":"","site-sidebar-layout":"default","site-content-layout":"","ast-site-content-layout":"default","site-content-style":"default","site-sidebar-style":"default","ast-global-header-display":"","ast-banner-title-visibility":"","ast-main-header-display":"","ast-hfb-above-header-display":"","ast-hfb-below-header-display":"","ast-hfb-mobile-header-display":"","site-post-title":"","ast-breadcrumbs-content":"","ast-featured-img":"","footer-sml-layout":"","ast-disable-related-posts":"","theme-transparent-header-meta":"default","adv-header-id-meta":"","stick-header-meta":"","header-above-stick-meta":"","header-main-stick-meta":"","header-below-stick-meta":"","astra-migrate-meta-layouts":"set","ast-page-background-enabled":"default","ast-page-background-meta":{"desktop":{"background-color":"","background-image":"","background-repeat":"repeat","background-position":"center center","background-size":"auto","background-attachment":"scroll","background-type":"","background-media":"","overlay-type":"","overlay-color":"","overlay-opacity":"","overlay-gradient":""},"tablet":{"background-color":"","background-image":"","background-repeat":"repeat","background-position":"center center","background-size":"auto","background-attachment":"scroll","background-type":"","background-media":"","overlay-type":"","overlay-color":"","overlay-opacity":"","overlay-gradient":""},"mobile":{"background-color":"","background-image":"","background-repeat":"repeat","background-position":"center center","background-size":"auto","background-attachment":"scroll","background-type":"","background-media":"","overlay-type":"","overlay-color":"","overlay-opacity":"","overlay-gradient":""}},"ast-content-background-meta":{"desktop":{"background-color":"var(--ast-global-color-5)","background-image":"","background-repeat":"repeat","background-position":"center center","background-size":"auto","background-attachment":"scroll","background-type":"","background-media":"","overlay-type":"","overlay-color":"","overlay-opacity":"","overlay-gradient":""},"tablet":{"background-color":"var(--ast-global-color-5)","background-image":"","background-repeat":"repeat","background-position":"center center","background-size":"auto","background-attachment":"scroll","background-type":"","background-media":"","overlay-type":"","overlay-color":"","overlay-opacity":"","overlay-gradient":""},"mobile":{"background-color":"var(--ast-global-color-5)","background-image":"","background-repeat":"repeat","background-position":"center center","background-size":"auto","background-attachment":"scroll","background-type":"","background-media":"","overlay-type":"","overlay-color":"","overlay-opacity":"","overlay-gradient":""}}},"product_brand":[],"product_cat":[54,42],"product_tag":[70,68,71,69],"class_list":{"0":"post-3267","1":"product","2":"type-product","3":"status-publish","4":"has-post-thumbnail","6":"product_cat-0-to-6months","7":"product_cat-merchandise","8":"product_tag-babypillow","9":"product_tag-cuteanimalpillow","10":"product_tag-headshapesupport","11":"product_tag-kouniushapingpillow","12":"desktop-align-left","13":"tablet-align-left","14":"mobile-align-left","16":"first","17":"instock","18":"shipping-taxable","19":"product-type-simple"},"aioseo_notices":[],"uagb_featured_image_src":{"full":["https:\/\/babypillowwholesale.com\/wp-content\/uploads\/2025\/03\/1131-1.jpg",1000,1000,false],"thumbnail":["https:\/\/babypillowwholesale.com\/wp-content\/uploads\/2025\/03\/1131-1-150x150.jpg",150,150,true],"medium":["https:\/\/babypillowwholesale.com\/wp-content\/uploads\/2025\/03\/1131-1-300x300.jpg",300,300,true],"medium_large":["https:\/\/babypillowwholesale.com\/wp-content\/uploads\/2025\/03\/1131-1-768x768.jpg",768,768,true],"large":["https:\/\/babypillowwholesale.com\/wp-content\/uploads\/2025\/03\/1131-1.jpg",1000,1000,false],"1536x1536":["https:\/\/babypillowwholesale.com\/wp-content\/uploads\/2025\/03\/1131-1.jpg",1000,1000,false],"2048x2048":["https:\/\/babypillowwholesale.com\/wp-content\/uploads\/2025\/03\/1131-1.jpg",1000,1000,false],"trp-custom-language-flag":["https:\/\/babypillowwholesale.com\/wp-content\/uploads\/2025\/03\/1131-1.jpg",12,12,false],"woocommerce_thumbnail":["https:\/\/babypillowwholesale.com\/wp-content\/uploads\/2025\/03\/1131-1-300x300.jpg",300,300,true],"woocommerce_single":["https:\/\/babypillowwholesale.com\/wp-content\/uploads\/2025\/03\/1131-1-600x600.jpg",600,600,true],"woocommerce_gallery_thumbnail":["https:\/\/babypillowwholesale.com\/wp-content\/uploads\/2025\/03\/1131-1-100x100.jpg",100,100,true]},"uagb_author_info":{"display_name":"Etnen zhong","author_link":"https:\/\/babypillowwholesale.com\/cs\/author\/"},"uagb_comment_info":0,"uagb_excerpt":"The Little Tiger Shaping Pillow is a charming and functional product designed for infants aged 0 to 6 months. With its cute tiger - themed appearance, featuring big round eyes and distinctive stripes, it instantly catches the eye. The pillow's design is carefully contoured to provide gentle support for a baby's delicate head, helping to&hellip;","jetpack_sharing_enabled":true,"_links":{"self":[{"href":"https:\/\/babypillowwholesale.com\/cs\/wp-json\/wp\/v2\/product\/3267","targetHints":{"allow":["GET"]}}],"collection":[{"href":"https:\/\/babypillowwholesale.com\/cs\/wp-json\/wp\/v2\/product"}],"about":[{"href":"https:\/\/babypillowwholesale.com\/cs\/wp-json\/wp\/v2\/types\/product"}],"replies":[{"embeddable":true,"href":"https:\/\/babypillowwholesale.com\/cs\/wp-json\/wp\/v2\/comments?post=3267"}],"wp:featuredmedia":[{"embeddable":true,"href":"https:\/\/babypillowwholesale.com\/cs\/wp-json\/wp\/v2\/media\/3282"}],"wp:attachment":[{"href":"https:\/\/babypillowwholesale.com\/cs\/wp-json\/wp\/v2\/media?parent=3267"}],"wp:term":[{"taxonomy":"product_brand","embeddable":true,"href":"https:\/\/babypillowwholesale.com\/cs\/wp-json\/wp\/v2\/product_brand?post=3267"},{"taxonomy":"product_cat","embeddable":true,"href":"https:\/\/babypillowwholesale.com\/cs\/wp-json\/wp\/v2\/product_cat?post=3267"},{"taxonomy":"product_tag","embeddable":true,"href":"https:\/\/babypillowwholesale.com\/cs\/wp-json\/wp\/v2\/product_tag?post=3267"}],"curies":[{"name":"wp","href":"https:\/\/api.w.org\/{rel}","templated":true}]}}