{"id":3265,"date":"2025-03-17T15:04:04","date_gmt":"2025-03-17T15:04:04","guid":{"rendered":"https:\/\/babypillowwholesale.com\/?post_type=product&#038;p=3265"},"modified":"2025-06-08T16:16:25","modified_gmt":"2025-06-08T16:16:25","slug":"naughty-bunny-shaping-pillow","status":"publish","type":"product","link":"https:\/\/babypillowwholesale.com\/cs\/product\/naughty-bunny-shaping-pillow\/","title":{"rendered":"Tvarovac\u00ed pol\u0161t\u00e1\u0159 Naughty Bunny"},"content":{"rendered":"<div class=\"auto-hide-last-sibling-br paragraph-qzbcQC paragraph-element br-paragraph-space\" data-immersive-translate-walked=\"8e61f2e7-6af2-46e5-9672-3b9e4f4033d9\" data-immersive-translate-paragraph=\"1\">P\u0159iv\u00edtejte tvarovac\u00ed pol\u0161t\u00e1\u0159 Zlobiv\u00fd kr\u00e1l\u00ed\u010dek, rozko\u0161nou o\u00e1zu pohodl\u00ed - stvo\u0159enou pro nejmen\u0161\u00ed dobrodruhy ve v\u011bku od 0 do 6 m\u011bs\u00edc\u016f. Jeho okouzluj\u00edc\u00ed design inspirovan\u00fd kr\u00e1l\u00ed\u010dky s velk\u00fdma o\u010dima, \u00fasm\u011bvem, kter\u00fd rozpl\u00fdv\u00e1 srdce, a dlouh\u00fdma u\u0161ima okam\u017eit\u011b zlep\u0161\u00ed n\u00e1ladu a dod\u00e1 sv\u011btu va\u0161eho d\u00edt\u011bte trochu kouzla. Tento pol\u0161t\u00e1\u0159 nen\u00ed jen vizu\u00e1ln\u00ed lah\u016fdkou, je to tak\u00e9 funk\u010dn\u00ed s\u00edla. Jeho jedine\u010dn\u00fd tvar, pe\u010dliv\u011b navr\u017een\u00fd, poskytuje jemnou, kol\u00e9bavou oporu jemn\u00e9 hlavi\u010dce va\u0161eho d\u00edt\u011bte a vede ji k dokonal\u00e9mu tvaru na cest\u011b prvn\u00edmi m\u011bs\u00edci \u017eivota. D\u00edky rozm\u011br\u016fm 26*23*0\/3 cm m\u00e1 ide\u00e1ln\u00ed velikost pro bezprobl\u00e9mov\u00e9 za\u010dlen\u011bn\u00ed do r\u016fzn\u00fdch prost\u0159ed\u00ed. B\u011bhem l\u00edn\u00fdch odpoledn\u00ed doma ji um\u00edst\u011bte do d\u011btsk\u00e9 post\u00fdlky a sledujte, jak d\u00edt\u011b upad\u00e1 do klidn\u00e9ho sp\u00e1nku, zachumlan\u00e9 v jej\u00edm m\u011bkk\u00e9m objet\u00ed. Kdy\u017e vyr\u00e1\u017e\u00edte na v\u00fdlet, a\u0165 u\u017e do m\u00edstn\u00edho parku, nebo na n\u00e1v\u0161t\u011bvu k prarodi\u010d\u016fm, ulo\u017ete ji do ko\u010d\u00e1rku. Zajist\u00ed, \u017ee si va\u0161e d\u011b\u0165\u00e1tko u\u017eije pohodlnou j\u00edzdu obklopen\u00e9 zn\u00e1m\u00fdm kouzlem kr\u00e1l\u00ed\u010dka. Rodi\u010de na n\u011bj p\u011bj\u00ed chv\u00e1lu! Jeden z nad\u0161en\u00fdch rodi\u010d\u016f se pod\u011blil: \"Tv\u00e1\u0159i\u010dka m\u00e9ho d\u00edt\u011bte se rozz\u00e1\u0159\u00ed, kdykoli uvid\u00ed tento roztomil\u00fd pol\u0161t\u00e1\u0159ek s kr\u00e1l\u00ed\u010dkem. Nejen\u017ee je super m\u011bkk\u00fd, ale tak\u00e9 se skv\u011ble osv\u011bd\u010dil p\u0159i udr\u017eov\u00e1n\u00ed p\u011bkn\u00e9ho tvaru hlavy. L\u00edb\u00ed se mi, \u017ee je k dispozici ve dvou kr\u00e1sn\u00fdch barv\u00e1ch.\" Dal\u0161\u00ed maminka se p\u0159idala: \"Je tak pohodln\u00fd na no\u0161en\u00ed. A\u0165 u\u017e jsme doma nebo na cest\u00e1ch, stal se pro pohodl\u00ed m\u00e9ho d\u00edt\u011bte nepostradateln\u00fdm.\" Tvarovac\u00ed pol\u0161t\u00e1\u0159ek Naughty Bunny, kter\u00fd je k dispozici v okouzluj\u00edc\u00edch odst\u00ednech r\u016f\u017eov\u00e9 a modr\u00e9, je v\u00edce ne\u017e jen d\u011btsk\u00fd dopln\u011bk; je to cen\u011bn\u00fd spole\u010dn\u00edk pro prvn\u00ed dny \u017eivota va\u0161eho d\u011b\u0165\u00e1tka.<\/div>","protected":false},"excerpt":{"rendered":"<p>Tvarovac\u00ed pol\u0161t\u00e1\u0159 Zlobiv\u00fd kr\u00e1l\u00ed\u010dek je roztomil\u00fd a praktick\u00fd v\u00fdrobek ur\u010den\u00fd pro d\u011bti od 0 do 6 m\u011bs\u00edc\u016f. Jeho roztomil\u00fd vzhled kr\u00e1l\u00ed\u010dka s velk\u00fdma o\u010dima, mil\u00fdm \u00fasm\u011bvem a dlouh\u00fdma u\u0161ima je nesm\u00edrn\u011b p\u0159ita\u017eliv\u00fd. Speci\u00e1ln\u00ed konstrukce pol\u0161t\u00e1\u0159e poskytuje jemnou oporu hlavi\u010dce d\u00edt\u011bte a pom\u00e1h\u00e1 tak podporovat zdrav\u00fd tvar hlavy v d\u016fle\u017eit\u00e9 f\u00e1zi ran\u00e9ho r\u016fstu. S velikost\u00ed 26<em>23<\/em>0\/3CM, je vhodn\u00fd pro pou\u017eit\u00ed v post\u00fdlk\u00e1ch, ko\u010d\u00e1rc\u00edch nebo kdy\u017e d\u00edt\u011b odpo\u010d\u00edv\u00e1 na hrac\u00ed podlo\u017ece. Je k dispozici v r\u016f\u017eov\u00e9 a modr\u00e9 barv\u011b a nab\u00edz\u00ed rodi\u010d\u016fm mo\u017enosti, jak ji sladit se sv\u00fdmi preferencemi nebo s v\u00fdzdobou d\u011btsk\u00e9ho pokoje, a spojuje v sob\u011b funk\u010dnost i p\u016fvab p\u00e9\u010de o d\u00edt\u011b.<\/p>","protected":false},"featured_media":3281,"comment_status":"open","ping_status":"closed","template":"","meta":{"_uag_custom_page_level_css":"","site-sidebar-layout":"default","site-content-layout":"","ast-site-content-layout":"default","site-content-style":"default","site-sidebar-style":"default","ast-global-header-display":"","ast-banner-title-visibility":"","ast-main-header-display":"","ast-hfb-above-header-display":"","ast-hfb-below-header-display":"","ast-hfb-mobile-header-display":"","site-post-title":"","ast-breadcrumbs-content":"","ast-featured-img":"","footer-sml-layout":"","ast-disable-related-posts":"","theme-transparent-header-meta":"default","adv-header-id-meta":"","stick-header-meta":"","header-above-stick-meta":"","header-main-stick-meta":"","header-below-stick-meta":"","astra-migrate-meta-layouts":"set","ast-page-background-enabled":"default","ast-page-background-meta":{"desktop":{"background-color":"","background-image":"","background-repeat":"repeat","background-position":"center center","background-size":"auto","background-attachment":"scroll","background-type":"","background-media":"","overlay-type":"","overlay-color":"","overlay-opacity":"","overlay-gradient":""},"tablet":{"background-color":"","background-image":"","background-repeat":"repeat","background-position":"center center","background-size":"auto","background-attachment":"scroll","background-type":"","background-media":"","overlay-type":"","overlay-color":"","overlay-opacity":"","overlay-gradient":""},"mobile":{"background-color":"","background-image":"","background-repeat":"repeat","background-position":"center center","background-size":"auto","background-attachment":"scroll","background-type":"","background-media":"","overlay-type":"","overlay-color":"","overlay-opacity":"","overlay-gradient":""}},"ast-content-background-meta":{"desktop":{"background-color":"var(--ast-global-color-5)","background-image":"","background-repeat":"repeat","background-position":"center center","background-size":"auto","background-attachment":"scroll","background-type":"","background-media":"","overlay-type":"","overlay-color":"","overlay-opacity":"","overlay-gradient":""},"tablet":{"background-color":"var(--ast-global-color-5)","background-image":"","background-repeat":"repeat","background-position":"center center","background-size":"auto","background-attachment":"scroll","background-type":"","background-media":"","overlay-type":"","overlay-color":"","overlay-opacity":"","overlay-gradient":""},"mobile":{"background-color":"var(--ast-global-color-5)","background-image":"","background-repeat":"repeat","background-position":"center center","background-size":"auto","background-attachment":"scroll","background-type":"","background-media":"","overlay-type":"","overlay-color":"","overlay-opacity":"","overlay-gradient":""}}},"product_brand":[],"product_cat":[54,42],"product_tag":[70,68,71,69],"class_list":{"0":"post-3265","1":"product","2":"type-product","3":"status-publish","4":"has-post-thumbnail","6":"product_cat-0-to-6months","7":"product_cat-merchandise","8":"product_tag-babypillow","9":"product_tag-cuteanimalpillow","10":"product_tag-headshapesupport","11":"product_tag-kouniushapingpillow","12":"desktop-align-left","13":"tablet-align-left","14":"mobile-align-left","16":"first","17":"instock","18":"shipping-taxable","19":"product-type-simple"},"aioseo_notices":[],"uagb_featured_image_src":{"full":["https:\/\/babypillowwholesale.com\/wp-content\/uploads\/2025\/03\/1130-1.jpg",1000,1000,false],"thumbnail":["https:\/\/babypillowwholesale.com\/wp-content\/uploads\/2025\/03\/1130-1-150x150.jpg",150,150,true],"medium":["https:\/\/babypillowwholesale.com\/wp-content\/uploads\/2025\/03\/1130-1-300x300.jpg",300,300,true],"medium_large":["https:\/\/babypillowwholesale.com\/wp-content\/uploads\/2025\/03\/1130-1-768x768.jpg",768,768,true],"large":["https:\/\/babypillowwholesale.com\/wp-content\/uploads\/2025\/03\/1130-1.jpg",1000,1000,false],"1536x1536":["https:\/\/babypillowwholesale.com\/wp-content\/uploads\/2025\/03\/1130-1.jpg",1000,1000,false],"2048x2048":["https:\/\/babypillowwholesale.com\/wp-content\/uploads\/2025\/03\/1130-1.jpg",1000,1000,false],"trp-custom-language-flag":["https:\/\/babypillowwholesale.com\/wp-content\/uploads\/2025\/03\/1130-1.jpg",12,12,false],"woocommerce_thumbnail":["https:\/\/babypillowwholesale.com\/wp-content\/uploads\/2025\/03\/1130-1-300x300.jpg",300,300,true],"woocommerce_single":["https:\/\/babypillowwholesale.com\/wp-content\/uploads\/2025\/03\/1130-1-600x600.jpg",600,600,true],"woocommerce_gallery_thumbnail":["https:\/\/babypillowwholesale.com\/wp-content\/uploads\/2025\/03\/1130-1-100x100.jpg",100,100,true]},"uagb_author_info":{"display_name":"Etnen zhong","author_link":"https:\/\/babypillowwholesale.com\/cs\/author\/"},"uagb_comment_info":0,"uagb_excerpt":"The Naughty Bunny Shaping Pillow is an adorable and practical product designed for infants aged 0 to 6 months. Its cute bunny - like appearance, with big eyes, a sweet smile, and long ears, is extremely appealing. The special design of the pillow provides gentle support for the baby's head, helping to promote a healthy&hellip;","jetpack_sharing_enabled":true,"_links":{"self":[{"href":"https:\/\/babypillowwholesale.com\/cs\/wp-json\/wp\/v2\/product\/3265","targetHints":{"allow":["GET"]}}],"collection":[{"href":"https:\/\/babypillowwholesale.com\/cs\/wp-json\/wp\/v2\/product"}],"about":[{"href":"https:\/\/babypillowwholesale.com\/cs\/wp-json\/wp\/v2\/types\/product"}],"replies":[{"embeddable":true,"href":"https:\/\/babypillowwholesale.com\/cs\/wp-json\/wp\/v2\/comments?post=3265"}],"wp:featuredmedia":[{"embeddable":true,"href":"https:\/\/babypillowwholesale.com\/cs\/wp-json\/wp\/v2\/media\/3281"}],"wp:attachment":[{"href":"https:\/\/babypillowwholesale.com\/cs\/wp-json\/wp\/v2\/media?parent=3265"}],"wp:term":[{"taxonomy":"product_brand","embeddable":true,"href":"https:\/\/babypillowwholesale.com\/cs\/wp-json\/wp\/v2\/product_brand?post=3265"},{"taxonomy":"product_cat","embeddable":true,"href":"https:\/\/babypillowwholesale.com\/cs\/wp-json\/wp\/v2\/product_cat?post=3265"},{"taxonomy":"product_tag","embeddable":true,"href":"https:\/\/babypillowwholesale.com\/cs\/wp-json\/wp\/v2\/product_tag?post=3265"}],"curies":[{"name":"wp","href":"https:\/\/api.w.org\/{rel}","templated":true}]}}