{"id":3261,"date":"2025-03-17T03:26:37","date_gmt":"2025-03-17T03:26:37","guid":{"rendered":"https:\/\/babypillowwholesale.com\/?post_type=product&#038;p=3261"},"modified":"2025-06-08T16:18:10","modified_gmt":"2025-06-08T16:18:10","slug":"apple-shaping-pillow","status":"publish","type":"product","link":"https:\/\/babypillowwholesale.com\/cs\/product\/apple-shaping-pillow\/","title":{"rendered":"Tvarovac\u00ed pol\u0161t\u00e1\u0159 Apple"},"content":{"rendered":"<div class=\"auto-hide-last-sibling-br paragraph-qzbcQC paragraph-element br-paragraph-space\" data-immersive-translate-walked=\"8e61f2e7-6af2-46e5-9672-3b9e4f4033d9\" data-immersive-translate-paragraph=\"1\">Seznamte se s tvarovac\u00edm pol\u0161t\u00e1\u0159em Apple, dokonal\u00fdm spojen\u00edm p\u016fvabu a funk\u010dnosti, kter\u00fd je vyroben na m\u00edru drah\u00fdm d\u011btem ve v\u011bku 0-6 m\u011bs\u00edc\u016f. Jeho okouzluj\u00edc\u00ed silueta inspirovan\u00e1 jablkem, dopln\u011bn\u00e1 jemn\u00fdmi akcenty list\u016f, nejen\u017ee dod\u00e1 sv\u011btu va\u0161eho d\u00edt\u011bte \u0161petku roztomilosti, ale tak\u00e9 pln\u00ed d\u016fle\u017eit\u00fd \u00fa\u010del. Strategicky um\u00edst\u011bn\u00fd st\u0159edov\u00fd v\u00fd\u0159ez poskytuje jemnou, kol\u00e9bavou oporu pro jemnou hlavi\u010dku va\u0161eho d\u011b\u0165\u00e1tka a vede ji ke kr\u00e1sn\u00e9mu tvaru, jak roste. D\u00edky rozm\u011br\u016fm 22*20*1,5\/3 cm je neuv\u011b\u0159iteln\u011b univerz\u00e1ln\u00ed. Vlo\u017ete ji do \u00fatuln\u00e9ho prostoru post\u00fdlky va\u0161eho d\u00edt\u011bte a sledujte, jak se z doby sp\u00e1nku stane snov\u00fd z\u00e1\u017eitek. Za slune\u010dn\u00e9ho dne venku ji um\u00edst\u011bte do ko\u010d\u00e1rku a zajist\u011bte sv\u00e9mu d\u00edt\u011bti pohodlnou j\u00edzdu. A b\u011bhem dlouh\u00fdch cest autem se pohodln\u011b vejde do autoseda\u010dky a poskytne va\u0161emu d\u00edt\u011bti zn\u00e1m\u00e9 a uklid\u0148uj\u00edc\u00ed m\u00edsto k odpo\u010dinku. Rodi\u010de si tento pol\u0161t\u00e1\u0159ek pochvaluj\u00ed! Mnoz\u00ed z nich se sv\u011b\u0159ili, \u017ee se stal nepostradatelnou sou\u010d\u00e1st\u00ed jejich rutinn\u00ed p\u00e9\u010de o d\u00edt\u011b. \"M\u016fj mal\u00fd vypad\u00e1 tak klidn\u011b, kdy\u017e sp\u00ed na tomto pol\u0161t\u00e1\u0159i ve tvaru jablka. Je m\u011bkk\u00fd a u\u017e vid\u00edm rozd\u00edl ve tvaru jejich hlavi\u010dky,\" \u0159\u00edk\u00e1 jedna spokojen\u00e1 maminka. Jin\u00fd tat\u00ednek komentuje: \"D\u00edky v\u00edce barevn\u00fdm variant\u00e1m ho bylo snadn\u00e9 sladit s v\u00fdzdobou na\u0161eho d\u011btsk\u00e9ho pokoje. Nav\u00edc je tak pohodln\u00e9 vz\u00edt si ho s sebou, a\u0165 jdeme kamkoli.\" Tvarovac\u00ed pol\u0161t\u00e1\u0159 Apple je k dispozici v rozko\u0161n\u00fdch odst\u00ednech r\u016f\u017eov\u00e9, sofistikovan\u00e9 tmav\u011b zelen\u00e9 a uklid\u0148uj\u00edc\u00ed modr\u00e9 a umo\u017e\u0148uje v\u00e1m vybrat si odst\u00edn, kter\u00fd nejl\u00e9pe vyhovuje va\u0161emu vkusu. Nen\u00ed to jen pol\u0161t\u00e1\u0159, je to milovan\u00fd spole\u010dn\u00edk pro prvn\u00ed dny \u017eivota va\u0161eho miminka.<\/div>","protected":false},"excerpt":{"rendered":"<p>Tvarovac\u00ed pol\u0161t\u00e1\u0159ek Apple je chyt\u0159e navr\u017een\u00fd v\u00fdrobek pro d\u011bti od 0 do 6 m\u011bs\u00edc\u016f. Jeho tvar ve tvaru jablka je nejen roztomil\u00fd, ale tak\u00e9 praktick\u00fd. Jedine\u010dn\u00fd v\u00fd\u0159ez uprost\u0159ed jemn\u011b podp\u00edr\u00e1 hlavi\u010dku d\u00edt\u011bte a pom\u00e1h\u00e1 tak udr\u017eovat optim\u00e1ln\u00ed tvar b\u011bhem kl\u00ed\u010dov\u00fdch prvn\u00edch m\u011bs\u00edc\u016f \u017eivota. Rozm\u011bry: 22*<em data-immersive-translate-walked=\"5509ee64-5f83-48cf-a52f-9b37e33a2d1d\">20*<\/em>1,5\/3 cm, je kompaktn\u00ed a snadno se um\u00edst\u00ed do post\u00fdlky, ko\u010d\u00e1rku nebo autoseda\u010dky. D\u00edky barevn\u00fdm variant\u00e1m r\u016f\u017eov\u00e9, tmav\u011b zelen\u00e9 a modr\u00e9 vyhovuje r\u016fzn\u00fdm stylov\u00fdm preferenc\u00edm a je okouzluj\u00edc\u00edm a funk\u010dn\u00edm dopl\u0148kem pot\u0159eb pro p\u00e9\u010di o d\u00edt\u011b.<\/p>","protected":false},"featured_media":3279,"comment_status":"open","ping_status":"closed","template":"","meta":{"_uag_custom_page_level_css":"","site-sidebar-layout":"default","site-content-layout":"","ast-site-content-layout":"default","site-content-style":"default","site-sidebar-style":"default","ast-global-header-display":"","ast-banner-title-visibility":"","ast-main-header-display":"","ast-hfb-above-header-display":"","ast-hfb-below-header-display":"","ast-hfb-mobile-header-display":"","site-post-title":"","ast-breadcrumbs-content":"","ast-featured-img":"","footer-sml-layout":"","ast-disable-related-posts":"","theme-transparent-header-meta":"default","adv-header-id-meta":"","stick-header-meta":"","header-above-stick-meta":"","header-main-stick-meta":"","header-below-stick-meta":"","astra-migrate-meta-layouts":"set","ast-page-background-enabled":"default","ast-page-background-meta":{"desktop":{"background-color":"","background-image":"","background-repeat":"repeat","background-position":"center center","background-size":"auto","background-attachment":"scroll","background-type":"","background-media":"","overlay-type":"","overlay-color":"","overlay-opacity":"","overlay-gradient":""},"tablet":{"background-color":"","background-image":"","background-repeat":"repeat","background-position":"center center","background-size":"auto","background-attachment":"scroll","background-type":"","background-media":"","overlay-type":"","overlay-color":"","overlay-opacity":"","overlay-gradient":""},"mobile":{"background-color":"","background-image":"","background-repeat":"repeat","background-position":"center center","background-size":"auto","background-attachment":"scroll","background-type":"","background-media":"","overlay-type":"","overlay-color":"","overlay-opacity":"","overlay-gradient":""}},"ast-content-background-meta":{"desktop":{"background-color":"var(--ast-global-color-5)","background-image":"","background-repeat":"repeat","background-position":"center center","background-size":"auto","background-attachment":"scroll","background-type":"","background-media":"","overlay-type":"","overlay-color":"","overlay-opacity":"","overlay-gradient":""},"tablet":{"background-color":"var(--ast-global-color-5)","background-image":"","background-repeat":"repeat","background-position":"center center","background-size":"auto","background-attachment":"scroll","background-type":"","background-media":"","overlay-type":"","overlay-color":"","overlay-opacity":"","overlay-gradient":""},"mobile":{"background-color":"var(--ast-global-color-5)","background-image":"","background-repeat":"repeat","background-position":"center center","background-size":"auto","background-attachment":"scroll","background-type":"","background-media":"","overlay-type":"","overlay-color":"","overlay-opacity":"","overlay-gradient":""}}},"product_brand":[],"product_cat":[54,42],"product_tag":[70,68,71,69],"class_list":{"0":"post-3261","1":"product","2":"type-product","3":"status-publish","4":"has-post-thumbnail","6":"product_cat-0-to-6months","7":"product_cat-merchandise","8":"product_tag-babypillow","9":"product_tag-cuteanimalpillow","10":"product_tag-headshapesupport","11":"product_tag-kouniushapingpillow","12":"desktop-align-left","13":"tablet-align-left","14":"mobile-align-left","16":"first","17":"instock","18":"shipping-taxable","19":"product-type-simple"},"aioseo_notices":[],"uagb_featured_image_src":{"full":["https:\/\/babypillowwholesale.com\/wp-content\/uploads\/2025\/03\/1112-1.jpg",1000,1000,false],"thumbnail":["https:\/\/babypillowwholesale.com\/wp-content\/uploads\/2025\/03\/1112-1-150x150.jpg",150,150,true],"medium":["https:\/\/babypillowwholesale.com\/wp-content\/uploads\/2025\/03\/1112-1-300x300.jpg",300,300,true],"medium_large":["https:\/\/babypillowwholesale.com\/wp-content\/uploads\/2025\/03\/1112-1-768x768.jpg",768,768,true],"large":["https:\/\/babypillowwholesale.com\/wp-content\/uploads\/2025\/03\/1112-1.jpg",1000,1000,false],"1536x1536":["https:\/\/babypillowwholesale.com\/wp-content\/uploads\/2025\/03\/1112-1.jpg",1000,1000,false],"2048x2048":["https:\/\/babypillowwholesale.com\/wp-content\/uploads\/2025\/03\/1112-1.jpg",1000,1000,false],"trp-custom-language-flag":["https:\/\/babypillowwholesale.com\/wp-content\/uploads\/2025\/03\/1112-1.jpg",12,12,false],"woocommerce_thumbnail":["https:\/\/babypillowwholesale.com\/wp-content\/uploads\/2025\/03\/1112-1-300x300.jpg",300,300,true],"woocommerce_single":["https:\/\/babypillowwholesale.com\/wp-content\/uploads\/2025\/03\/1112-1-600x600.jpg",600,600,true],"woocommerce_gallery_thumbnail":["https:\/\/babypillowwholesale.com\/wp-content\/uploads\/2025\/03\/1112-1-100x100.jpg",100,100,true]},"uagb_author_info":{"display_name":"Etnen zhong","author_link":"https:\/\/babypillowwholesale.com\/cs\/author\/"},"uagb_comment_info":0,"uagb_excerpt":"The Apple Shaping Pillow is a cleverly designed product for infants aged 0 to 6 months. Its apple - shaped form is not only cute but also practical. The unique cut - out design in the middle gently supports the baby's head, helping to maintain an optimal shape during the crucial early months. Measuring 22*20*1.5\/3CM,&hellip;","jetpack_sharing_enabled":true,"_links":{"self":[{"href":"https:\/\/babypillowwholesale.com\/cs\/wp-json\/wp\/v2\/product\/3261","targetHints":{"allow":["GET"]}}],"collection":[{"href":"https:\/\/babypillowwholesale.com\/cs\/wp-json\/wp\/v2\/product"}],"about":[{"href":"https:\/\/babypillowwholesale.com\/cs\/wp-json\/wp\/v2\/types\/product"}],"replies":[{"embeddable":true,"href":"https:\/\/babypillowwholesale.com\/cs\/wp-json\/wp\/v2\/comments?post=3261"}],"wp:featuredmedia":[{"embeddable":true,"href":"https:\/\/babypillowwholesale.com\/cs\/wp-json\/wp\/v2\/media\/3279"}],"wp:attachment":[{"href":"https:\/\/babypillowwholesale.com\/cs\/wp-json\/wp\/v2\/media?parent=3261"}],"wp:term":[{"taxonomy":"product_brand","embeddable":true,"href":"https:\/\/babypillowwholesale.com\/cs\/wp-json\/wp\/v2\/product_brand?post=3261"},{"taxonomy":"product_cat","embeddable":true,"href":"https:\/\/babypillowwholesale.com\/cs\/wp-json\/wp\/v2\/product_cat?post=3261"},{"taxonomy":"product_tag","embeddable":true,"href":"https:\/\/babypillowwholesale.com\/cs\/wp-json\/wp\/v2\/product_tag?post=3261"}],"curies":[{"name":"wp","href":"https:\/\/api.w.org\/{rel}","templated":true}]}}