{"id":3259,"date":"2025-03-17T03:01:05","date_gmt":"2025-03-17T03:01:05","guid":{"rendered":"https:\/\/babypillowwholesale.com\/?post_type=product&#038;p=3259"},"modified":"2025-06-08T16:19:14","modified_gmt":"2025-06-08T16:19:14","slug":"hydrophilic-cotton-shaping-pillow","status":"publish","type":"product","link":"https:\/\/babypillowwholesale.com\/cs\/product\/hydrophilic-cotton-shaping-pillow\/","title":{"rendered":"Hydrofiln\u00ed bavln\u011bn\u00fd tvarovac\u00ed pol\u0161t\u00e1\u0159"},"content":{"rendered":"<div class=\"auto-hide-last-sibling-br paragraph-qzbcQC paragraph-element br-paragraph-space\" data-immersive-translate-walked=\"8e61f2e7-6af2-46e5-9672-3b9e4f4033d9\" data-immersive-translate-paragraph=\"1\">P\u0159edstavujeme hydrofiln\u00ed bavln\u011bn\u00fd tvarovac\u00ed pol\u0161t\u00e1\u0159, \u00fa\u017easnou kombinaci p\u016fvabu a funk\u010dnosti p\u0159izp\u016fsobenou v\u00fdhradn\u011b pro nejmen\u0161\u00ed sp\u00e1\u010de ve v\u011bku od 0 do 6 m\u011bs\u00edc\u016f. Tento pol\u0161t\u00e1\u0159 zdoben\u00fd rozko\u0161n\u00fdmi ou\u0161ky a jemnou ma\u0161li\u010dkou je vizu\u00e1ln\u00edm mistrovsk\u00fdm d\u00edlem, kter\u00e9 okam\u017eit\u011b rozz\u00e1\u0159\u00ed ka\u017ed\u00fd d\u011btsk\u00fd pokoj.<br \/>\nJedine\u010dn\u00fd tvar je navr\u017een s pe\u010dlivou p\u0159esnost\u00ed a nab\u00edz\u00ed jemnou n\u00e1ru\u010d pro jemnou hlavi\u010dku va\u0161eho d\u00edt\u011bte, kterou jemn\u011b vede k dokonal\u00e9mu tvaru na cest\u011b jeho ran\u00e9ho r\u016fstu. S rozm\u011bry 26230\/3 cm m\u00e1 ide\u00e1ln\u00ed velikost pro bezprobl\u00e9mov\u00e9 za\u010dlen\u011bn\u00ed do r\u016fzn\u00fdch prost\u0159ed\u00ed.<br \/>\nTento pol\u0161t\u00e1\u0159 je z\u00e1rukou trval\u00e9ho pohodl\u00ed, a\u0165 u\u017e je ulo\u017een v ply\u0161ov\u00e9 post\u00fdlce va\u0161eho d\u00edt\u011bte, poskytuje mu \u00fatulnou o\u00e1zu p\u0159i sp\u00e1nku b\u011bhem dne nebo ho doprov\u00e1z\u00ed v nos\u00edtku b\u011bhem rodinn\u00e9ho v\u00fdletu do zoo. Je tak\u00e9 skv\u011bl\u00fdm spole\u010dn\u00edkem na dlouh\u00fdch letech, kdy nab\u00edz\u00ed zn\u00e1m\u00e9 a uklid\u0148uj\u00edc\u00ed m\u00edsto pro odpo\u010dinek va\u0161eho d\u011b\u0165\u00e1tka uprost\u0159ed shonu.<br \/>\nK dispozici jsou okouzluj\u00edc\u00ed odst\u00edny jemn\u011b r\u016f\u017eov\u00e9 a syt\u011b tmav\u011b zelen\u00e9, tak\u017ee si m\u016f\u017eete vybrat odst\u00edn, kter\u00fd nejl\u00e9pe odpov\u00edd\u00e1 va\u0161emu estetick\u00e9mu c\u00edt\u011bn\u00ed nebo t\u00e9matu d\u011btsk\u00e9ho pokoje. Zlep\u0161ete z\u00e1\u017eitek ze sp\u00e1nku sv\u00e9ho d\u00edt\u011bte s hydrofiln\u00edm bavln\u011bn\u00fdm tvarovac\u00edm pol\u0161t\u00e1\u0159em, kde je ka\u017ed\u00e9 zd\u0159\u00edmnut\u00ed krokem ke kr\u00e1sn\u011b tvarovan\u00e9 hlavi\u010dce a sladk\u00fdm sn\u016fm.<\/div>","protected":false},"excerpt":{"rendered":"<p>Hydrofiln\u00ed bavln\u011bn\u00fd tvarovac\u00ed pol\u0161t\u00e1\u0159 je atraktivn\u00ed a praktick\u00fd v\u00fdrobek ur\u010den\u00fd pro d\u011bti od 0 do 6 m\u011bs\u00edc\u016f. D\u00edky okouzluj\u00edc\u00edmu vzhledu s roztomil\u00fdmi ou\u0161ky a kr\u00e1snou ma\u0161l\u00ed je vizu\u00e1ln\u011b atraktivn\u00ed. Design pol\u0161t\u00e1\u0159e je pe\u010dliv\u011b vytvo\u0159en tak, aby poskytoval jemnou oporu hlavi\u010dce d\u00edt\u011bte a pom\u00e1hal mu udr\u017eet spr\u00e1vn\u00fd tvar b\u011bhem jeho ran\u00e9ho v\u00fdvoje. M\u011b\u0159\u00ed 26230\/3CM, tak\u017ee se dob\u0159e hod\u00ed do d\u011btsk\u00fdch post\u00fdlek nebo nos\u00edtek. Nab\u00edz\u00ed se ve sladk\u00e9 r\u016f\u017eov\u00e9 i elegantn\u00ed tmav\u011b zelen\u00e9 barv\u011b, tak\u017ee d\u00e1v\u00e1 rodi\u010d\u016fm mo\u017enost p\u0159izp\u016fsobit se jejich preferenc\u00edm nebo v\u00fdzdob\u011b d\u011btsk\u00e9ho pokoje a kombinuje funk\u010dnost s n\u00e1dechem roztomilosti p\u0159i p\u00e9\u010di o d\u00edt\u011b.<\/p>","protected":false},"featured_media":3278,"comment_status":"open","ping_status":"closed","template":"","meta":{"_uag_custom_page_level_css":"","site-sidebar-layout":"default","site-content-layout":"","ast-site-content-layout":"default","site-content-style":"default","site-sidebar-style":"default","ast-global-header-display":"","ast-banner-title-visibility":"","ast-main-header-display":"","ast-hfb-above-header-display":"","ast-hfb-below-header-display":"","ast-hfb-mobile-header-display":"","site-post-title":"","ast-breadcrumbs-content":"","ast-featured-img":"","footer-sml-layout":"","ast-disable-related-posts":"","theme-transparent-header-meta":"default","adv-header-id-meta":"","stick-header-meta":"","header-above-stick-meta":"","header-main-stick-meta":"","header-below-stick-meta":"","astra-migrate-meta-layouts":"set","ast-page-background-enabled":"default","ast-page-background-meta":{"desktop":{"background-color":"","background-image":"","background-repeat":"repeat","background-position":"center center","background-size":"auto","background-attachment":"scroll","background-type":"","background-media":"","overlay-type":"","overlay-color":"","overlay-opacity":"","overlay-gradient":""},"tablet":{"background-color":"","background-image":"","background-repeat":"repeat","background-position":"center center","background-size":"auto","background-attachment":"scroll","background-type":"","background-media":"","overlay-type":"","overlay-color":"","overlay-opacity":"","overlay-gradient":""},"mobile":{"background-color":"","background-image":"","background-repeat":"repeat","background-position":"center center","background-size":"auto","background-attachment":"scroll","background-type":"","background-media":"","overlay-type":"","overlay-color":"","overlay-opacity":"","overlay-gradient":""}},"ast-content-background-meta":{"desktop":{"background-color":"var(--ast-global-color-5)","background-image":"","background-repeat":"repeat","background-position":"center center","background-size":"auto","background-attachment":"scroll","background-type":"","background-media":"","overlay-type":"","overlay-color":"","overlay-opacity":"","overlay-gradient":""},"tablet":{"background-color":"var(--ast-global-color-5)","background-image":"","background-repeat":"repeat","background-position":"center center","background-size":"auto","background-attachment":"scroll","background-type":"","background-media":"","overlay-type":"","overlay-color":"","overlay-opacity":"","overlay-gradient":""},"mobile":{"background-color":"var(--ast-global-color-5)","background-image":"","background-repeat":"repeat","background-position":"center center","background-size":"auto","background-attachment":"scroll","background-type":"","background-media":"","overlay-type":"","overlay-color":"","overlay-opacity":"","overlay-gradient":""}}},"product_brand":[],"product_cat":[54,42],"product_tag":[70,68,71,69],"class_list":{"0":"post-3259","1":"product","2":"type-product","3":"status-publish","4":"has-post-thumbnail","6":"product_cat-0-to-6months","7":"product_cat-merchandise","8":"product_tag-babypillow","9":"product_tag-cuteanimalpillow","10":"product_tag-headshapesupport","11":"product_tag-kouniushapingpillow","12":"desktop-align-left","13":"tablet-align-left","14":"mobile-align-left","16":"first","17":"instock","18":"shipping-taxable","19":"product-type-simple"},"aioseo_notices":[],"uagb_featured_image_src":{"full":["https:\/\/babypillowwholesale.com\/wp-content\/uploads\/2025\/03\/1125-1.jpg",1000,1000,false],"thumbnail":["https:\/\/babypillowwholesale.com\/wp-content\/uploads\/2025\/03\/1125-1-150x150.jpg",150,150,true],"medium":["https:\/\/babypillowwholesale.com\/wp-content\/uploads\/2025\/03\/1125-1-300x300.jpg",300,300,true],"medium_large":["https:\/\/babypillowwholesale.com\/wp-content\/uploads\/2025\/03\/1125-1-768x768.jpg",768,768,true],"large":["https:\/\/babypillowwholesale.com\/wp-content\/uploads\/2025\/03\/1125-1.jpg",1000,1000,false],"1536x1536":["https:\/\/babypillowwholesale.com\/wp-content\/uploads\/2025\/03\/1125-1.jpg",1000,1000,false],"2048x2048":["https:\/\/babypillowwholesale.com\/wp-content\/uploads\/2025\/03\/1125-1.jpg",1000,1000,false],"trp-custom-language-flag":["https:\/\/babypillowwholesale.com\/wp-content\/uploads\/2025\/03\/1125-1.jpg",12,12,false],"woocommerce_thumbnail":["https:\/\/babypillowwholesale.com\/wp-content\/uploads\/2025\/03\/1125-1-300x300.jpg",300,300,true],"woocommerce_single":["https:\/\/babypillowwholesale.com\/wp-content\/uploads\/2025\/03\/1125-1-600x600.jpg",600,600,true],"woocommerce_gallery_thumbnail":["https:\/\/babypillowwholesale.com\/wp-content\/uploads\/2025\/03\/1125-1-100x100.jpg",100,100,true]},"uagb_author_info":{"display_name":"Etnen zhong","author_link":"https:\/\/babypillowwholesale.com\/cs\/author\/"},"uagb_comment_info":0,"uagb_excerpt":"The Hydrophilic cotton Shaping Pillow is an appealing and practical product designed for infants between 0 and 6 months old. With a charming appearance featuring cute ears and a lovely bow, it's visually attractive. The pillow's design is carefully crafted to provide gentle support for a baby's head, helping to maintain a proper shape during&hellip;","jetpack_sharing_enabled":true,"_links":{"self":[{"href":"https:\/\/babypillowwholesale.com\/cs\/wp-json\/wp\/v2\/product\/3259","targetHints":{"allow":["GET"]}}],"collection":[{"href":"https:\/\/babypillowwholesale.com\/cs\/wp-json\/wp\/v2\/product"}],"about":[{"href":"https:\/\/babypillowwholesale.com\/cs\/wp-json\/wp\/v2\/types\/product"}],"replies":[{"embeddable":true,"href":"https:\/\/babypillowwholesale.com\/cs\/wp-json\/wp\/v2\/comments?post=3259"}],"wp:featuredmedia":[{"embeddable":true,"href":"https:\/\/babypillowwholesale.com\/cs\/wp-json\/wp\/v2\/media\/3278"}],"wp:attachment":[{"href":"https:\/\/babypillowwholesale.com\/cs\/wp-json\/wp\/v2\/media?parent=3259"}],"wp:term":[{"taxonomy":"product_brand","embeddable":true,"href":"https:\/\/babypillowwholesale.com\/cs\/wp-json\/wp\/v2\/product_brand?post=3259"},{"taxonomy":"product_cat","embeddable":true,"href":"https:\/\/babypillowwholesale.com\/cs\/wp-json\/wp\/v2\/product_cat?post=3259"},{"taxonomy":"product_tag","embeddable":true,"href":"https:\/\/babypillowwholesale.com\/cs\/wp-json\/wp\/v2\/product_tag?post=3259"}],"curies":[{"name":"wp","href":"https:\/\/api.w.org\/{rel}","templated":true}]}}