{"id":3152,"date":"2025-02-24T03:46:58","date_gmt":"2025-02-24T03:46:58","guid":{"rendered":"https:\/\/babypillowwholesale.com\/?post_type=product&#038;p=3152"},"modified":"2025-06-08T16:21:25","modified_gmt":"2025-06-08T16:21:25","slug":"koala-shaping-pillow","status":"publish","type":"product","link":"https:\/\/babypillowwholesale.com\/cs\/product\/koala-shaping-pillow\/","title":{"rendered":"Tvarovac\u00ed pol\u0161t\u00e1\u0159 Koala"},"content":{"rendered":"<p>Objevte tvarovac\u00ed pol\u0161t\u00e1\u0159 Koala, mistrovsk\u00e9 d\u00edlo pohodl\u00ed a funk\u010dnosti, pe\u010dliv\u011b navr\u017een\u00e9 pro nejmen\u0161\u00ed sp\u00e1\u010de ve v\u011bku od 0 do 6 m\u011bs\u00edc\u016f. Jeho roztomil\u00e1 silueta inspirovan\u00e1 zv\u00ed\u0159aty je nejen vizu\u00e1ln\u00edm pot\u011b\u0161en\u00edm, ale i vstupn\u00ed branou do sladk\u00fdch sn\u016f pro v\u00e1\u0161 mal\u00fd uzl\u00ed\u010dek radosti. Ergonomick\u00fd tvar tohoto pol\u0161t\u00e1\u0159e je jemnou n\u00e1ru\u010d\u00ed pro jemnou hlavi\u010dku va\u0161eho d\u00edt\u011bte, kterou pe\u010dliv\u011b a precizn\u011b vede, aby podpo\u0159il jej\u00ed dokonal\u00fd tvar b\u011bhem r\u016fstu. D\u00edky praktick\u00fdm rozm\u011br\u016fm 26*23*3 cm je to v\u0161estrann\u00fd spole\u010dn\u00edk, kter\u00fd se bez probl\u00e9m\u016f hod\u00ed do r\u016fzn\u00fdch prost\u0159ed\u00ed. P\u0159edstavte si, \u017ee je ulo\u017een v m\u011bkk\u00e9m prost\u0159ed\u00ed post\u00fdlky va\u0161eho d\u00edt\u011bte a vytv\u00e1\u0159\u00ed \u00fatuln\u00e9 \u00fato\u010di\u0161t\u011b pro dlouh\u00e9 a klidn\u00e9 span\u00ed b\u011bhem dne. Kdy\u017e jste na cest\u00e1ch, a\u0165 u\u017e se jedn\u00e1 o poklidnou proch\u00e1zku v ko\u010d\u00e1rku nebo rodinn\u00e9 dobrodru\u017estv\u00ed v aut\u011b, poskytuje tvarovac\u00ed pol\u0161t\u00e1\u0159 Koala st\u00e1lou oporu a pohodl\u00ed, d\u00edky \u010demu\u017e je ka\u017ed\u00e1 cesta odpo\u010dinkov\u00e1. Je k dispozici v okouzluj\u00edc\u00edch odst\u00ednech r\u016f\u017eov\u00e9 a modr\u00e9 barvy, tak\u017ee si m\u016f\u017eete vybrat odst\u00edn, kter\u00fd nejl\u00e9pe vyhovuje v\u00fdzdob\u011b d\u011btsk\u00e9ho pokoje nebo osobn\u00edmu vkusu va\u0161eho d\u00edt\u011bte. Tvarovac\u00ed pol\u0161t\u00e1\u0159 Koala je v\u00edc ne\u017e jen pol\u0161t\u00e1\u0159, je sm\u011bsic\u00ed prakti\u010dnosti a \u0161armu, nezbytn\u00fdm dopl\u0148kem sv\u011bta va\u0161eho d\u00edt\u011bte, kter\u00fd spojuje um\u011bn\u00ed sp\u00e1nku s v\u011bdou o tvarov\u00e1n\u00ed.<\/p>","protected":false},"excerpt":{"rendered":"<p>Tvarovac\u00ed pol\u0161t\u00e1\u0159 Koala je p\u0159izp\u016fsoben pro d\u011bti od 0 do 6 m\u011bs\u00edc\u016f. Jeho okouzluj\u00edc\u00ed design p\u0159ipom\u00edn\u00e1 roztomil\u00e9 zv\u00ed\u0159\u00e1tko, co\u017e se jist\u011b bude l\u00edbit jak mimink\u016fm, tak rodi\u010d\u016fm. Ergonomick\u00fd tvar pol\u0161t\u00e1\u0159e je vytvo\u0159en tak, aby jemn\u011b vedl a podp\u00edral hlavi\u010dku d\u00edt\u011bte a podporoval spr\u00e1vn\u00fd v\u00fdvoj tvaru hlavy. S praktickou velikost\u00ed 26<em data-immersive-translate-walked=\"000db34a-f9f0-4794-a784-0d6465363590\">23<\/em>0\/3CM, lze jej snadno um\u00edstit do r\u016fzn\u00fdch za\u0159\u00edzen\u00ed souvisej\u00edc\u00edch s d\u011btmi, jako jsou post\u00fdlky nebo ko\u010d\u00e1rky. Je k dispozici ve dvou kr\u00e1sn\u00fdch barv\u00e1ch, r\u016f\u017eov\u00e9 a modr\u00e9, a nab\u00edz\u00ed tak mo\u017enosti, kter\u00e9 vyhovuj\u00ed r\u016fzn\u00fdm stylov\u00fdm preferenc\u00edm a kombinuj\u00ed funk\u010dnost s n\u00e1dechem roztomilosti pro va\u0161e d\u011b\u0165\u00e1tko.<\/p>","protected":false},"featured_media":3276,"comment_status":"open","ping_status":"closed","template":"","meta":{"_uag_custom_page_level_css":"","site-sidebar-layout":"default","site-content-layout":"","ast-site-content-layout":"default","site-content-style":"default","site-sidebar-style":"default","ast-global-header-display":"","ast-banner-title-visibility":"","ast-main-header-display":"","ast-hfb-above-header-display":"","ast-hfb-below-header-display":"","ast-hfb-mobile-header-display":"","site-post-title":"","ast-breadcrumbs-content":"","ast-featured-img":"","footer-sml-layout":"","ast-disable-related-posts":"","theme-transparent-header-meta":"default","adv-header-id-meta":"","stick-header-meta":"","header-above-stick-meta":"","header-main-stick-meta":"","header-below-stick-meta":"","astra-migrate-meta-layouts":"set","ast-page-background-enabled":"default","ast-page-background-meta":{"desktop":{"background-color":"","background-image":"","background-repeat":"repeat","background-position":"center center","background-size":"auto","background-attachment":"scroll","background-type":"","background-media":"","overlay-type":"","overlay-color":"","overlay-opacity":"","overlay-gradient":""},"tablet":{"background-color":"","background-image":"","background-repeat":"repeat","background-position":"center center","background-size":"auto","background-attachment":"scroll","background-type":"","background-media":"","overlay-type":"","overlay-color":"","overlay-opacity":"","overlay-gradient":""},"mobile":{"background-color":"","background-image":"","background-repeat":"repeat","background-position":"center center","background-size":"auto","background-attachment":"scroll","background-type":"","background-media":"","overlay-type":"","overlay-color":"","overlay-opacity":"","overlay-gradient":""}},"ast-content-background-meta":{"desktop":{"background-color":"var(--ast-global-color-5)","background-image":"","background-repeat":"repeat","background-position":"center center","background-size":"auto","background-attachment":"scroll","background-type":"","background-media":"","overlay-type":"","overlay-color":"","overlay-opacity":"","overlay-gradient":""},"tablet":{"background-color":"var(--ast-global-color-5)","background-image":"","background-repeat":"repeat","background-position":"center center","background-size":"auto","background-attachment":"scroll","background-type":"","background-media":"","overlay-type":"","overlay-color":"","overlay-opacity":"","overlay-gradient":""},"mobile":{"background-color":"var(--ast-global-color-5)","background-image":"","background-repeat":"repeat","background-position":"center center","background-size":"auto","background-attachment":"scroll","background-type":"","background-media":"","overlay-type":"","overlay-color":"","overlay-opacity":"","overlay-gradient":""}}},"product_brand":[],"product_cat":[54,42],"product_tag":[70,68,71,69],"class_list":{"0":"post-3152","1":"product","2":"type-product","3":"status-publish","4":"has-post-thumbnail","6":"product_cat-0-to-6months","7":"product_cat-merchandise","8":"product_tag-babypillow","9":"product_tag-cuteanimalpillow","10":"product_tag-headshapesupport","11":"product_tag-kouniushapingpillow","12":"desktop-align-left","13":"tablet-align-left","14":"mobile-align-left","16":"first","17":"instock","18":"featured","19":"shipping-taxable","20":"product-type-simple"},"aioseo_notices":[],"uagb_featured_image_src":{"full":["https:\/\/babypillowwholesale.com\/wp-content\/uploads\/2025\/02\/1122.jpg",1000,1000,false],"thumbnail":["https:\/\/babypillowwholesale.com\/wp-content\/uploads\/2025\/02\/1122-150x150.jpg",150,150,true],"medium":["https:\/\/babypillowwholesale.com\/wp-content\/uploads\/2025\/02\/1122-300x300.jpg",300,300,true],"medium_large":["https:\/\/babypillowwholesale.com\/wp-content\/uploads\/2025\/02\/1122-768x768.jpg",768,768,true],"large":["https:\/\/babypillowwholesale.com\/wp-content\/uploads\/2025\/02\/1122.jpg",1000,1000,false],"1536x1536":["https:\/\/babypillowwholesale.com\/wp-content\/uploads\/2025\/02\/1122.jpg",1000,1000,false],"2048x2048":["https:\/\/babypillowwholesale.com\/wp-content\/uploads\/2025\/02\/1122.jpg",1000,1000,false],"trp-custom-language-flag":["https:\/\/babypillowwholesale.com\/wp-content\/uploads\/2025\/02\/1122.jpg",12,12,false],"woocommerce_thumbnail":["https:\/\/babypillowwholesale.com\/wp-content\/uploads\/2025\/02\/1122-300x300.jpg",300,300,true],"woocommerce_single":["https:\/\/babypillowwholesale.com\/wp-content\/uploads\/2025\/02\/1122-600x600.jpg",600,600,true],"woocommerce_gallery_thumbnail":["https:\/\/babypillowwholesale.com\/wp-content\/uploads\/2025\/02\/1122-100x100.jpg",100,100,true]},"uagb_author_info":{"display_name":"Etnen zhong","author_link":"https:\/\/babypillowwholesale.com\/cs\/author\/"},"uagb_comment_info":0,"uagb_excerpt":"The Koala Shaping Pillow is tailored for infants aged 0 to 6 months. Its charming design resembles an adorable animal, which is sure to appeal to both babies and parents. The pillow's ergonomic shape is crafted to gently guide and support a baby's head, promoting proper head shape development. With a convenient size of 26230\/3CM,&hellip;","jetpack_sharing_enabled":true,"_links":{"self":[{"href":"https:\/\/babypillowwholesale.com\/cs\/wp-json\/wp\/v2\/product\/3152","targetHints":{"allow":["GET"]}}],"collection":[{"href":"https:\/\/babypillowwholesale.com\/cs\/wp-json\/wp\/v2\/product"}],"about":[{"href":"https:\/\/babypillowwholesale.com\/cs\/wp-json\/wp\/v2\/types\/product"}],"replies":[{"embeddable":true,"href":"https:\/\/babypillowwholesale.com\/cs\/wp-json\/wp\/v2\/comments?post=3152"}],"wp:featuredmedia":[{"embeddable":true,"href":"https:\/\/babypillowwholesale.com\/cs\/wp-json\/wp\/v2\/media\/3276"}],"wp:attachment":[{"href":"https:\/\/babypillowwholesale.com\/cs\/wp-json\/wp\/v2\/media?parent=3152"}],"wp:term":[{"taxonomy":"product_brand","embeddable":true,"href":"https:\/\/babypillowwholesale.com\/cs\/wp-json\/wp\/v2\/product_brand?post=3152"},{"taxonomy":"product_cat","embeddable":true,"href":"https:\/\/babypillowwholesale.com\/cs\/wp-json\/wp\/v2\/product_cat?post=3152"},{"taxonomy":"product_tag","embeddable":true,"href":"https:\/\/babypillowwholesale.com\/cs\/wp-json\/wp\/v2\/product_tag?post=3152"}],"curies":[{"name":"wp","href":"https:\/\/api.w.org\/{rel}","templated":true}]}}