{"id":1199,"date":"2025-02-17T16:07:49","date_gmt":"2025-02-17T16:07:49","guid":{"rendered":"http:\/\/babypillowwholesale.com\/product\/boho-bangle-bracelet-2\/"},"modified":"2025-06-08T16:23:33","modified_gmt":"2025-06-08T16:23:33","slug":"boho-bangle-bracelet-2","status":"publish","type":"product","link":"https:\/\/babypillowwholesale.com\/cs\/product\/boho-bangle-bracelet-2\/","title":{"rendered":"Tvarovac\u00ed pol\u0161t\u00e1\u0159 Mickey Bear"},"content":{"rendered":"<p>P\u0159edstavujeme okouzluj\u00edc\u00ed tvarovac\u00ed pol\u0161t\u00e1\u0159ek s medv\u00eddkem Mickeym, kter\u00fd je ide\u00e1ln\u00edm spole\u010dn\u00edkem navr\u017een\u00fdm pro drah\u00e9 d\u011bti ve v\u011bku od 0 do 6 m\u011bs\u00edc\u016f. Jeho neodolateln\u011b roztomil\u00fd vzhled medv\u00eddka je nejen vizu\u00e1ln\u00edm pot\u011b\u0161en\u00edm, ale slou\u017e\u00ed tak\u00e9 k d\u016fle\u017eit\u00e9mu \u00fa\u010delu, kter\u00fdm je jemn\u00e9 tvarov\u00e1n\u00ed jemn\u00e9 hlavi\u010dky va\u0161eho d\u00edt\u011bte. D\u00edky rozm\u011br\u016fm 26*23*0\/3 cm se dob\u0159e p\u0159izp\u016fsob\u00ed k\u0159ivk\u00e1m t\u011bla va\u0161eho d\u00edt\u011bte a zajist\u00ed mu maxim\u00e1ln\u00ed pohodl\u00ed. K dispozici je v okouzluj\u00edc\u00ed r\u016f\u017eov\u00e9 a uklid\u0148uj\u00edc\u00ed modr\u00e9 barv\u011b, tak\u017ee vyhov\u00ed r\u016fzn\u00fdm estetick\u00fdm preferenc\u00edm. Tento tvarovac\u00ed pol\u0161t\u00e1\u0159 m\u00e1 v\u0161estrann\u00e9 vyu\u017eit\u00ed. B\u011bhem denn\u00edho sp\u00e1nku v d\u011btsk\u00e9m pokoji pom\u00e1h\u00e1 jeho m\u011bkk\u00e1 struktura a podp\u016frn\u00fd design va\u0161emu d\u00edt\u011bti relaxovat a klidn\u011b sp\u00e1t. Na rodinn\u00e9m v\u00fdlet\u011b jej lze um\u00edstit do d\u011btsk\u00e9 autoseda\u010dky a poskytnout tak va\u0161emu d\u011b\u0165\u00e1tku zn\u00e1m\u00e9 a \u00fatuln\u00e9 m\u00edsto k odpo\u010dinku. Dokonce i b\u011bhem kr\u00e1tk\u00e9 n\u00e1v\u0161t\u011bvy u prarodi\u010d\u016f sta\u010d\u00ed vz\u00edt s sebou tento kompaktn\u00ed pol\u0161t\u00e1\u0159ek a znovu vytvo\u0159it uklid\u0148uj\u00edc\u00ed prost\u0159ed\u00ed pro sp\u00e1nek va\u0161eho d\u00edt\u011bte. Tvarovac\u00ed pol\u0161t\u00e1\u0159ek s medv\u00eddkem Mickeym je v\u00edce ne\u017e pouh\u00fdm dopl\u0148kem na span\u00ed, je sm\u011bsic\u00ed funk\u010dnosti, \u0161armu a pohodl\u00ed, nezbytn\u00fdm dopl\u0148kem va\u0161ich pot\u0159eb pro p\u00e9\u010di o d\u00edt\u011b, kter\u00fd kombinuje prakti\u010dnost s kapkou kouzla.<\/p>","protected":false},"excerpt":{"rendered":"<p>Tento tvarovac\u00ed pol\u0161t\u00e1\u0159 s medv\u00eddkem Mickeym je speci\u00e1ln\u011b navr\u017een pro d\u011bti od 0 do 6 m\u011bs\u00edc\u016f. D\u00edky sv\u00e9mu roztomil\u00e9mu vzhledu ve tvaru medv\u00eddka je velmi atraktivn\u00ed. Jedine\u010dn\u00fd design pom\u00e1h\u00e1 tvarovat hlavi\u010dku d\u00edt\u011bte. Vhodn\u00e1 velikost 26\/<em>3<\/em>0\/3CM odpov\u00edd\u00e1 k\u0159ivk\u00e1m t\u011bla d\u00edt\u011bte. Je k dispozici ve dvou barv\u00e1ch, r\u016f\u017eov\u00e9 a modr\u00e9, tak\u017ee m\u016f\u017ee vyhovovat r\u016fzn\u00fdm preferenc\u00edm. Je to praktick\u00fd a kr\u00e1sn\u00fd v\u00fdrobek pro p\u00e9\u010di o d\u00edt\u011b.<\/p>","protected":false},"featured_media":3275,"comment_status":"open","ping_status":"closed","template":"","meta":{"_uag_custom_page_level_css":"","site-sidebar-layout":"default","site-content-layout":"","ast-site-content-layout":"default","site-content-style":"default","site-sidebar-style":"default","ast-global-header-display":"","ast-banner-title-visibility":"","ast-main-header-display":"","ast-hfb-above-header-display":"","ast-hfb-below-header-display":"","ast-hfb-mobile-header-display":"","site-post-title":"","ast-breadcrumbs-content":"","ast-featured-img":"","footer-sml-layout":"","ast-disable-related-posts":"","theme-transparent-header-meta":"default","adv-header-id-meta":"","stick-header-meta":"","header-above-stick-meta":"","header-main-stick-meta":"","header-below-stick-meta":"","astra-migrate-meta-layouts":"set","ast-page-background-enabled":"default","ast-page-background-meta":{"desktop":{"background-color":"","background-image":"","background-repeat":"repeat","background-position":"center center","background-size":"auto","background-attachment":"scroll","background-type":"","background-media":"","overlay-type":"","overlay-color":"","overlay-opacity":"","overlay-gradient":""},"tablet":{"background-color":"","background-image":"","background-repeat":"repeat","background-position":"center center","background-size":"auto","background-attachment":"scroll","background-type":"","background-media":"","overlay-type":"","overlay-color":"","overlay-opacity":"","overlay-gradient":""},"mobile":{"background-color":"","background-image":"","background-repeat":"repeat","background-position":"center center","background-size":"auto","background-attachment":"scroll","background-type":"","background-media":"","overlay-type":"","overlay-color":"","overlay-opacity":"","overlay-gradient":""}},"ast-content-background-meta":{"desktop":{"background-color":"var(--ast-global-color-5)","background-image":"","background-repeat":"repeat","background-position":"center center","background-size":"auto","background-attachment":"scroll","background-type":"","background-media":"","overlay-type":"","overlay-color":"","overlay-opacity":"","overlay-gradient":""},"tablet":{"background-color":"var(--ast-global-color-5)","background-image":"","background-repeat":"repeat","background-position":"center center","background-size":"auto","background-attachment":"scroll","background-type":"","background-media":"","overlay-type":"","overlay-color":"","overlay-opacity":"","overlay-gradient":""},"mobile":{"background-color":"var(--ast-global-color-5)","background-image":"","background-repeat":"repeat","background-position":"center center","background-size":"auto","background-attachment":"scroll","background-type":"","background-media":"","overlay-type":"","overlay-color":"","overlay-opacity":"","overlay-gradient":""}}},"product_brand":[],"product_cat":[54,42],"product_tag":[70,68,71,69],"class_list":{"0":"post-1199","1":"product","2":"type-product","3":"status-publish","4":"has-post-thumbnail","6":"product_cat-0-to-6months","7":"product_cat-merchandise","8":"product_tag-babypillow","9":"product_tag-cuteanimalpillow","10":"product_tag-headshapesupport","11":"product_tag-kouniushapingpillow","12":"desktop-align-left","13":"tablet-align-left","14":"mobile-align-left","16":"first","17":"instock","18":"shipping-taxable","19":"product-type-simple"},"aioseo_notices":[],"uagb_featured_image_src":{"full":["https:\/\/babypillowwholesale.com\/wp-content\/uploads\/2025\/02\/1119.jpg",1000,1000,false],"thumbnail":["https:\/\/babypillowwholesale.com\/wp-content\/uploads\/2025\/02\/1119-150x150.jpg",150,150,true],"medium":["https:\/\/babypillowwholesale.com\/wp-content\/uploads\/2025\/02\/1119-300x300.jpg",300,300,true],"medium_large":["https:\/\/babypillowwholesale.com\/wp-content\/uploads\/2025\/02\/1119-768x768.jpg",768,768,true],"large":["https:\/\/babypillowwholesale.com\/wp-content\/uploads\/2025\/02\/1119.jpg",1000,1000,false],"1536x1536":["https:\/\/babypillowwholesale.com\/wp-content\/uploads\/2025\/02\/1119.jpg",1000,1000,false],"2048x2048":["https:\/\/babypillowwholesale.com\/wp-content\/uploads\/2025\/02\/1119.jpg",1000,1000,false],"trp-custom-language-flag":["https:\/\/babypillowwholesale.com\/wp-content\/uploads\/2025\/02\/1119.jpg",12,12,false],"woocommerce_thumbnail":["https:\/\/babypillowwholesale.com\/wp-content\/uploads\/2025\/02\/1119-300x300.jpg",300,300,true],"woocommerce_single":["https:\/\/babypillowwholesale.com\/wp-content\/uploads\/2025\/02\/1119-600x600.jpg",600,600,true],"woocommerce_gallery_thumbnail":["https:\/\/babypillowwholesale.com\/wp-content\/uploads\/2025\/02\/1119-100x100.jpg",100,100,true]},"uagb_author_info":{"display_name":"Etnen zhong","author_link":"https:\/\/babypillowwholesale.com\/cs\/author\/"},"uagb_comment_info":0,"uagb_excerpt":"This Mickey Bear Shaping Pillow is specially designed for babies aged 0 to 6 months. With its cute bear - shaped appearance, it's very attractive. The unique design helps to shape the baby's head. The appropriate size of 26\/30\/3CM fits the baby's body curve. Available in two colors, pink and blue, it can meet different&hellip;","jetpack_sharing_enabled":true,"_links":{"self":[{"href":"https:\/\/babypillowwholesale.com\/cs\/wp-json\/wp\/v2\/product\/1199","targetHints":{"allow":["GET"]}}],"collection":[{"href":"https:\/\/babypillowwholesale.com\/cs\/wp-json\/wp\/v2\/product"}],"about":[{"href":"https:\/\/babypillowwholesale.com\/cs\/wp-json\/wp\/v2\/types\/product"}],"replies":[{"embeddable":true,"href":"https:\/\/babypillowwholesale.com\/cs\/wp-json\/wp\/v2\/comments?post=1199"}],"wp:featuredmedia":[{"embeddable":true,"href":"https:\/\/babypillowwholesale.com\/cs\/wp-json\/wp\/v2\/media\/3275"}],"wp:attachment":[{"href":"https:\/\/babypillowwholesale.com\/cs\/wp-json\/wp\/v2\/media?parent=1199"}],"wp:term":[{"taxonomy":"product_brand","embeddable":true,"href":"https:\/\/babypillowwholesale.com\/cs\/wp-json\/wp\/v2\/product_brand?post=1199"},{"taxonomy":"product_cat","embeddable":true,"href":"https:\/\/babypillowwholesale.com\/cs\/wp-json\/wp\/v2\/product_cat?post=1199"},{"taxonomy":"product_tag","embeddable":true,"href":"https:\/\/babypillowwholesale.com\/cs\/wp-json\/wp\/v2\/product_tag?post=1199"}],"curies":[{"name":"wp","href":"https:\/\/api.w.org\/{rel}","templated":true}]}}